{"id":364,"date":"2020-01-21T15:53:45","date_gmt":"2020-01-21T15:53:45","guid":{"rendered":"http:\/\/sites.rutgers.edu\/adriana-cuervo\/?page_id=364"},"modified":"2020-01-21T17:03:32","modified_gmt":"2020-01-21T17:03:32","slug":"workshops-and-presentations","status":"publish","type":"page","link":"https:\/\/sites.rutgers.edu\/adriana-cuervo\/workshops-and-presentations\/","title":{"rendered":"Workshops and Presentations"},"content":{"rendered":"<p>&#8220;Managing Jazz Archives in the 21st Century: The Institute of Jazz Studies at Rutgers University &#8211; Newark,&#8221; Documenting Jazz 2020, Birmingham, England, January 17, 2020.<\/p>\n<p>&#8220;Archival Deaccessioning as Collection Management Practice: A Contemporary View of Reappraisal Activities in Music Collections.&#8221; International Association of Music Libraries, Archives, and Documentation Centers, Krakow, Poland, July 18, 2019.<\/p>\n<p>&#8220;Retos y Enfoques: Archivos Musicales en el Siglo XX!.&#8221; Pontificia Universidad Javeriana, Carrera de Bibliotecologia y Ciencias de la Informacion 35 A\u00f1os, October 3, 2018. (Invited keynote speaker).<\/p>\n<p>\u201cThe Academy of Certified Archivists: from Examination to Professionalization,\u201d Student Organization for Unique and Rare Collections Everywhere Student chapter of the Society of American Archivists, School of Communication and Information, Rutgers, The State University of New Jersey, April 11, 2018.<\/p>\n<p>\u201cWriting Grant Proposals: Strategies for Success,\u201d John Cotton Dana Library Graduate Student Bootcamp, January 10, 2018.<\/p>\n<p>\u201cResources and Services: An Introduction to the Institute of Jazz Studies,\u201d New Jersey Association for Jazz Education 13<sup>th<\/sup> Annual Meeting, Newark, NJ, November 17, 2017.<\/p>\n<p>\u201cWriting Grant Proposals: Strategies for Success,\u201d John Cotton Dana Library Graduate Student Bootcamp, May 16, 2017.<\/p>\n<p>\u201cThe Academy of Certified Archivists: from Examination to Professionalization,\u201d Student Organization for Unique and Rare Collections Everywhere Student chapter of the Society of American Archivists,\u00a0 School of Communication and Information, Rutgers, The State University of New Jersey, March 27, 2017.<\/p>\n<p>\u201cDiversity in the Archival Record: The Institute of Jazz Studies Archives Fellowship,\u201d<\/p>\n<p><em>Rutgers Research Symposium Scholarship, Research, and Best Practices in Diversity &amp; Inclusion: Current Findings and Emerging Issues<\/em>, New Brunswick, NJ, March 31, 2017.<\/p>\n<p>\u201cSailing into Metrics: Rethinking and Implementing Metrics and Assessment in Archives,\u201d <em>Mid Atlantic Regional Archives Conference<\/em>, Fall Meeting, Annapolis, MD, November 5, 2016.<\/p>\n<p>\u201cPlaying Outside: Opportunities for Community Engagement Beyond the Archives,\u201d <em>Midwest Archives Conference Annual Meeting<\/em>, Milwaukee, WI, April 28, 2016.<\/p>\n<p>\u201cLeading in Scholarship: Developing a Research Agenda in 21st Century Academic Librarianship,\u201d <em>Association of Research Libraries Annual Leadership Forum<\/em>, Boston, MA, January 8, 2016.<\/p>\n<p>\u201cThe Newark Citizen Historian Initiative: A Unique Opportunity for University-Community Collaboration,\u201d <em>21st Annual Coalition of Urban and Metropolitan Universities Conference<\/em>, panel: \u201cThe Best of the Past, Present, and Future: Community Engagement in (&amp; Out of) the Archives,\u201d Omaha, NE, October 13, 2015.<\/p>\n<p>\u201cWalking the Talk: Risks and Opportunities in Online Publication of Oral Histories,\u201d <em>Society of American Archivists 79<sup>th<\/sup> Annual Meeting<\/em>, Cleveland, OH, August 21, 2015. Panelist.<\/p>\n<p>\u201cSocial Media Crash Course for Special Collections,\u201d <em>Midwest Archives Conference Annual Meeting,<\/em> Lexington, KY, May 8, 2015. Session Chair.<\/p>\n<p>\u201cWe\u2019re talking the talk but are we walking the walk? Turning Change Into Palpable Action,\u201d <em>Mid-Atlantic Regional Archives Conference,<\/em> Fall Meeting, Baltimore, MD, October 17, 2014.<\/p>\n<p>\u201cRe-Composing the Archives: American Archival Practice in the 21<sup>st<\/sup> Century,\u201d <em>Annual Meeting of the International Association of Music Libraries and Documentation Centers<\/em>, Antwerp, Belgium, July 18, 2014.<\/p>\n<p>Mainstreaming of Special Collections \u2013 \u201cRe-Composing the Institute of Jazz Studies: A Vision for Archival Management in the 21st Century,\u201d <em>10th Annual Association of Research Libraries\u2019 Leadership Symposium, ALA Midwinter Conference<\/em>, Philadelphia, PA, January 24, 2014.<\/p>\n<p>\u201cNew Music in the Archives: Where the Avant-Garde Meets the Digital Age,\u201d <em>Society of American Archivists 75th Annual Meeting<\/em>, Chicago, IL, August 27, 2011.<\/p>\n<p>\u201cThe Role of Professional Organizations in Professional Leadership,\u201d <em>Archives Leadership Institute,<\/em> University of Wisconsin \u2013 Madison, Madison, WI, July 21, 2011 (Invited).<\/p>\n<p>\u201cRetos de una era electr\u00f3nica: preservaci\u00f3n y acceso al patrimonio musical contempor\u00e1neo,\u201d <em>Coloquio: El sentido de la documentaci\u00f3n en las artes<\/em>, Universidad Distrital Francisco Jos\u00e9 de Caldas, Bogot\u00e1, Colombia, September 13, 2010 (Invited).<\/p>\n<p>\u201cPlaying it by Ear: Appraisal Considerations for Acquiring Music Collections,\u201d <em>Society of American Archivists 74th Annual Meeting,<\/em> Acquisitions and Appraisal Section Meeting, Washington, DC, August 13, 2010.<\/p>\n<p>\u201cMore than Just \u2018Sheet Music\u2019: Identifying and Describing Music Materials in Archives and Special Collections,\u201d <em>Midwest Archives Conference Annual Meeting,<\/em> Chicago, IL, April 22, 2010.<\/p>\n<p>\u201cCreative Strategies for the Collection and Preservation Born-Digital Music,\u201d <em>Society of American Archivists 73rd Annual Meeting,<\/em> Panel: \u201cBuilding Sustainable Preservation Environments for Born-Digital Records: Three Case Studies,\u201d Austin, TX, August 15, 2009.<\/p>\n<p>\u201cThe Future of the Present: Preserving Avant-Garde Art\u201d (Panel Discussion), <em>Society of American Archivists 72nd Annual Meeting<\/em>, San Francisco, CA, August 28, 2008.<\/p>\n","protected":false},"excerpt":{"rendered":"<p>&#8220;Managing Jazz Archives in the 21st Century: The Institute of Jazz Studies at Rutgers University &#8211; Newark,&#8221; Documenting Jazz 2020, Birmingham, England, January 17, 2020. &#8220;Archival Deaccessioning as Collection Management &hellip; <a href=\"https:\/\/sites.rutgers.edu\/adriana-cuervo\/workshops-and-presentations\/\" class=\"\">Read More<\/a><\/p>\n","protected":false},"author":519,"featured_media":0,"parent":0,"menu_order":0,"comment_status":"closed","ping_status":"closed","template":"","meta":{"_acf_changed":false,"footnotes":""},"class_list":["post-364","page","type-page","status-publish","hentry"],"acf":[],"yoast_head":"<!-- This site is optimized with the Yoast SEO plugin v23.5 - https:\/\/yoast.com\/wordpress\/plugins\/seo\/ -->\n<title>Workshops and Presentations - Adriana Cuervo<\/title>\n<meta name=\"robots\" content=\"index, follow, max-snippet:-1, max-image-preview:large, max-video-preview:-1\" \/>\n<link rel=\"canonical\" href=\"https:\/\/sites.rutgers.edu\/adriana-cuervo\/workshops-and-presentations\/\" \/>\n<meta property=\"og:locale\" content=\"en_US\" \/>\n<meta property=\"og:type\" content=\"article\" \/>\n<meta property=\"og:title\" content=\"Workshops and Presentations - Adriana Cuervo\" \/>\n<meta property=\"og:description\" content=\"&#8220;Managing Jazz Archives in the 21st Century: The Institute of Jazz Studies at Rutgers University &#8211; Newark,&#8221; Documenting Jazz 2020, Birmingham, England, January 17, 2020. &#8220;Archival Deaccessioning as Collection Management &hellip; Read More\" \/>\n<meta property=\"og:url\" content=\"https:\/\/sites.rutgers.edu\/adriana-cuervo\/workshops-and-presentations\/\" \/>\n<meta property=\"og:site_name\" content=\"Adriana Cuervo\" \/>\n<meta property=\"article:modified_time\" content=\"2020-01-21T17:03:32+00:00\" \/>\n<meta name=\"twitter:card\" content=\"summary_large_image\" \/>\n<meta name=\"twitter:label1\" content=\"Est. reading time\" \/>\n\t<meta name=\"twitter:data1\" content=\"3 minutes\" \/>\n<script type=\"application\/ld+json\" class=\"yoast-schema-graph\">{\"@context\":\"https:\/\/schema.org\",\"@graph\":[{\"@type\":\"WebPage\",\"@id\":\"https:\/\/sites.rutgers.edu\/adriana-cuervo\/workshops-and-presentations\/\",\"url\":\"https:\/\/sites.rutgers.edu\/adriana-cuervo\/workshops-and-presentations\/\",\"name\":\"Workshops and Presentations - Adriana Cuervo\",\"isPartOf\":{\"@id\":\"https:\/\/sites.rutgers.edu\/adriana-cuervo\/#website\"},\"datePublished\":\"2020-01-21T15:53:45+00:00\",\"dateModified\":\"2020-01-21T17:03:32+00:00\",\"breadcrumb\":{\"@id\":\"https:\/\/sites.rutgers.edu\/adriana-cuervo\/workshops-and-presentations\/#breadcrumb\"},\"inLanguage\":\"en-US\",\"potentialAction\":[{\"@type\":\"ReadAction\",\"target\":[\"https:\/\/sites.rutgers.edu\/adriana-cuervo\/workshops-and-presentations\/\"]}]},{\"@type\":\"BreadcrumbList\",\"@id\":\"https:\/\/sites.rutgers.edu\/adriana-cuervo\/workshops-and-presentations\/#breadcrumb\",\"itemListElement\":[{\"@type\":\"ListItem\",\"position\":1,\"name\":\"Home\",\"item\":\"https:\/\/sites.rutgers.edu\/adriana-cuervo\/\"},{\"@type\":\"ListItem\",\"position\":2,\"name\":\"Workshops and Presentations\"}]},{\"@type\":\"WebSite\",\"@id\":\"https:\/\/sites.rutgers.edu\/adriana-cuervo\/#website\",\"url\":\"https:\/\/sites.rutgers.edu\/adriana-cuervo\/\",\"name\":\"Adriana Cuervo\",\"description\":\"\",\"potentialAction\":[{\"@type\":\"SearchAction\",\"target\":{\"@type\":\"EntryPoint\",\"urlTemplate\":\"https:\/\/sites.rutgers.edu\/adriana-cuervo\/?s={search_term_string}\"},\"query-input\":{\"@type\":\"PropertyValueSpecification\",\"valueRequired\":true,\"valueName\":\"search_term_string\"}}],\"inLanguage\":\"en-US\"}]}<\/script>\n<!-- \/ Yoast SEO plugin. -->","yoast_head_json":{"title":"Workshops and Presentations - Adriana Cuervo","robots":{"index":"index","follow":"follow","max-snippet":"max-snippet:-1","max-image-preview":"max-image-preview:large","max-video-preview":"max-video-preview:-1"},"canonical":"https:\/\/sites.rutgers.edu\/adriana-cuervo\/workshops-and-presentations\/","og_locale":"en_US","og_type":"article","og_title":"Workshops and Presentations - Adriana Cuervo","og_description":"&#8220;Managing Jazz Archives in the 21st Century: The Institute of Jazz Studies at Rutgers University &#8211; Newark,&#8221; Documenting Jazz 2020, Birmingham, England, January 17, 2020. &#8220;Archival Deaccessioning as Collection Management &hellip; Read More","og_url":"https:\/\/sites.rutgers.edu\/adriana-cuervo\/workshops-and-presentations\/","og_site_name":"Adriana Cuervo","article_modified_time":"2020-01-21T17:03:32+00:00","twitter_card":"summary_large_image","twitter_misc":{"Est. reading time":"3 minutes"},"schema":{"@context":"https:\/\/schema.org","@graph":[{"@type":"WebPage","@id":"https:\/\/sites.rutgers.edu\/adriana-cuervo\/workshops-and-presentations\/","url":"https:\/\/sites.rutgers.edu\/adriana-cuervo\/workshops-and-presentations\/","name":"Workshops and Presentations - Adriana Cuervo","isPartOf":{"@id":"https:\/\/sites.rutgers.edu\/adriana-cuervo\/#website"},"datePublished":"2020-01-21T15:53:45+00:00","dateModified":"2020-01-21T17:03:32+00:00","breadcrumb":{"@id":"https:\/\/sites.rutgers.edu\/adriana-cuervo\/workshops-and-presentations\/#breadcrumb"},"inLanguage":"en-US","potentialAction":[{"@type":"ReadAction","target":["https:\/\/sites.rutgers.edu\/adriana-cuervo\/workshops-and-presentations\/"]}]},{"@type":"BreadcrumbList","@id":"https:\/\/sites.rutgers.edu\/adriana-cuervo\/workshops-and-presentations\/#breadcrumb","itemListElement":[{"@type":"ListItem","position":1,"name":"Home","item":"https:\/\/sites.rutgers.edu\/adriana-cuervo\/"},{"@type":"ListItem","position":2,"name":"Workshops and Presentations"}]},{"@type":"WebSite","@id":"https:\/\/sites.rutgers.edu\/adriana-cuervo\/#website","url":"https:\/\/sites.rutgers.edu\/adriana-cuervo\/","name":"Adriana Cuervo","description":"","potentialAction":[{"@type":"SearchAction","target":{"@type":"EntryPoint","urlTemplate":"https:\/\/sites.rutgers.edu\/adriana-cuervo\/?s={search_term_string}"},"query-input":{"@type":"PropertyValueSpecification","valueRequired":true,"valueName":"search_term_string"}}],"inLanguage":"en-US"}]}},"_links":{"self":[{"href":"https:\/\/sites.rutgers.edu\/adriana-cuervo\/wp-json\/wp\/v2\/pages\/364"}],"collection":[{"href":"https:\/\/sites.rutgers.edu\/adriana-cuervo\/wp-json\/wp\/v2\/pages"}],"about":[{"href":"https:\/\/sites.rutgers.edu\/adriana-cuervo\/wp-json\/wp\/v2\/types\/page"}],"author":[{"embeddable":true,"href":"https:\/\/sites.rutgers.edu\/adriana-cuervo\/wp-json\/wp\/v2\/users\/519"}],"replies":[{"embeddable":true,"href":"https:\/\/sites.rutgers.edu\/adriana-cuervo\/wp-json\/wp\/v2\/comments?post=364"}],"version-history":[{"count":3,"href":"https:\/\/sites.rutgers.edu\/adriana-cuervo\/wp-json\/wp\/v2\/pages\/364\/revisions"}],"predecessor-version":[{"id":384,"href":"https:\/\/sites.rutgers.edu\/adriana-cuervo\/wp-json\/wp\/v2\/pages\/364\/revisions\/384"}],"wp:attachment":[{"href":"https:\/\/sites.rutgers.edu\/adriana-cuervo\/wp-json\/wp\/v2\/media?parent=364"}],"curies":[{"name":"wp","href":"https:\/\/api.w.org\/{rel}","templated":true}]}}