{"id":503,"date":"2026-02-01T19:45:11","date_gmt":"2026-02-01T19:45:11","guid":{"rendered":"https:\/\/sites.rutgers.edu\/artificiality\/?page_id=503"},"modified":"2026-02-02T17:43:19","modified_gmt":"2026-02-02T17:43:19","slug":"day-1-thursday","status":"publish","type":"page","link":"https:\/\/sites.rutgers.edu\/artificiality\/day-1-thursday\/","title":{"rendered":"Day 1 &#8211; Thursday"},"content":{"rendered":"<h3 style=\"text-align: center\"><strong>Participants<\/strong><\/h3>\n<p>&nbsp;<\/p>\n<p style=\"text-align: left\"><strong><img loading=\"lazy\" decoding=\"async\" class=\"wp-image-516 alignleft\" src=\"https:\/\/sites.rutgers.edu\/artificiality\/wp-content\/uploads\/sites\/1505\/2026\/02\/Ada-Ackerman.png\" alt=\"\" width=\"210\" height=\"315\" srcset=\"https:\/\/sites.rutgers.edu\/artificiality\/wp-content\/uploads\/sites\/1505\/2026\/02\/Ada-Ackerman.png 2610w, https:\/\/sites.rutgers.edu\/artificiality\/wp-content\/uploads\/sites\/1505\/2026\/02\/Ada-Ackerman-200x300.png 200w, https:\/\/sites.rutgers.edu\/artificiality\/wp-content\/uploads\/sites\/1505\/2026\/02\/Ada-Ackerman-683x1024.png 683w, https:\/\/sites.rutgers.edu\/artificiality\/wp-content\/uploads\/sites\/1505\/2026\/02\/Ada-Ackerman-768x1152.png 768w, https:\/\/sites.rutgers.edu\/artificiality\/wp-content\/uploads\/sites\/1505\/2026\/02\/Ada-Ackerman-1024x1536.png 1024w, https:\/\/sites.rutgers.edu\/artificiality\/wp-content\/uploads\/sites\/1505\/2026\/02\/Ada-Ackerman-1365x2048.png 1365w\" sizes=\"(max-width: 210px) 100vw, 210px\" \/><\/strong><\/p>\n<p style=\"text-align: left\"><strong>Ada Ackerman<\/strong> est charg\u00e9e de recherches au CNRS (THALIM). Historienne de l\u2019art, elle s\u2019int\u00e9resse aux croisements entre les arts, aux circulations culturelles entre Europe, Etats-Unis et ex-URSS ainsi qu\u2019aux entrelacements entre humains et non-humains. Parmi ses derni\u00e8res publications figurent <em>The Endless Library of Sergei Eisenstein<\/em> (2025, avec Naum Kleiman) et <em>Biblioth\u00e8ques \u00e0 l&#8217;\u00e9preuve de la sc\u00e8ne<\/em> (2025, avec B\u00e9atrice Picon-Vallin).<\/p>\n<p style=\"text-align: left\">Elle exerce aussi comme commissaire d&#8217;expositions : Golem ! Avatars d\u2019une l\u00e9gende d\u2019argile (MAHJ, Paris, 2017) ; L\u2019Oeil extatique. Eisenstein, cin\u00e9aste \u00e0 la crois\u00e9e des arts (Centre Pompidou-Metz, 2019) ; Mirabil-IA. Quand l\u2019IA m\u00e9tamorphose la cr\u00e9ation (Centre des Arts, Enghien-les-Bains, 2024) ; Le Monde selon l\u2019IA (Jeu de Paume, Paris, 2025).<\/p>\n<p>&nbsp;<\/p>\n<p style=\"text-align: center\">____________________________________<\/p>\n<p>&nbsp;<\/p>\n<p><img loading=\"lazy\" decoding=\"async\" class=\"wp-image-514 alignleft\" src=\"https:\/\/sites.rutgers.edu\/artificiality\/wp-content\/uploads\/sites\/1505\/2026\/02\/Moritz-Riesewick.jpg\" alt=\"\" width=\"287\" height=\"162\" srcset=\"https:\/\/sites.rutgers.edu\/artificiality\/wp-content\/uploads\/sites\/1505\/2026\/02\/Moritz-Riesewick.jpg 640w, https:\/\/sites.rutgers.edu\/artificiality\/wp-content\/uploads\/sites\/1505\/2026\/02\/Moritz-Riesewick-300x169.jpg 300w\" sizes=\"(max-width: 287px) 100vw, 287px\" \/><\/p>\n<p><b><span class=\"markqctsr72wz\" data-markjs=\"true\" data-ogac=\"\" data-ogab=\"\" data-ogsc=\"\" data-ogsb=\"\" data-olk-copy-source=\"MessageBody\">Moritz<\/span>\u00a0Riesewieck<\/b> (born 1985) is a German author, director and founding member of the artistic group Laokoon, known for its spectacular artistic data doubleganger experiment<i> Made to Measure <\/i>(2021).<\/p>\n<p>His investigative debut film <i>The Cleaners <\/i>about the shadow industry of digital content moderators in Manila which he developed and directed with Hans Block celebrated its world premiere at the Sundance Film Festival in 2018 and has since been screened at more than 70 international film festivals, in cinemas and on TV worldwide. It was nominated for an Emmy and the German Television Award and has received numerous international awards, including the Prix Europa for the Best European TV documentary 2018 and the Grimme Audience Award 2019. Their TED talk on freedom of expression in times of social networks (2019) has reached an audience of millions. In 2020 their book<i> Die digitale Seele (The Digital Soul) <\/i>was published by German publishing house Goldmann Verlag and was later translated into several foreign languages. In 2024 their second feature documentary<i> Eternal You <\/i>about AI simulations of deceased people was in competition for the best international documentary film at the Sundance Film Festival and was since shown at film festivals and on TV in numerous countries.<\/p>\n<p style=\"text-align: center\">____________________________________<\/p>\n<p>&nbsp;<\/p>\n<p><img loading=\"lazy\" decoding=\"async\" class=\"wp-image-515 alignleft\" style=\"font-family: 'Open Sans', sans-serif\" src=\"https:\/\/sites.rutgers.edu\/artificiality\/wp-content\/uploads\/sites\/1505\/2026\/02\/Nouf-Aljowaysir.png\" alt=\"\" width=\"192\" height=\"207\" srcset=\"https:\/\/sites.rutgers.edu\/artificiality\/wp-content\/uploads\/sites\/1505\/2026\/02\/Nouf-Aljowaysir.png 1000w, https:\/\/sites.rutgers.edu\/artificiality\/wp-content\/uploads\/sites\/1505\/2026\/02\/Nouf-Aljowaysir-279x300.png 279w, https:\/\/sites.rutgers.edu\/artificiality\/wp-content\/uploads\/sites\/1505\/2026\/02\/Nouf-Aljowaysir-951x1024.png 951w, https:\/\/sites.rutgers.edu\/artificiality\/wp-content\/uploads\/sites\/1505\/2026\/02\/Nouf-Aljowaysir-768x827.png 768w\" sizes=\"(max-width: 192px) 100vw, 192px\" \/><\/p>\n<blockquote><p><strong><span class=\"markijd0vpm54\" data-markjs=\"true\" data-ogac=\"\" data-ogab=\"\" data-ogsc=\"\" data-ogsb=\"\" data-olk-copy-source=\"MessageBody\">Nouf<\/span>\u00a0Aljowaysir<\/strong> is a visual artist whose practice critically examines the role of algorithmic \u201cintelligence\u201d in shaping personal and collective constructions of selfhood and historical knowledge. Working across photography, performance, and moving image, she creates narratives that move between archival materials and digital speculation, questioning how technologies shape and reduce the understanding of identity, memory and particularly non-Western histories.<\/p>\n<p><span style=\"font-size: 1rem\">Her work has been exhibited internationally at institutions such as Jeu de Paume, Photo Elys\u00e9e, Centre Pompidou, M+ Museum, Gazelli Art House, CPH:DOX, and the Tribeca Film Festival, among others. Her projects have appeared in publications including Fisheye Magazine, Slanted Magazine, and the British Journal of Photography. She has participated in panels and given lectures with Rhizome, KADIST, The Conference on Computer Vision and Pattern Recognition (CVPR), and the TechArt Online Conference at Chung-Ang University. Aljowaysir has also been featured in major media outlets such as Le Monde, BBC Culture, The New York Times, Forbes, and Le Quotidien de l\u2019Art. <\/span><span style=\"font-size: 1rem\">Her film <em>Ana Min Wein?<\/em> (<em>Where Am I From?<\/em>) won the 2023 Lumen Prize for Moving Image and was released by The New York Times Op-Docs series in Ju<\/span><span style=\"font-size: 1rem\">ne 2024.<\/span><\/p><\/blockquote>\n","protected":false},"excerpt":{"rendered":"<p>Participants &nbsp; Ada Ackerman est charg\u00e9e de recherches au CNRS (THALIM). Historienne de l\u2019art, elle s\u2019int\u00e9resse aux croisements entre les arts, aux circulations culturelles entre Europe, Etats-Unis et ex-URSS ainsi &hellip; <a href=\"https:\/\/sites.rutgers.edu\/artificiality\/day-1-thursday\/\" class=\"\">Read More<\/a><\/p>\n","protected":false},"author":2634,"featured_media":0,"parent":0,"menu_order":0,"comment_status":"closed","ping_status":"closed","template":"","meta":{"_acf_changed":false,"footnotes":""},"class_list":["post-503","page","type-page","status-publish","hentry"],"acf":[],"yoast_head":"<!-- This site is optimized with the Yoast SEO plugin v23.5 - https:\/\/yoast.com\/wordpress\/plugins\/seo\/ -->\n<title>Day 1 - Thursday - Artificiality | Surfaciality International conference<\/title>\n<meta name=\"robots\" content=\"index, follow, max-snippet:-1, max-image-preview:large, max-video-preview:-1\" \/>\n<link rel=\"canonical\" href=\"https:\/\/sites.rutgers.edu\/artificiality\/day-1-thursday\/\" \/>\n<meta property=\"og:locale\" content=\"en_US\" \/>\n<meta property=\"og:type\" content=\"article\" \/>\n<meta property=\"og:title\" content=\"Day 1 - Thursday - Artificiality | Surfaciality International conference\" \/>\n<meta property=\"og:description\" content=\"Participants &nbsp; Ada Ackerman est charg\u00e9e de recherches au CNRS (THALIM). Historienne de l\u2019art, elle s\u2019int\u00e9resse aux croisements entre les arts, aux circulations culturelles entre Europe, Etats-Unis et ex-URSS ainsi &hellip; Read More\" \/>\n<meta property=\"og:url\" content=\"https:\/\/sites.rutgers.edu\/artificiality\/day-1-thursday\/\" \/>\n<meta property=\"og:site_name\" content=\"Artificiality | Surfaciality International conference\" \/>\n<meta property=\"article:modified_time\" content=\"2026-02-02T17:43:19+00:00\" \/>\n<meta property=\"og:image\" content=\"https:\/\/sites.rutgers.edu\/artificiality\/wp-content\/uploads\/sites\/1505\/2026\/02\/Ada-Ackerman.png\" \/>\n<meta name=\"twitter:card\" content=\"summary_large_image\" \/>\n<meta name=\"twitter:label1\" content=\"Est. reading time\" \/>\n\t<meta name=\"twitter:data1\" content=\"2 minutes\" \/>\n<script type=\"application\/ld+json\" class=\"yoast-schema-graph\">{\"@context\":\"https:\/\/schema.org\",\"@graph\":[{\"@type\":\"WebPage\",\"@id\":\"https:\/\/sites.rutgers.edu\/artificiality\/day-1-thursday\/\",\"url\":\"https:\/\/sites.rutgers.edu\/artificiality\/day-1-thursday\/\",\"name\":\"Day 1 - Thursday - Artificiality | Surfaciality International conference\",\"isPartOf\":{\"@id\":\"https:\/\/sites.rutgers.edu\/artificiality\/#website\"},\"primaryImageOfPage\":{\"@id\":\"https:\/\/sites.rutgers.edu\/artificiality\/day-1-thursday\/#primaryimage\"},\"image\":{\"@id\":\"https:\/\/sites.rutgers.edu\/artificiality\/day-1-thursday\/#primaryimage\"},\"thumbnailUrl\":\"https:\/\/sites.rutgers.edu\/artificiality\/wp-content\/uploads\/sites\/1505\/2026\/02\/Ada-Ackerman.png\",\"datePublished\":\"2026-02-01T19:45:11+00:00\",\"dateModified\":\"2026-02-02T17:43:19+00:00\",\"breadcrumb\":{\"@id\":\"https:\/\/sites.rutgers.edu\/artificiality\/day-1-thursday\/#breadcrumb\"},\"inLanguage\":\"en-US\",\"potentialAction\":[{\"@type\":\"ReadAction\",\"target\":[\"https:\/\/sites.rutgers.edu\/artificiality\/day-1-thursday\/\"]}]},{\"@type\":\"ImageObject\",\"inLanguage\":\"en-US\",\"@id\":\"https:\/\/sites.rutgers.edu\/artificiality\/day-1-thursday\/#primaryimage\",\"url\":\"https:\/\/sites.rutgers.edu\/artificiality\/wp-content\/uploads\/sites\/1505\/2026\/02\/Ada-Ackerman.png\",\"contentUrl\":\"https:\/\/sites.rutgers.edu\/artificiality\/wp-content\/uploads\/sites\/1505\/2026\/02\/Ada-Ackerman.png\",\"width\":2610,\"height\":3915},{\"@type\":\"BreadcrumbList\",\"@id\":\"https:\/\/sites.rutgers.edu\/artificiality\/day-1-thursday\/#breadcrumb\",\"itemListElement\":[{\"@type\":\"ListItem\",\"position\":1,\"name\":\"Home\",\"item\":\"https:\/\/sites.rutgers.edu\/artificiality\/\"},{\"@type\":\"ListItem\",\"position\":2,\"name\":\"Day 1 &#8211; Thursday\"}]},{\"@type\":\"WebSite\",\"@id\":\"https:\/\/sites.rutgers.edu\/artificiality\/#website\",\"url\":\"https:\/\/sites.rutgers.edu\/artificiality\/\",\"name\":\"Artificiality | Surfaciality International conference\",\"description\":\"\",\"potentialAction\":[{\"@type\":\"SearchAction\",\"target\":{\"@type\":\"EntryPoint\",\"urlTemplate\":\"https:\/\/sites.rutgers.edu\/artificiality\/?s={search_term_string}\"},\"query-input\":{\"@type\":\"PropertyValueSpecification\",\"valueRequired\":true,\"valueName\":\"search_term_string\"}}],\"inLanguage\":\"en-US\"}]}<\/script>\n<!-- \/ Yoast SEO plugin. -->","yoast_head_json":{"title":"Day 1 - Thursday - Artificiality | Surfaciality International conference","robots":{"index":"index","follow":"follow","max-snippet":"max-snippet:-1","max-image-preview":"max-image-preview:large","max-video-preview":"max-video-preview:-1"},"canonical":"https:\/\/sites.rutgers.edu\/artificiality\/day-1-thursday\/","og_locale":"en_US","og_type":"article","og_title":"Day 1 - Thursday - Artificiality | Surfaciality International conference","og_description":"Participants &nbsp; Ada Ackerman est charg\u00e9e de recherches au CNRS (THALIM). Historienne de l\u2019art, elle s\u2019int\u00e9resse aux croisements entre les arts, aux circulations culturelles entre Europe, Etats-Unis et ex-URSS ainsi &hellip; Read More","og_url":"https:\/\/sites.rutgers.edu\/artificiality\/day-1-thursday\/","og_site_name":"Artificiality | Surfaciality International conference","article_modified_time":"2026-02-02T17:43:19+00:00","og_image":[{"url":"https:\/\/sites.rutgers.edu\/artificiality\/wp-content\/uploads\/sites\/1505\/2026\/02\/Ada-Ackerman.png"}],"twitter_card":"summary_large_image","twitter_misc":{"Est. reading time":"2 minutes"},"schema":{"@context":"https:\/\/schema.org","@graph":[{"@type":"WebPage","@id":"https:\/\/sites.rutgers.edu\/artificiality\/day-1-thursday\/","url":"https:\/\/sites.rutgers.edu\/artificiality\/day-1-thursday\/","name":"Day 1 - Thursday - Artificiality | Surfaciality International conference","isPartOf":{"@id":"https:\/\/sites.rutgers.edu\/artificiality\/#website"},"primaryImageOfPage":{"@id":"https:\/\/sites.rutgers.edu\/artificiality\/day-1-thursday\/#primaryimage"},"image":{"@id":"https:\/\/sites.rutgers.edu\/artificiality\/day-1-thursday\/#primaryimage"},"thumbnailUrl":"https:\/\/sites.rutgers.edu\/artificiality\/wp-content\/uploads\/sites\/1505\/2026\/02\/Ada-Ackerman.png","datePublished":"2026-02-01T19:45:11+00:00","dateModified":"2026-02-02T17:43:19+00:00","breadcrumb":{"@id":"https:\/\/sites.rutgers.edu\/artificiality\/day-1-thursday\/#breadcrumb"},"inLanguage":"en-US","potentialAction":[{"@type":"ReadAction","target":["https:\/\/sites.rutgers.edu\/artificiality\/day-1-thursday\/"]}]},{"@type":"ImageObject","inLanguage":"en-US","@id":"https:\/\/sites.rutgers.edu\/artificiality\/day-1-thursday\/#primaryimage","url":"https:\/\/sites.rutgers.edu\/artificiality\/wp-content\/uploads\/sites\/1505\/2026\/02\/Ada-Ackerman.png","contentUrl":"https:\/\/sites.rutgers.edu\/artificiality\/wp-content\/uploads\/sites\/1505\/2026\/02\/Ada-Ackerman.png","width":2610,"height":3915},{"@type":"BreadcrumbList","@id":"https:\/\/sites.rutgers.edu\/artificiality\/day-1-thursday\/#breadcrumb","itemListElement":[{"@type":"ListItem","position":1,"name":"Home","item":"https:\/\/sites.rutgers.edu\/artificiality\/"},{"@type":"ListItem","position":2,"name":"Day 1 &#8211; Thursday"}]},{"@type":"WebSite","@id":"https:\/\/sites.rutgers.edu\/artificiality\/#website","url":"https:\/\/sites.rutgers.edu\/artificiality\/","name":"Artificiality | Surfaciality International conference","description":"","potentialAction":[{"@type":"SearchAction","target":{"@type":"EntryPoint","urlTemplate":"https:\/\/sites.rutgers.edu\/artificiality\/?s={search_term_string}"},"query-input":{"@type":"PropertyValueSpecification","valueRequired":true,"valueName":"search_term_string"}}],"inLanguage":"en-US"}]}},"_links":{"self":[{"href":"https:\/\/sites.rutgers.edu\/artificiality\/wp-json\/wp\/v2\/pages\/503"}],"collection":[{"href":"https:\/\/sites.rutgers.edu\/artificiality\/wp-json\/wp\/v2\/pages"}],"about":[{"href":"https:\/\/sites.rutgers.edu\/artificiality\/wp-json\/wp\/v2\/types\/page"}],"author":[{"embeddable":true,"href":"https:\/\/sites.rutgers.edu\/artificiality\/wp-json\/wp\/v2\/users\/2634"}],"replies":[{"embeddable":true,"href":"https:\/\/sites.rutgers.edu\/artificiality\/wp-json\/wp\/v2\/comments?post=503"}],"version-history":[{"count":8,"href":"https:\/\/sites.rutgers.edu\/artificiality\/wp-json\/wp\/v2\/pages\/503\/revisions"}],"predecessor-version":[{"id":533,"href":"https:\/\/sites.rutgers.edu\/artificiality\/wp-json\/wp\/v2\/pages\/503\/revisions\/533"}],"wp:attachment":[{"href":"https:\/\/sites.rutgers.edu\/artificiality\/wp-json\/wp\/v2\/media?parent=503"}],"curies":[{"name":"wp","href":"https:\/\/api.w.org\/{rel}","templated":true}]}}