{"id":3028,"date":"2021-08-13T19:20:09","date_gmt":"2021-08-13T19:20:09","guid":{"rendered":"http:\/\/sites.rutgers.edu\/books-we-read\/?page_id=3028"},"modified":"2021-09-08T01:38:13","modified_gmt":"2021-09-08T01:38:13","slug":"jellinek","status":"publish","type":"page","link":"https:\/\/sites.rutgers.edu\/books-we-read\/history\/jellinek\/","title":{"rendered":"Jellinek Dossier"},"content":{"rendered":"<p><img loading=\"lazy\" decoding=\"async\" class=\"size-medium wp-image-3156 alignright\" src=\"http:\/\/sites.rutgers.edu\/books-we-read\/wp-content\/uploads\/sites\/248\/2020\/11\/JellinekDossier2-300x300.png\" alt=\"\" width=\"300\" height=\"300\" srcset=\"https:\/\/sites.rutgers.edu\/books-we-read\/wp-content\/uploads\/sites\/248\/2020\/11\/JellinekDossier2-300x300.png 300w, https:\/\/sites.rutgers.edu\/books-we-read\/wp-content\/uploads\/sites\/248\/2020\/11\/JellinekDossier2-150x150.png 150w, https:\/\/sites.rutgers.edu\/books-we-read\/wp-content\/uploads\/sites\/248\/2020\/11\/JellinekDossier2.png 500w\" sizes=\"(max-width: 300px) 100vw, 300px\" \/><\/p>\n<p>Elvin Morton Jellinek (1890\u20131963) was one of the founders of modern addiction science. A <a href=\"https:\/\/pubmed.ncbi.nlm.nih.gov\/27172569\/\" target=\"_blank\" rel=\"noopener noreferrer\">recent article<\/a> aimed to reintroduce alcohol scholars to his contributions also stimulated interest and historical research in the field complemented with a <a href=\"https:\/\/pubmed.ncbi.nlm.nih.gov\/27172568\/\" target=\"_blank\" rel=\"noopener noreferrer\">comprehensive bibliography of his publications<\/a>.<\/p>\n<p>See more:<\/p>\n<ul>\n<li><a href=\"https:\/\/sites.rutgers.edu\/alcoholstudies-archives\/notable-people\/jellinek\/\" target=\"_blank\" rel=\"noopener\">Jellinek page from the Alcohol Studies Archives<\/a><\/li>\n<li><a href=\"https:\/\/sites.rutgers.edu\/books-we-read\/history\/jellinek-bio\/\">Mystery and speculations<\/a>: The Jellinek biography<\/li>\n<li><a href=\"https:\/\/sites.rutgers.edu\/books-we-read\/history\/bunkyana\/\">Bunkyana<\/a><\/li>\n<li><a href=\"https:\/\/sites.rutgers.edu\/alcoholstudies-archives\/tag\/jellinek\/\">Blog posts<\/a> by CAS related to Jellinek<\/li>\n<li><a href=\"https:\/\/sites.rutgers.edu\/books-we-read\/books-we-cite-bunkys-birthday\/\">Bunky\u2019s birthday<\/a><\/li>\n<\/ul>\n<h4>Our research related to Jellinek<\/h4>\n<ul>\n<li>Ward, Judit Hajnal &amp; Bejarano, William (2016). <a href=\"https:\/\/doi.org\/doi:10.7282\/T3ZC857T\" target=\"_blank\" rel=\"noopener noreferrer\">A tribute to Bunky at 125: A comprehensive bibliography of E. M. Jellinek\u2019s publications. <\/a><em>Journal of Studies on Alcohol and Drugs<\/em>, 77(3), 371-374.<\/li>\n<li>Babor, Thomas F. &amp; Ward, Judit Hajnal (2016). <a href=\"https:\/\/doi.org\/doi:10.7282\/T3348NR5\" target=\"_blank\" rel=\"noopener noreferrer\">E.M. Jellinek at 125: The past as prologue?<\/a> <em>Journal of Studies on Alcohol and Drugs<\/em>, 77(3), 369-370.<\/li>\n<li>Ward, Judit Hajnal &amp; Bejarano, William &amp; Babor, Thomas F. &amp; Allred, Nicholas (2016). <a href=\"https:\/\/doi.org\/doi:10.7282\/T3F47RGJ\" target=\"_blank\" rel=\"noopener noreferrer\">Re-Introducing Bunky at 125: E.M. Jellinek\u2019s life and contributions to Alcohol Studies. <\/a><em>Journal of Studies on Alcohol and Drugs<\/em>, 77(3), 375-383.<\/li>\n<li>Ward, Judit Hajnal &amp; Bejarano, William (2015). <a href=\"https:\/\/doi.org\/doi:10.7282\/T3MS3W49\" target=\"_blank\" rel=\"noopener noreferrer\">Az addikci\u00f3tudom\u00e1ny t\u00f6rt\u00e9net\u00e9b\u0151l: E. M. Jellinek.<\/a> <em>Orvosi K\u00f6nyvt\u00e1rak<\/em>, 12(1), 13-28.<\/li>\n<li>Ward, Judit Hajnal (2014). <a href=\"https:\/\/doi.org\/doi:10.7282\/T32B91DC\" target=\"_blank\" rel=\"noopener noreferrer\">E.M. Jellinek: The Hungarian connection.<\/a> <em>Substance Abuse Library and Information Studies<\/em>, 1(1), 42-54.<\/li>\n<\/ul>\n","protected":false},"excerpt":{"rendered":"<p>Elvin Morton Jellinek (1890\u20131963) was one of the founders of modern addiction science. A recent article aimed to reintroduce alcohol scholars to his contributions also stimulated interest and historical research &hellip; <a href=\"https:\/\/sites.rutgers.edu\/books-we-read\/history\/jellinek\/\" class=\"\">Read More<\/a><\/p>\n","protected":false},"author":447,"featured_media":0,"parent":944,"menu_order":0,"comment_status":"closed","ping_status":"closed","template":"","meta":{"_acf_changed":false,"footnotes":""},"class_list":["post-3028","page","type-page","status-publish","hentry"],"acf":[],"yoast_head":"<!-- This site is optimized with the Yoast SEO plugin v23.5 - https:\/\/yoast.com\/wordpress\/plugins\/seo\/ -->\n<title>Jellinek Dossier - Books We Read<\/title>\n<meta name=\"robots\" content=\"index, follow, max-snippet:-1, max-image-preview:large, max-video-preview:-1\" \/>\n<link rel=\"canonical\" href=\"https:\/\/sites.rutgers.edu\/books-we-read\/history\/jellinek\/\" \/>\n<meta property=\"og:locale\" content=\"en_US\" \/>\n<meta property=\"og:type\" content=\"article\" \/>\n<meta property=\"og:title\" content=\"Jellinek Dossier - Books We Read\" \/>\n<meta property=\"og:description\" content=\"Elvin Morton Jellinek (1890\u20131963) was one of the founders of modern addiction science. A recent article aimed to reintroduce alcohol scholars to his contributions also stimulated interest and historical research &hellip; Read More\" \/>\n<meta property=\"og:url\" content=\"https:\/\/sites.rutgers.edu\/books-we-read\/history\/jellinek\/\" \/>\n<meta property=\"og:site_name\" content=\"Books We Read\" \/>\n<meta property=\"article:modified_time\" content=\"2021-09-08T01:38:13+00:00\" \/>\n<meta property=\"og:image\" content=\"http:\/\/sites.rutgers.edu\/books-we-read\/wp-content\/uploads\/sites\/248\/2020\/11\/JellinekDossier2-300x300.png\" \/>\n<meta name=\"twitter:card\" content=\"summary_large_image\" \/>\n<meta name=\"twitter:label1\" content=\"Est. reading time\" \/>\n\t<meta name=\"twitter:data1\" content=\"1 minute\" \/>\n<script type=\"application\/ld+json\" class=\"yoast-schema-graph\">{\"@context\":\"https:\/\/schema.org\",\"@graph\":[{\"@type\":\"WebPage\",\"@id\":\"https:\/\/sites.rutgers.edu\/books-we-read\/history\/jellinek\/\",\"url\":\"https:\/\/sites.rutgers.edu\/books-we-read\/history\/jellinek\/\",\"name\":\"Jellinek Dossier - Books We Read\",\"isPartOf\":{\"@id\":\"https:\/\/sites.rutgers.edu\/books-we-read\/#website\"},\"primaryImageOfPage\":{\"@id\":\"https:\/\/sites.rutgers.edu\/books-we-read\/history\/jellinek\/#primaryimage\"},\"image\":{\"@id\":\"https:\/\/sites.rutgers.edu\/books-we-read\/history\/jellinek\/#primaryimage\"},\"thumbnailUrl\":\"http:\/\/sites.rutgers.edu\/books-we-read\/wp-content\/uploads\/sites\/248\/2020\/11\/JellinekDossier2-300x300.png\",\"datePublished\":\"2021-08-13T19:20:09+00:00\",\"dateModified\":\"2021-09-08T01:38:13+00:00\",\"breadcrumb\":{\"@id\":\"https:\/\/sites.rutgers.edu\/books-we-read\/history\/jellinek\/#breadcrumb\"},\"inLanguage\":\"en-US\",\"potentialAction\":[{\"@type\":\"ReadAction\",\"target\":[\"https:\/\/sites.rutgers.edu\/books-we-read\/history\/jellinek\/\"]}]},{\"@type\":\"ImageObject\",\"inLanguage\":\"en-US\",\"@id\":\"https:\/\/sites.rutgers.edu\/books-we-read\/history\/jellinek\/#primaryimage\",\"url\":\"https:\/\/sites.rutgers.edu\/books-we-read\/wp-content\/uploads\/sites\/248\/2020\/11\/JellinekDossier2.png\",\"contentUrl\":\"https:\/\/sites.rutgers.edu\/books-we-read\/wp-content\/uploads\/sites\/248\/2020\/11\/JellinekDossier2.png\",\"width\":500,\"height\":500},{\"@type\":\"BreadcrumbList\",\"@id\":\"https:\/\/sites.rutgers.edu\/books-we-read\/history\/jellinek\/#breadcrumb\",\"itemListElement\":[{\"@type\":\"ListItem\",\"position\":1,\"name\":\"Home\",\"item\":\"https:\/\/sites.rutgers.edu\/books-we-read\/\"},{\"@type\":\"ListItem\",\"position\":2,\"name\":\"History\",\"item\":\"https:\/\/sites.rutgers.edu\/books-we-read\/history\/\"},{\"@type\":\"ListItem\",\"position\":3,\"name\":\"Jellinek Dossier\"}]},{\"@type\":\"WebSite\",\"@id\":\"https:\/\/sites.rutgers.edu\/books-we-read\/#website\",\"url\":\"https:\/\/sites.rutgers.edu\/books-we-read\/\",\"name\":\"Books We Read\",\"description\":\"\",\"potentialAction\":[{\"@type\":\"SearchAction\",\"target\":{\"@type\":\"EntryPoint\",\"urlTemplate\":\"https:\/\/sites.rutgers.edu\/books-we-read\/?s={search_term_string}\"},\"query-input\":{\"@type\":\"PropertyValueSpecification\",\"valueRequired\":true,\"valueName\":\"search_term_string\"}}],\"inLanguage\":\"en-US\"}]}<\/script>\n<!-- \/ Yoast SEO plugin. -->","yoast_head_json":{"title":"Jellinek Dossier - Books We Read","robots":{"index":"index","follow":"follow","max-snippet":"max-snippet:-1","max-image-preview":"max-image-preview:large","max-video-preview":"max-video-preview:-1"},"canonical":"https:\/\/sites.rutgers.edu\/books-we-read\/history\/jellinek\/","og_locale":"en_US","og_type":"article","og_title":"Jellinek Dossier - Books We Read","og_description":"Elvin Morton Jellinek (1890\u20131963) was one of the founders of modern addiction science. A recent article aimed to reintroduce alcohol scholars to his contributions also stimulated interest and historical research &hellip; Read More","og_url":"https:\/\/sites.rutgers.edu\/books-we-read\/history\/jellinek\/","og_site_name":"Books We Read","article_modified_time":"2021-09-08T01:38:13+00:00","og_image":[{"url":"http:\/\/sites.rutgers.edu\/books-we-read\/wp-content\/uploads\/sites\/248\/2020\/11\/JellinekDossier2-300x300.png"}],"twitter_card":"summary_large_image","twitter_misc":{"Est. reading time":"1 minute"},"schema":{"@context":"https:\/\/schema.org","@graph":[{"@type":"WebPage","@id":"https:\/\/sites.rutgers.edu\/books-we-read\/history\/jellinek\/","url":"https:\/\/sites.rutgers.edu\/books-we-read\/history\/jellinek\/","name":"Jellinek Dossier - Books We Read","isPartOf":{"@id":"https:\/\/sites.rutgers.edu\/books-we-read\/#website"},"primaryImageOfPage":{"@id":"https:\/\/sites.rutgers.edu\/books-we-read\/history\/jellinek\/#primaryimage"},"image":{"@id":"https:\/\/sites.rutgers.edu\/books-we-read\/history\/jellinek\/#primaryimage"},"thumbnailUrl":"http:\/\/sites.rutgers.edu\/books-we-read\/wp-content\/uploads\/sites\/248\/2020\/11\/JellinekDossier2-300x300.png","datePublished":"2021-08-13T19:20:09+00:00","dateModified":"2021-09-08T01:38:13+00:00","breadcrumb":{"@id":"https:\/\/sites.rutgers.edu\/books-we-read\/history\/jellinek\/#breadcrumb"},"inLanguage":"en-US","potentialAction":[{"@type":"ReadAction","target":["https:\/\/sites.rutgers.edu\/books-we-read\/history\/jellinek\/"]}]},{"@type":"ImageObject","inLanguage":"en-US","@id":"https:\/\/sites.rutgers.edu\/books-we-read\/history\/jellinek\/#primaryimage","url":"https:\/\/sites.rutgers.edu\/books-we-read\/wp-content\/uploads\/sites\/248\/2020\/11\/JellinekDossier2.png","contentUrl":"https:\/\/sites.rutgers.edu\/books-we-read\/wp-content\/uploads\/sites\/248\/2020\/11\/JellinekDossier2.png","width":500,"height":500},{"@type":"BreadcrumbList","@id":"https:\/\/sites.rutgers.edu\/books-we-read\/history\/jellinek\/#breadcrumb","itemListElement":[{"@type":"ListItem","position":1,"name":"Home","item":"https:\/\/sites.rutgers.edu\/books-we-read\/"},{"@type":"ListItem","position":2,"name":"History","item":"https:\/\/sites.rutgers.edu\/books-we-read\/history\/"},{"@type":"ListItem","position":3,"name":"Jellinek Dossier"}]},{"@type":"WebSite","@id":"https:\/\/sites.rutgers.edu\/books-we-read\/#website","url":"https:\/\/sites.rutgers.edu\/books-we-read\/","name":"Books We Read","description":"","potentialAction":[{"@type":"SearchAction","target":{"@type":"EntryPoint","urlTemplate":"https:\/\/sites.rutgers.edu\/books-we-read\/?s={search_term_string}"},"query-input":{"@type":"PropertyValueSpecification","valueRequired":true,"valueName":"search_term_string"}}],"inLanguage":"en-US"}]}},"_links":{"self":[{"href":"https:\/\/sites.rutgers.edu\/books-we-read\/wp-json\/wp\/v2\/pages\/3028"}],"collection":[{"href":"https:\/\/sites.rutgers.edu\/books-we-read\/wp-json\/wp\/v2\/pages"}],"about":[{"href":"https:\/\/sites.rutgers.edu\/books-we-read\/wp-json\/wp\/v2\/types\/page"}],"author":[{"embeddable":true,"href":"https:\/\/sites.rutgers.edu\/books-we-read\/wp-json\/wp\/v2\/users\/447"}],"replies":[{"embeddable":true,"href":"https:\/\/sites.rutgers.edu\/books-we-read\/wp-json\/wp\/v2\/comments?post=3028"}],"version-history":[{"count":16,"href":"https:\/\/sites.rutgers.edu\/books-we-read\/wp-json\/wp\/v2\/pages\/3028\/revisions"}],"predecessor-version":[{"id":5537,"href":"https:\/\/sites.rutgers.edu\/books-we-read\/wp-json\/wp\/v2\/pages\/3028\/revisions\/5537"}],"up":[{"embeddable":true,"href":"https:\/\/sites.rutgers.edu\/books-we-read\/wp-json\/wp\/v2\/pages\/944"}],"wp:attachment":[{"href":"https:\/\/sites.rutgers.edu\/books-we-read\/wp-json\/wp\/v2\/media?parent=3028"}],"curies":[{"name":"wp","href":"https:\/\/api.w.org\/{rel}","templated":true}]}}