{"id":521,"date":"2021-08-30T23:28:37","date_gmt":"2021-08-30T23:28:37","guid":{"rendered":"https:\/\/sites.rutgers.edu\/chen-wan\/?page_id=521"},"modified":"2025-04-11T14:50:55","modified_gmt":"2025-04-11T14:50:55","slug":"colloquium","status":"publish","type":"page","link":"https:\/\/sites.rutgers.edu\/chen-wan\/colloquium\/","title":{"rendered":"Colloquium"},"content":{"rendered":"<h1 style=\"text-align: center\">The Mathematics Colloquium at Rutgers-Newark<\/h1>\n<h2 style=\"text-align: center\"><\/h2>\n<p>&nbsp;<\/p>\n<p>The Colloquium of the Mathematics Department of Rutgers-Newark takes places on every Wednesday, from 4pm-5pm, either in person at 204 Smith Hall, 101 Warren St., or via Zoom. All are welcome.<\/p>\n<p>&nbsp;<\/p>\n<p>&nbsp;<\/p>\n<p>&nbsp;<\/p>\n<p style=\"text-align: center\"><strong>Spring 2025<\/strong><\/p>\n<p>&nbsp;<\/p>\n<table border=\"8\" width=\"1090\" cellspacing=\"2\" cellpadding=\"4\">\n<tbody>\n<tr>\n<td style=\"text-align: center\"><b>Date<\/b><\/td>\n<td style=\"text-align: center\"><b>Speaker<br \/>\n<\/b><\/td>\n<td style=\"text-align: center\"><b>\u00a0\u00a0\u00a0 Title<\/b><\/td>\n<\/tr>\n<tr>\n<td align=\"center\" valign=\"top\">Jan 29<\/td>\n<td align=\"center\" valign=\"top\">No talk<\/td>\n<td align=\"center\" valign=\"top\"><\/td>\n<\/tr>\n<tr>\n<td align=\"center\" valign=\"center\">Feb 5<\/td>\n<td align=\"center\" valign=\"top\">No talk<\/td>\n<td align=\"center\" valign=\"top\"><\/td>\n<\/tr>\n<tr>\n<td align=\"center\" valign=\"center\">Feb 12<\/td>\n<td align=\"center\" valign=\"top\">No talk<\/td>\n<td align=\"center\" valign=\"top\"><\/td>\n<\/tr>\n<tr>\n<td style=\"text-align: center\" align=\"center\" valign=\"center\">Feb 19<\/td>\n<td style=\"text-align: center\" valign=\"top\"><strong>Federico Ardila<\/strong><\/p>\n<p>(San Francisco State)<\/td>\n<td align=\"center\" valign=\"top\">\n<p data-olk-copy-source=\"MessageBody\">Inequalities for trees and matroids<\/p>\n<\/td>\n<\/tr>\n<tr>\n<td style=\"text-align: center\" align=\"center\" valign=\"center\">Feb 26<\/td>\n<td style=\"text-align: center\" valign=\"top\">No talk<\/td>\n<td align=\"center\" valign=\"top\"><\/td>\n<\/tr>\n<tr>\n<td style=\"text-align: center\" align=\"center\" valign=\"center\">Mar 5<\/td>\n<td style=\"text-align: center\" valign=\"top\"><strong>Zhaolin Li<\/strong><\/p>\n<p>(University of Minnesota)<\/td>\n<td align=\"center\" valign=\"top\">Beyond Endoscopy: Standard L-functions of GL(2)<\/td>\n<\/tr>\n<tr>\n<td style=\"text-align: center\" align=\"center\" valign=\"center\">Mar 12<\/td>\n<td style=\"text-align: center\" valign=\"top\"><strong>Botong Wang<\/strong><\/p>\n<p>(University of Wisconsin)<\/td>\n<td align=\"center\" valign=\"top\"><span data-olk-copy-source=\"MessageBody\"><span data-olk-copy-source=\"MessageBody\">Homology classes of surfaces in <\/span><\/span>(<strong>P<\/strong><sup style=\"font-family: 'Open Sans', sans-serif\">1<\/sup><span style=\"font-size: 1rem\">)<\/span><sup style=\"font-family: 'Open Sans', sans-serif\">4<\/sup><\/td>\n<\/tr>\n<tr>\n<td style=\"text-align: center\" align=\"center\" valign=\"center\">Mar 19<\/td>\n<td style=\"text-align: center\" valign=\"top\">No talk<\/td>\n<td align=\"center\" valign=\"top\"><strong>Spring break<\/strong><\/td>\n<\/tr>\n<tr>\n<td style=\"text-align: center\" align=\"center\" valign=\"center\">Mar 26<\/td>\n<td style=\"text-align: center\" valign=\"top\"><strong>Jie Gao<\/strong><\/p>\n<p>(Rutgers NB)<\/td>\n<td align=\"center\" valign=\"top\">Discrete Ricci flow and Applications on Graph Analysis<\/td>\n<\/tr>\n<tr>\n<td style=\"text-align: center\" align=\"center\" valign=\"center\">March 31<\/p>\n<p>(<strong>Monday<\/strong>)<\/td>\n<td style=\"text-align: center\" valign=\"top\"><strong>Alejandro H. Morales<\/strong><\/p>\n<p>(Universit\u00e9 du Qu\u00e9bec \u00e0 Montr\u00e9al)<\/td>\n<td align=\"center\" valign=\"top\"><span data-olk-copy-source=\"MessageBody\">Enumerating factorizations: from the symmetric group to Hecke algebras<\/span><\/td>\n<\/tr>\n<tr>\n<td style=\"text-align: center\" align=\"center\" valign=\"center\">Apr 2<\/td>\n<td style=\"text-align: center\" valign=\"top\"><strong>Kasia Jankiewicz<\/strong><\/p>\n<p>(UC Santa Cruz)<\/td>\n<td align=\"center\" valign=\"top\"><span data-olk-copy-source=\"MessageBody\">Approximating Artin groups by their finite quotients<\/span><\/td>\n<\/tr>\n<tr>\n<td style=\"text-align: center\" align=\"center\" valign=\"center\">Apr 9<\/td>\n<td style=\"text-align: center\" valign=\"top\"><strong>Griffin Wang<\/strong><br \/>\n(IAS)<\/td>\n<td align=\"center\" valign=\"top\"><span data-olk-copy-source=\"MessageBody\">Geometrization of the Jacquet-Rallis Fundamental Lemma for Spherical Hecke Algebras<\/span><\/td>\n<\/tr>\n<tr>\n<td style=\"text-align: center\" align=\"center\" valign=\"center\">Apr 16<\/td>\n<td style=\"text-align: center\" valign=\"top\"><strong>Chi Li<\/strong><\/p>\n<p>(Rutgers NB)<\/td>\n<td align=\"center\" valign=\"top\"><span data-olk-copy-source=\"MessageBody\">Two uniqueness results in Kahler geometry<\/span><\/td>\n<\/tr>\n<tr>\n<td style=\"text-align: center\" align=\"center\" valign=\"center\">Apr 23<\/td>\n<td style=\"text-align: center\" valign=\"top\"><strong>Gongxiang Liu<\/strong><\/p>\n<p>(Nanjing University)<\/td>\n<td align=\"center\" valign=\"top\">On the classification of graded pointed\u00a0coquasi-Hopf algebras over finite abelian groups.<\/td>\n<\/tr>\n<tr>\n<td style=\"text-align: center\" align=\"center\" valign=\"center\">Apr 30<\/td>\n<td style=\"text-align: center\" valign=\"top\"><strong>Zhiyu Zhang<\/strong><\/p>\n<p>(Standford)<\/td>\n<td align=\"center\" valign=\"top\"><\/td>\n<\/tr>\n<\/tbody>\n<\/table>\n<p>&nbsp;<\/p>\n<p>&nbsp;<\/p>\n<p style=\"text-align: center\"><strong>2021-2022<\/strong><\/p>\n<p>&nbsp;<\/p>\n<table border=\"8\" width=\"1090\" cellspacing=\"2\" cellpadding=\"4\">\n<tbody>\n<tr>\n<td style=\"text-align: center\"><b>Date<\/b><\/td>\n<td style=\"text-align: center\"><b>Speaker<br \/>\n<\/b><\/td>\n<td style=\"text-align: center\"><b>\u00a0\u00a0\u00a0 Title<\/b><\/td>\n<\/tr>\n<tr>\n<td align=\"center\" valign=\"top\">Sep 15<\/td>\n<td align=\"center\" valign=\"top\">No talk<\/td>\n<td align=\"center\" valign=\"top\"><\/td>\n<\/tr>\n<tr>\n<td align=\"center\" valign=\"center\">Sep 22<\/td>\n<td align=\"center\" valign=\"top\">No talk<\/td>\n<td align=\"center\" valign=\"top\"><\/td>\n<\/tr>\n<tr>\n<td style=\"text-align: center\" align=\"center\" valign=\"center\">Sep 29<\/td>\n<td align=\"center\" valign=\"top\">Wenshuai Jiang<\/p>\n<p>(Zhejiang University)<\/td>\n<td align=\"center\" valign=\"center\">Gromov-Hausdorff limit of manifolds and some applications<\/td>\n<\/tr>\n<tr>\n<td style=\"text-align: center\"><span style=\"color: #ff0000\"><span style=\"color: #000000\">Oct 6<\/span><br \/>\n<\/span><\/td>\n<td style=\"text-align: center\">Kewei Zhang<\/p>\n<p>(Beijing Normal University)<\/td>\n<td style=\"text-align: center\">Moser-Trudinger type inequalities on compact Kahler manifolds<\/td>\n<\/tr>\n<tr>\n<td align=\"center\" valign=\"center\">Oct 13<\/td>\n<td align=\"center\" valign=\"top\">Freid Tong<\/p>\n<p>(Harvard)<\/td>\n<td align=\"center\" valign=\"top\">Uniform estimates for complex Monge-Ampere and fully nonlinear equations<\/td>\n<\/tr>\n<tr>\n<td align=\"center\" valign=\"center\">Oct 15<\/td>\n<td align=\"center\" valign=\"top\">Yiannis Sakellaridis<\/p>\n<p>(Johns Hopkins University)<\/td>\n<td align=\"center\" valign=\"top\">Periods, L-functions, and a duality of Hamiltonian spaces<\/td>\n<\/tr>\n<tr>\n<td align=\"center\" valign=\"center\">Oct 20<\/td>\n<td align=\"center\" valign=\"top\">Naihuan Jing<\/p>\n<p>(NC State University)<\/td>\n<td align=\"center\" valign=\"top\">Yangians and their presentations<\/td>\n<\/tr>\n<tr>\n<td align=\"center\" valign=\"center\">Oct 27<\/td>\n<td align=\"center\" valign=\"top\">No talk<\/td>\n<td align=\"center\" valign=\"top\"><\/td>\n<\/tr>\n<tr>\n<td align=\"center\" valign=\"center\">Nov 3<\/td>\n<td align=\"center\" valign=\"top\">No talk<\/td>\n<td align=\"center\" valign=\"top\"><\/td>\n<\/tr>\n<tr>\n<td align=\"center\" valign=\"center\">Nov 10<\/td>\n<td align=\"center\" valign=\"top\">Spencer Leslie<\/p>\n<p>(Duke University)<\/td>\n<td align=\"center\" valign=\"top\">Periods of automorphic forms and endoscopy<\/td>\n<\/tr>\n<tr>\n<td align=\"center\" valign=\"center\">Nov 17<\/td>\n<td align=\"center\" valign=\"top\">Qingyuan Jiang<\/p>\n<p>(The University of Edinburgh)<\/td>\n<td align=\"center\" valign=\"top\">Derived projectivizations of two-term complexes<\/td>\n<\/tr>\n<tr>\n<td align=\"center\" valign=\"center\">Nov 24<\/td>\n<td align=\"center\" valign=\"top\">No Talk. Happy Thanksgiving!<\/td>\n<td align=\"center\" valign=\"top\"><\/td>\n<\/tr>\n<tr>\n<td align=\"center\" valign=\"center\">Dec 1<\/td>\n<td align=\"center\" valign=\"top\">Chengming Bai<\/p>\n<p>(Nankai University)<\/td>\n<td align=\"center\" valign=\"top\">An introduction to pre-Lie algebras with some recent progress<\/td>\n<\/tr>\n<tr>\n<td style=\"text-align: center\" align=\"center\" valign=\"center\">Dec 8<\/td>\n<td style=\"text-align: center\" valign=\"top\">Sylvie Paycha<\/p>\n<p>(Universit\u00e4t Potsdam)<\/td>\n<td align=\"center\" valign=\"top\">From principal bundles with connections to groupoids with direct<br aria-hidden=\"true\" \/>connections: the case of jet groupoids<\/td>\n<\/tr>\n<tr>\n<td style=\"text-align: center\" align=\"center\" valign=\"center\">Jan 18<\/td>\n<td style=\"text-align: center\" valign=\"top\">Kyle Hayden<\/p>\n<p>(Columbia University)<\/td>\n<td align=\"center\" valign=\"top\">Braids and badly behaved surfaces<\/td>\n<\/tr>\n<tr>\n<td style=\"text-align: center\" align=\"center\" valign=\"center\">Jan 20<\/td>\n<td style=\"text-align: center\" valign=\"top\">Christine Ruey Shan Lee<\/p>\n<p>(University of South Alabama)<\/td>\n<td align=\"center\" valign=\"top\">Quantum knot invariants and low-dimensional topology<\/td>\n<\/tr>\n<tr>\n<td style=\"text-align: center\" align=\"center\" valign=\"center\">Jan 24<\/td>\n<td style=\"text-align: center\" valign=\"top\">Vesselin Dimitrov<\/p>\n<p>(University of Toronto)<\/td>\n<td align=\"center\" valign=\"top\">Is there a smallest algebraic integer?<\/td>\n<\/tr>\n<tr>\n<td style=\"text-align: center\" align=\"center\" valign=\"center\">Jan 25<\/td>\n<td style=\"text-align: center\" valign=\"top\">Ying Anna Pun<\/p>\n<p>(University of Virginia)<\/td>\n<td align=\"center\" valign=\"top\">Symmetric functions &#8212; a gem in algebraic combinatorics<\/td>\n<\/tr>\n<tr>\n<td style=\"text-align: center\" align=\"center\" valign=\"center\">Jan 27<\/td>\n<td style=\"text-align: center\" valign=\"top\">Andrea Tamburelli<\/p>\n<p>(Rice University)<\/td>\n<td align=\"center\" valign=\"top\">Thurston boundary for higher Teichmuller spaces<\/td>\n<\/tr>\n<tr>\n<td style=\"text-align: center\" align=\"center\" valign=\"center\">Feb 16<\/td>\n<td style=\"text-align: center\" valign=\"top\">Marc Lackenby<\/p>\n<p>(University of Oxford)<\/td>\n<td align=\"center\" valign=\"top\">Recognising the unknot<\/td>\n<\/tr>\n<tr>\n<td style=\"text-align: center\" align=\"center\" valign=\"center\">Feb 23<\/td>\n<td style=\"text-align: center\" valign=\"top\">Bin Zhang<\/p>\n<p>(Sichuan University)<\/td>\n<td align=\"center\" valign=\"top\">Renormalization of Feynman amplitudes on Riemannian manifolds<\/td>\n<\/tr>\n<tr>\n<td style=\"text-align: center\" align=\"center\" valign=\"center\">Mar 2<\/td>\n<td style=\"text-align: center\" valign=\"top\">Wen-Wei Li<\/p>\n<p>(Peking University)<\/td>\n<td align=\"center\" valign=\"top\">Differential operators in representation theory for Lie groups<\/td>\n<\/tr>\n<tr>\n<td style=\"text-align: center\" align=\"center\" valign=\"center\">Mar 9<\/td>\n<td style=\"text-align: center\" valign=\"top\">Radmila Sazdanovic<\/p>\n<p>(NC State University)<\/td>\n<td align=\"center\" valign=\"top\">\n<div>Linearizations of category of 2D cobordisms and generalizations of the Deligne category<\/div>\n<\/td>\n<\/tr>\n<tr>\n<td style=\"text-align: center\" align=\"center\" valign=\"center\">Mar 16<\/td>\n<td style=\"text-align: center\" valign=\"top\">No talk. Happy spring break!<\/td>\n<td align=\"center\" valign=\"top\"><\/td>\n<\/tr>\n<tr>\n<td style=\"text-align: center\" align=\"center\" valign=\"center\">Mar 23<\/td>\n<td style=\"text-align: center\" valign=\"top\">Boyu Zhang<\/p>\n<p>(Princeton University)<\/td>\n<td align=\"center\" valign=\"top\">The smooth closing lemma for area-preserving surface diffeomorphisms<\/td>\n<\/tr>\n<tr>\n<td style=\"text-align: center\" align=\"center\" valign=\"center\">Mar 30<\/td>\n<td style=\"text-align: center\" valign=\"top\">Ao Sun<\/p>\n<p>(University of Chicago)<\/td>\n<td align=\"center\" valign=\"top\">Dynamics of Singularities of Mean Curvature Flow<\/td>\n<\/tr>\n<tr>\n<td style=\"text-align: center\" align=\"center\" valign=\"center\">Apr 6<\/td>\n<td style=\"text-align: center\" valign=\"top\">Bin Xu<\/p>\n<p>(Tsinghua University)<\/td>\n<td align=\"center\" valign=\"top\">ABV-packets for unramified principal series of p-adic general linear groups and Lusztig\u2019s semicanonical bases<\/td>\n<\/tr>\n<tr>\n<td style=\"text-align: center\" align=\"center\" valign=\"center\">Apr 13<\/td>\n<td style=\"text-align: center\" valign=\"top\">Xin Fu<\/p>\n<p>(UC Irvine)<\/td>\n<td align=\"center\" valign=\"top\">Neck region in geometric problems<\/td>\n<\/tr>\n<tr>\n<td style=\"text-align: center\" align=\"center\" valign=\"center\">Apr 20<\/td>\n<td style=\"text-align: center\" valign=\"top\">Chao-Ming Lin<\/p>\n<p>(UC Irvine)<\/td>\n<td align=\"center\" valign=\"top\">The deformed Hermitian\u2014Yang\u2014Mills equation, the Positivstellensatz, and the Solvability<\/td>\n<\/tr>\n<tr>\n<td style=\"text-align: center\" align=\"center\" valign=\"center\">Apr 27<\/td>\n<td style=\"text-align: center\" valign=\"top\">William Goldman<\/p>\n<p>(University of Maryland)<\/td>\n<td align=\"center\" valign=\"top\">Dynamics and the classification of geometric structures on surfaces<\/td>\n<\/tr>\n<\/tbody>\n<\/table>\n<p>&nbsp;<\/p>\n<p>&nbsp;<\/p>\n<p>&nbsp;<\/p>\n","protected":false},"excerpt":{"rendered":"<p>The Mathematics Colloquium at Rutgers-Newark &nbsp; The Colloquium of the Mathematics Department of Rutgers-Newark takes places on every Wednesday, from 4pm-5pm, either in person at 204 Smith Hall, 101 Warren &hellip; <a href=\"https:\/\/sites.rutgers.edu\/chen-wan\/colloquium\/\" class=\"\">Read More<\/a><\/p>\n","protected":false},"author":1178,"featured_media":0,"parent":0,"menu_order":0,"comment_status":"closed","ping_status":"closed","template":"template-custom.php","meta":{"_acf_changed":false,"footnotes":""},"class_list":["post-521","page","type-page","status-publish","hentry"],"acf":[],"yoast_head":"<!-- This site is optimized with the Yoast SEO plugin v23.5 - https:\/\/yoast.com\/wordpress\/plugins\/seo\/ -->\n<title>Colloquium - Chen Wan<\/title>\n<meta name=\"robots\" content=\"index, follow, max-snippet:-1, max-image-preview:large, max-video-preview:-1\" \/>\n<link rel=\"canonical\" href=\"https:\/\/sites.rutgers.edu\/chen-wan\/colloquium\/\" \/>\n<meta property=\"og:locale\" content=\"en_US\" \/>\n<meta property=\"og:type\" content=\"article\" \/>\n<meta property=\"og:title\" content=\"Colloquium - Chen Wan\" \/>\n<meta property=\"og:description\" content=\"The Mathematics Colloquium at Rutgers-Newark &nbsp; The Colloquium of the Mathematics Department of Rutgers-Newark takes places on every Wednesday, from 4pm-5pm, either in person at 204 Smith Hall, 101 Warren &hellip; Read More\" \/>\n<meta property=\"og:url\" content=\"https:\/\/sites.rutgers.edu\/chen-wan\/colloquium\/\" \/>\n<meta property=\"og:site_name\" content=\"Chen Wan\" \/>\n<meta property=\"article:modified_time\" content=\"2025-04-11T14:50:55+00:00\" \/>\n<meta name=\"twitter:card\" content=\"summary_large_image\" \/>\n<meta name=\"twitter:label1\" content=\"Est. reading time\" \/>\n\t<meta name=\"twitter:data1\" content=\"3 minutes\" \/>\n<script type=\"application\/ld+json\" class=\"yoast-schema-graph\">{\"@context\":\"https:\/\/schema.org\",\"@graph\":[{\"@type\":\"WebPage\",\"@id\":\"https:\/\/sites.rutgers.edu\/chen-wan\/colloquium\/\",\"url\":\"https:\/\/sites.rutgers.edu\/chen-wan\/colloquium\/\",\"name\":\"Colloquium - Chen Wan\",\"isPartOf\":{\"@id\":\"https:\/\/sites.rutgers.edu\/chen-wan\/#website\"},\"datePublished\":\"2021-08-30T23:28:37+00:00\",\"dateModified\":\"2025-04-11T14:50:55+00:00\",\"breadcrumb\":{\"@id\":\"https:\/\/sites.rutgers.edu\/chen-wan\/colloquium\/#breadcrumb\"},\"inLanguage\":\"en-US\",\"potentialAction\":[{\"@type\":\"ReadAction\",\"target\":[\"https:\/\/sites.rutgers.edu\/chen-wan\/colloquium\/\"]}]},{\"@type\":\"BreadcrumbList\",\"@id\":\"https:\/\/sites.rutgers.edu\/chen-wan\/colloquium\/#breadcrumb\",\"itemListElement\":[{\"@type\":\"ListItem\",\"position\":1,\"name\":\"Home\",\"item\":\"https:\/\/sites.rutgers.edu\/chen-wan\/\"},{\"@type\":\"ListItem\",\"position\":2,\"name\":\"Colloquium\"}]},{\"@type\":\"WebSite\",\"@id\":\"https:\/\/sites.rutgers.edu\/chen-wan\/#website\",\"url\":\"https:\/\/sites.rutgers.edu\/chen-wan\/\",\"name\":\"Chen Wan\",\"description\":\"\",\"potentialAction\":[{\"@type\":\"SearchAction\",\"target\":{\"@type\":\"EntryPoint\",\"urlTemplate\":\"https:\/\/sites.rutgers.edu\/chen-wan\/?s={search_term_string}\"},\"query-input\":{\"@type\":\"PropertyValueSpecification\",\"valueRequired\":true,\"valueName\":\"search_term_string\"}}],\"inLanguage\":\"en-US\"}]}<\/script>\n<!-- \/ Yoast SEO plugin. -->","yoast_head_json":{"title":"Colloquium - Chen Wan","robots":{"index":"index","follow":"follow","max-snippet":"max-snippet:-1","max-image-preview":"max-image-preview:large","max-video-preview":"max-video-preview:-1"},"canonical":"https:\/\/sites.rutgers.edu\/chen-wan\/colloquium\/","og_locale":"en_US","og_type":"article","og_title":"Colloquium - Chen Wan","og_description":"The Mathematics Colloquium at Rutgers-Newark &nbsp; The Colloquium of the Mathematics Department of Rutgers-Newark takes places on every Wednesday, from 4pm-5pm, either in person at 204 Smith Hall, 101 Warren &hellip; Read More","og_url":"https:\/\/sites.rutgers.edu\/chen-wan\/colloquium\/","og_site_name":"Chen Wan","article_modified_time":"2025-04-11T14:50:55+00:00","twitter_card":"summary_large_image","twitter_misc":{"Est. reading time":"3 minutes"},"schema":{"@context":"https:\/\/schema.org","@graph":[{"@type":"WebPage","@id":"https:\/\/sites.rutgers.edu\/chen-wan\/colloquium\/","url":"https:\/\/sites.rutgers.edu\/chen-wan\/colloquium\/","name":"Colloquium - Chen Wan","isPartOf":{"@id":"https:\/\/sites.rutgers.edu\/chen-wan\/#website"},"datePublished":"2021-08-30T23:28:37+00:00","dateModified":"2025-04-11T14:50:55+00:00","breadcrumb":{"@id":"https:\/\/sites.rutgers.edu\/chen-wan\/colloquium\/#breadcrumb"},"inLanguage":"en-US","potentialAction":[{"@type":"ReadAction","target":["https:\/\/sites.rutgers.edu\/chen-wan\/colloquium\/"]}]},{"@type":"BreadcrumbList","@id":"https:\/\/sites.rutgers.edu\/chen-wan\/colloquium\/#breadcrumb","itemListElement":[{"@type":"ListItem","position":1,"name":"Home","item":"https:\/\/sites.rutgers.edu\/chen-wan\/"},{"@type":"ListItem","position":2,"name":"Colloquium"}]},{"@type":"WebSite","@id":"https:\/\/sites.rutgers.edu\/chen-wan\/#website","url":"https:\/\/sites.rutgers.edu\/chen-wan\/","name":"Chen Wan","description":"","potentialAction":[{"@type":"SearchAction","target":{"@type":"EntryPoint","urlTemplate":"https:\/\/sites.rutgers.edu\/chen-wan\/?s={search_term_string}"},"query-input":{"@type":"PropertyValueSpecification","valueRequired":true,"valueName":"search_term_string"}}],"inLanguage":"en-US"}]}},"_links":{"self":[{"href":"https:\/\/sites.rutgers.edu\/chen-wan\/wp-json\/wp\/v2\/pages\/521"}],"collection":[{"href":"https:\/\/sites.rutgers.edu\/chen-wan\/wp-json\/wp\/v2\/pages"}],"about":[{"href":"https:\/\/sites.rutgers.edu\/chen-wan\/wp-json\/wp\/v2\/types\/page"}],"author":[{"embeddable":true,"href":"https:\/\/sites.rutgers.edu\/chen-wan\/wp-json\/wp\/v2\/users\/1178"}],"replies":[{"embeddable":true,"href":"https:\/\/sites.rutgers.edu\/chen-wan\/wp-json\/wp\/v2\/comments?post=521"}],"version-history":[{"count":60,"href":"https:\/\/sites.rutgers.edu\/chen-wan\/wp-json\/wp\/v2\/pages\/521\/revisions"}],"predecessor-version":[{"id":664,"href":"https:\/\/sites.rutgers.edu\/chen-wan\/wp-json\/wp\/v2\/pages\/521\/revisions\/664"}],"wp:attachment":[{"href":"https:\/\/sites.rutgers.edu\/chen-wan\/wp-json\/wp\/v2\/media?parent=521"}],"curies":[{"name":"wp","href":"https:\/\/api.w.org\/{rel}","templated":true}]}}