{"id":170,"date":"2017-12-22T18:13:36","date_gmt":"2017-12-22T18:13:36","guid":{"rendered":"http:\/\/sites.rutgers.edu\/professor-example\/?page_id=170"},"modified":"2024-12-10T13:15:02","modified_gmt":"2024-12-10T13:15:02","slug":"publications","status":"publish","type":"page","link":"https:\/\/sites.rutgers.edu\/dclammerts\/publications\/","title":{"rendered":""},"content":{"rendered":"<p>Books<\/p>\n<ul>\n<li>2018. <em>Buddhist Law in Burma: A History of Dhammasattha Texts and Jurisprudence, 1250\u20131850<\/em><i>.<\/i>\u00a0Honolulu: University of Hawai`i Press.\n<ul>\n<li style=\"list-style-type: none\">\n<ul>\n<li>Reviews:\u00a0<em>Journal of the American Academy of Religion<\/em> 87.2 (2019): 546\u2013549; <em>Bulletin\u00a0de l&#8217;\u00c9cole fran\u00e7aise d&#8217;Extr\u00eame-Orient<\/em> 104 (2018): 377\u2013385; <em>Journal of the Siam Society<\/em> 107.1 (2019):\u00a0149\u2013151; <em>Religious Studies Review<\/em> 45.2 (2019): 249; <em>Bijdragen tot de taal-, land- en volkenkunde \/\u00a0Journal of the Humanities and Social Sciences of Southeast Asia<\/em> 175.2\u20133 (2019): 365\u2013368; <em>Asian Journal of Law and Society<\/em> 6.2 (2019): 421\u2013427; H-Buddhism,\u00a0H-Net Reviews (March, 2020); H-Asia,\u00a0H-Net Reviews (December, 2020);\u00a0<em>Journal of Buddhist Ethics\u00a0<\/em>27 (2020);\u00a0<em>International Journal of Asian Studies<\/em> 18.2 (2021): 315\u2013318.<\/li>\n<\/ul>\n<\/li>\n<\/ul>\n<\/li>\n<li>2015. ed.\u00a0<em>Buddhist Dynamics in Premodern and Early Modern Southeast Asia.\u00a0<\/em>Singapore: Institute of Southeast Asian Studies. [Indian edition: <span lang=\"DE\">New Delhi: Synergy Books India, 2018.]<\/span>\n<ul>\n<li style=\"list-style-type: none\">\n<ul>\n<li>Reviews:\u00a0<em>Journal of Asian Studies<\/em> 76.4 (2017): 1114\u20131116; <em>Bijdragen tot de taal-, land- en\u00a0volkenkunde \/ Journal of the Humanities and Social Sciences of Southeast Asia<\/em> 173.1 (2017): 148\u2013150;\u00a0H-Buddhism, H-Net Reviews (July, 2016).<\/li>\n<\/ul>\n<\/li>\n<\/ul>\n<\/li>\n<\/ul>\n<p>Co-Edited Volumes<\/p>\n<ul>\n<li>2019. ed. with Jonathan A. Silk, R. Bowring, V. Eltschinger, M. Radich, L. Dolce, B. Jansen, J. Jorgensen, F. Sferra. <em>Brill\u2019s Encyclopedia of Buddhism. Volume 2: Lives<\/em>. Leiden: Brill.<\/li>\n<li>2015. ed. with Jonathan A. Silk, O. von Hin\u00fcber, V. Eltschinger, L. Dolce, J. Elverskog, H. Isaacson, R. Mayer, J. Rhi, F. Sferra, and S. Zacchetti. <em>Brill\u2019s Encyclopedia of Buddhism. Volume 1: Languages and Literature.<\/em> Leiden: Brill.<\/li>\n<\/ul>\n<p>Journal Issues<\/p>\n<ul>\n<li>2015. ed. with Arlo Griffiths. &#8220;Connected and Local Histories of Arakan.&#8221; Special Issue,\u00a0<em>Journal of Burma Studies<\/em> 19.2.<\/li>\n<\/ul>\n<p>Articles and Book Chapters<\/p>\n<ul>\n<li>2024. with Petra Kieffer-P\u00fclz. &#8220;Two Legal Judgments on Monastic Boundaries from Nineteenth-Century Burma: Kha\u1e45 ma kan char\u0101 tau Ma\u1e47ijota&#8217;s\u00a0<em>S\u012bm\u0101vinicchaya<\/em> with an appendix on Ao\u1e45 mre rhve bhu\u1e43 char\u0101 tau Ketudhamma&#8217;s\u00a0<em>S\u012bm\u0101vinicchaya<\/em>.&#8221;\u00a0<em>Journal of the Pali Text Society<\/em> 35: 57\u2013116.<\/li>\n<li>2023. with Aleix Ruiz-Falqu\u00e9s, Alexey Kirichenko, and Thibaut d&#8217;Hubert. &#8220;A Faultless Science: Dandin and Dharmadasa in Burma and Bengal.&#8221; In\u00a0<em>A Lasting Vision: Dandin&#8217;s <\/em>Mirror<em> in the World of Asian Letters<\/em>, edited by Yigal Bronner, 362\u2013411. New York: Oxford University Press.<\/li>\n<li>2022. &#8220;<a href=\"https:\/\/www.cambridge.org\/core\/books\/buddhism-and-comparative-constitutional-law\/buddhism-and-constitutionalism-in-precolonial-southeast-asia\/A68A6D58443E17C6177719884555FAFF\">Buddhism and Constitutionalism in Precolonial Southeast Asia<\/a>.&#8221; In <em>Buddhism and Comparative Constitutional Law<\/em>, edited by Tom Ginsburg and Benjamin Schonthal, 35\u201356. New York: Cambridge University Press.<\/li>\n<li>2021\u201322. &#8220;Burmese Inscriptions as Buddhist Legal Texts.&#8221; In &#8220;Epigraphical Evidence on Patronage and Social Contexts of Buddhist Monasteries in Medieval South and Southeast Asia,&#8221; edited by Ryosuke Furui, Arlo Griffiths, and Annette Schmiedchen. Special Issue, <em>Buddhism, Law &amp; Society<\/em> 7: 327\u2013356.<\/li>\n<li>2019\u201320. \u201cJudicial Ordeals in Premodern Thailand: Robert Lingat\u2019s &#8216;Les ordalies au siam&#8217; (1949), an Annotated Translation and Commentary.\u201d <em>Buddhism, Law &amp; Society<\/em> 5: 31\u201360.<\/li>\n<li>2015. \u201cThe Murray Manuscripts and Buddhist Dhammasattha Literature Transmitted in Chittagong and Arakan.\u201d\u00a0In \u201cConnected and Local Histories of Arakan,\u201d edited by D. Christian Lammerts and Arlo Griffiths. Special Issue, <em>Journal<\/em><i> of Burma Studies<\/i> 19.2: 407\u2013444.<\/li>\n<li>2015. \u201cIn Memoriam. Andrew Huxley: Legal Historian of Burma and Southeast Asia.\u201d In \u201cConnected and Local Histories of Arakan,\u201d edited by D. Christian Lammerts and Arlo Griffiths<i>.<\/i>\u00a0Special Issue, <em>Journal<\/em><i> of Burma Studies<\/i> 19.2: 267\u2013273.<\/li>\n<li>2015. with Arlo Griffiths. \u201cEpigraphy: Southeast Asia.\u201d In <i>Brill\u2019s Encyclopedia of Buddhism<\/i>, edited by Jonathan A. Silk, et al., 988\u20131009. Leiden: Brill.<\/li>\n<li>2014. \u201cGenres and Jurisdictions: Laws Governing Monastic Inheritance in Seventeenth-Century Burma.\u201d In <i>Buddhism and Law: An Introduction<\/i>, edited by Rebecca R. French and Mark A. Nathan, 183\u2013197. New York: Cambridge University Press.<\/li>\n<li>2013. \u201cNarratives of Buddhist Legislation: Textual Authority and Legal Heterodoxy in Seventeenth through Nineteenth-Century Burma.\u201d <i>Journal of Southeast Asian Studies<\/i> 44.1: 118\u2013144.<\/li>\n<li>2010. \u201cNotes on Burmese Manuscripts: Text and Image.\u201d <i>Journal of Burma Studies<\/i> 14: 229\u2013254.<\/li>\n<li>2005. \u201cThe Authorship of the <em>Dhammavil\u0101sa Dhammasat<\/em>.\u201d In <i>Myanmar Historical Commission Conference Proceedings<\/i>, Vol. 2, edited by Than Tun, et al., 190\u2013214. Yangon: Ministry of Education.<\/li>\n<\/ul>\n<p>Reviews<\/p>\n<ul>\n<li>2024. Review of Anne Peters, <i>Birmanische Handschriften, Teil 9<\/i> (Steiner, 2023).<i> Zeitschrift der Deutschen Morgenl\u00e4ndischen Gesellschaft<\/i> 174.1: 260\u2013263.<\/li>\n<li>2020. Review of William Pruitt, Yumi Ousaka and Sunao Kasamatsu,\u00a0<em>The Catalogue of Manuscripts in the U Pho Thi Library, Thaton<\/em> (Pali Text Society, 2019).\u00a0<i>Bulletin of the School of Oriental and African Studies\u00a0<\/i>83.1: 165\u2013166.<\/li>\n<li>2015. Review of Anne Peters, <i>Birmanische Handschriften, Teil 8<\/i> (Steiner, 2014).<i> Zeitschrift der Deutschen Morgenl\u00e4ndischen Gesellschaft<\/i> 165.2: 513\u2013516.<\/li>\n<li>2011. \u201cBuddhist Manuscript Culture and History in Southeast Asia.\u201d Review of Daniel M. Veidlinger, <i>Spreading the Dhamma: Writing, Orality, and Textual Transmission in Buddhist Northern Thailand <\/i>(University of Hawai`i Press, 2006), H-Buddhism (May 2011).<\/li>\n<\/ul>\n","protected":false},"excerpt":{"rendered":"<p>Books 2018. Buddhist Law in Burma: A History of Dhammasattha Texts and Jurisprudence, 1250\u20131850.\u00a0Honolulu: University of Hawai`i Press. Reviews:\u00a0Journal of the American Academy of Religion 87.2 (2019): 546\u2013549; Bulletin\u00a0de l&#8217;\u00c9cole &hellip; <a href=\"https:\/\/sites.rutgers.edu\/dclammerts\/publications\/\" class=\"\">Read More<\/a><\/p>\n","protected":false},"author":11,"featured_media":0,"parent":0,"menu_order":0,"comment_status":"closed","ping_status":"closed","template":"template-custom.php","meta":{"_acf_changed":false,"footnotes":""},"class_list":["post-170","page","type-page","status-publish","hentry"],"acf":[],"yoast_head":"<!-- This site is optimized with the Yoast SEO plugin v23.5 - https:\/\/yoast.com\/wordpress\/plugins\/seo\/ -->\n<title>- D.C. Lammerts<\/title>\n<meta name=\"robots\" content=\"index, follow, max-snippet:-1, max-image-preview:large, max-video-preview:-1\" \/>\n<link rel=\"canonical\" href=\"https:\/\/sites.rutgers.edu\/dclammerts\/publications\/\" \/>\n<meta property=\"og:locale\" content=\"en_US\" \/>\n<meta property=\"og:type\" content=\"article\" \/>\n<meta property=\"og:title\" content=\"- D.C. Lammerts\" \/>\n<meta property=\"og:description\" content=\"Books 2018. Buddhist Law in Burma: A History of Dhammasattha Texts and Jurisprudence, 1250\u20131850.\u00a0Honolulu: University of Hawai`i Press. Reviews:\u00a0Journal of the American Academy of Religion 87.2 (2019): 546\u2013549; Bulletin\u00a0de l&#8217;\u00c9cole &hellip; Read More\" \/>\n<meta property=\"og:url\" content=\"https:\/\/sites.rutgers.edu\/dclammerts\/publications\/\" \/>\n<meta property=\"og:site_name\" content=\"D.C. Lammerts\" \/>\n<meta property=\"article:modified_time\" content=\"2024-12-10T13:15:02+00:00\" \/>\n<meta name=\"twitter:card\" content=\"summary_large_image\" \/>\n<meta name=\"twitter:label1\" content=\"Est. reading time\" \/>\n\t<meta name=\"twitter:data1\" content=\"3 minutes\" \/>\n<script type=\"application\/ld+json\" class=\"yoast-schema-graph\">{\"@context\":\"https:\/\/schema.org\",\"@graph\":[{\"@type\":\"WebPage\",\"@id\":\"https:\/\/sites.rutgers.edu\/dclammerts\/publications\/\",\"url\":\"https:\/\/sites.rutgers.edu\/dclammerts\/publications\/\",\"name\":\"- D.C. Lammerts\",\"isPartOf\":{\"@id\":\"https:\/\/sites.rutgers.edu\/dclammerts\/#website\"},\"datePublished\":\"2017-12-22T18:13:36+00:00\",\"dateModified\":\"2024-12-10T13:15:02+00:00\",\"inLanguage\":\"en-US\",\"potentialAction\":[{\"@type\":\"ReadAction\",\"target\":[\"https:\/\/sites.rutgers.edu\/dclammerts\/publications\/\"]}]},{\"@type\":\"WebSite\",\"@id\":\"https:\/\/sites.rutgers.edu\/dclammerts\/#website\",\"url\":\"https:\/\/sites.rutgers.edu\/dclammerts\/\",\"name\":\"D.C. Lammerts\",\"description\":\"\",\"potentialAction\":[{\"@type\":\"SearchAction\",\"target\":{\"@type\":\"EntryPoint\",\"urlTemplate\":\"https:\/\/sites.rutgers.edu\/dclammerts\/?s={search_term_string}\"},\"query-input\":{\"@type\":\"PropertyValueSpecification\",\"valueRequired\":true,\"valueName\":\"search_term_string\"}}],\"inLanguage\":\"en-US\"}]}<\/script>\n<!-- \/ Yoast SEO plugin. -->","yoast_head_json":{"title":"- D.C. Lammerts","robots":{"index":"index","follow":"follow","max-snippet":"max-snippet:-1","max-image-preview":"max-image-preview:large","max-video-preview":"max-video-preview:-1"},"canonical":"https:\/\/sites.rutgers.edu\/dclammerts\/publications\/","og_locale":"en_US","og_type":"article","og_title":"- D.C. Lammerts","og_description":"Books 2018. Buddhist Law in Burma: A History of Dhammasattha Texts and Jurisprudence, 1250\u20131850.\u00a0Honolulu: University of Hawai`i Press. Reviews:\u00a0Journal of the American Academy of Religion 87.2 (2019): 546\u2013549; Bulletin\u00a0de l&#8217;\u00c9cole &hellip; Read More","og_url":"https:\/\/sites.rutgers.edu\/dclammerts\/publications\/","og_site_name":"D.C. Lammerts","article_modified_time":"2024-12-10T13:15:02+00:00","twitter_card":"summary_large_image","twitter_misc":{"Est. reading time":"3 minutes"},"schema":{"@context":"https:\/\/schema.org","@graph":[{"@type":"WebPage","@id":"https:\/\/sites.rutgers.edu\/dclammerts\/publications\/","url":"https:\/\/sites.rutgers.edu\/dclammerts\/publications\/","name":"- D.C. Lammerts","isPartOf":{"@id":"https:\/\/sites.rutgers.edu\/dclammerts\/#website"},"datePublished":"2017-12-22T18:13:36+00:00","dateModified":"2024-12-10T13:15:02+00:00","inLanguage":"en-US","potentialAction":[{"@type":"ReadAction","target":["https:\/\/sites.rutgers.edu\/dclammerts\/publications\/"]}]},{"@type":"WebSite","@id":"https:\/\/sites.rutgers.edu\/dclammerts\/#website","url":"https:\/\/sites.rutgers.edu\/dclammerts\/","name":"D.C. Lammerts","description":"","potentialAction":[{"@type":"SearchAction","target":{"@type":"EntryPoint","urlTemplate":"https:\/\/sites.rutgers.edu\/dclammerts\/?s={search_term_string}"},"query-input":{"@type":"PropertyValueSpecification","valueRequired":true,"valueName":"search_term_string"}}],"inLanguage":"en-US"}]}},"_links":{"self":[{"href":"https:\/\/sites.rutgers.edu\/dclammerts\/wp-json\/wp\/v2\/pages\/170"}],"collection":[{"href":"https:\/\/sites.rutgers.edu\/dclammerts\/wp-json\/wp\/v2\/pages"}],"about":[{"href":"https:\/\/sites.rutgers.edu\/dclammerts\/wp-json\/wp\/v2\/types\/page"}],"author":[{"embeddable":true,"href":"https:\/\/sites.rutgers.edu\/dclammerts\/wp-json\/wp\/v2\/users\/11"}],"replies":[{"embeddable":true,"href":"https:\/\/sites.rutgers.edu\/dclammerts\/wp-json\/wp\/v2\/comments?post=170"}],"version-history":[{"count":45,"href":"https:\/\/sites.rutgers.edu\/dclammerts\/wp-json\/wp\/v2\/pages\/170\/revisions"}],"predecessor-version":[{"id":539,"href":"https:\/\/sites.rutgers.edu\/dclammerts\/wp-json\/wp\/v2\/pages\/170\/revisions\/539"}],"wp:attachment":[{"href":"https:\/\/sites.rutgers.edu\/dclammerts\/wp-json\/wp\/v2\/media?parent=170"}],"curies":[{"name":"wp","href":"https:\/\/api.w.org\/{rel}","templated":true}]}}