{"id":363,"date":"2020-07-09T16:51:59","date_gmt":"2020-07-09T16:51:59","guid":{"rendered":"http:\/\/sites.rutgers.edu\/dominik-zechner\/?page_id=363"},"modified":"2026-04-26T15:02:46","modified_gmt":"2026-04-26T15:02:46","slug":"publications","status":"publish","type":"page","link":"https:\/\/sites.rutgers.edu\/dominik-zechner\/publications\/","title":{"rendered":"Publications"},"content":{"rendered":"<p><img loading=\"lazy\" decoding=\"async\" class=\"alignnone wp-image-736\" src=\"http:\/\/sites.rutgers.edu\/dominik-zechner\/wp-content\/uploads\/sites\/990\/2024\/05\/Buchleiste-1024x254.png\" alt=\"\" width=\"900\" height=\"223\" srcset=\"https:\/\/sites.rutgers.edu\/dominik-zechner\/wp-content\/uploads\/sites\/990\/2024\/05\/Buchleiste-1024x254.png 1024w, https:\/\/sites.rutgers.edu\/dominik-zechner\/wp-content\/uploads\/sites\/990\/2024\/05\/Buchleiste-300x74.png 300w, https:\/\/sites.rutgers.edu\/dominik-zechner\/wp-content\/uploads\/sites\/990\/2024\/05\/Buchleiste-768x190.png 768w, https:\/\/sites.rutgers.edu\/dominik-zechner\/wp-content\/uploads\/sites\/990\/2024\/05\/Buchleiste-1536x380.png 1536w, https:\/\/sites.rutgers.edu\/dominik-zechner\/wp-content\/uploads\/sites\/990\/2024\/05\/Buchleiste-2048x507.png 2048w\" sizes=\"(max-width: 900px) 100vw, 900px\" \/><\/p>\n<p><strong>Books:<\/strong><\/p>\n<p><a href=\"https:\/\/sonderzahl.at\/product\/kafka-und-das-problem-der-endlichkeit\/\">Kafka und das Problem der Endlichkeit (Sonderzahl, 2024).<\/a><\/p>\n<p><a href=\"https:\/\/link.springer.com\/book\/10.1007\/978-3-031-53192-7\">The Violence of Reading: Literature and Philosophy at the Threshold of Pain (Palgrave Macmillan, 2024).<\/a><\/p>\n<p><a href=\"https:\/\/sunypress.edu\/Books\/T\/Thresholds-Encounters\">Thresholds, Encounters: Paul Celan and the Claim of Philology, co-ed. Kristina Mendicino (State University of New York Press, 2023).<\/a><\/p>\n<p><a href=\"https:\/\/www.bloomsbury.com\/us\/forces-of-education-9781350274174\/\">Forces of Education: Walter Benjamin and the Politics of Pedagogy, co-ed. Dennis Johann\u00dfen (Bloomsbury, 2023).<\/a><\/p>\n<p><strong>Edited Journal Issues:<\/strong><\/p>\n<p><a href=\"https:\/\/www.tandfonline.com\/toc\/tpar20\/28\/3?nav=tocList\">Initiations: The Pitfalls of Beginning, co-ed. Kristina Mendicino, parallax 28.3 (2023).<\/a><\/p>\n<p><a href=\"https:\/\/muse.jhu.edu\/issue\/35931\">The Bestowal: What Is a Prize? MLN 131.5 (December 2016).<\/a><\/p>\n<p><strong>Journal Articles:<\/strong><\/p>\n<p><a href=\"https:\/\/doi.org\/10.3390\/h14080161\">&#8220;How to Disappear Completely,&#8221; Humanities 14.8 (2025): 161.<\/a><\/p>\n<p><a href=\"https:\/\/doi.org\/10.1007\/s41244-025-00390-5\">&#8220;Anmerkungen zur Gewalt des Lesens,\u201d Zeitschrift f\u00fcr Literaturwissenschaft und Linguistik 55.3 (2025).<\/a><\/p>\n<p><a href=\"http:\/\/sites.rutgers.edu\/dominik-zechner\/wp-content\/uploads\/sites\/990\/2024\/12\/Zechner-Disseminar.pdf\">\u201cDisseminar: Education at the Limit of Common Sense,\u201d Modern Language Notes 139.3 (2024): 567\u2013583.<\/a><\/p>\n<p><a href=\"https:\/\/www.mdpi.com\/2076-0787\/12\/6\/136\">\u201cT\u00f6rle\u00df and the Scene of Reading,\u201d Humanities 12.6 (2023): 136.<\/a><\/p>\n<p><a href=\"http:\/\/sites.rutgers.edu\/dominik-zechner\/wp-content\/uploads\/sites\/990\/2023\/08\/Coming-to-Language-Introduction.pdf\">\u201cComing to (Language): Introduction,\u201d with Kristina Mendicino, parallax 28.3 (2023): 257\u201363.<\/a><\/p>\n<p><a href=\"http:\/\/sites.rutgers.edu\/dominik-zechner\/wp-content\/uploads\/sites\/990\/2023\/08\/Zechner-Ashes-DeLillo-s-Departure-from-the-Referent.pdf\">\u201cAshes: DeLillo\u2019s Departure from the Referent,\u201d parallax 28.3 (2023): 278\u201390.<\/a><\/p>\n<p><a href=\"http:\/\/sites.rutgers.edu\/dominik-zechner\/wp-content\/uploads\/sites\/990\/2023\/03\/Zechner-Sublime-Sufferings.pdf\">\u201cSublime Sufferings: \u2018Linguistic Pain\u2019 and the Problem of Representation,\u201d Journal of Romance Studies 22.4 (Winter 2022), 337\u201360.<\/a><\/p>\n<p><a href=\"http:\/\/sites.rutgers.edu\/dominik-zechner\/wp-content\/uploads\/sites\/990\/2023\/03\/Zechner-Sprache-mag-sein.pdf\">\u201cSprache, mag sein,\u201d Tri\u00ebdere: Zeitschrift f\u00fcr Theorie, Literatur und Kunst 23 (2022), 49\u201360.<\/a><\/p>\n<p><a href=\"http:\/\/sites.rutgers.edu\/dominik-zechner\/wp-content\/uploads\/sites\/990\/2023\/03\/Zechner-Erinnerungsmomente.pdf\">\u201cErinnerungsmomente in der Lyrik Brinkmanns,\u201d The German Quarterly 95.1 (2022), 52\u201371.<\/a><\/p>\n<p><a href=\"http:\/\/sites.rutgers.edu\/dominik-zechner\/wp-content\/uploads\/sites\/990\/2023\/03\/Zechner-A-Philology-of-Survival.pdf\">\u201cA Philology of Survival: Adorno, Benjamin, Hamacher,\u201d Philosophy Today 66.1 (Winter 2022), 95\u2013114.<\/a><\/p>\n<p><a href=\"http:\/\/sites.rutgers.edu\/dominik-zechner\/wp-content\/uploads\/sites\/990\/2023\/03\/Zechner-Ru\u0308ckkehr-zur-Philologie.pdf\">\u201cR\u00fcckkehr zur Philologie,\u201d Zeitschrift f\u00fcr Literaturwissenschaft und Linguistik 51.4 (2021), 827\u201331<\/a><\/p>\n<p><a href=\"http:\/\/sites.rutgers.edu\/dominik-zechner\/wp-content\/uploads\/sites\/990\/2023\/03\/Zechner-The-Promise-of-Oblivion.pdf\">\u201cThe Promise of Oblivion: A Rhetorical Predicament in Sacher-Masoch, Nietzsche, and Beyond,\u201d differences: A Journal of Feminist Cultural Studies 32.2 (Summer 2021), 94\u2013121.<\/a><\/p>\n<p><a href=\"http:\/\/sites.rutgers.edu\/dominik-zechner\/wp-content\/uploads\/sites\/990\/2023\/03\/Zechner-De-posing-the-Uncanny.pdf\">\u201cDe-posing the Uncanny,\u201d Oxford Literary Review 42.2 (Winter 2020), 314\u201318.<\/a><\/p>\n<p><a href=\"http:\/\/sites.rutgers.edu\/dominik-zechner\/wp-content\/uploads\/sites\/990\/2023\/03\/Zechner-Inventive-Languages.pdf\">\u201cInventive Languages: Walter Benjamin, Ernst Jandl, And the Possibility of Back-Translation,\u201d Translation &amp; Literature 29.3 (2020), 317\u201337.<\/a><\/p>\n<p><a href=\"http:\/\/sites.rutgers.edu\/dominik-zechner\/wp-content\/uploads\/sites\/990\/2023\/03\/Zechner-Precarious-Futures.pdf\">\u201cPrecarious Futures: Kafka\u2019s Prose of Survival,\u201d The Yearbook of Comparative Literature 63 (2017 [2020]), 113\u201337.<\/a><\/p>\n<p><a href=\"http:\/\/sites.rutgers.edu\/dominik-zechner\/wp-content\/uploads\/sites\/990\/2023\/03\/Zechner-The-Prize-Bearers.pdf\">\u201cThe Prize-Bearers: A Brief Introduction,\u201d MLN 131.5 (December 2016), 1155\u201363.<\/a><\/p>\n<p><a href=\"http:\/\/sites.rutgers.edu\/dominik-zechner\/wp-content\/uploads\/sites\/990\/2023\/03\/Zechner-Thomas-Bernhard-Prizefighter.pdf\">\u201cThomas Bernhard, Prizefighter,\u201d MLN 131.5 (2016), 1218\u201335.<\/a><\/p>\n<p><strong>Book Chapters:<\/strong><\/p>\n<p><a href=\"https:\/\/www.degruyterbrill.com\/document\/doi\/10.1515\/9783112238653-014\/html\">\u201cDie versehrte Sprache. Ingeborg Bachmann, John Berryman,\u201d Poetiken der Verletzbarkeit: Gewalt, Affekte und Widerstand im 20. und 21. Jahrhundert, eds. Aglaia Kister and Cornelia Pierstorff (Berlin and Boston: de Gruyter, 2026), 253\u2013269.<\/a><\/p>\n<p>\u201cFranz Kafka: The Metamorphosis,\u201d with Kevin C. Kyzer, Twentieth-Century Literary Criticism, ed. Carol A. Schwartz (Farmington Hills, MI: Gale, 2024), 1\u20135 [1\u2013124].<\/p>\n<p><a href=\"http:\/\/sites.rutgers.edu\/dominik-zechner\/wp-content\/uploads\/sites\/990\/2023\/11\/Zechner-Kant-avec-Musil.pdf\">\u201cKant avec Musil,\u201d Robert Musil im Spannungsfeld zwischen Psychologie und Ph\u00e4nomenologie, eds. Artur R. Boelderl and Barbara Neymeyr (Berlin: DeGruyter, 2023), 330\u2013349.<\/a><\/p>\n<p><a href=\"https:\/\/sunypress.edu\/content\/download\/798195\/7169385\/version\/1\/file\/9781438494418_excerpt.pdf\">\u201cDis-positions: Introduction,\u201d co-authored with Kristina Mendicino, Thresholds, Encounters: Paul Celan and the Claim of Philology (Albany: State University of New York Press, 2023), 1\u201311.<\/a><\/p>\n<p>\u201cFor Shame of Language,\u201d Thresholds, Encounters: Paul Celan and the Claim of Philology, co-ed. Kristina Mendicino (Albany: State University of New York Press, 2023), 231\u201356.<\/p>\n<p>\u201cEditors\u2019 Introduction,\u201d co-authored with Dennis Johann\u00dfen, Forces of Education: Walter Benjamin and the Politics of Pedagogy (London: Bloomsbury, 2023), 1\u201314.<\/p>\n<p>\u201cChronicle of Benjamin\u2019s School and Student Years,\u201d co-authored with Dennis Johann\u00dfen, Forces of Education: Walter Benjamin and the Politics of Pedagogy (London: Bloomsbury, 2023), 15\u201325.<\/p>\n<p><a href=\"http:\/\/sites.rutgers.edu\/dominik-zechner\/wp-content\/uploads\/sites\/990\/2023\/03\/Zechner-Prothetische-Ko\u0308rper.pdf\">\u201cProthetische K\u00f6rper,\u201d K\u00f6rperglossar, eds. Heidi Wilm, Gerhard Unterthurner, Timo Storck, Ulrike Kadi, and Artur Boelderl (Wien: Turia &amp; Kant, 2021), 123\u201327.<\/a><\/p>\n<p><a href=\"http:\/\/sites.rutgers.edu\/dominik-zechner\/wp-content\/uploads\/sites\/990\/2023\/03\/Zechner-The-Phantom-Erection.pdf\">\u201cThe Phantom Erection: Freud\u2019s Dora &amp; Hysteria\u2019s Unreadabilities,\u201d Performing Hysteria: Contemporary Images and Imaginations of Hysteria, ed. Johanna Braun (Leuven: Leuven University Press, 2020), 87\u2013102.<\/a><\/p>\n<p><a href=\"http:\/\/sites.rutgers.edu\/dominik-zechner\/wp-content\/uploads\/sites\/990\/2023\/03\/Zechner-Ausstellen-Entsetzen.pdf\">\u201cAusstellen, Entsetzen: Thomas Bernhards Museumsroman Alte Meister,\u201d Museales Erz\u00e4hlen: Dinge, R\u00e4ume, Narrative, eds. Johanna Stapelfeldt, Ulrike Vedder, and Klaus Wiehl (M\u00fcnchen: Fink, 2020), 203\u201322.<\/a><\/p>\n<p><a href=\"http:\/\/sites.rutgers.edu\/dominik-zechner\/wp-content\/uploads\/sites\/990\/2023\/03\/Zechner-Heidegger-and-Kittler.pdf\">\u201cKittler and Heidegger: The Trouble with Ent-fernung,\u201d The Technological Introject: Friedrich Kittler between Implementation and the Incalculable, eds. Jeffrey Champlin and Antje Pfannkuchen (New York: Fordham, 2018), 123\u201336.<\/a><\/p>\n<p>\u201cAporias of Survival: Kafka\u2019s Alien Incursion,\u201d Experimental Practices 1: Narrating Life \u2013 Experiments with Human and Animal Bodies in Literature, Science and Art, eds. Stefan Herbrechter and Elisabeth Friis (Leiden and Boston: Brill\/Rodopi, 2015), 191\u2013210.<\/p>\n<p>\u201cWas sich schickt,\u201d R\u00fccksendungen: Ein essayistisches Glossar zu Jacques Derridas Envois\/Sendungen, ed. Matthias Schmidt (Wien: Turia &amp; Kant, 2015), 195\u2013204.<\/p>\n<p><strong>Invited Book Reviews:<\/strong><\/p>\n<p><a href=\"https:\/\/olrsupplement.com\/2025\/08\/11\/powers-of-reading-by-peter-szendy\/\">\u201cPeter Szendy, Powers of Reading: From Plato to Audiobooks,\u201d The OLR Supplement: The Online Platform fort he Oxford Literary Review, August 11, 2025.<\/a><\/p>\n<p><a href=\"http:\/\/sites.rutgers.edu\/dominik-zechner\/wp-content\/uploads\/sites\/990\/2023\/04\/Review-Zechner-Der-feste-Buchstabe-Monatshefte.pdf\">\u201cAchim Geisenhansl\u00fcke, Der feste Buchstabe: Studien zur Hermeneutik, Psychoanalyse und Literatur,\u201d Monatshefte 115.1 (2023), 99\u2013101.<\/a><\/p>\n<p><a href=\"http:\/\/sites.rutgers.edu\/dominik-zechner\/wp-content\/uploads\/sites\/990\/2023\/03\/Review-Zechner-Pseudo-Memoirs-arcadia.pdf\">\u201cRochelle Tobias, Pseudo-Memoirs: Life and Its Imitation in Modern Fiction,\u201d Arcadia 57.2 (2022), 360\u201365.<\/a><\/p>\n<p><a href=\"http:\/\/sites.rutgers.edu\/dominik-zechner\/wp-content\/uploads\/sites\/990\/2023\/03\/Review-Zechner-Thomas-Bernhards-Prosa-Gegenwartsliteratur.pdf\">\u201cSergej Ta\u0161kenov, Thomas Bernhards Prosa: Krise der Sprache und des dialogischen Wortes,\u201d Gegenwartsliteratur 19 (2020), 417\u201319.<\/a><\/p>\n<p><a href=\"http:\/\/sites.rutgers.edu\/dominik-zechner\/wp-content\/uploads\/sites\/990\/2023\/03\/Review-Zechner-Sprachgerechtigkeit-MLN.pdf\">\u201cWerner Hamacher, Sprachgerechtigkeit,\u201d MLN 135.3 (2020), 802\u201305.<\/a><\/p>\n<p><a href=\"https:\/\/rezenstfm.univie.ac.at\/index.php\/tfm\/article\/view\/r285\">\u201cRosi Braidotti, The Posthuman,\u201d rezenstfm.univie.ac.at (December 2013).<\/a><\/p>\n<p><strong>Selected Contributions to Magazines and Newspapers:<\/strong><\/p>\n<p><a href=\"http:\/\/sites.rutgers.edu\/dominik-zechner\/wp-content\/uploads\/sites\/990\/2025\/06\/Zechner-Uberlebensformen.pdf\">\u201c\u00dcberlebensformen: Kafka und das Problem der Endlichkeit,\u201d Lettre International 148 (2025), 96\u201399.<\/a><\/p>\n<p><a href=\"https:\/\/www.derstandard.at\/story\/1363708817465\/fischer-zur-wahlbeteiligung-keine-revolutionaere-stimmung-vorhanden\">\u201cKeine revolution\u00e4re Stimmung vorhanden,\u201d conversation with Austrian federal president Heinz Fischer, Der Standard, April 23, 2013.<\/a><\/p>\n<p><a href=\"https:\/\/www.derstandard.at\/story\/1362107638062\/ohne-kultur-koennen-wir-uns-gleich-erschiessen\">\u201cOhne Kultur k\u00f6nnen wir uns gleich erschie\u00dfen!\u201d conversation with filmmaker Michael Haneke and Austrian minister of higher education Karlheinz T\u00f6chterle, Der Standard, March 6, 2013.<\/a><\/p>\n<p><a href=\"https:\/\/www.derstandard.at\/story\/1348285101896\/die-hungernden-doktoren-der-neuen-welt\">&#8220;Die hungernden Doktoren der neuen Welt,&#8221; Der Standard, October 5, 2012.<\/a><\/p>\n<p><a href=\"https:\/\/www.derstandard.at\/story\/1310511669239\/texture-matters-mit-velvet-underground-gegen-die-kybernetik\">\u201cMit Velvet Underground gegen die Kybernetik,\u201d Der Standard, July 19, 2011.<\/a><\/p>\n<p><a href=\"https:\/\/www.derstandard.at\/story\/1304428523597\/unistandard-interview-es-reicht-wenn-sich-die-uni-alle-500-jahre-veraendert\">\u201cEs reicht, wenn sich die Uni alle 500 Jahre ver\u00e4ndert,\u201d conversation with philosopher Konrad-Paul Liessmann and art historian Klaus Albrecht Schr\u00f6der, Der Standard, May 4, 2011.<\/a><\/p>\n<p><a href=\"https:\/\/www.derstandard.at\/story\/1297819371607\/unistandard-interview-die-oesterreichischen-unis-sind-bereits-tot\">\u201cDie \u00f6sterreichischen Unis sind bereits tot,\u201d conversation with writer Marlene Streeruwitz and activist Christian Felber, Der Standard, March 2, 2011.<\/a><\/p>\n<p><a href=\"https:\/\/www.derstandard.at\/story\/1271375485574\/standard-interview-karl-muesste-aus-selbstachtung-zuruecktreten\">\u201cKarl m\u00fcsste aus Selbstachtung zur\u00fccktreten,\u201d conversation with novelist Robert Menasse, Der Standard, April 28, 2010.<\/a><\/p>\n<p><strong>Podcast and Radio Appearances:<\/strong><\/p>\n<p><a href=\"https:\/\/open.spotify.com\/episode\/5fEluEH1eTuAl2vQqwvk1J?si=5c7LtgJiTYyhKT5auUxybQ\">New Books Network: Conversation about &#8220;The Violence of Reading: Literature and Philosophy at the Threshold of Pain&#8221; (June 2025).<\/a><\/p>\n<p><a href=\"https:\/\/o94.at\/programm\/sendung\/id\/2269015\">Radio Orange 94.0: Feature on &#8220;Kafka und das Problem der Endlichkeit&#8221; (September 2024).<\/a><\/p>\n<p><a class=\"btn btn-primary\" href=\"https:\/\/sites.rutgers.edu\/dominik-zechner\/contact\/\" target=\"_self\" rel=\"noopener noreferrer\">Contact Me<\/a><\/p>\n","protected":false},"excerpt":{"rendered":"<p>Books: Kafka und das Problem der Endlichkeit (Sonderzahl, 2024). The Violence of Reading: Literature and Philosophy at the Threshold of Pain (Palgrave Macmillan, 2024). Thresholds, Encounters: Paul Celan and the &hellip; <a href=\"https:\/\/sites.rutgers.edu\/dominik-zechner\/publications\/\" class=\"\">Read More<\/a><\/p>\n","protected":false},"author":21,"featured_media":0,"parent":0,"menu_order":0,"comment_status":"closed","ping_status":"closed","template":"","meta":{"_acf_changed":false,"footnotes":""},"class_list":["post-363","page","type-page","status-publish","hentry"],"acf":[],"yoast_head":"<!-- This site is optimized with the Yoast SEO plugin v23.5 - https:\/\/yoast.com\/wordpress\/plugins\/seo\/ -->\n<title>Publications - Dominik Zechner<\/title>\n<meta name=\"robots\" content=\"index, follow, max-snippet:-1, max-image-preview:large, max-video-preview:-1\" \/>\n<link rel=\"canonical\" href=\"https:\/\/sites.rutgers.edu\/dominik-zechner\/publications\/\" \/>\n<meta property=\"og:locale\" content=\"en_US\" \/>\n<meta property=\"og:type\" content=\"article\" \/>\n<meta property=\"og:title\" content=\"Publications - Dominik Zechner\" \/>\n<meta property=\"og:description\" content=\"Books: Kafka und das Problem der Endlichkeit (Sonderzahl, 2024). The Violence of Reading: Literature and Philosophy at the Threshold of Pain (Palgrave Macmillan, 2024). Thresholds, Encounters: Paul Celan and the &hellip; Read More\" \/>\n<meta property=\"og:url\" content=\"https:\/\/sites.rutgers.edu\/dominik-zechner\/publications\/\" \/>\n<meta property=\"og:site_name\" content=\"Dominik Zechner\" \/>\n<meta property=\"article:modified_time\" content=\"2026-04-26T15:02:46+00:00\" \/>\n<meta property=\"og:image\" content=\"http:\/\/sites.rutgers.edu\/dominik-zechner\/wp-content\/uploads\/sites\/990\/2024\/05\/Buchleiste-1024x254.png\" \/>\n<meta name=\"twitter:card\" content=\"summary_large_image\" \/>\n<meta name=\"twitter:label1\" content=\"Est. reading time\" \/>\n\t<meta name=\"twitter:data1\" content=\"5 minutes\" \/>\n<script type=\"application\/ld+json\" class=\"yoast-schema-graph\">{\"@context\":\"https:\/\/schema.org\",\"@graph\":[{\"@type\":\"WebPage\",\"@id\":\"https:\/\/sites.rutgers.edu\/dominik-zechner\/publications\/\",\"url\":\"https:\/\/sites.rutgers.edu\/dominik-zechner\/publications\/\",\"name\":\"Publications - Dominik Zechner\",\"isPartOf\":{\"@id\":\"https:\/\/sites.rutgers.edu\/dominik-zechner\/#website\"},\"primaryImageOfPage\":{\"@id\":\"https:\/\/sites.rutgers.edu\/dominik-zechner\/publications\/#primaryimage\"},\"image\":{\"@id\":\"https:\/\/sites.rutgers.edu\/dominik-zechner\/publications\/#primaryimage\"},\"thumbnailUrl\":\"http:\/\/sites.rutgers.edu\/dominik-zechner\/wp-content\/uploads\/sites\/990\/2024\/05\/Buchleiste-1024x254.png\",\"datePublished\":\"2020-07-09T16:51:59+00:00\",\"dateModified\":\"2026-04-26T15:02:46+00:00\",\"breadcrumb\":{\"@id\":\"https:\/\/sites.rutgers.edu\/dominik-zechner\/publications\/#breadcrumb\"},\"inLanguage\":\"en-US\",\"potentialAction\":[{\"@type\":\"ReadAction\",\"target\":[\"https:\/\/sites.rutgers.edu\/dominik-zechner\/publications\/\"]}]},{\"@type\":\"ImageObject\",\"inLanguage\":\"en-US\",\"@id\":\"https:\/\/sites.rutgers.edu\/dominik-zechner\/publications\/#primaryimage\",\"url\":\"https:\/\/sites.rutgers.edu\/dominik-zechner\/wp-content\/uploads\/sites\/990\/2024\/05\/Buchleiste.png\",\"contentUrl\":\"https:\/\/sites.rutgers.edu\/dominik-zechner\/wp-content\/uploads\/sites\/990\/2024\/05\/Buchleiste.png\",\"width\":4136,\"height\":1024},{\"@type\":\"BreadcrumbList\",\"@id\":\"https:\/\/sites.rutgers.edu\/dominik-zechner\/publications\/#breadcrumb\",\"itemListElement\":[{\"@type\":\"ListItem\",\"position\":1,\"name\":\"Home\",\"item\":\"https:\/\/sites.rutgers.edu\/dominik-zechner\/\"},{\"@type\":\"ListItem\",\"position\":2,\"name\":\"Publications\"}]},{\"@type\":\"WebSite\",\"@id\":\"https:\/\/sites.rutgers.edu\/dominik-zechner\/#website\",\"url\":\"https:\/\/sites.rutgers.edu\/dominik-zechner\/\",\"name\":\"Dominik Zechner\",\"description\":\"\",\"potentialAction\":[{\"@type\":\"SearchAction\",\"target\":{\"@type\":\"EntryPoint\",\"urlTemplate\":\"https:\/\/sites.rutgers.edu\/dominik-zechner\/?s={search_term_string}\"},\"query-input\":{\"@type\":\"PropertyValueSpecification\",\"valueRequired\":true,\"valueName\":\"search_term_string\"}}],\"inLanguage\":\"en-US\"}]}<\/script>\n<!-- \/ Yoast SEO plugin. -->","yoast_head_json":{"title":"Publications - Dominik Zechner","robots":{"index":"index","follow":"follow","max-snippet":"max-snippet:-1","max-image-preview":"max-image-preview:large","max-video-preview":"max-video-preview:-1"},"canonical":"https:\/\/sites.rutgers.edu\/dominik-zechner\/publications\/","og_locale":"en_US","og_type":"article","og_title":"Publications - Dominik Zechner","og_description":"Books: Kafka und das Problem der Endlichkeit (Sonderzahl, 2024). The Violence of Reading: Literature and Philosophy at the Threshold of Pain (Palgrave Macmillan, 2024). Thresholds, Encounters: Paul Celan and the &hellip; Read More","og_url":"https:\/\/sites.rutgers.edu\/dominik-zechner\/publications\/","og_site_name":"Dominik Zechner","article_modified_time":"2026-04-26T15:02:46+00:00","og_image":[{"url":"http:\/\/sites.rutgers.edu\/dominik-zechner\/wp-content\/uploads\/sites\/990\/2024\/05\/Buchleiste-1024x254.png"}],"twitter_card":"summary_large_image","twitter_misc":{"Est. reading time":"5 minutes"},"schema":{"@context":"https:\/\/schema.org","@graph":[{"@type":"WebPage","@id":"https:\/\/sites.rutgers.edu\/dominik-zechner\/publications\/","url":"https:\/\/sites.rutgers.edu\/dominik-zechner\/publications\/","name":"Publications - Dominik Zechner","isPartOf":{"@id":"https:\/\/sites.rutgers.edu\/dominik-zechner\/#website"},"primaryImageOfPage":{"@id":"https:\/\/sites.rutgers.edu\/dominik-zechner\/publications\/#primaryimage"},"image":{"@id":"https:\/\/sites.rutgers.edu\/dominik-zechner\/publications\/#primaryimage"},"thumbnailUrl":"http:\/\/sites.rutgers.edu\/dominik-zechner\/wp-content\/uploads\/sites\/990\/2024\/05\/Buchleiste-1024x254.png","datePublished":"2020-07-09T16:51:59+00:00","dateModified":"2026-04-26T15:02:46+00:00","breadcrumb":{"@id":"https:\/\/sites.rutgers.edu\/dominik-zechner\/publications\/#breadcrumb"},"inLanguage":"en-US","potentialAction":[{"@type":"ReadAction","target":["https:\/\/sites.rutgers.edu\/dominik-zechner\/publications\/"]}]},{"@type":"ImageObject","inLanguage":"en-US","@id":"https:\/\/sites.rutgers.edu\/dominik-zechner\/publications\/#primaryimage","url":"https:\/\/sites.rutgers.edu\/dominik-zechner\/wp-content\/uploads\/sites\/990\/2024\/05\/Buchleiste.png","contentUrl":"https:\/\/sites.rutgers.edu\/dominik-zechner\/wp-content\/uploads\/sites\/990\/2024\/05\/Buchleiste.png","width":4136,"height":1024},{"@type":"BreadcrumbList","@id":"https:\/\/sites.rutgers.edu\/dominik-zechner\/publications\/#breadcrumb","itemListElement":[{"@type":"ListItem","position":1,"name":"Home","item":"https:\/\/sites.rutgers.edu\/dominik-zechner\/"},{"@type":"ListItem","position":2,"name":"Publications"}]},{"@type":"WebSite","@id":"https:\/\/sites.rutgers.edu\/dominik-zechner\/#website","url":"https:\/\/sites.rutgers.edu\/dominik-zechner\/","name":"Dominik Zechner","description":"","potentialAction":[{"@type":"SearchAction","target":{"@type":"EntryPoint","urlTemplate":"https:\/\/sites.rutgers.edu\/dominik-zechner\/?s={search_term_string}"},"query-input":{"@type":"PropertyValueSpecification","valueRequired":true,"valueName":"search_term_string"}}],"inLanguage":"en-US"}]}},"_links":{"self":[{"href":"https:\/\/sites.rutgers.edu\/dominik-zechner\/wp-json\/wp\/v2\/pages\/363"}],"collection":[{"href":"https:\/\/sites.rutgers.edu\/dominik-zechner\/wp-json\/wp\/v2\/pages"}],"about":[{"href":"https:\/\/sites.rutgers.edu\/dominik-zechner\/wp-json\/wp\/v2\/types\/page"}],"author":[{"embeddable":true,"href":"https:\/\/sites.rutgers.edu\/dominik-zechner\/wp-json\/wp\/v2\/users\/21"}],"replies":[{"embeddable":true,"href":"https:\/\/sites.rutgers.edu\/dominik-zechner\/wp-json\/wp\/v2\/comments?post=363"}],"version-history":[{"count":38,"href":"https:\/\/sites.rutgers.edu\/dominik-zechner\/wp-json\/wp\/v2\/pages\/363\/revisions"}],"predecessor-version":[{"id":986,"href":"https:\/\/sites.rutgers.edu\/dominik-zechner\/wp-json\/wp\/v2\/pages\/363\/revisions\/986"}],"wp:attachment":[{"href":"https:\/\/sites.rutgers.edu\/dominik-zechner\/wp-json\/wp\/v2\/media?parent=363"}],"curies":[{"name":"wp","href":"https:\/\/api.w.org\/{rel}","templated":true}]}}