{"id":1393,"date":"2020-12-10T14:44:29","date_gmt":"2020-12-10T14:44:29","guid":{"rendered":"http:\/\/sites.rutgers.edu\/edwin-bryant\/?page_id=1393"},"modified":"2024-06-27T15:31:08","modified_gmt":"2024-06-27T15:31:08","slug":"workshops-and-conversations-in-english","status":"publish","type":"page","link":"https:\/\/sites.rutgers.edu\/edwin-bryant\/workshops-and-conversations-in-english\/","title":{"rendered":"Workshops and Conversations in English"},"content":{"rendered":"<h5><\/h5>\n<h5 class=\"style-scope ytd-watch-metadata\"><span style=\"color: #000080\"><a style=\"color: #000080\" href=\"https:\/\/youtu.be\/gMmWvix0emg?si=AIrycjgPb1n19fNt\">Bhagav\u0101n, Bhakti and Philosophy: A Conversation with Dr. Edwin Bryant\u00a0<\/a><\/span><\/h5>\n<p><span style=\"color: #000080\">Meru Media<\/span><\/p>\n<p>&nbsp;<\/p>\n<h5><\/h5>\n<h5><span style=\"color: #0000ff\"><a style=\"color: #0000ff\" href=\"https:\/\/youtu.be\/gKRpnpXZBl4?si=fKiV29EAkCZ3Vetm\">In Defense of a God with Form<\/a>: Greco-biblical beginnings, Monistic Imperialism, and the Lotus- Eyed.<\/span><\/h5>\n<h5><span style=\"color: #0000ff\">Jiva Institute of Vedic Studies<\/span><\/h5>\n<p>&nbsp;<\/p>\n<p>&nbsp;<\/p>\n<h5 class=\"style-scope ytd-watch-metadata\"><span style=\"color: #000080\"><a style=\"color: #000080\" href=\"https:\/\/youtu.be\/AkO0MWOeZ74?si=wfCw3XW0mB4atAmy\">Viewing the Cosmos Through the Lens of Samkhya<\/a>&#8211; Bhaktivedanta Institute for Higher Studies<\/span><\/h5>\n<p>&nbsp;<\/p>\n<h5><span style=\"color: #0000ff\">\u00a0<a href=\"https:\/\/youtu.be\/cuYLMxi23I8?si=3N11ppQYhw7t7ozG\"><span style=\"color: #0000ff\">\u012a\u015bvara in the Yoga S\u016btras and Bhagavad-g\u012bt\u0101<\/span><\/a> \u00a0&#8211; Keen on Yoga<\/span><\/h5>\n<h5 class=\"style-scope ytd-watch-metadata\"><\/h5>\n<p>&nbsp;<\/p>\n<h5 style=\"color: #212529\"><span style=\"color: #000080\"><a style=\"color: #000080\" href=\"https:\/\/www.youtube.com\/embed\/uMYoiEvhEC4\" target=\"_blank\" rel=\"noopener noreferrer\">Advaita Das \u2013 Introduction to Yoga Psychology at the Sivananda Ashram Yoga Farm<\/a><\/span><\/h5>\n<h5 style=\"color: #212529\"><span style=\"color: #000080\"><a style=\"color: #000080\" href=\"https:\/\/www.youtube.com\/embed\/L_LZZYWF_T0\" target=\"_blank\" rel=\"noopener noreferrer\">Advaita Das \u2013 Pata\u00f1jali\u2019s Raja Yoga Sutras 1-15 \u2013 <\/a><\/span>Sivananda Yoga Farm<\/h5>\n<p>&nbsp;<\/p>\n<h5><\/h5>\n<h5><span style=\"color: #0000ff\"><a style=\"color: #0000ff\" href=\"https:\/\/youtu.be\/tGrlQMguKfM?si=sft0HW0tAvgGZ74N\">A\u1e63\u1e6d\u0101\u1e45ga Yoga in the Bh\u0101gavata Pur\u0101\u1e47a<\/a>\u00a0 \u00a0 \u00a0 <\/span><span style=\"color: #0000ff\">Loyola Marymount University<\/span><\/h5>\n<p>&nbsp;<\/p>\n<h5><\/h5>\n<h5><\/h5>\n<h5 style=\"color: #212529\"><span style=\"color: #000080\"><a style=\"color: #000080\" href=\"https:\/\/www.youtube.com\/watch?v=I1PXs3pNtVM\">Bhakti Yoga: Is Bhagav\u0101n\u00a0real or unreal?<\/a>\u00a0 -Vedanta Society NYC-<\/span><\/h5>\n<h5 class=\"LC20lb MBeuO DKV0Md\"><span style=\"color: #000080\"><a style=\"color: #000080\" href=\"https:\/\/www.youtube.com\/embed\/cp1X-ar76nA\">The Yoga S\u016btras of Pata\u00f1jali<\/a>\u00a0 \u00a0 -Vedanta Society NYC-<\/span><\/h5>\n<p>&nbsp;<\/p>\n<h5><\/h5>\n<h5><span style=\"color: #0000ff\"><a style=\"color: #0000ff\" href=\"https:\/\/www.youtube.com\/embed\/jpONxu3wuxY\" target=\"_blank\" rel=\"noopener noreferrer\">Yoga <\/a><a style=\"color: #0000ff\" href=\"https:\/\/www.youtube.com\/embed\/cp1X-ar76nA\">S\u016btra,<\/a><a style=\"color: #0000ff\" href=\"https:\/\/www.youtube.com\/embed\/jpONxu3wuxY\" target=\"_blank\" rel=\"noopener noreferrer\">Bhagavad Gita; a conversation with Edwin Bryant Part 1<\/a><\/span><\/h5>\n<h5><span style=\"color: #0000ff\"><a style=\"color: #0000ff\" href=\"https:\/\/www.youtube.com\/embed\/wSOF1VtA7XM\">Yoga S\u016btra, Bhagavad Gita; a conversation with Edwin Bryant Part 2<\/a>\u00a0 \u00a0Rosa Santana<\/span><\/h5>\n<p>&nbsp;<\/p>\n<p>&nbsp;<\/p>\n<h5><span style=\"color: #000080\"><a style=\"color: #000080\" href=\"https:\/\/www.youtube.com\/embed\/zqiR7odxhNY\" target=\"_blank\" rel=\"noopener noreferrer\">Interview with Kiki TV<\/a>\u00a0\u00a0\u00a0 \u00a0\u00a0 \u00a0\u00a0<a style=\"color: #000080\" href=\"https:\/\/anchor.fm\/kikitv\/episodes\/Saddhana-and-Svadhyaya-Study-Deep--Awaken-Devotion-with-guest-Edwin-Bryant-ehgf88\/a-a2r7vb4\" target=\"_blank\" rel=\"noopener noreferrer\">Audio Podcast<\/a><\/span><\/h5>\n<p><span style=\"color: #000080\">Kiki Flynn<\/span><\/p>\n<h5><\/h5>\n<h5><span style=\"color: #0000ff\"><a style=\"color: #0000ff\" href=\"https:\/\/www.youtube.com\/embed\/aTiwLwefSbI\" target=\"_blank\" rel=\"noopener noreferrer\">Interview with Wisdom of the Sages<\/a><\/span><\/h5>\n<p>&nbsp;<\/p>\n","protected":false},"excerpt":{"rendered":"<p>Bhagav\u0101n, Bhakti and Philosophy: A Conversation with Dr. Edwin Bryant\u00a0 Meru Media &nbsp; In Defense of a God with Form: Greco-biblical beginnings, Monistic Imperialism, and the Lotus- Eyed. Jiva Institute &hellip; <a href=\"https:\/\/sites.rutgers.edu\/edwin-bryant\/workshops-and-conversations-in-english\/\" class=\"\">Read More<\/a><\/p>\n","protected":false},"author":652,"featured_media":0,"parent":0,"menu_order":0,"comment_status":"closed","ping_status":"closed","template":"template-custom.php","meta":{"_acf_changed":false,"footnotes":""},"class_list":["post-1393","page","type-page","status-publish","hentry"],"acf":[],"yoast_head":"<!-- This site is optimized with the Yoast SEO plugin v23.5 - https:\/\/yoast.com\/wordpress\/plugins\/seo\/ -->\n<title>Workshops and Conversations in English - Edwin Bryant<\/title>\n<meta name=\"robots\" content=\"index, follow, max-snippet:-1, max-image-preview:large, max-video-preview:-1\" \/>\n<link rel=\"canonical\" href=\"https:\/\/sites.rutgers.edu\/edwin-bryant\/workshops-and-conversations-in-english\/\" \/>\n<meta property=\"og:locale\" content=\"en_US\" \/>\n<meta property=\"og:type\" content=\"article\" \/>\n<meta property=\"og:title\" content=\"Workshops and Conversations in English - Edwin Bryant\" \/>\n<meta property=\"og:description\" content=\"Bhagav\u0101n, Bhakti and Philosophy: A Conversation with Dr. Edwin Bryant\u00a0 Meru Media &nbsp; In Defense of a God with Form: Greco-biblical beginnings, Monistic Imperialism, and the Lotus- Eyed. Jiva Institute &hellip; Read More\" \/>\n<meta property=\"og:url\" content=\"https:\/\/sites.rutgers.edu\/edwin-bryant\/workshops-and-conversations-in-english\/\" \/>\n<meta property=\"og:site_name\" content=\"Edwin Bryant\" \/>\n<meta property=\"article:modified_time\" content=\"2024-06-27T15:31:08+00:00\" \/>\n<meta name=\"twitter:card\" content=\"summary_large_image\" \/>\n<meta name=\"twitter:label1\" content=\"Est. reading time\" \/>\n\t<meta name=\"twitter:data1\" content=\"1 minute\" \/>\n<script type=\"application\/ld+json\" class=\"yoast-schema-graph\">{\"@context\":\"https:\/\/schema.org\",\"@graph\":[{\"@type\":\"WebPage\",\"@id\":\"https:\/\/sites.rutgers.edu\/edwin-bryant\/workshops-and-conversations-in-english\/\",\"url\":\"https:\/\/sites.rutgers.edu\/edwin-bryant\/workshops-and-conversations-in-english\/\",\"name\":\"Workshops and Conversations in English - Edwin Bryant\",\"isPartOf\":{\"@id\":\"https:\/\/sites.rutgers.edu\/edwin-bryant\/#website\"},\"datePublished\":\"2020-12-10T14:44:29+00:00\",\"dateModified\":\"2024-06-27T15:31:08+00:00\",\"breadcrumb\":{\"@id\":\"https:\/\/sites.rutgers.edu\/edwin-bryant\/workshops-and-conversations-in-english\/#breadcrumb\"},\"inLanguage\":\"en-US\",\"potentialAction\":[{\"@type\":\"ReadAction\",\"target\":[\"https:\/\/sites.rutgers.edu\/edwin-bryant\/workshops-and-conversations-in-english\/\"]}]},{\"@type\":\"BreadcrumbList\",\"@id\":\"https:\/\/sites.rutgers.edu\/edwin-bryant\/workshops-and-conversations-in-english\/#breadcrumb\",\"itemListElement\":[{\"@type\":\"ListItem\",\"position\":1,\"name\":\"Home\",\"item\":\"https:\/\/sites.rutgers.edu\/edwin-bryant\/\"},{\"@type\":\"ListItem\",\"position\":2,\"name\":\"Workshops and Conversations in English\"}]},{\"@type\":\"WebSite\",\"@id\":\"https:\/\/sites.rutgers.edu\/edwin-bryant\/#website\",\"url\":\"https:\/\/sites.rutgers.edu\/edwin-bryant\/\",\"name\":\"Edwin Bryant\",\"description\":\"\",\"potentialAction\":[{\"@type\":\"SearchAction\",\"target\":{\"@type\":\"EntryPoint\",\"urlTemplate\":\"https:\/\/sites.rutgers.edu\/edwin-bryant\/?s={search_term_string}\"},\"query-input\":{\"@type\":\"PropertyValueSpecification\",\"valueRequired\":true,\"valueName\":\"search_term_string\"}}],\"inLanguage\":\"en-US\"}]}<\/script>\n<!-- \/ Yoast SEO plugin. -->","yoast_head_json":{"title":"Workshops and Conversations in English - Edwin Bryant","robots":{"index":"index","follow":"follow","max-snippet":"max-snippet:-1","max-image-preview":"max-image-preview:large","max-video-preview":"max-video-preview:-1"},"canonical":"https:\/\/sites.rutgers.edu\/edwin-bryant\/workshops-and-conversations-in-english\/","og_locale":"en_US","og_type":"article","og_title":"Workshops and Conversations in English - Edwin Bryant","og_description":"Bhagav\u0101n, Bhakti and Philosophy: A Conversation with Dr. Edwin Bryant\u00a0 Meru Media &nbsp; In Defense of a God with Form: Greco-biblical beginnings, Monistic Imperialism, and the Lotus- Eyed. Jiva Institute &hellip; Read More","og_url":"https:\/\/sites.rutgers.edu\/edwin-bryant\/workshops-and-conversations-in-english\/","og_site_name":"Edwin Bryant","article_modified_time":"2024-06-27T15:31:08+00:00","twitter_card":"summary_large_image","twitter_misc":{"Est. reading time":"1 minute"},"schema":{"@context":"https:\/\/schema.org","@graph":[{"@type":"WebPage","@id":"https:\/\/sites.rutgers.edu\/edwin-bryant\/workshops-and-conversations-in-english\/","url":"https:\/\/sites.rutgers.edu\/edwin-bryant\/workshops-and-conversations-in-english\/","name":"Workshops and Conversations in English - Edwin Bryant","isPartOf":{"@id":"https:\/\/sites.rutgers.edu\/edwin-bryant\/#website"},"datePublished":"2020-12-10T14:44:29+00:00","dateModified":"2024-06-27T15:31:08+00:00","breadcrumb":{"@id":"https:\/\/sites.rutgers.edu\/edwin-bryant\/workshops-and-conversations-in-english\/#breadcrumb"},"inLanguage":"en-US","potentialAction":[{"@type":"ReadAction","target":["https:\/\/sites.rutgers.edu\/edwin-bryant\/workshops-and-conversations-in-english\/"]}]},{"@type":"BreadcrumbList","@id":"https:\/\/sites.rutgers.edu\/edwin-bryant\/workshops-and-conversations-in-english\/#breadcrumb","itemListElement":[{"@type":"ListItem","position":1,"name":"Home","item":"https:\/\/sites.rutgers.edu\/edwin-bryant\/"},{"@type":"ListItem","position":2,"name":"Workshops and Conversations in English"}]},{"@type":"WebSite","@id":"https:\/\/sites.rutgers.edu\/edwin-bryant\/#website","url":"https:\/\/sites.rutgers.edu\/edwin-bryant\/","name":"Edwin Bryant","description":"","potentialAction":[{"@type":"SearchAction","target":{"@type":"EntryPoint","urlTemplate":"https:\/\/sites.rutgers.edu\/edwin-bryant\/?s={search_term_string}"},"query-input":{"@type":"PropertyValueSpecification","valueRequired":true,"valueName":"search_term_string"}}],"inLanguage":"en-US"}]}},"_links":{"self":[{"href":"https:\/\/sites.rutgers.edu\/edwin-bryant\/wp-json\/wp\/v2\/pages\/1393"}],"collection":[{"href":"https:\/\/sites.rutgers.edu\/edwin-bryant\/wp-json\/wp\/v2\/pages"}],"about":[{"href":"https:\/\/sites.rutgers.edu\/edwin-bryant\/wp-json\/wp\/v2\/types\/page"}],"author":[{"embeddable":true,"href":"https:\/\/sites.rutgers.edu\/edwin-bryant\/wp-json\/wp\/v2\/users\/652"}],"replies":[{"embeddable":true,"href":"https:\/\/sites.rutgers.edu\/edwin-bryant\/wp-json\/wp\/v2\/comments?post=1393"}],"version-history":[{"count":29,"href":"https:\/\/sites.rutgers.edu\/edwin-bryant\/wp-json\/wp\/v2\/pages\/1393\/revisions"}],"predecessor-version":[{"id":2925,"href":"https:\/\/sites.rutgers.edu\/edwin-bryant\/wp-json\/wp\/v2\/pages\/1393\/revisions\/2925"}],"wp:attachment":[{"href":"https:\/\/sites.rutgers.edu\/edwin-bryant\/wp-json\/wp\/v2\/media?parent=1393"}],"curies":[{"name":"wp","href":"https:\/\/api.w.org\/{rel}","templated":true}]}}