{"id":1401,"date":"2020-12-10T14:54:12","date_gmt":"2020-12-10T14:54:12","guid":{"rendered":"http:\/\/sites.rutgers.edu\/edwin-bryant\/?page_id=1401"},"modified":"2024-04-07T19:47:51","modified_gmt":"2024-04-07T19:47:51","slug":"teachings-in-spanish","status":"publish","type":"page","link":"https:\/\/sites.rutgers.edu\/edwin-bryant\/teachings-in-spanish\/","title":{"rendered":"Teachings in Spanish"},"content":{"rendered":"<h3><a href=\"https:\/\/cdnapisec.kaltura.com\/p\/879252\/sp\/87925200\/playManifest\/entryId\/1_bn9te9ym\/flavorId\/1_r9b2dcik\/format\/url\/protocol\/http\/a.mp4\">Spanish Interview: Part 1<\/a><\/h3>\n<h3><a href=\"https:\/\/cdnapisec.kaltura.com\/p\/879252\/sp\/87925200\/playManifest\/entryId\/1_zuwpcd36\/flavorId\/1_3tof3rky\/format\/url\/protocol\/http\/a.mp4\">Spanish Interview: Part 2<\/a><\/h3>\n<h3><\/h3>\n<h3><\/h3>\n<h3><span style=\"color: #000080\"><a style=\"color: #000080\" href=\"http:\/\/sites.rutgers.edu\/edwin-bryant\/isvara-in-the-yoga-sutras-and-bhagavad-gita\/\">\u012a\u015bvara in the Yoga S\u016btras and Bhagavad G\u012bt\u0101<\/a><\/span><\/h3>\n","protected":false},"excerpt":{"rendered":"<p>Spanish Interview: Part 1 Spanish Interview: Part 2 \u012a\u015bvara in the Yoga S\u016btras and Bhagavad G\u012bt\u0101<\/p>\n","protected":false},"author":652,"featured_media":0,"parent":0,"menu_order":0,"comment_status":"closed","ping_status":"closed","template":"template-custom.php","meta":{"_acf_changed":false,"footnotes":""},"class_list":["post-1401","page","type-page","status-publish","hentry"],"acf":[],"yoast_head":"<!-- This site is optimized with the Yoast SEO plugin v23.5 - https:\/\/yoast.com\/wordpress\/plugins\/seo\/ -->\n<title>Teachings in Spanish - Edwin Bryant<\/title>\n<meta name=\"robots\" content=\"index, follow, max-snippet:-1, max-image-preview:large, max-video-preview:-1\" \/>\n<link rel=\"canonical\" href=\"https:\/\/sites.rutgers.edu\/edwin-bryant\/teachings-in-spanish\/\" \/>\n<meta property=\"og:locale\" content=\"en_US\" \/>\n<meta property=\"og:type\" content=\"article\" \/>\n<meta property=\"og:title\" content=\"Teachings in Spanish - Edwin Bryant\" \/>\n<meta property=\"og:description\" content=\"Spanish Interview: Part 1 Spanish Interview: Part 2 \u012a\u015bvara in the Yoga S\u016btras and Bhagavad G\u012bt\u0101\" \/>\n<meta property=\"og:url\" content=\"https:\/\/sites.rutgers.edu\/edwin-bryant\/teachings-in-spanish\/\" \/>\n<meta property=\"og:site_name\" content=\"Edwin Bryant\" \/>\n<meta property=\"article:modified_time\" content=\"2024-04-07T19:47:51+00:00\" \/>\n<meta name=\"twitter:card\" content=\"summary_large_image\" \/>\n<script type=\"application\/ld+json\" class=\"yoast-schema-graph\">{\"@context\":\"https:\/\/schema.org\",\"@graph\":[{\"@type\":\"WebPage\",\"@id\":\"https:\/\/sites.rutgers.edu\/edwin-bryant\/teachings-in-spanish\/\",\"url\":\"https:\/\/sites.rutgers.edu\/edwin-bryant\/teachings-in-spanish\/\",\"name\":\"Teachings in Spanish - Edwin Bryant\",\"isPartOf\":{\"@id\":\"https:\/\/sites.rutgers.edu\/edwin-bryant\/#website\"},\"datePublished\":\"2020-12-10T14:54:12+00:00\",\"dateModified\":\"2024-04-07T19:47:51+00:00\",\"breadcrumb\":{\"@id\":\"https:\/\/sites.rutgers.edu\/edwin-bryant\/teachings-in-spanish\/#breadcrumb\"},\"inLanguage\":\"en-US\",\"potentialAction\":[{\"@type\":\"ReadAction\",\"target\":[\"https:\/\/sites.rutgers.edu\/edwin-bryant\/teachings-in-spanish\/\"]}]},{\"@type\":\"BreadcrumbList\",\"@id\":\"https:\/\/sites.rutgers.edu\/edwin-bryant\/teachings-in-spanish\/#breadcrumb\",\"itemListElement\":[{\"@type\":\"ListItem\",\"position\":1,\"name\":\"Home\",\"item\":\"https:\/\/sites.rutgers.edu\/edwin-bryant\/\"},{\"@type\":\"ListItem\",\"position\":2,\"name\":\"Teachings in Spanish\"}]},{\"@type\":\"WebSite\",\"@id\":\"https:\/\/sites.rutgers.edu\/edwin-bryant\/#website\",\"url\":\"https:\/\/sites.rutgers.edu\/edwin-bryant\/\",\"name\":\"Edwin Bryant\",\"description\":\"\",\"potentialAction\":[{\"@type\":\"SearchAction\",\"target\":{\"@type\":\"EntryPoint\",\"urlTemplate\":\"https:\/\/sites.rutgers.edu\/edwin-bryant\/?s={search_term_string}\"},\"query-input\":{\"@type\":\"PropertyValueSpecification\",\"valueRequired\":true,\"valueName\":\"search_term_string\"}}],\"inLanguage\":\"en-US\"}]}<\/script>\n<!-- \/ Yoast SEO plugin. -->","yoast_head_json":{"title":"Teachings in Spanish - Edwin Bryant","robots":{"index":"index","follow":"follow","max-snippet":"max-snippet:-1","max-image-preview":"max-image-preview:large","max-video-preview":"max-video-preview:-1"},"canonical":"https:\/\/sites.rutgers.edu\/edwin-bryant\/teachings-in-spanish\/","og_locale":"en_US","og_type":"article","og_title":"Teachings in Spanish - Edwin Bryant","og_description":"Spanish Interview: Part 1 Spanish Interview: Part 2 \u012a\u015bvara in the Yoga S\u016btras and Bhagavad G\u012bt\u0101","og_url":"https:\/\/sites.rutgers.edu\/edwin-bryant\/teachings-in-spanish\/","og_site_name":"Edwin Bryant","article_modified_time":"2024-04-07T19:47:51+00:00","twitter_card":"summary_large_image","schema":{"@context":"https:\/\/schema.org","@graph":[{"@type":"WebPage","@id":"https:\/\/sites.rutgers.edu\/edwin-bryant\/teachings-in-spanish\/","url":"https:\/\/sites.rutgers.edu\/edwin-bryant\/teachings-in-spanish\/","name":"Teachings in Spanish - Edwin Bryant","isPartOf":{"@id":"https:\/\/sites.rutgers.edu\/edwin-bryant\/#website"},"datePublished":"2020-12-10T14:54:12+00:00","dateModified":"2024-04-07T19:47:51+00:00","breadcrumb":{"@id":"https:\/\/sites.rutgers.edu\/edwin-bryant\/teachings-in-spanish\/#breadcrumb"},"inLanguage":"en-US","potentialAction":[{"@type":"ReadAction","target":["https:\/\/sites.rutgers.edu\/edwin-bryant\/teachings-in-spanish\/"]}]},{"@type":"BreadcrumbList","@id":"https:\/\/sites.rutgers.edu\/edwin-bryant\/teachings-in-spanish\/#breadcrumb","itemListElement":[{"@type":"ListItem","position":1,"name":"Home","item":"https:\/\/sites.rutgers.edu\/edwin-bryant\/"},{"@type":"ListItem","position":2,"name":"Teachings in Spanish"}]},{"@type":"WebSite","@id":"https:\/\/sites.rutgers.edu\/edwin-bryant\/#website","url":"https:\/\/sites.rutgers.edu\/edwin-bryant\/","name":"Edwin Bryant","description":"","potentialAction":[{"@type":"SearchAction","target":{"@type":"EntryPoint","urlTemplate":"https:\/\/sites.rutgers.edu\/edwin-bryant\/?s={search_term_string}"},"query-input":{"@type":"PropertyValueSpecification","valueRequired":true,"valueName":"search_term_string"}}],"inLanguage":"en-US"}]}},"_links":{"self":[{"href":"https:\/\/sites.rutgers.edu\/edwin-bryant\/wp-json\/wp\/v2\/pages\/1401"}],"collection":[{"href":"https:\/\/sites.rutgers.edu\/edwin-bryant\/wp-json\/wp\/v2\/pages"}],"about":[{"href":"https:\/\/sites.rutgers.edu\/edwin-bryant\/wp-json\/wp\/v2\/types\/page"}],"author":[{"embeddable":true,"href":"https:\/\/sites.rutgers.edu\/edwin-bryant\/wp-json\/wp\/v2\/users\/652"}],"replies":[{"embeddable":true,"href":"https:\/\/sites.rutgers.edu\/edwin-bryant\/wp-json\/wp\/v2\/comments?post=1401"}],"version-history":[{"count":3,"href":"https:\/\/sites.rutgers.edu\/edwin-bryant\/wp-json\/wp\/v2\/pages\/1401\/revisions"}],"predecessor-version":[{"id":2753,"href":"https:\/\/sites.rutgers.edu\/edwin-bryant\/wp-json\/wp\/v2\/pages\/1401\/revisions\/2753"}],"wp:attachment":[{"href":"https:\/\/sites.rutgers.edu\/edwin-bryant\/wp-json\/wp\/v2\/media?parent=1401"}],"curies":[{"name":"wp","href":"https:\/\/api.w.org\/{rel}","templated":true}]}}