{"id":1630,"date":"2021-09-04T21:45:28","date_gmt":"2021-09-04T21:45:28","guid":{"rendered":"https:\/\/sites.rutgers.edu\/edwin-bryant\/?page_id=1630"},"modified":"2021-12-23T15:32:09","modified_gmt":"2021-12-23T15:32:09","slug":"god-in-indian-philosophy","status":"publish","type":"page","link":"https:\/\/sites.rutgers.edu\/edwin-bryant\/god-in-indian-philosophy\/","title":{"rendered":"God in Indian Philosophy"},"content":{"rendered":"<h3><a href=\"https:\/\/ru-stream.rutgers.edu\/media\/1_88xjdlal\" target=\"_blank\" rel=\"noopener noreferrer\">Lecture 1: Introduction<\/a><\/h3>\n<h3><a href=\"https:\/\/ru-stream.rutgers.edu\/media\/1_onvjycem\" target=\"_blank\" rel=\"noopener noreferrer\">Lecture 2: Br\u0325had\u0101ra\u1e47yaka Upani\u1e63ad<\/a><\/h3>\n<h3><a href=\"https:\/\/ru-stream.rutgers.edu\/media\/1_bvjlh2ou\" target=\"_blank\" rel=\"noopener noreferrer\">Lecture 3: Ch\u0101ndogya and Taittir\u012bya<\/a><\/h3>\n<h3><a href=\"https:\/\/ru-stream.rutgers.edu\/media\/1_c4417bbv\" target=\"_blank\" rel=\"noopener noreferrer\">Lecture 4: Mu\u1e47\u1e0daka Upani\u1e63ad<\/a><\/h3>\n<h3><a href=\"https:\/\/ru-stream.rutgers.edu\/media\/1_3nb30eu7\" target=\"_blank\" rel=\"noopener noreferrer\">Lecture 5: \u015avet\u0101\u015bvatara Upani\u1e63ad<\/a><\/h3>\n<h3><a href=\"https:\/\/ru-stream.rutgers.edu\/media\/1_brdpzo44\" target=\"_blank\" rel=\"noopener noreferrer\">Lecture 6: Ved\u0101nta S\u016btra 1.1.1-2 R\u0101manuja<\/a><\/h3>\n<h3><a href=\"https:\/\/ru-stream.rutgers.edu\/media\/1_x7sxle4p\" target=\"_blank\" rel=\"noopener noreferrer\">Lecture 7: \u015aa\u1e45kara against S\u0101\u1e45khya Part I<\/a><\/h3>\n<h3><a href=\"https:\/\/ru-stream.rutgers.edu\/media\/1_go7p8t77\" target=\"_blank\" rel=\"noopener noreferrer\">Lecture 8: \u015aa\u1e45kara against S\u0101\u1e45khya Part II<\/a><\/h3>\n<h3><a href=\"https:\/\/ru-stream.rutgers.edu\/media\/1_n5ranatd\" target=\"_blank\" rel=\"noopener noreferrer\">Lecture 9: \u015aa\u1e45kara against S\u0101\u1e45khya Part III<\/a><\/h3>\n<h3><a href=\"https:\/\/ru-stream.rutgers.edu\/media\/1_bcruj224\" target=\"_blank\" rel=\"noopener noreferrer\">Lecture 10: R\u0101m\u0101nuja in Defense of Brahman as Cause<\/a><\/h3>\n<h3><a href=\"https:\/\/ru-stream.rutgers.edu\/media\/1_5019fndm\" target=\"_blank\" rel=\"noopener\">Lecture 11: R\u0101m\u0101nuja in Defense of Brahman as Cause Part II<\/a><\/h3>\n<h3><a href=\"https:\/\/ru-stream.rutgers.edu\/media\/1_2b8fyjnc\" target=\"_blank\" rel=\"noopener\">Lecture 12: Atheism: The M\u012bm\u0101\u1e43s\u0101 Arguments against \u012a\u015bvara<\/a><\/h3>\n<h3><a href=\"https:\/\/ru-stream.rutgers.edu\/media\/1_r9zpfash\" target=\"_blank\" rel=\"noopener\">Lecture 13: Atheism: The M\u012bm\u0101\u1e43s\u0101 Arguments against \u012a\u015bvara Part II<\/a><\/h3>\n<h3><a href=\"https:\/\/ru-stream.rutgers.edu\/media\/1_hn6bvlsr\" target=\"_blank\" rel=\"noopener\">Lecture 14: Atheism in Buddhism<\/a><\/h3>\n<h3><a href=\"https:\/\/ru-stream.rutgers.edu\/media\/1_bd63gch2\" target=\"_blank\" rel=\"noopener\">Lecture 15: S\u0101\u1e45khya arguments against \u012a\u015bvara<\/a><\/h3>\n<h3><a href=\"https:\/\/ru-stream.rutgers.edu\/media\/1_6zmb0pb8\" target=\"_blank\" rel=\"noopener\">Lecture 16: Ny\u0101ya Defense of \u012a\u015bvara<\/a><\/h3>\n<h3><a href=\"https:\/\/ru-stream.rutgers.edu\/media\/1_dt2r5bpf\" target=\"_blank\" rel=\"noopener\">Lecture 17: \u012a\u015bvara in Yoga Part I<\/a><\/h3>\n<h3><a href=\"https:\/\/ru-stream.rutgers.edu\/media\/1_oygtxsjm\" target=\"_blank\" rel=\"noopener\">Lecture 18: \u012a\u015bvara in Yoga Part II<\/a><\/h3>\n<h3><a href=\"https:\/\/ru-stream.rutgers.edu\/media\/1_semac2at\" target=\"_blank\" rel=\"noopener\">Lecture 19: Bhagavad G\u012bt\u0101<\/a><\/h3>\n<h3><a href=\"https:\/\/ru-stream.rutgers.edu\/media\/1_d5c5pqt5\" target=\"_blank\" rel=\"noopener\">Lecture 20: Bhagavad G\u012bt\u0101: X-XI<\/a><\/h3>\n<h3><a href=\"https:\/\/ru-stream.rutgers.edu\/media\/1_6ubet4wm\" target=\"_blank\" rel=\"noopener\">Lecture 21: Bhagavad G\u012bt\u0101: XVIII<\/a><\/h3>\n<h3><a href=\"https:\/\/ru-stream.rutgers.edu\/media\/1_xuok4s2h\" target=\"_blank\" rel=\"noopener noreferrer\">Lecture 22: Bh\u0101gavata Pur\u0101\u1e47a I: Parik\u1e63ita and \u015auka<\/a><\/h3>\n<h3><a href=\"https:\/\/ru-stream.rutgers.edu\/media\/1_30uacusv\" target=\"_blank\" rel=\"noopener noreferrer\">Lecture 23: Krishna&#8217;s Birth<\/a><\/h3>\n<h3><a href=\"https:\/\/rutgers.mediaspace.kaltura.com\/media\/1_e9n4hjpe\" target=\"_blank\" rel=\"noopener noreferrer\">Lecture 24: Love of God and Maternal Bh\u0101va<\/a><\/h3>\n<h3><a href=\"https:\/\/rutgers.mediaspace.kaltura.com\/media\/1_5n36cdur\" target=\"_blank\" rel=\"noopener noreferrer\">Lecture 25: The Gopis and Love of God as the Beloved<\/a><\/h3>\n<p>&nbsp;<\/p>\n<p>&nbsp;<\/p>\n","protected":false},"excerpt":{"rendered":"<p>Lecture 1: Introduction Lecture 2: Br\u0325had\u0101ra\u1e47yaka Upani\u1e63ad Lecture 3: Ch\u0101ndogya and Taittir\u012bya Lecture 4: Mu\u1e47\u1e0daka Upani\u1e63ad Lecture 5: \u015avet\u0101\u015bvatara Upani\u1e63ad Lecture 6: Ved\u0101nta S\u016btra 1.1.1-2 R\u0101manuja Lecture 7: \u015aa\u1e45kara against &hellip; <a href=\"https:\/\/sites.rutgers.edu\/edwin-bryant\/god-in-indian-philosophy\/\" class=\"\">Read More<\/a><\/p>\n","protected":false},"author":652,"featured_media":0,"parent":0,"menu_order":0,"comment_status":"closed","ping_status":"closed","template":"template-custom.php","meta":{"_acf_changed":false,"footnotes":""},"class_list":["post-1630","page","type-page","status-publish","hentry"],"acf":[],"yoast_head":"<!-- This site is optimized with the Yoast SEO plugin v23.5 - https:\/\/yoast.com\/wordpress\/plugins\/seo\/ -->\n<title>God in Indian Philosophy - Edwin Bryant<\/title>\n<meta name=\"robots\" content=\"index, follow, max-snippet:-1, max-image-preview:large, max-video-preview:-1\" \/>\n<link rel=\"canonical\" href=\"https:\/\/sites.rutgers.edu\/edwin-bryant\/god-in-indian-philosophy\/\" \/>\n<meta property=\"og:locale\" content=\"en_US\" \/>\n<meta property=\"og:type\" content=\"article\" \/>\n<meta property=\"og:title\" content=\"God in Indian Philosophy - Edwin Bryant\" \/>\n<meta property=\"og:description\" content=\"Lecture 1: Introduction Lecture 2: Br\u0325had\u0101ra\u1e47yaka Upani\u1e63ad Lecture 3: Ch\u0101ndogya and Taittir\u012bya Lecture 4: Mu\u1e47\u1e0daka Upani\u1e63ad Lecture 5: \u015avet\u0101\u015bvatara Upani\u1e63ad Lecture 6: Ved\u0101nta S\u016btra 1.1.1-2 R\u0101manuja Lecture 7: \u015aa\u1e45kara against &hellip; Read More\" \/>\n<meta property=\"og:url\" content=\"https:\/\/sites.rutgers.edu\/edwin-bryant\/god-in-indian-philosophy\/\" \/>\n<meta property=\"og:site_name\" content=\"Edwin Bryant\" \/>\n<meta property=\"article:modified_time\" content=\"2021-12-23T15:32:09+00:00\" \/>\n<meta name=\"twitter:card\" content=\"summary_large_image\" \/>\n<meta name=\"twitter:label1\" content=\"Est. reading time\" \/>\n\t<meta name=\"twitter:data1\" content=\"1 minute\" \/>\n<script type=\"application\/ld+json\" class=\"yoast-schema-graph\">{\"@context\":\"https:\/\/schema.org\",\"@graph\":[{\"@type\":\"WebPage\",\"@id\":\"https:\/\/sites.rutgers.edu\/edwin-bryant\/god-in-indian-philosophy\/\",\"url\":\"https:\/\/sites.rutgers.edu\/edwin-bryant\/god-in-indian-philosophy\/\",\"name\":\"God in Indian Philosophy - Edwin Bryant\",\"isPartOf\":{\"@id\":\"https:\/\/sites.rutgers.edu\/edwin-bryant\/#website\"},\"datePublished\":\"2021-09-04T21:45:28+00:00\",\"dateModified\":\"2021-12-23T15:32:09+00:00\",\"breadcrumb\":{\"@id\":\"https:\/\/sites.rutgers.edu\/edwin-bryant\/god-in-indian-philosophy\/#breadcrumb\"},\"inLanguage\":\"en-US\",\"potentialAction\":[{\"@type\":\"ReadAction\",\"target\":[\"https:\/\/sites.rutgers.edu\/edwin-bryant\/god-in-indian-philosophy\/\"]}]},{\"@type\":\"BreadcrumbList\",\"@id\":\"https:\/\/sites.rutgers.edu\/edwin-bryant\/god-in-indian-philosophy\/#breadcrumb\",\"itemListElement\":[{\"@type\":\"ListItem\",\"position\":1,\"name\":\"Home\",\"item\":\"https:\/\/sites.rutgers.edu\/edwin-bryant\/\"},{\"@type\":\"ListItem\",\"position\":2,\"name\":\"God in Indian Philosophy\"}]},{\"@type\":\"WebSite\",\"@id\":\"https:\/\/sites.rutgers.edu\/edwin-bryant\/#website\",\"url\":\"https:\/\/sites.rutgers.edu\/edwin-bryant\/\",\"name\":\"Edwin Bryant\",\"description\":\"\",\"potentialAction\":[{\"@type\":\"SearchAction\",\"target\":{\"@type\":\"EntryPoint\",\"urlTemplate\":\"https:\/\/sites.rutgers.edu\/edwin-bryant\/?s={search_term_string}\"},\"query-input\":{\"@type\":\"PropertyValueSpecification\",\"valueRequired\":true,\"valueName\":\"search_term_string\"}}],\"inLanguage\":\"en-US\"}]}<\/script>\n<!-- \/ Yoast SEO plugin. -->","yoast_head_json":{"title":"God in Indian Philosophy - Edwin Bryant","robots":{"index":"index","follow":"follow","max-snippet":"max-snippet:-1","max-image-preview":"max-image-preview:large","max-video-preview":"max-video-preview:-1"},"canonical":"https:\/\/sites.rutgers.edu\/edwin-bryant\/god-in-indian-philosophy\/","og_locale":"en_US","og_type":"article","og_title":"God in Indian Philosophy - Edwin Bryant","og_description":"Lecture 1: Introduction Lecture 2: Br\u0325had\u0101ra\u1e47yaka Upani\u1e63ad Lecture 3: Ch\u0101ndogya and Taittir\u012bya Lecture 4: Mu\u1e47\u1e0daka Upani\u1e63ad Lecture 5: \u015avet\u0101\u015bvatara Upani\u1e63ad Lecture 6: Ved\u0101nta S\u016btra 1.1.1-2 R\u0101manuja Lecture 7: \u015aa\u1e45kara against &hellip; Read More","og_url":"https:\/\/sites.rutgers.edu\/edwin-bryant\/god-in-indian-philosophy\/","og_site_name":"Edwin Bryant","article_modified_time":"2021-12-23T15:32:09+00:00","twitter_card":"summary_large_image","twitter_misc":{"Est. reading time":"1 minute"},"schema":{"@context":"https:\/\/schema.org","@graph":[{"@type":"WebPage","@id":"https:\/\/sites.rutgers.edu\/edwin-bryant\/god-in-indian-philosophy\/","url":"https:\/\/sites.rutgers.edu\/edwin-bryant\/god-in-indian-philosophy\/","name":"God in Indian Philosophy - Edwin Bryant","isPartOf":{"@id":"https:\/\/sites.rutgers.edu\/edwin-bryant\/#website"},"datePublished":"2021-09-04T21:45:28+00:00","dateModified":"2021-12-23T15:32:09+00:00","breadcrumb":{"@id":"https:\/\/sites.rutgers.edu\/edwin-bryant\/god-in-indian-philosophy\/#breadcrumb"},"inLanguage":"en-US","potentialAction":[{"@type":"ReadAction","target":["https:\/\/sites.rutgers.edu\/edwin-bryant\/god-in-indian-philosophy\/"]}]},{"@type":"BreadcrumbList","@id":"https:\/\/sites.rutgers.edu\/edwin-bryant\/god-in-indian-philosophy\/#breadcrumb","itemListElement":[{"@type":"ListItem","position":1,"name":"Home","item":"https:\/\/sites.rutgers.edu\/edwin-bryant\/"},{"@type":"ListItem","position":2,"name":"God in Indian Philosophy"}]},{"@type":"WebSite","@id":"https:\/\/sites.rutgers.edu\/edwin-bryant\/#website","url":"https:\/\/sites.rutgers.edu\/edwin-bryant\/","name":"Edwin Bryant","description":"","potentialAction":[{"@type":"SearchAction","target":{"@type":"EntryPoint","urlTemplate":"https:\/\/sites.rutgers.edu\/edwin-bryant\/?s={search_term_string}"},"query-input":{"@type":"PropertyValueSpecification","valueRequired":true,"valueName":"search_term_string"}}],"inLanguage":"en-US"}]}},"_links":{"self":[{"href":"https:\/\/sites.rutgers.edu\/edwin-bryant\/wp-json\/wp\/v2\/pages\/1630"}],"collection":[{"href":"https:\/\/sites.rutgers.edu\/edwin-bryant\/wp-json\/wp\/v2\/pages"}],"about":[{"href":"https:\/\/sites.rutgers.edu\/edwin-bryant\/wp-json\/wp\/v2\/types\/page"}],"author":[{"embeddable":true,"href":"https:\/\/sites.rutgers.edu\/edwin-bryant\/wp-json\/wp\/v2\/users\/652"}],"replies":[{"embeddable":true,"href":"https:\/\/sites.rutgers.edu\/edwin-bryant\/wp-json\/wp\/v2\/comments?post=1630"}],"version-history":[{"count":32,"href":"https:\/\/sites.rutgers.edu\/edwin-bryant\/wp-json\/wp\/v2\/pages\/1630\/revisions"}],"predecessor-version":[{"id":1865,"href":"https:\/\/sites.rutgers.edu\/edwin-bryant\/wp-json\/wp\/v2\/pages\/1630\/revisions\/1865"}],"wp:attachment":[{"href":"https:\/\/sites.rutgers.edu\/edwin-bryant\/wp-json\/wp\/v2\/media?parent=1630"}],"curies":[{"name":"wp","href":"https:\/\/api.w.org\/{rel}","templated":true}]}}