{"id":2525,"date":"2023-09-09T21:30:06","date_gmt":"2023-09-09T21:30:06","guid":{"rendered":"https:\/\/sites.rutgers.edu\/edwin-bryant\/?page_id=2525"},"modified":"2023-10-21T15:47:21","modified_gmt":"2023-10-21T15:47:21","slug":"nyaya-sutras-svadhaya","status":"publish","type":"page","link":"https:\/\/sites.rutgers.edu\/edwin-bryant\/nyaya-sutras-svadhaya\/","title":{"rendered":"Ny\u0101ya S\u016btras Sv\u0101dh\u0101ya"},"content":{"rendered":"<h3><a href=\"https:\/\/rutgers.mediaspace.kaltura.com\/media\/t\/1_0s2dvz61\" target=\"_blank\" rel=\"noopener\">Ny\u0101ya I: Knowledge Sources<\/a><\/h3>\n<h3><a href=\"https:\/\/rutgers.mediaspace.kaltura.com\/media\/t\/1_r2a6chf5\" target=\"_blank\" rel=\"noopener\">Ny\u0101ya II: Doubt and The Philosophical Method<\/a><\/h3>\n<h3><a href=\"https:\/\/rutgers.mediaspace.kaltura.com\/media\/t\/1_eiw76l3u\" target=\"_blank\" rel=\"noopener\">Ny\u0101ya III: Defense of \u0100tman<\/a><\/h3>\n<h3><a href=\"https:\/\/rutgers.mediaspace.kaltura.com\/media\/t\/1_jhhuqdim\" target=\"_blank\" rel=\"noopener\">Ny\u0101ya IV: Defense of \u012a\u015bvara<\/a><\/h3>\n<h3><a href=\"https:\/\/rutgers.mediaspace.kaltura.com\/media\/t\/1_81vq4hn3\" target=\"_blank\" rel=\"noopener\">Ny\u0101ya V: Defense of \u012a\u015bvara (continued)<\/a><\/h3>\n<h3><a href=\"https:\/\/rutgers.mediaspace.kaltura.com\/media\/t\/1_dnrxeu2d\" target=\"_blank\" rel=\"noopener\">Ny\u0101ya VI: The Right and the Good<\/a><\/h3>\n<h3><\/h3>\n","protected":false},"excerpt":{"rendered":"<p>Ny\u0101ya I: Knowledge Sources Ny\u0101ya II: Doubt and The Philosophical Method Ny\u0101ya III: Defense of \u0100tman Ny\u0101ya IV: Defense of \u012a\u015bvara Ny\u0101ya V: Defense of \u012a\u015bvara (continued) Ny\u0101ya VI: The &hellip; <a href=\"https:\/\/sites.rutgers.edu\/edwin-bryant\/nyaya-sutras-svadhaya\/\" class=\"\">Read More<\/a><\/p>\n","protected":false},"author":652,"featured_media":0,"parent":0,"menu_order":0,"comment_status":"closed","ping_status":"closed","template":"template-custom.php","meta":{"_acf_changed":false,"footnotes":""},"class_list":["post-2525","page","type-page","status-publish","hentry"],"acf":[],"yoast_head":"<!-- This site is optimized with the Yoast SEO plugin v23.5 - https:\/\/yoast.com\/wordpress\/plugins\/seo\/ -->\n<title>Ny\u0101ya S\u016btras Sv\u0101dh\u0101ya - Edwin Bryant<\/title>\n<meta name=\"robots\" content=\"index, follow, max-snippet:-1, max-image-preview:large, max-video-preview:-1\" \/>\n<link rel=\"canonical\" href=\"https:\/\/sites.rutgers.edu\/edwin-bryant\/nyaya-sutras-svadhaya\/\" \/>\n<meta property=\"og:locale\" content=\"en_US\" \/>\n<meta property=\"og:type\" content=\"article\" \/>\n<meta property=\"og:title\" content=\"Ny\u0101ya S\u016btras Sv\u0101dh\u0101ya - Edwin Bryant\" \/>\n<meta property=\"og:description\" content=\"Ny\u0101ya I: Knowledge Sources Ny\u0101ya II: Doubt and The Philosophical Method Ny\u0101ya III: Defense of \u0100tman Ny\u0101ya IV: Defense of \u012a\u015bvara Ny\u0101ya V: Defense of \u012a\u015bvara (continued) Ny\u0101ya VI: The &hellip; Read More\" \/>\n<meta property=\"og:url\" content=\"https:\/\/sites.rutgers.edu\/edwin-bryant\/nyaya-sutras-svadhaya\/\" \/>\n<meta property=\"og:site_name\" content=\"Edwin Bryant\" \/>\n<meta property=\"article:modified_time\" content=\"2023-10-21T15:47:21+00:00\" \/>\n<meta name=\"twitter:card\" content=\"summary_large_image\" \/>\n<script type=\"application\/ld+json\" class=\"yoast-schema-graph\">{\"@context\":\"https:\/\/schema.org\",\"@graph\":[{\"@type\":\"WebPage\",\"@id\":\"https:\/\/sites.rutgers.edu\/edwin-bryant\/nyaya-sutras-svadhaya\/\",\"url\":\"https:\/\/sites.rutgers.edu\/edwin-bryant\/nyaya-sutras-svadhaya\/\",\"name\":\"Ny\u0101ya S\u016btras Sv\u0101dh\u0101ya - Edwin Bryant\",\"isPartOf\":{\"@id\":\"https:\/\/sites.rutgers.edu\/edwin-bryant\/#website\"},\"datePublished\":\"2023-09-09T21:30:06+00:00\",\"dateModified\":\"2023-10-21T15:47:21+00:00\",\"breadcrumb\":{\"@id\":\"https:\/\/sites.rutgers.edu\/edwin-bryant\/nyaya-sutras-svadhaya\/#breadcrumb\"},\"inLanguage\":\"en-US\",\"potentialAction\":[{\"@type\":\"ReadAction\",\"target\":[\"https:\/\/sites.rutgers.edu\/edwin-bryant\/nyaya-sutras-svadhaya\/\"]}]},{\"@type\":\"BreadcrumbList\",\"@id\":\"https:\/\/sites.rutgers.edu\/edwin-bryant\/nyaya-sutras-svadhaya\/#breadcrumb\",\"itemListElement\":[{\"@type\":\"ListItem\",\"position\":1,\"name\":\"Home\",\"item\":\"https:\/\/sites.rutgers.edu\/edwin-bryant\/\"},{\"@type\":\"ListItem\",\"position\":2,\"name\":\"Ny\u0101ya S\u016btras Sv\u0101dh\u0101ya\"}]},{\"@type\":\"WebSite\",\"@id\":\"https:\/\/sites.rutgers.edu\/edwin-bryant\/#website\",\"url\":\"https:\/\/sites.rutgers.edu\/edwin-bryant\/\",\"name\":\"Edwin Bryant\",\"description\":\"\",\"potentialAction\":[{\"@type\":\"SearchAction\",\"target\":{\"@type\":\"EntryPoint\",\"urlTemplate\":\"https:\/\/sites.rutgers.edu\/edwin-bryant\/?s={search_term_string}\"},\"query-input\":{\"@type\":\"PropertyValueSpecification\",\"valueRequired\":true,\"valueName\":\"search_term_string\"}}],\"inLanguage\":\"en-US\"}]}<\/script>\n<!-- \/ Yoast SEO plugin. -->","yoast_head_json":{"title":"Ny\u0101ya S\u016btras Sv\u0101dh\u0101ya - Edwin Bryant","robots":{"index":"index","follow":"follow","max-snippet":"max-snippet:-1","max-image-preview":"max-image-preview:large","max-video-preview":"max-video-preview:-1"},"canonical":"https:\/\/sites.rutgers.edu\/edwin-bryant\/nyaya-sutras-svadhaya\/","og_locale":"en_US","og_type":"article","og_title":"Ny\u0101ya S\u016btras Sv\u0101dh\u0101ya - Edwin Bryant","og_description":"Ny\u0101ya I: Knowledge Sources Ny\u0101ya II: Doubt and The Philosophical Method Ny\u0101ya III: Defense of \u0100tman Ny\u0101ya IV: Defense of \u012a\u015bvara Ny\u0101ya V: Defense of \u012a\u015bvara (continued) Ny\u0101ya VI: The &hellip; Read More","og_url":"https:\/\/sites.rutgers.edu\/edwin-bryant\/nyaya-sutras-svadhaya\/","og_site_name":"Edwin Bryant","article_modified_time":"2023-10-21T15:47:21+00:00","twitter_card":"summary_large_image","schema":{"@context":"https:\/\/schema.org","@graph":[{"@type":"WebPage","@id":"https:\/\/sites.rutgers.edu\/edwin-bryant\/nyaya-sutras-svadhaya\/","url":"https:\/\/sites.rutgers.edu\/edwin-bryant\/nyaya-sutras-svadhaya\/","name":"Ny\u0101ya S\u016btras Sv\u0101dh\u0101ya - Edwin Bryant","isPartOf":{"@id":"https:\/\/sites.rutgers.edu\/edwin-bryant\/#website"},"datePublished":"2023-09-09T21:30:06+00:00","dateModified":"2023-10-21T15:47:21+00:00","breadcrumb":{"@id":"https:\/\/sites.rutgers.edu\/edwin-bryant\/nyaya-sutras-svadhaya\/#breadcrumb"},"inLanguage":"en-US","potentialAction":[{"@type":"ReadAction","target":["https:\/\/sites.rutgers.edu\/edwin-bryant\/nyaya-sutras-svadhaya\/"]}]},{"@type":"BreadcrumbList","@id":"https:\/\/sites.rutgers.edu\/edwin-bryant\/nyaya-sutras-svadhaya\/#breadcrumb","itemListElement":[{"@type":"ListItem","position":1,"name":"Home","item":"https:\/\/sites.rutgers.edu\/edwin-bryant\/"},{"@type":"ListItem","position":2,"name":"Ny\u0101ya S\u016btras Sv\u0101dh\u0101ya"}]},{"@type":"WebSite","@id":"https:\/\/sites.rutgers.edu\/edwin-bryant\/#website","url":"https:\/\/sites.rutgers.edu\/edwin-bryant\/","name":"Edwin Bryant","description":"","potentialAction":[{"@type":"SearchAction","target":{"@type":"EntryPoint","urlTemplate":"https:\/\/sites.rutgers.edu\/edwin-bryant\/?s={search_term_string}"},"query-input":{"@type":"PropertyValueSpecification","valueRequired":true,"valueName":"search_term_string"}}],"inLanguage":"en-US"}]}},"_links":{"self":[{"href":"https:\/\/sites.rutgers.edu\/edwin-bryant\/wp-json\/wp\/v2\/pages\/2525"}],"collection":[{"href":"https:\/\/sites.rutgers.edu\/edwin-bryant\/wp-json\/wp\/v2\/pages"}],"about":[{"href":"https:\/\/sites.rutgers.edu\/edwin-bryant\/wp-json\/wp\/v2\/types\/page"}],"author":[{"embeddable":true,"href":"https:\/\/sites.rutgers.edu\/edwin-bryant\/wp-json\/wp\/v2\/users\/652"}],"replies":[{"embeddable":true,"href":"https:\/\/sites.rutgers.edu\/edwin-bryant\/wp-json\/wp\/v2\/comments?post=2525"}],"version-history":[{"count":9,"href":"https:\/\/sites.rutgers.edu\/edwin-bryant\/wp-json\/wp\/v2\/pages\/2525\/revisions"}],"predecessor-version":[{"id":2543,"href":"https:\/\/sites.rutgers.edu\/edwin-bryant\/wp-json\/wp\/v2\/pages\/2525\/revisions\/2543"}],"wp:attachment":[{"href":"https:\/\/sites.rutgers.edu\/edwin-bryant\/wp-json\/wp\/v2\/media?parent=2525"}],"curies":[{"name":"wp","href":"https:\/\/api.w.org\/{rel}","templated":true}]}}