{"id":2584,"date":"2024-01-27T16:38:26","date_gmt":"2024-01-27T16:38:26","guid":{"rendered":"https:\/\/sites.rutgers.edu\/edwin-bryant\/?page_id=2584"},"modified":"2024-09-08T00:18:12","modified_gmt":"2024-09-08T00:18:12","slug":"yoga-sutras","status":"publish","type":"page","link":"https:\/\/sites.rutgers.edu\/edwin-bryant\/yoga-sutras\/","title":{"rendered":"Yoga S\u016btras I  to  IV"},"content":{"rendered":"<h3><a href=\"https:\/\/rutgers.mediaspace.kaltura.com\/media\/t\/1_reiwegm4\" target=\"_blank\" rel=\"noopener\">Yoga S\u016btras I- 1<\/a><\/h3>\n<h3><a href=\"https:\/\/rutgers.mediaspace.kaltura.com\/media\/t\/1_o95vobfc\">Yoga S\u016btras I- 2<\/a><\/h3>\n<h3><a href=\"https:\/\/rutgers.mediaspace.kaltura.com\/media\/t\/1_3a6t0n7q\" target=\"_blank\" rel=\"noopener\">Yoga S\u016btras I- 3<\/a><\/h3>\n<h3><a href=\"https:\/\/rutgers.mediaspace.kaltura.com\/media\/t\/1_tk84bf82\" target=\"_blank\" rel=\"noopener\">Yoga S\u016btras I- 4<\/a><\/h3>\n<p>&nbsp;<\/p>\n<h3><a href=\"https:\/\/rutgers.mediaspace.kaltura.com\/media\/t\/1_fzxe4pjh\" target=\"_blank\" rel=\"noopener\">Yoga S\u016btras II- 5<\/a><\/h3>\n<h3><a href=\"https:\/\/rutgers.mediaspace.kaltura.com\/media\/t\/1_1dhzivhh\" target=\"_blank\" rel=\"noopener\">Yoga S\u016btras II- 6<\/a><\/h3>\n<h3 style=\"text-align: left\"><a href=\"https:\/\/rutgers.mediaspace.kaltura.com\/media\/1_petqd18l\" target=\"_blank\" rel=\"noopener\">Yoga S\u016btras II- 7<\/a><\/h3>\n<h3 style=\"text-align: left\"><a href=\"https:\/\/rutgers.mediaspace.kaltura.com\/media\/t\/1_ae6npjwx\" target=\"_blank\" rel=\"noopener\">Yoga S\u016btras II- 8<\/a><\/h3>\n<p>&nbsp;<\/p>\n<h3><\/h3>\n<h3 style=\"text-align: left\"><a href=\"https:\/\/rutgers.mediaspace.kaltura.com\/media\/t\/1_fcc8jd8u\" target=\"_blank\" rel=\"noopener\">Yoga S\u016btras \u00a0III &#8211; 1<\/a><\/h3>\n<h3><a href=\"https:\/\/rutgers.mediaspace.kaltura.com\/media\/t\/1_d4cxcn94\" target=\"_blank\" rel=\"noopener\">Yoga S\u016btras \u00a0III &#8211; 2<\/a><\/h3>\n<h3 style=\"text-align: left\"><a href=\"https:\/\/rutgers.mediaspace.kaltura.com\/media\/t\/1_r0crgsbt\" target=\"_blank\" rel=\"noopener\">Yoga S\u016btras \u00a0III &#8211; 3<\/a><\/h3>\n<h3><a href=\"https:\/\/rutgers.mediaspace.kaltura.com\/media\/t\/1_n1vhpjul\" target=\"_blank\" rel=\"noopener\"><span style=\"color: #008080\">Yoga S\u016btras\u00a0 IV<\/span><\/a><\/h3>\n","protected":false},"excerpt":{"rendered":"<p>Yoga S\u016btras I- 1 Yoga S\u016btras I- 2 Yoga S\u016btras I- 3 Yoga S\u016btras I- 4 &nbsp; Yoga S\u016btras II- 5 Yoga S\u016btras II- 6 Yoga S\u016btras II- 7 Yoga &hellip; <a href=\"https:\/\/sites.rutgers.edu\/edwin-bryant\/yoga-sutras\/\" class=\"\">Read More<\/a><\/p>\n","protected":false},"author":652,"featured_media":0,"parent":0,"menu_order":0,"comment_status":"closed","ping_status":"closed","template":"template-custom.php","meta":{"_acf_changed":false,"footnotes":""},"class_list":["post-2584","page","type-page","status-publish","hentry"],"acf":[],"yoast_head":"<!-- This site is optimized with the Yoast SEO plugin v23.5 - https:\/\/yoast.com\/wordpress\/plugins\/seo\/ -->\n<title>Yoga S\u016btras I to IV - Edwin Bryant<\/title>\n<meta name=\"robots\" content=\"index, follow, max-snippet:-1, max-image-preview:large, max-video-preview:-1\" \/>\n<link rel=\"canonical\" href=\"https:\/\/sites.rutgers.edu\/edwin-bryant\/yoga-sutras\/\" \/>\n<meta property=\"og:locale\" content=\"en_US\" \/>\n<meta property=\"og:type\" content=\"article\" \/>\n<meta property=\"og:title\" content=\"Yoga S\u016btras I to IV - Edwin Bryant\" \/>\n<meta property=\"og:description\" content=\"Yoga S\u016btras I- 1 Yoga S\u016btras I- 2 Yoga S\u016btras I- 3 Yoga S\u016btras I- 4 &nbsp; Yoga S\u016btras II- 5 Yoga S\u016btras II- 6 Yoga S\u016btras II- 7 Yoga &hellip; Read More\" \/>\n<meta property=\"og:url\" content=\"https:\/\/sites.rutgers.edu\/edwin-bryant\/yoga-sutras\/\" \/>\n<meta property=\"og:site_name\" content=\"Edwin Bryant\" \/>\n<meta property=\"article:modified_time\" content=\"2024-09-08T00:18:12+00:00\" \/>\n<meta name=\"twitter:card\" content=\"summary_large_image\" \/>\n<script type=\"application\/ld+json\" class=\"yoast-schema-graph\">{\"@context\":\"https:\/\/schema.org\",\"@graph\":[{\"@type\":\"WebPage\",\"@id\":\"https:\/\/sites.rutgers.edu\/edwin-bryant\/yoga-sutras\/\",\"url\":\"https:\/\/sites.rutgers.edu\/edwin-bryant\/yoga-sutras\/\",\"name\":\"Yoga S\u016btras I to IV - Edwin Bryant\",\"isPartOf\":{\"@id\":\"https:\/\/sites.rutgers.edu\/edwin-bryant\/#website\"},\"datePublished\":\"2024-01-27T16:38:26+00:00\",\"dateModified\":\"2024-09-08T00:18:12+00:00\",\"breadcrumb\":{\"@id\":\"https:\/\/sites.rutgers.edu\/edwin-bryant\/yoga-sutras\/#breadcrumb\"},\"inLanguage\":\"en-US\",\"potentialAction\":[{\"@type\":\"ReadAction\",\"target\":[\"https:\/\/sites.rutgers.edu\/edwin-bryant\/yoga-sutras\/\"]}]},{\"@type\":\"BreadcrumbList\",\"@id\":\"https:\/\/sites.rutgers.edu\/edwin-bryant\/yoga-sutras\/#breadcrumb\",\"itemListElement\":[{\"@type\":\"ListItem\",\"position\":1,\"name\":\"Home\",\"item\":\"https:\/\/sites.rutgers.edu\/edwin-bryant\/\"},{\"@type\":\"ListItem\",\"position\":2,\"name\":\"Yoga S\u016btras I to IV\"}]},{\"@type\":\"WebSite\",\"@id\":\"https:\/\/sites.rutgers.edu\/edwin-bryant\/#website\",\"url\":\"https:\/\/sites.rutgers.edu\/edwin-bryant\/\",\"name\":\"Edwin Bryant\",\"description\":\"\",\"potentialAction\":[{\"@type\":\"SearchAction\",\"target\":{\"@type\":\"EntryPoint\",\"urlTemplate\":\"https:\/\/sites.rutgers.edu\/edwin-bryant\/?s={search_term_string}\"},\"query-input\":{\"@type\":\"PropertyValueSpecification\",\"valueRequired\":true,\"valueName\":\"search_term_string\"}}],\"inLanguage\":\"en-US\"}]}<\/script>\n<!-- \/ Yoast SEO plugin. -->","yoast_head_json":{"title":"Yoga S\u016btras I to IV - Edwin Bryant","robots":{"index":"index","follow":"follow","max-snippet":"max-snippet:-1","max-image-preview":"max-image-preview:large","max-video-preview":"max-video-preview:-1"},"canonical":"https:\/\/sites.rutgers.edu\/edwin-bryant\/yoga-sutras\/","og_locale":"en_US","og_type":"article","og_title":"Yoga S\u016btras I to IV - Edwin Bryant","og_description":"Yoga S\u016btras I- 1 Yoga S\u016btras I- 2 Yoga S\u016btras I- 3 Yoga S\u016btras I- 4 &nbsp; Yoga S\u016btras II- 5 Yoga S\u016btras II- 6 Yoga S\u016btras II- 7 Yoga &hellip; Read More","og_url":"https:\/\/sites.rutgers.edu\/edwin-bryant\/yoga-sutras\/","og_site_name":"Edwin Bryant","article_modified_time":"2024-09-08T00:18:12+00:00","twitter_card":"summary_large_image","schema":{"@context":"https:\/\/schema.org","@graph":[{"@type":"WebPage","@id":"https:\/\/sites.rutgers.edu\/edwin-bryant\/yoga-sutras\/","url":"https:\/\/sites.rutgers.edu\/edwin-bryant\/yoga-sutras\/","name":"Yoga S\u016btras I to IV - Edwin Bryant","isPartOf":{"@id":"https:\/\/sites.rutgers.edu\/edwin-bryant\/#website"},"datePublished":"2024-01-27T16:38:26+00:00","dateModified":"2024-09-08T00:18:12+00:00","breadcrumb":{"@id":"https:\/\/sites.rutgers.edu\/edwin-bryant\/yoga-sutras\/#breadcrumb"},"inLanguage":"en-US","potentialAction":[{"@type":"ReadAction","target":["https:\/\/sites.rutgers.edu\/edwin-bryant\/yoga-sutras\/"]}]},{"@type":"BreadcrumbList","@id":"https:\/\/sites.rutgers.edu\/edwin-bryant\/yoga-sutras\/#breadcrumb","itemListElement":[{"@type":"ListItem","position":1,"name":"Home","item":"https:\/\/sites.rutgers.edu\/edwin-bryant\/"},{"@type":"ListItem","position":2,"name":"Yoga S\u016btras I to IV"}]},{"@type":"WebSite","@id":"https:\/\/sites.rutgers.edu\/edwin-bryant\/#website","url":"https:\/\/sites.rutgers.edu\/edwin-bryant\/","name":"Edwin Bryant","description":"","potentialAction":[{"@type":"SearchAction","target":{"@type":"EntryPoint","urlTemplate":"https:\/\/sites.rutgers.edu\/edwin-bryant\/?s={search_term_string}"},"query-input":{"@type":"PropertyValueSpecification","valueRequired":true,"valueName":"search_term_string"}}],"inLanguage":"en-US"}]}},"_links":{"self":[{"href":"https:\/\/sites.rutgers.edu\/edwin-bryant\/wp-json\/wp\/v2\/pages\/2584"}],"collection":[{"href":"https:\/\/sites.rutgers.edu\/edwin-bryant\/wp-json\/wp\/v2\/pages"}],"about":[{"href":"https:\/\/sites.rutgers.edu\/edwin-bryant\/wp-json\/wp\/v2\/types\/page"}],"author":[{"embeddable":true,"href":"https:\/\/sites.rutgers.edu\/edwin-bryant\/wp-json\/wp\/v2\/users\/652"}],"replies":[{"embeddable":true,"href":"https:\/\/sites.rutgers.edu\/edwin-bryant\/wp-json\/wp\/v2\/comments?post=2584"}],"version-history":[{"count":41,"href":"https:\/\/sites.rutgers.edu\/edwin-bryant\/wp-json\/wp\/v2\/pages\/2584\/revisions"}],"predecessor-version":[{"id":3058,"href":"https:\/\/sites.rutgers.edu\/edwin-bryant\/wp-json\/wp\/v2\/pages\/2584\/revisions\/3058"}],"wp:attachment":[{"href":"https:\/\/sites.rutgers.edu\/edwin-bryant\/wp-json\/wp\/v2\/media?parent=2584"}],"curies":[{"name":"wp","href":"https:\/\/api.w.org\/{rel}","templated":true}]}}