{"id":3322,"date":"2025-09-13T21:52:24","date_gmt":"2025-09-13T21:52:24","guid":{"rendered":"https:\/\/sites.rutgers.edu\/edwin-bryant\/?page_id=3322"},"modified":"2026-04-12T20:14:21","modified_gmt":"2026-04-12T20:14:21","slug":"bhagavad-gita-grammar-analysis","status":"publish","type":"page","link":"https:\/\/sites.rutgers.edu\/edwin-bryant\/bhagavad-gita-grammar-analysis\/","title":{"rendered":"Bhagavad-G\u012bt\u0101 Grammatical Analysis videos"},"content":{"rendered":"<h5>\u00a0<span style=\"color: #008000\"><a style=\"color: #008000\" href=\"https:\/\/sites.rutgers.edu\/edwin-bryant\/sanskrit-course-videos\/\" target=\"_blank\" rel=\"noopener\">(with a focus on the Grammar of Robert P. Goldman :Devav\u0101n\u012bprave\u015bik\u0101)<\/a><\/span><\/h5>\n<p>&nbsp;<\/p>\n<h4 class=\"p1\"><span style=\"color: #008000\"><a style=\"color: #008000\" href=\"https:\/\/rutgers.mediaspace.kaltura.com\/media\/t\/1_fevdasot\" target=\"_blank\" rel=\"noopener\">Student Introductions<\/a><\/span><\/h4>\n<h4 class=\"p1\"><em><strong><span style=\"color: #008000\">Chapter 2: <\/span><\/strong><\/em><\/h4>\n<h4 class=\"p1\"><span style=\"color: #008000\"><a style=\"color: #008000\" href=\"https:\/\/rutgers.mediaspace.kaltura.com\/media\/t\/1_7cji591z\" target=\"_blank\" rel=\"noopener\">12-14<\/a><\/span><\/h4>\n<h4 class=\"p1\"><span style=\"color: #008000\"><a style=\"color: #008000\" href=\"https:\/\/rutgers.mediaspace.kaltura.com\/media\/t\/1_nopg9b5k\" target=\"_blank\" rel=\"noopener\">15-16<\/a><\/span><\/h4>\n<h4 class=\"p1\"><span style=\"color: #008000\"><a style=\"color: #008000\" href=\"https:\/\/rutgers.mediaspace.kaltura.com\/media\/t\/1_sq9yg0fz\" target=\"_blank\" rel=\"noopener\">16-18<\/a><\/span><\/h4>\n<h4 class=\"p1\"><span style=\"color: #008000\"><a style=\"color: #008000\" href=\"https:\/\/rutgers.mediaspace.kaltura.com\/media\/t\/1_gzlqeum0\" target=\"_blank\" rel=\"noopener\">19-20<\/a><\/span><\/h4>\n<h4 class=\"p1\"><span style=\"color: #008000\"><a style=\"color: #008000\" href=\"https:\/\/rutgers.mediaspace.kaltura.com\/media\/t\/1_tp6kahqs\" target=\"_blank\" rel=\"noopener\">20-21<\/a><\/span><\/h4>\n<h4 class=\"p1\"><span style=\"color: #008000\"><a style=\"color: #008000\" href=\"https:\/\/rutgers.mediaspace.kaltura.com\/media\/1_2ejvt1cu\" target=\"_blank\" rel=\"noopener\">22-23<\/a><\/span><\/h4>\n<h4 class=\"p1\"><span style=\"color: #008000\"><a style=\"color: #008000\" href=\"https:\/\/rutgers.mediaspace.kaltura.com\/media\/1_rk234pu6\" target=\"_blank\" rel=\"noopener\">24-25<\/a><\/span><\/h4>\n<h4 class=\"p1\"><span style=\"color: #008000\"><a style=\"color: #008000\" href=\"https:\/\/rutgers.mediaspace.kaltura.com\/media\/1_8roo73tk\" target=\"_blank\" rel=\"noopener\">25-26<\/a><\/span><\/h4>\n<h4 class=\"p1\"><span style=\"color: #008000\"><a style=\"color: #008000\" href=\"https:\/\/rutgers.mediaspace.kaltura.com\/media\/1_0j1s67k2\" target=\"_blank\" rel=\"noopener\">27-28<\/a><\/span><\/h4>\n<h4 class=\"p1\"><span style=\"color: #008000\"><a style=\"color: #008000\" href=\"https:\/\/rutgers.mediaspace.kaltura.com\/media\/1_ljeqb1n0\" target=\"_blank\" rel=\"noopener\">30-31<\/a><\/span><\/h4>\n<h4 class=\"p1\"><span style=\"color: #008000\"><a style=\"color: #008000\" href=\"https:\/\/rutgers.mediaspace.kaltura.com\/media\/1_d9gim5nh\" target=\"_blank\" rel=\"noopener\">32-33<\/a><\/span><\/h4>\n<h4 class=\"p1\"><span style=\"color: #008000\"><a style=\"color: #008000\" href=\"https:\/\/rutgers.mediaspace.kaltura.com\/media\/1_7toelo62\" target=\"_blank\" rel=\"noopener\">34-35<\/a><\/span><\/h4>\n<h4 class=\"p1\"><span style=\"color: #008000\"><a style=\"color: #008000\" href=\"https:\/\/rutgers.mediaspace.kaltura.com\/media\/1_y8g4k0v4\" target=\"_blank\" rel=\"noopener\">36-37<\/a><\/span><\/h4>\n<h4><a href=\"https:\/\/rutgers.mediaspace.kaltura.com\/media\/1_px11ikw1\" target=\"_blank\" rel=\"noopener\"><span style=\"color: #008000\">38-39<\/span><\/a><\/h4>\n<h4><a href=\"https:\/\/rutgers.mediaspace.kaltura.com\/media\/1_l0hzppbg\" target=\"_blank\" rel=\"noopener\"><span style=\"color: #008000\">39-40<\/span><\/a><\/h4>\n<h4><a href=\"https:\/\/rutgers.mediaspace.kaltura.com\/media\/1_3q1gdlkk\" target=\"_blank\" rel=\"noopener\"><span style=\"color: #008000\">41-42<\/span><\/a><\/h4>\n<h4><a href=\"https:\/\/rutgers.mediaspace.kaltura.com\/media\/1_c80fz9ug\" target=\"_blank\" rel=\"noopener\"><span style=\"color: #008000\">44-45<\/span><\/a><\/h4>\n<h4><a href=\"https:\/\/rutgers.mediaspace.kaltura.com\/media\/1_eqtuo3j3\" target=\"_blank\" rel=\"noopener\"><span style=\"color: #008000\">46<\/span><\/a><\/h4>\n<h4><a href=\"https:\/\/rutgers.mediaspace.kaltura.com\/media\/1_6jyyv4c6\" target=\"_blank\" rel=\"noopener\"><span style=\"color: #008000\">47-48<\/span><\/a><\/h4>\n<h4><a href=\"https:\/\/rutgers.mediaspace.kaltura.com\/media\/1_vafu3uqb\" target=\"_blank\" rel=\"noopener\"><span style=\"color: #008000\">49-50<\/span><\/a><\/h4>\n<h4><span style=\"color: #008000\">51-52<\/span><\/h4>\n<h4><span style=\"color: #008000\">53-54<\/span><\/h4>\n<h4 class=\"p1\"><\/h4>\n","protected":false},"excerpt":{"rendered":"<p>\u00a0(with a focus on the Grammar of Robert P. Goldman :Devav\u0101n\u012bprave\u015bik\u0101) &nbsp; Student Introductions Chapter 2: 12-14 15-16 16-18 19-20 20-21 22-23 24-25 25-26 27-28 30-31 32-33 34-35 36-37 38-39 &hellip; <a href=\"https:\/\/sites.rutgers.edu\/edwin-bryant\/bhagavad-gita-grammar-analysis\/\" class=\"\">Read More<\/a><\/p>\n","protected":false},"author":1769,"featured_media":0,"parent":0,"menu_order":0,"comment_status":"closed","ping_status":"closed","template":"template-custom.php","meta":{"_acf_changed":false,"footnotes":""},"class_list":["post-3322","page","type-page","status-publish","hentry"],"acf":[],"yoast_head":"<!-- This site is optimized with the Yoast SEO plugin v23.5 - https:\/\/yoast.com\/wordpress\/plugins\/seo\/ -->\n<title>Bhagavad-G\u012bt\u0101 Grammatical Analysis videos - Edwin Bryant<\/title>\n<meta name=\"robots\" content=\"index, follow, max-snippet:-1, max-image-preview:large, max-video-preview:-1\" \/>\n<link rel=\"canonical\" href=\"https:\/\/sites.rutgers.edu\/edwin-bryant\/bhagavad-gita-grammar-analysis\/\" \/>\n<meta property=\"og:locale\" content=\"en_US\" \/>\n<meta property=\"og:type\" content=\"article\" \/>\n<meta property=\"og:title\" content=\"Bhagavad-G\u012bt\u0101 Grammatical Analysis videos - Edwin Bryant\" \/>\n<meta property=\"og:description\" content=\"\u00a0(with a focus on the Grammar of Robert P. Goldman :Devav\u0101n\u012bprave\u015bik\u0101) &nbsp; Student Introductions Chapter 2: 12-14 15-16 16-18 19-20 20-21 22-23 24-25 25-26 27-28 30-31 32-33 34-35 36-37 38-39 &hellip; Read More\" \/>\n<meta property=\"og:url\" content=\"https:\/\/sites.rutgers.edu\/edwin-bryant\/bhagavad-gita-grammar-analysis\/\" \/>\n<meta property=\"og:site_name\" content=\"Edwin Bryant\" \/>\n<meta property=\"article:modified_time\" content=\"2026-04-12T20:14:21+00:00\" \/>\n<meta name=\"twitter:card\" content=\"summary_large_image\" \/>\n<meta name=\"twitter:label1\" content=\"Est. reading time\" \/>\n\t<meta name=\"twitter:data1\" content=\"1 minute\" \/>\n<script type=\"application\/ld+json\" class=\"yoast-schema-graph\">{\"@context\":\"https:\/\/schema.org\",\"@graph\":[{\"@type\":\"WebPage\",\"@id\":\"https:\/\/sites.rutgers.edu\/edwin-bryant\/bhagavad-gita-grammar-analysis\/\",\"url\":\"https:\/\/sites.rutgers.edu\/edwin-bryant\/bhagavad-gita-grammar-analysis\/\",\"name\":\"Bhagavad-G\u012bt\u0101 Grammatical Analysis videos - Edwin Bryant\",\"isPartOf\":{\"@id\":\"https:\/\/sites.rutgers.edu\/edwin-bryant\/#website\"},\"datePublished\":\"2025-09-13T21:52:24+00:00\",\"dateModified\":\"2026-04-12T20:14:21+00:00\",\"breadcrumb\":{\"@id\":\"https:\/\/sites.rutgers.edu\/edwin-bryant\/bhagavad-gita-grammar-analysis\/#breadcrumb\"},\"inLanguage\":\"en-US\",\"potentialAction\":[{\"@type\":\"ReadAction\",\"target\":[\"https:\/\/sites.rutgers.edu\/edwin-bryant\/bhagavad-gita-grammar-analysis\/\"]}]},{\"@type\":\"BreadcrumbList\",\"@id\":\"https:\/\/sites.rutgers.edu\/edwin-bryant\/bhagavad-gita-grammar-analysis\/#breadcrumb\",\"itemListElement\":[{\"@type\":\"ListItem\",\"position\":1,\"name\":\"Home\",\"item\":\"https:\/\/sites.rutgers.edu\/edwin-bryant\/\"},{\"@type\":\"ListItem\",\"position\":2,\"name\":\"Bhagavad-G\u012bt\u0101 Grammatical Analysis videos\"}]},{\"@type\":\"WebSite\",\"@id\":\"https:\/\/sites.rutgers.edu\/edwin-bryant\/#website\",\"url\":\"https:\/\/sites.rutgers.edu\/edwin-bryant\/\",\"name\":\"Edwin Bryant\",\"description\":\"\",\"potentialAction\":[{\"@type\":\"SearchAction\",\"target\":{\"@type\":\"EntryPoint\",\"urlTemplate\":\"https:\/\/sites.rutgers.edu\/edwin-bryant\/?s={search_term_string}\"},\"query-input\":{\"@type\":\"PropertyValueSpecification\",\"valueRequired\":true,\"valueName\":\"search_term_string\"}}],\"inLanguage\":\"en-US\"}]}<\/script>\n<!-- \/ Yoast SEO plugin. -->","yoast_head_json":{"title":"Bhagavad-G\u012bt\u0101 Grammatical Analysis videos - Edwin Bryant","robots":{"index":"index","follow":"follow","max-snippet":"max-snippet:-1","max-image-preview":"max-image-preview:large","max-video-preview":"max-video-preview:-1"},"canonical":"https:\/\/sites.rutgers.edu\/edwin-bryant\/bhagavad-gita-grammar-analysis\/","og_locale":"en_US","og_type":"article","og_title":"Bhagavad-G\u012bt\u0101 Grammatical Analysis videos - Edwin Bryant","og_description":"\u00a0(with a focus on the Grammar of Robert P. Goldman :Devav\u0101n\u012bprave\u015bik\u0101) &nbsp; Student Introductions Chapter 2: 12-14 15-16 16-18 19-20 20-21 22-23 24-25 25-26 27-28 30-31 32-33 34-35 36-37 38-39 &hellip; Read More","og_url":"https:\/\/sites.rutgers.edu\/edwin-bryant\/bhagavad-gita-grammar-analysis\/","og_site_name":"Edwin Bryant","article_modified_time":"2026-04-12T20:14:21+00:00","twitter_card":"summary_large_image","twitter_misc":{"Est. reading time":"1 minute"},"schema":{"@context":"https:\/\/schema.org","@graph":[{"@type":"WebPage","@id":"https:\/\/sites.rutgers.edu\/edwin-bryant\/bhagavad-gita-grammar-analysis\/","url":"https:\/\/sites.rutgers.edu\/edwin-bryant\/bhagavad-gita-grammar-analysis\/","name":"Bhagavad-G\u012bt\u0101 Grammatical Analysis videos - Edwin Bryant","isPartOf":{"@id":"https:\/\/sites.rutgers.edu\/edwin-bryant\/#website"},"datePublished":"2025-09-13T21:52:24+00:00","dateModified":"2026-04-12T20:14:21+00:00","breadcrumb":{"@id":"https:\/\/sites.rutgers.edu\/edwin-bryant\/bhagavad-gita-grammar-analysis\/#breadcrumb"},"inLanguage":"en-US","potentialAction":[{"@type":"ReadAction","target":["https:\/\/sites.rutgers.edu\/edwin-bryant\/bhagavad-gita-grammar-analysis\/"]}]},{"@type":"BreadcrumbList","@id":"https:\/\/sites.rutgers.edu\/edwin-bryant\/bhagavad-gita-grammar-analysis\/#breadcrumb","itemListElement":[{"@type":"ListItem","position":1,"name":"Home","item":"https:\/\/sites.rutgers.edu\/edwin-bryant\/"},{"@type":"ListItem","position":2,"name":"Bhagavad-G\u012bt\u0101 Grammatical Analysis videos"}]},{"@type":"WebSite","@id":"https:\/\/sites.rutgers.edu\/edwin-bryant\/#website","url":"https:\/\/sites.rutgers.edu\/edwin-bryant\/","name":"Edwin Bryant","description":"","potentialAction":[{"@type":"SearchAction","target":{"@type":"EntryPoint","urlTemplate":"https:\/\/sites.rutgers.edu\/edwin-bryant\/?s={search_term_string}"},"query-input":{"@type":"PropertyValueSpecification","valueRequired":true,"valueName":"search_term_string"}}],"inLanguage":"en-US"}]}},"_links":{"self":[{"href":"https:\/\/sites.rutgers.edu\/edwin-bryant\/wp-json\/wp\/v2\/pages\/3322"}],"collection":[{"href":"https:\/\/sites.rutgers.edu\/edwin-bryant\/wp-json\/wp\/v2\/pages"}],"about":[{"href":"https:\/\/sites.rutgers.edu\/edwin-bryant\/wp-json\/wp\/v2\/types\/page"}],"author":[{"embeddable":true,"href":"https:\/\/sites.rutgers.edu\/edwin-bryant\/wp-json\/wp\/v2\/users\/1769"}],"replies":[{"embeddable":true,"href":"https:\/\/sites.rutgers.edu\/edwin-bryant\/wp-json\/wp\/v2\/comments?post=3322"}],"version-history":[{"count":35,"href":"https:\/\/sites.rutgers.edu\/edwin-bryant\/wp-json\/wp\/v2\/pages\/3322\/revisions"}],"predecessor-version":[{"id":3557,"href":"https:\/\/sites.rutgers.edu\/edwin-bryant\/wp-json\/wp\/v2\/pages\/3322\/revisions\/3557"}],"wp:attachment":[{"href":"https:\/\/sites.rutgers.edu\/edwin-bryant\/wp-json\/wp\/v2\/media?parent=3322"}],"curies":[{"name":"wp","href":"https:\/\/api.w.org\/{rel}","templated":true}]}}