{"id":37,"date":"2017-12-06T15:25:00","date_gmt":"2017-12-06T15:25:00","guid":{"rendered":"http:\/\/sites.rutgers.edu\/professor-example\/?page_id=37"},"modified":"2025-08-30T23:41:32","modified_gmt":"2025-08-30T23:41:32","slug":"about","status":"publish","type":"page","link":"https:\/\/sites.rutgers.edu\/edwin-bryant\/about\/","title":{"rendered":"Edwin Bryant"},"content":{"rendered":"<p>Click to download Edwin Bryant&#8217;s <a href=\"http:\/\/sites.rutgers.edu\/edwin-bryant\/wp-content\/uploads\/sites\/169\/2019\/10\/edwinbryant_cv.pdf\" target=\"_blank\" rel=\"noopener noreferrer\">professional CV<\/a>.<\/p>\n<p><img loading=\"lazy\" decoding=\"async\" class=\"size-medium wp-image-1700 alignleft\" src=\"http:\/\/sites.rutgers.edu\/edwin-bryant\/wp-content\/uploads\/sites\/169\/2021\/10\/edwin-rutgers-300x198.jpg\" alt=\"\" width=\"300\" height=\"198\" srcset=\"https:\/\/sites.rutgers.edu\/edwin-bryant\/wp-content\/uploads\/sites\/169\/2021\/10\/edwin-rutgers-300x198.jpg 300w, https:\/\/sites.rutgers.edu\/edwin-bryant\/wp-content\/uploads\/sites\/169\/2021\/10\/edwin-rutgers-1024x677.jpg 1024w, https:\/\/sites.rutgers.edu\/edwin-bryant\/wp-content\/uploads\/sites\/169\/2021\/10\/edwin-rutgers-768x508.jpg 768w, https:\/\/sites.rutgers.edu\/edwin-bryant\/wp-content\/uploads\/sites\/169\/2021\/10\/edwin-rutgers.jpg 1026w\" sizes=\"(max-width: 300px) 100vw, 300px\" \/><\/p>\n<p>Edwin Bryant received his Ph.D in Indic languages and Cultures from Columbia University, where his thesis culminated in his first book: <a href=\"http:\/\/sites.rutgers.edu\/edwin-bryant\/quests\/\"><em>The Quest for the Origins of Vedic Culture<\/em><\/a>\u00a0(Oxford University Press, 2001). He taught Hinduism at Harvard University for three years, and is presently the professor of Hinduism at Rutgers University where he teaches <a href=\"http:\/\/sites.rutgers.edu\/edwin-bryant\/courses\/\">courses<\/a> on Hindu philosophy and religion. He has published eight <a href=\"http:\/\/sites.rutgers.edu\/edwin-bryant\/books\/\">books<\/a>, and authored a number of <a href=\"http:\/\/sites.rutgers.edu\/edwin-bryant\/academic-articles\/\">articles<\/a> on the earliest origins of the Vedic culture, <em>yoga <\/em>philosophy, and the Krishna tradition. These include a Penguin World Classics translation of the story of Krishna\u2019s incarnation, from its traditional source the <a href=\"http:\/\/sites.rutgers.edu\/edwin-bryant\/penguinkrishna\/\"><em>\u015ar\u012bmad Bh\u0101gavata Pur\u0101\u1e47a<\/em><\/a>.<\/p>\n<p><img loading=\"lazy\" decoding=\"async\" class=\"size-full wp-image-338 alignright\" src=\"http:\/\/sites.rutgers.edu\/edwin-bryant\/wp-content\/uploads\/sites\/169\/2019\/09\/Edwin_Teaching.jpg\" alt=\"\" width=\"252\" height=\"185\" \/><span style=\"font-size: 1rem\">As a personal practitioner of <\/span><em style=\"font-size: 1rem\">bhakti<\/em> <em style=\"font-size: 1rem\">yoga<\/em><span style=\"font-size: 1rem\"> for over 45 years, a number of them spent in India studying with traditional teachers, where he returns yearly, Edwin strives to combine academic scholarship and rigor with appreciation towards traditional knowledge systems. His teaching method is to allow the ancient texts to speak in their own voice and through their own terms and categories. In addition to his academic course load, Edwin currently teaches weekend <\/span><a style=\"font-size: 1rem;background-color: #ffffff\" href=\"http:\/\/sites.rutgers.edu\/edwin-bryant\/workshop-schedule\/\">workshops<\/a><span style=\"font-size: 1rem\"> on the <\/span><em style=\"font-size: 1rem\">Yoga S\u016btras<\/em><span style=\"font-size: 1rem\">, <\/span><em style=\"font-size: 1rem\">Bhagavad G\u012bt\u0101<\/em><span style=\"font-size: 1rem\">, and Hindu Philosophy at yoga studios and teacher training courses throughout the country.<\/span><\/p>\n<p>Edwin&#8217;s translation of and commentary on the <em><a href=\"http:\/\/sites.rutgers.edu\/edwin-bryant\/books\/\">Yoga S\u016btras of Pata\u00f1jali<\/a><\/em>\u00a0(Farrar, Straus &amp; Giroux, 2009) is specifically dedicated to contributing to the growing body of literature on <em>yoga<\/em> by providing insights from the major pre-modern commentaries on the text with a view to grounding the teachings in their traditional context. Edwin&#8217;s most recent published work is a sequel to this by the same publisher entitled <em><a href=\"http:\/\/sites.rutgers.edu\/edwin-bryant\/books\/\">Bhakti Yoga: Tales and Teachings from the Bh\u0101gavata Pur\u0101\u1e47a<\/a><\/em>\u00a0(Farrar, Straus &amp; Giroux, 2017)<em>.<\/em> This work, too, seeks to ground the practices of <em>bhakti<\/em> in the traditional Krishna-centered framework of the Vrindavan devotional traditions.<\/p>\n<p>Edwin is presently working on a translation of the <em>Bhagavad G\u012bt\u0101<\/em> with a commentary based on the insights of the principle traditional commentators (viz, in the same vein as the<em>Yoga S\u016btras<\/em>\u00a0commentary). The <em>G\u012bt\u0101<\/em><em>&#8216;<\/em>s teachings in many ways serve as a link between those of the<em>Yoga S\u016btras<\/em> and those of the <em>Bh\u0101gavata Pur\u0101\u1e47a<\/em>\u00a0in the Bhakti Yoga volume, and upon completion will conclude Edwin&#8217;s vision of a Trilogy of Yoga texts offered to scholars, students, practitioners, and the intellectually curious.<\/p>\n<div>He is also co-authoring a book entitled &#8216;In Defense of a God with Form,&#8217; and working with his sister on translating his Penguin translation of the 10th book of the Bh\u0101gavata Pur\u0101\u1e47a into Italian (their mother language).<\/div>\n<p>&nbsp;<\/p>\n<h4 style=\"text-align: center\"><a href=\"https:\/\/cdnapisec.kaltura.com\/p\/879252\/sp\/87925200\/playManifest\/entryId\/1_nm9ukkvu\/flavorId\/1_lijfxzu2\/format\/url\/protocol\/http\/a.mp4\" target=\"_blank\" rel=\"noopener noreferrer\">Edwin&#8217;s Puja Room<\/a><\/h4>\n<h4 style=\"text-align: center\"><a href=\"https:\/\/www.youtube.com\/watch?v=aBBfqZXcIUU&amp;ab_channel=KeenonYoga\">Edwin&#8217;s Spiritual Journey Part I: Hitchhiking Overland to India<\/a><\/h4>\n<h4 style=\"text-align: center\"><a href=\"https:\/\/www.youtube.com\/watch?v=VUy6B1vmYAU&amp;t=8s&amp;ab_channel=KeenonYoga\">Edwin&#8217;s Spiritual Journey Part II: Finding Krishna<\/a><\/h4>\n","protected":false},"excerpt":{"rendered":"<p>Click to download Edwin Bryant&#8217;s professional CV. Edwin Bryant received his Ph.D in Indic languages and Cultures from Columbia University, where his thesis culminated in his first book: The Quest &hellip; <a href=\"https:\/\/sites.rutgers.edu\/edwin-bryant\/about\/\" class=\"\">Read More<\/a><\/p>\n","protected":false},"author":11,"featured_media":0,"parent":0,"menu_order":0,"comment_status":"closed","ping_status":"closed","template":"template-custom.php","meta":{"_acf_changed":false,"footnotes":""},"class_list":["post-37","page","type-page","status-publish","hentry"],"acf":[],"yoast_head":"<!-- This site is optimized with the Yoast SEO plugin v23.5 - https:\/\/yoast.com\/wordpress\/plugins\/seo\/ -->\n<title>Edwin Bryant - Edwin Bryant<\/title>\n<meta name=\"robots\" content=\"index, follow, max-snippet:-1, max-image-preview:large, max-video-preview:-1\" \/>\n<link rel=\"canonical\" href=\"https:\/\/sites.rutgers.edu\/edwin-bryant\/about\/\" \/>\n<meta property=\"og:locale\" content=\"en_US\" \/>\n<meta property=\"og:type\" content=\"article\" \/>\n<meta property=\"og:title\" content=\"Edwin Bryant - Edwin Bryant\" \/>\n<meta property=\"og:description\" content=\"Click to download Edwin Bryant&#8217;s professional CV. Edwin Bryant received his Ph.D in Indic languages and Cultures from Columbia University, where his thesis culminated in his first book: The Quest &hellip; Read More\" \/>\n<meta property=\"og:url\" content=\"https:\/\/sites.rutgers.edu\/edwin-bryant\/about\/\" \/>\n<meta property=\"og:site_name\" content=\"Edwin Bryant\" \/>\n<meta property=\"article:modified_time\" content=\"2025-08-30T23:41:32+00:00\" \/>\n<meta property=\"og:image\" content=\"http:\/\/sites.rutgers.edu\/edwin-bryant\/wp-content\/uploads\/sites\/169\/2021\/10\/edwin-rutgers-300x198.jpg\" \/>\n<meta name=\"twitter:card\" content=\"summary_large_image\" \/>\n<meta name=\"twitter:label1\" content=\"Est. reading time\" \/>\n\t<meta name=\"twitter:data1\" content=\"2 minutes\" \/>\n<script type=\"application\/ld+json\" class=\"yoast-schema-graph\">{\"@context\":\"https:\/\/schema.org\",\"@graph\":[{\"@type\":\"WebPage\",\"@id\":\"https:\/\/sites.rutgers.edu\/edwin-bryant\/about\/\",\"url\":\"https:\/\/sites.rutgers.edu\/edwin-bryant\/about\/\",\"name\":\"Edwin Bryant - Edwin Bryant\",\"isPartOf\":{\"@id\":\"https:\/\/sites.rutgers.edu\/edwin-bryant\/#website\"},\"primaryImageOfPage\":{\"@id\":\"https:\/\/sites.rutgers.edu\/edwin-bryant\/about\/#primaryimage\"},\"image\":{\"@id\":\"https:\/\/sites.rutgers.edu\/edwin-bryant\/about\/#primaryimage\"},\"thumbnailUrl\":\"http:\/\/sites.rutgers.edu\/edwin-bryant\/wp-content\/uploads\/sites\/169\/2021\/10\/edwin-rutgers-300x198.jpg\",\"datePublished\":\"2017-12-06T15:25:00+00:00\",\"dateModified\":\"2025-08-30T23:41:32+00:00\",\"breadcrumb\":{\"@id\":\"https:\/\/sites.rutgers.edu\/edwin-bryant\/about\/#breadcrumb\"},\"inLanguage\":\"en-US\",\"potentialAction\":[{\"@type\":\"ReadAction\",\"target\":[\"https:\/\/sites.rutgers.edu\/edwin-bryant\/about\/\"]}]},{\"@type\":\"ImageObject\",\"inLanguage\":\"en-US\",\"@id\":\"https:\/\/sites.rutgers.edu\/edwin-bryant\/about\/#primaryimage\",\"url\":\"https:\/\/sites.rutgers.edu\/edwin-bryant\/wp-content\/uploads\/sites\/169\/2021\/10\/edwin-rutgers.jpg\",\"contentUrl\":\"https:\/\/sites.rutgers.edu\/edwin-bryant\/wp-content\/uploads\/sites\/169\/2021\/10\/edwin-rutgers.jpg\",\"width\":1026,\"height\":678},{\"@type\":\"BreadcrumbList\",\"@id\":\"https:\/\/sites.rutgers.edu\/edwin-bryant\/about\/#breadcrumb\",\"itemListElement\":[{\"@type\":\"ListItem\",\"position\":1,\"name\":\"Home\",\"item\":\"https:\/\/sites.rutgers.edu\/edwin-bryant\/\"},{\"@type\":\"ListItem\",\"position\":2,\"name\":\"Edwin Bryant\"}]},{\"@type\":\"WebSite\",\"@id\":\"https:\/\/sites.rutgers.edu\/edwin-bryant\/#website\",\"url\":\"https:\/\/sites.rutgers.edu\/edwin-bryant\/\",\"name\":\"Edwin Bryant\",\"description\":\"\",\"potentialAction\":[{\"@type\":\"SearchAction\",\"target\":{\"@type\":\"EntryPoint\",\"urlTemplate\":\"https:\/\/sites.rutgers.edu\/edwin-bryant\/?s={search_term_string}\"},\"query-input\":{\"@type\":\"PropertyValueSpecification\",\"valueRequired\":true,\"valueName\":\"search_term_string\"}}],\"inLanguage\":\"en-US\"}]}<\/script>\n<!-- \/ Yoast SEO plugin. -->","yoast_head_json":{"title":"Edwin Bryant - Edwin Bryant","robots":{"index":"index","follow":"follow","max-snippet":"max-snippet:-1","max-image-preview":"max-image-preview:large","max-video-preview":"max-video-preview:-1"},"canonical":"https:\/\/sites.rutgers.edu\/edwin-bryant\/about\/","og_locale":"en_US","og_type":"article","og_title":"Edwin Bryant - Edwin Bryant","og_description":"Click to download Edwin Bryant&#8217;s professional CV. Edwin Bryant received his Ph.D in Indic languages and Cultures from Columbia University, where his thesis culminated in his first book: The Quest &hellip; Read More","og_url":"https:\/\/sites.rutgers.edu\/edwin-bryant\/about\/","og_site_name":"Edwin Bryant","article_modified_time":"2025-08-30T23:41:32+00:00","og_image":[{"url":"http:\/\/sites.rutgers.edu\/edwin-bryant\/wp-content\/uploads\/sites\/169\/2021\/10\/edwin-rutgers-300x198.jpg"}],"twitter_card":"summary_large_image","twitter_misc":{"Est. reading time":"2 minutes"},"schema":{"@context":"https:\/\/schema.org","@graph":[{"@type":"WebPage","@id":"https:\/\/sites.rutgers.edu\/edwin-bryant\/about\/","url":"https:\/\/sites.rutgers.edu\/edwin-bryant\/about\/","name":"Edwin Bryant - Edwin Bryant","isPartOf":{"@id":"https:\/\/sites.rutgers.edu\/edwin-bryant\/#website"},"primaryImageOfPage":{"@id":"https:\/\/sites.rutgers.edu\/edwin-bryant\/about\/#primaryimage"},"image":{"@id":"https:\/\/sites.rutgers.edu\/edwin-bryant\/about\/#primaryimage"},"thumbnailUrl":"http:\/\/sites.rutgers.edu\/edwin-bryant\/wp-content\/uploads\/sites\/169\/2021\/10\/edwin-rutgers-300x198.jpg","datePublished":"2017-12-06T15:25:00+00:00","dateModified":"2025-08-30T23:41:32+00:00","breadcrumb":{"@id":"https:\/\/sites.rutgers.edu\/edwin-bryant\/about\/#breadcrumb"},"inLanguage":"en-US","potentialAction":[{"@type":"ReadAction","target":["https:\/\/sites.rutgers.edu\/edwin-bryant\/about\/"]}]},{"@type":"ImageObject","inLanguage":"en-US","@id":"https:\/\/sites.rutgers.edu\/edwin-bryant\/about\/#primaryimage","url":"https:\/\/sites.rutgers.edu\/edwin-bryant\/wp-content\/uploads\/sites\/169\/2021\/10\/edwin-rutgers.jpg","contentUrl":"https:\/\/sites.rutgers.edu\/edwin-bryant\/wp-content\/uploads\/sites\/169\/2021\/10\/edwin-rutgers.jpg","width":1026,"height":678},{"@type":"BreadcrumbList","@id":"https:\/\/sites.rutgers.edu\/edwin-bryant\/about\/#breadcrumb","itemListElement":[{"@type":"ListItem","position":1,"name":"Home","item":"https:\/\/sites.rutgers.edu\/edwin-bryant\/"},{"@type":"ListItem","position":2,"name":"Edwin Bryant"}]},{"@type":"WebSite","@id":"https:\/\/sites.rutgers.edu\/edwin-bryant\/#website","url":"https:\/\/sites.rutgers.edu\/edwin-bryant\/","name":"Edwin Bryant","description":"","potentialAction":[{"@type":"SearchAction","target":{"@type":"EntryPoint","urlTemplate":"https:\/\/sites.rutgers.edu\/edwin-bryant\/?s={search_term_string}"},"query-input":{"@type":"PropertyValueSpecification","valueRequired":true,"valueName":"search_term_string"}}],"inLanguage":"en-US"}]}},"_links":{"self":[{"href":"https:\/\/sites.rutgers.edu\/edwin-bryant\/wp-json\/wp\/v2\/pages\/37"}],"collection":[{"href":"https:\/\/sites.rutgers.edu\/edwin-bryant\/wp-json\/wp\/v2\/pages"}],"about":[{"href":"https:\/\/sites.rutgers.edu\/edwin-bryant\/wp-json\/wp\/v2\/types\/page"}],"author":[{"embeddable":true,"href":"https:\/\/sites.rutgers.edu\/edwin-bryant\/wp-json\/wp\/v2\/users\/11"}],"replies":[{"embeddable":true,"href":"https:\/\/sites.rutgers.edu\/edwin-bryant\/wp-json\/wp\/v2\/comments?post=37"}],"version-history":[{"count":35,"href":"https:\/\/sites.rutgers.edu\/edwin-bryant\/wp-json\/wp\/v2\/pages\/37\/revisions"}],"predecessor-version":[{"id":3264,"href":"https:\/\/sites.rutgers.edu\/edwin-bryant\/wp-json\/wp\/v2\/pages\/37\/revisions\/3264"}],"wp:attachment":[{"href":"https:\/\/sites.rutgers.edu\/edwin-bryant\/wp-json\/wp\/v2\/media?parent=37"}],"curies":[{"name":"wp","href":"https:\/\/api.w.org\/{rel}","templated":true}]}}