{"id":766,"date":"2020-03-24T21:21:32","date_gmt":"2020-03-24T21:21:32","guid":{"rendered":"http:\/\/sites.rutgers.edu\/edwin-bryant\/?page_id=766"},"modified":"2020-08-16T16:06:48","modified_gmt":"2020-08-16T16:06:48","slug":"vedanta-sutras-course-videos","status":"publish","type":"page","link":"https:\/\/sites.rutgers.edu\/edwin-bryant\/vedanta-sutras-course-videos\/","title":{"rendered":"Ved\u0101nta S\u016btras Course Videos"},"content":{"rendered":"<h4><a href=\"https:\/\/cdnapisec.kaltura.com\/p\/879252\/sp\/87925200\/playManifest\/entryId\/1_qneofycd\/flavorId\/1_y6ymar4m\/format\/url\/protocol\/http\/a.mp4\" target=\"_blank\" rel=\"noopener noreferrer\">Adhy\u0101ya 1: Prerequisites into the enquiry into Brahman: I.1.1<\/a><\/h4>\n<h4><a href=\"https:\/\/cdnapisec.kaltura.com\/p\/879252\/sp\/87925200\/playManifest\/entryId\/1_q9zali7u\/flavorId\/1_umyl1us9\/format\/url\/protocol\/http\/a.mp4\" target=\"_blank\" rel=\"noopener noreferrer\">Adhy\u0101ya 1: Definition of Brahman: I.1.2<\/a><\/h4>\n<h4><a href=\"https:\/\/cdnapisec.kaltura.com\/p\/879252\/sp\/87925200\/playManifest\/entryId\/1_t9lgko0q\/flavorId\/1_uvzxaxxs\/format\/url\/protocol\/http\/a.mp4\" target=\"_blank\" rel=\"noopener noreferrer\">Adhy\u0101ya 1: Brahman can only be known by scripture: I.1.3 &#8211; I.1.4<\/a><\/h4>\n<h4><a href=\"https:\/\/cdnapisec.kaltura.com\/p\/879252\/sp\/87925200\/playManifest\/entryId\/1_a3m33fga\/flavorId\/1_4grlnkpg\/format\/url\/protocol\/http\/a.mp4\" target=\"_blank\" rel=\"noopener noreferrer\">Adhy\u0101ya 1: Brahman is intelligent not inanimate: I.1.5<\/a><\/h4>\n<h4><a href=\"https:\/\/cdnapisec.kaltura.com\/p\/879252\/sp\/87925200\/playManifest\/entryId\/1_gnni5xkh\/flavorId\/1_zwfgtsvp\/format\/url\/protocol\/http\/a.mp4\" target=\"_blank\" rel=\"noopener noreferrer\">Adhy\u0101ya 1: \u0100nandamaya and the difference between Brahman and the \u0101tman: I.1.13 &#8211; I.1.20<\/a><\/h4>\n<h4><a href=\"https:\/\/cdnapisec.kaltura.com\/p\/879252\/sp\/87925200\/playManifest\/entryId\/1_l16lzwst\/flavorId\/1_ju03tnes\/format\/url\/protocol\/http\/a.mp4\" target=\"_blank\" rel=\"noopener noreferrer\">Adhy\u0101ya 1: Indirect references to Brahman: I.1.21 &#8211; I.1.32<\/a><\/h4>\n<h4><a href=\"https:\/\/cdnapisec.kaltura.com\/p\/879252\/sp\/87925200\/playManifest\/entryId\/1_9ipnh26d\/flavorId\/1_da8yoq1d\/format\/url\/protocol\/http\/a.mp4\" target=\"_blank\" rel=\"noopener noreferrer\">Adhy\u0101ya 2: Rejection of S\u0101\u1e43khya and Yoga: II.1.1 &#8211; II.1.3 <\/a><\/h4>\n<h4><a href=\"https:\/\/cdnapisec.kaltura.com\/p\/879252\/sp\/87925200\/playManifest\/entryId\/1_oo9a319k\/flavorId\/1_i1m6udhh\/format\/url\/protocol\/http\/a.mp4\" target=\"_blank\" rel=\"noopener noreferrer\">Adhy\u0101ya 2: Arguments against Brahman as Ultimate Cause: II.1.4 &#8211; II.1.36 <\/a><\/h4>\n<h4><a href=\"https:\/\/cdnapisec.kaltura.com\/p\/879252\/sp\/87925200\/playManifest\/entryId\/1_6skkqttl\/flavorId\/1_8oqajvlu\/format\/url\/protocol\/http\/a.mp4\" target=\"_blank\" rel=\"noopener noreferrer\">Adhy\u0101ya 2: Arguments against S\u0101\u1e43khya and Vai\u015be\u1e63ika: II.2.1 &#8211; II.2.16 <\/a><\/h4>\n<h4><a href=\"https:\/\/cdnapisec.kaltura.com\/p\/879252\/sp\/87925200\/playManifest\/entryId\/1_1co0tl50\/flavorId\/1_549rdaxc\/format\/url\/protocol\/http\/a.mp4\" target=\"_blank\" rel=\"noopener noreferrer\">Adhy\u0101ya 2: Arguments against Buddhism: II.2.17 &#8211; II.2.30 <\/a><\/h4>\n<h4><a href=\"https:\/\/cdnapisec.kaltura.com\/p\/879252\/sp\/87925200\/playManifest\/entryId\/1_wjwjablf\/flavorId\/1_3s22qp61\/format\/url\/protocol\/http\/a.mp4\" target=\"_blank\" rel=\"noopener noreferrer\">Adhy\u0101ya 2: Comments on the Bhagavatas; Arguments against Jainism, &amp; \u015aaivism: II.2.31 &#8211; II.2.42 <\/a><\/h4>\n<h4><a href=\"https:\/\/cdnapisec.kaltura.com\/p\/879252\/sp\/87925200\/playManifest\/entryId\/1_7jl35twz\/flavorId\/1_i9iqn57w\/format\/url\/protocol\/http\/a.mp4\" target=\"_blank\" rel=\"noopener noreferrer\">Adhy\u0101ya 2: Arguments pertaining to the nature of the \u0101tman (soul) <\/a><\/h4>\n<h4><a href=\"https:\/\/cdnapisec.kaltura.com\/p\/879252\/sp\/87925200\/playManifest\/entryId\/1_t3f5ly5j\/flavorId\/1_nru1sf46\/format\/url\/protocol\/http\/a.mp4\" target=\"_blank\" rel=\"noopener noreferrer\">Adhy\u0101ya 3: Descent from the Celestial Realm; Dream &amp; Deep Sleep States: III.1-III.2.10 <\/a><\/h4>\n<h4><a href=\"https:\/\/cdnapisec.kaltura.com\/p\/879252\/sp\/87925200\/playManifest\/entryId\/1_hgtosaw8\/flavorId\/1_2o0dfku8\/format\/url\/protocol\/http\/a.mp4\" target=\"_blank\" rel=\"noopener noreferrer\">Adhy\u0101ya 3: The Two States of Brahman: III.2.10-III.2.40 <\/a><\/h4>\n<h4><a href=\"https:\/\/cdnapisec.kaltura.com\/p\/879252\/sp\/87925200\/playManifest\/entryId\/1_xocu51l2\/flavorId\/1_xrlwj3sn\/format\/url\/protocol\/http\/a.mp4\" target=\"_blank\" rel=\"noopener noreferrer\">Adhy\u0101ya 3: The Meditations on Brahman: III.3 <\/a><\/h4>\n<h4><a href=\"https:\/\/cdnapisec.kaltura.com\/p\/879252\/sp\/87925200\/playManifest\/entryId\/1_9kvoxpuy\/flavorId\/1_izyg20u0\/format\/url\/protocol\/http\/a.mp4\" target=\"_blank\" rel=\"noopener noreferrer\">Adhy\u0101ya 3: Prioritizing knowledge over ritual action: III.4 <\/a><\/h4>\n<h4><a href=\"https:\/\/cdnapisec.kaltura.com\/p\/879252\/sp\/87925200\/playManifest\/entryId\/1_g3fe8c13\/flavorId\/1_qqto5hiw\/format\/url\/protocol\/http\/a.mp4\" target=\"_blank\" rel=\"noopener noreferrer\">Adhy\u0101ya 4: Meditation, karma and the moment of Death: IV.1 <\/a><\/h4>\n<h4><a href=\"https:\/\/cdnapisec.kaltura.com\/p\/879252\/sp\/87925200\/playManifest\/entryId\/1_2mcs9tae\/flavorId\/1_fc0susr7\/format\/url\/protocol\/http\/a.mp4\" target=\"_blank\" rel=\"noopener noreferrer\">Adhy\u0101ya 4: The journey to Brahman after death for the enlightened: IV.2 <\/a><\/h4>\n<h4><a href=\"https:\/\/cdnapisec.kaltura.com\/p\/879252\/sp\/87925200\/playManifest\/entryId\/1_afchmtb7\/flavorId\/1_nxotua0s\/format\/url\/protocol\/http\/a.mp4\" target=\"_blank\" rel=\"noopener noreferrer\">Adhy\u0101ya 4: The celestial guides on the journey to Brahman: IV.3 <\/a><\/h4>\n<h4><a href=\"https:\/\/cdnapisec.kaltura.com\/p\/879252\/sp\/87925200\/playManifest\/entryId\/1_n8tpaf4p\/flavorId\/1_ozronnqs\/format\/url\/protocol\/http\/a.mp4\" target=\"_blank\" rel=\"noopener noreferrer\">Adhy\u0101ya 4: The liberated state: IV.4 <\/a><\/h4>\n","protected":false},"excerpt":{"rendered":"<p>Adhy\u0101ya 1: Prerequisites into the enquiry into Brahman: I.1.1 Adhy\u0101ya 1: Definition of Brahman: I.1.2 Adhy\u0101ya 1: Brahman can only be known by scripture: I.1.3 &#8211; I.1.4 Adhy\u0101ya 1: Brahman &hellip; <a href=\"https:\/\/sites.rutgers.edu\/edwin-bryant\/vedanta-sutras-course-videos\/\" class=\"\">Read More<\/a><\/p>\n","protected":false},"author":652,"featured_media":0,"parent":0,"menu_order":0,"comment_status":"closed","ping_status":"closed","template":"template-custom.php","meta":{"_acf_changed":false,"footnotes":""},"class_list":["post-766","page","type-page","status-publish","hentry"],"acf":[],"yoast_head":"<!-- This site is optimized with the Yoast SEO plugin v23.5 - https:\/\/yoast.com\/wordpress\/plugins\/seo\/ -->\n<title>Ved\u0101nta S\u016btras Course Videos - Edwin Bryant<\/title>\n<meta name=\"robots\" content=\"index, follow, max-snippet:-1, max-image-preview:large, max-video-preview:-1\" \/>\n<link rel=\"canonical\" href=\"https:\/\/sites.rutgers.edu\/edwin-bryant\/vedanta-sutras-course-videos\/\" \/>\n<meta property=\"og:locale\" content=\"en_US\" \/>\n<meta property=\"og:type\" content=\"article\" \/>\n<meta property=\"og:title\" content=\"Ved\u0101nta S\u016btras Course Videos - Edwin Bryant\" \/>\n<meta property=\"og:description\" content=\"Adhy\u0101ya 1: Prerequisites into the enquiry into Brahman: I.1.1 Adhy\u0101ya 1: Definition of Brahman: I.1.2 Adhy\u0101ya 1: Brahman can only be known by scripture: I.1.3 &#8211; I.1.4 Adhy\u0101ya 1: Brahman &hellip; Read More\" \/>\n<meta property=\"og:url\" content=\"https:\/\/sites.rutgers.edu\/edwin-bryant\/vedanta-sutras-course-videos\/\" \/>\n<meta property=\"og:site_name\" content=\"Edwin Bryant\" \/>\n<meta property=\"article:modified_time\" content=\"2020-08-16T16:06:48+00:00\" \/>\n<meta name=\"twitter:card\" content=\"summary_large_image\" \/>\n<meta name=\"twitter:label1\" content=\"Est. reading time\" \/>\n\t<meta name=\"twitter:data1\" content=\"1 minute\" \/>\n<script type=\"application\/ld+json\" class=\"yoast-schema-graph\">{\"@context\":\"https:\/\/schema.org\",\"@graph\":[{\"@type\":\"WebPage\",\"@id\":\"https:\/\/sites.rutgers.edu\/edwin-bryant\/vedanta-sutras-course-videos\/\",\"url\":\"https:\/\/sites.rutgers.edu\/edwin-bryant\/vedanta-sutras-course-videos\/\",\"name\":\"Ved\u0101nta S\u016btras Course Videos - Edwin Bryant\",\"isPartOf\":{\"@id\":\"https:\/\/sites.rutgers.edu\/edwin-bryant\/#website\"},\"datePublished\":\"2020-03-24T21:21:32+00:00\",\"dateModified\":\"2020-08-16T16:06:48+00:00\",\"breadcrumb\":{\"@id\":\"https:\/\/sites.rutgers.edu\/edwin-bryant\/vedanta-sutras-course-videos\/#breadcrumb\"},\"inLanguage\":\"en-US\",\"potentialAction\":[{\"@type\":\"ReadAction\",\"target\":[\"https:\/\/sites.rutgers.edu\/edwin-bryant\/vedanta-sutras-course-videos\/\"]}]},{\"@type\":\"BreadcrumbList\",\"@id\":\"https:\/\/sites.rutgers.edu\/edwin-bryant\/vedanta-sutras-course-videos\/#breadcrumb\",\"itemListElement\":[{\"@type\":\"ListItem\",\"position\":1,\"name\":\"Home\",\"item\":\"https:\/\/sites.rutgers.edu\/edwin-bryant\/\"},{\"@type\":\"ListItem\",\"position\":2,\"name\":\"Ved\u0101nta S\u016btras Course Videos\"}]},{\"@type\":\"WebSite\",\"@id\":\"https:\/\/sites.rutgers.edu\/edwin-bryant\/#website\",\"url\":\"https:\/\/sites.rutgers.edu\/edwin-bryant\/\",\"name\":\"Edwin Bryant\",\"description\":\"\",\"potentialAction\":[{\"@type\":\"SearchAction\",\"target\":{\"@type\":\"EntryPoint\",\"urlTemplate\":\"https:\/\/sites.rutgers.edu\/edwin-bryant\/?s={search_term_string}\"},\"query-input\":{\"@type\":\"PropertyValueSpecification\",\"valueRequired\":true,\"valueName\":\"search_term_string\"}}],\"inLanguage\":\"en-US\"}]}<\/script>\n<!-- \/ Yoast SEO plugin. -->","yoast_head_json":{"title":"Ved\u0101nta S\u016btras Course Videos - Edwin Bryant","robots":{"index":"index","follow":"follow","max-snippet":"max-snippet:-1","max-image-preview":"max-image-preview:large","max-video-preview":"max-video-preview:-1"},"canonical":"https:\/\/sites.rutgers.edu\/edwin-bryant\/vedanta-sutras-course-videos\/","og_locale":"en_US","og_type":"article","og_title":"Ved\u0101nta S\u016btras Course Videos - Edwin Bryant","og_description":"Adhy\u0101ya 1: Prerequisites into the enquiry into Brahman: I.1.1 Adhy\u0101ya 1: Definition of Brahman: I.1.2 Adhy\u0101ya 1: Brahman can only be known by scripture: I.1.3 &#8211; I.1.4 Adhy\u0101ya 1: Brahman &hellip; Read More","og_url":"https:\/\/sites.rutgers.edu\/edwin-bryant\/vedanta-sutras-course-videos\/","og_site_name":"Edwin Bryant","article_modified_time":"2020-08-16T16:06:48+00:00","twitter_card":"summary_large_image","twitter_misc":{"Est. reading time":"1 minute"},"schema":{"@context":"https:\/\/schema.org","@graph":[{"@type":"WebPage","@id":"https:\/\/sites.rutgers.edu\/edwin-bryant\/vedanta-sutras-course-videos\/","url":"https:\/\/sites.rutgers.edu\/edwin-bryant\/vedanta-sutras-course-videos\/","name":"Ved\u0101nta S\u016btras Course Videos - Edwin Bryant","isPartOf":{"@id":"https:\/\/sites.rutgers.edu\/edwin-bryant\/#website"},"datePublished":"2020-03-24T21:21:32+00:00","dateModified":"2020-08-16T16:06:48+00:00","breadcrumb":{"@id":"https:\/\/sites.rutgers.edu\/edwin-bryant\/vedanta-sutras-course-videos\/#breadcrumb"},"inLanguage":"en-US","potentialAction":[{"@type":"ReadAction","target":["https:\/\/sites.rutgers.edu\/edwin-bryant\/vedanta-sutras-course-videos\/"]}]},{"@type":"BreadcrumbList","@id":"https:\/\/sites.rutgers.edu\/edwin-bryant\/vedanta-sutras-course-videos\/#breadcrumb","itemListElement":[{"@type":"ListItem","position":1,"name":"Home","item":"https:\/\/sites.rutgers.edu\/edwin-bryant\/"},{"@type":"ListItem","position":2,"name":"Ved\u0101nta S\u016btras Course Videos"}]},{"@type":"WebSite","@id":"https:\/\/sites.rutgers.edu\/edwin-bryant\/#website","url":"https:\/\/sites.rutgers.edu\/edwin-bryant\/","name":"Edwin Bryant","description":"","potentialAction":[{"@type":"SearchAction","target":{"@type":"EntryPoint","urlTemplate":"https:\/\/sites.rutgers.edu\/edwin-bryant\/?s={search_term_string}"},"query-input":{"@type":"PropertyValueSpecification","valueRequired":true,"valueName":"search_term_string"}}],"inLanguage":"en-US"}]}},"_links":{"self":[{"href":"https:\/\/sites.rutgers.edu\/edwin-bryant\/wp-json\/wp\/v2\/pages\/766"}],"collection":[{"href":"https:\/\/sites.rutgers.edu\/edwin-bryant\/wp-json\/wp\/v2\/pages"}],"about":[{"href":"https:\/\/sites.rutgers.edu\/edwin-bryant\/wp-json\/wp\/v2\/types\/page"}],"author":[{"embeddable":true,"href":"https:\/\/sites.rutgers.edu\/edwin-bryant\/wp-json\/wp\/v2\/users\/652"}],"replies":[{"embeddable":true,"href":"https:\/\/sites.rutgers.edu\/edwin-bryant\/wp-json\/wp\/v2\/comments?post=766"}],"version-history":[{"count":64,"href":"https:\/\/sites.rutgers.edu\/edwin-bryant\/wp-json\/wp\/v2\/pages\/766\/revisions"}],"predecessor-version":[{"id":1200,"href":"https:\/\/sites.rutgers.edu\/edwin-bryant\/wp-json\/wp\/v2\/pages\/766\/revisions\/1200"}],"wp:attachment":[{"href":"https:\/\/sites.rutgers.edu\/edwin-bryant\/wp-json\/wp\/v2\/media?parent=766"}],"curies":[{"name":"wp","href":"https:\/\/api.w.org\/{rel}","templated":true}]}}