{"id":365,"date":"2020-07-09T16:56:57","date_gmt":"2020-07-09T16:56:57","guid":{"rendered":"http:\/\/sites.rutgers.edu\/elena-lahr-vivaz\/?page_id=365"},"modified":"2026-01-18T15:23:52","modified_gmt":"2026-01-18T15:23:52","slug":"research","status":"publish","type":"page","link":"https:\/\/sites.rutgers.edu\/elena-lahr-vivaz\/research\/","title":{"rendered":"Research"},"content":{"rendered":"<h2>Articles and Book Chapters<\/h2>\n<p style=\"font-weight: 400\">\u201c\u2018Para llenar el vac\u00edo que vendr\u00e1\u2019: Ram\u00f3n Hondal\u2019s Poetic Collaborations with\/in <em>Pr\u00f3tesis<\/em>.\u201d <em>Revista de Estudios Hisp\u00e1nicos<\/em>, vol. 59, no. 1, 2025, pp. 197-218.<\/p>\n<p style=\"font-weight: 400\">\u201c\u2018Andar vestida de hombre\u2019: Trans\/national Crossings in <em>Insumisas<\/em>.\u201d <em>Revista de Estudios de G\u00e9nero y Sexualidades<\/em>, vol. 50, no. 1-2, 2024, pp. 19-39.<\/p>\n<p style=\"font-weight: 400\">\u201cOn Incest and Adaptation: The Foundational Scandal of <em>Cecilia Vald\u00e9s<\/em>.\u201d Co-authored with Elisabeth Austin. <a href=\"https:\/\/link.springer.com\/book\/10.1007\/978-3-031-14153-9\"><em>The Scandal of Adaptation<\/em><\/a>, edited by Thomas Leitch, Palgrave Macmillan, 2023, pp. 81-98.<\/p>\n<p><a class=\"dummy\" href=\"http:\/\/www.latinamericanliteraturetoday.org\/en\/2021\/may\/after-azotea-elena-lahrvivaz\" target=\"_blank\" rel=\"noopener\"><span class=\"sr-only\">External<\/span>&#8220;After the Azotea.&#8221;<\/a>\u00a0<em>Latin American Literature Today<\/em>, May 2021.<\/p>\n<p><a class=\"dummy\" href=\"http:\/\/rialta-ed.com\/alfonso-cuaron\/\" target=\"_blank\" rel=\"noopener\"><span class=\"sr-only\">External<\/span>&#8220;Alfonso Cuar\u00f3n y las f\u00e1bulas de la identidad nacional: un an\u00e1lisis de &#8216;Y tu mam\u00e1 tambi\u00e9n.'&#8221;<\/a>\u00a0(Excerpt of\u00a0<em>El melodrama mexicano<\/em>.) Rialta Magazine, May 28, 2019.<\/p>\n<p>&#8220;Birds of a Feather: Reina Mar\u00eda Rodr\u00edguez and the World Republic of Letters.&#8221;\u00a0<a href=\"https:\/\/almenarapress.com\/shop\/almenara\/lupi-juan-p-salgado-cesar-a-eds-2019\/\"><em>La futuridad del naufragio: Or\u00edgenes, estelas y derives<\/em><\/a>, edited by C\u00e9sar Salgado and Ben Heller, Almenara Press, 2019, pp. 273-98.<\/p>\n<p>&#8220;Remapping the Borderlands in\u00a0<em>Qui\u00e9n diablos es Juliette<\/em>?&#8221;\u00a0<em>Border Cinema<\/em>, edited by Rebecca Sheehan and Monica Hanna, Rutgers University Press, 2019, pp. 112-28.<\/p>\n<p>\u201c\u2018\u00bfQu\u00e9 cosa eres?\u2019: Reading Refractive Melodrama in Humberto Sol\u00e1s\u2019s\u00a0<em>Cecilia<\/em>.\u201d\u00a0<em>Chasqui<\/em>, vol. 46, no. 1, 2017, pp. 153-66.<\/p>\n<p>\u201cPerforming the Nation: Adaptations of M\u00e9xico and Madre Patria in\u00a0<em>La mala educaci\u00f3n<\/em>.\u201d\u00a0<em>South Atlantic Review<\/em>, vol. 80, no. 3-4, 2016, pp. 161-75.<\/p>\n<p>\u201cPassing for Solitude: Incest and Ideology in\u00a0<em>Lone Star<\/em>.\u201d\u00a0<em>Journal of American Studies<\/em>, vol. 46, no. 1, 2012, pp. 1-15.<\/p>\n<p>\u201cTimeless Rhetoric, Special Circumstances: Sex and Symbol in\u00a0<em>La nada cotidiana<\/em>.\u201d\u00a0<em>Revista Canadiense de Estudios Hisp\u00e1nicos<\/em>, vol. 34, no. 2, 2010, pp. 303-21.<\/p>\n<p>\u201cUnconsummated Fictions and Virile Voiceovers: Desire and the Nation in\u00a0<em>Y tu mam\u00e1 tambi\u00e9n<\/em>.\u201d\u00a0<em>Revista de Estudios Hisp\u00e1nicos<\/em>, vol. 40, no. 1, 2006, pp. 79-101.<\/p>\n<h2>Translations<\/h2>\n<p style=\"font-weight: 400\"><a href=\"https:\/\/lalrp.net\/articles\/10.26824\/lalr.606\">\u201cIncomplete Dialogues and Cacophonous Chatter in Ram\u00f3n Hondal\u2019s\u00a0<em>Di\u00e1logos<\/em><\/a><em>.\u201d <\/em>Introduction and trans. Elena Lahr-Vivaz. <em>Latin American Literary Review (LALR)<\/em><em>,<\/em> vol. 52, no. 105, 2025, pp. 206-10.<\/p>\n<p style=\"font-weight: 400\">Selected poems from <em>Dialogues<\/em>. Poems by Ram\u00f3n Hondal. Translations by Elena Lahr-Vivaz. <a href=\"https:\/\/cup.columbia.edu\/book\/constellation\/9798987926475\/\"><em>Constellation: Latin American Voices in Translation<\/em><\/a>, edited by Elvira Blanco. Sundial House, 2024.<\/p>\n<p><img loading=\"lazy\" decoding=\"async\" class=\"alignnone size-medium wp-image-551\" src=\"http:\/\/sites.rutgers.edu\/elena-lahr-vivaz\/wp-content\/uploads\/sites\/892\/2024\/08\/constellation-214x300.jpeg\" alt=\"\" width=\"214\" height=\"300\" srcset=\"https:\/\/sites.rutgers.edu\/elena-lahr-vivaz\/wp-content\/uploads\/sites\/892\/2024\/08\/constellation-214x300.jpeg 214w, https:\/\/sites.rutgers.edu\/elena-lahr-vivaz\/wp-content\/uploads\/sites\/892\/2024\/08\/constellation.jpeg 350w\" sizes=\"(max-width: 214px) 100vw, 214px\" \/><\/p>\n<p><a class=\"dummy\" href=\"http:\/\/bhreview.org\/issue-83\/\" target=\"_blank\" rel=\"noopener\"><span class=\"sr-only\">External<\/span>&#8220;Awakening&#8221;<\/a>\u00a0and<a class=\"dummy\" href=\"http:\/\/bhreview.org\/issue-83\/\" target=\"_blank\" rel=\"noopener\"><span class=\"sr-only\">External<\/span>\u00a0&#8220;Four.&#8221;<\/a>\u00a0Poems by Ram\u00f3n Hondal. Translations by Elena Lahr-Vivaz.\u00a0<em>Bellingham Review,\u00a0<\/em>issue 83, 2021.<\/p>\n","protected":false},"excerpt":{"rendered":"<p>Articles and Book Chapters \u201c\u2018Para llenar el vac\u00edo que vendr\u00e1\u2019: Ram\u00f3n Hondal\u2019s Poetic Collaborations with\/in Pr\u00f3tesis.\u201d Revista de Estudios Hisp\u00e1nicos, vol. 59, no. 1, 2025, pp. 197-218. \u201c\u2018Andar vestida de &hellip; <a href=\"https:\/\/sites.rutgers.edu\/elena-lahr-vivaz\/research\/\" class=\"\">Read More<\/a><\/p>\n","protected":false},"author":21,"featured_media":0,"parent":0,"menu_order":0,"comment_status":"closed","ping_status":"closed","template":"","meta":{"_acf_changed":false,"footnotes":""},"class_list":["post-365","page","type-page","status-publish","hentry"],"acf":[],"yoast_head":"<!-- This site is optimized with the Yoast SEO plugin v23.5 - https:\/\/yoast.com\/wordpress\/plugins\/seo\/ -->\n<title>Research - Elena Lahr-Vivaz<\/title>\n<meta name=\"robots\" content=\"index, follow, max-snippet:-1, max-image-preview:large, max-video-preview:-1\" \/>\n<link rel=\"canonical\" href=\"https:\/\/sites.rutgers.edu\/elena-lahr-vivaz\/research\/\" \/>\n<meta property=\"og:locale\" content=\"en_US\" \/>\n<meta property=\"og:type\" content=\"article\" \/>\n<meta property=\"og:title\" content=\"Research - Elena Lahr-Vivaz\" \/>\n<meta property=\"og:description\" content=\"Articles and Book Chapters \u201c\u2018Para llenar el vac\u00edo que vendr\u00e1\u2019: Ram\u00f3n Hondal\u2019s Poetic Collaborations with\/in Pr\u00f3tesis.\u201d Revista de Estudios Hisp\u00e1nicos, vol. 59, no. 1, 2025, pp. 197-218. \u201c\u2018Andar vestida de &hellip; Read More\" \/>\n<meta property=\"og:url\" content=\"https:\/\/sites.rutgers.edu\/elena-lahr-vivaz\/research\/\" \/>\n<meta property=\"og:site_name\" content=\"Elena Lahr-Vivaz\" \/>\n<meta property=\"article:modified_time\" content=\"2026-01-18T15:23:52+00:00\" \/>\n<meta property=\"og:image\" content=\"http:\/\/sites.rutgers.edu\/elena-lahr-vivaz\/wp-content\/uploads\/sites\/892\/2024\/08\/constellation-214x300.jpeg\" \/>\n<meta name=\"twitter:card\" content=\"summary_large_image\" \/>\n<meta name=\"twitter:label1\" content=\"Est. reading time\" \/>\n\t<meta name=\"twitter:data1\" content=\"2 minutes\" \/>\n<script type=\"application\/ld+json\" class=\"yoast-schema-graph\">{\"@context\":\"https:\/\/schema.org\",\"@graph\":[{\"@type\":\"WebPage\",\"@id\":\"https:\/\/sites.rutgers.edu\/elena-lahr-vivaz\/research\/\",\"url\":\"https:\/\/sites.rutgers.edu\/elena-lahr-vivaz\/research\/\",\"name\":\"Research - Elena Lahr-Vivaz\",\"isPartOf\":{\"@id\":\"https:\/\/sites.rutgers.edu\/elena-lahr-vivaz\/#website\"},\"primaryImageOfPage\":{\"@id\":\"https:\/\/sites.rutgers.edu\/elena-lahr-vivaz\/research\/#primaryimage\"},\"image\":{\"@id\":\"https:\/\/sites.rutgers.edu\/elena-lahr-vivaz\/research\/#primaryimage\"},\"thumbnailUrl\":\"http:\/\/sites.rutgers.edu\/elena-lahr-vivaz\/wp-content\/uploads\/sites\/892\/2024\/08\/constellation-214x300.jpeg\",\"datePublished\":\"2020-07-09T16:56:57+00:00\",\"dateModified\":\"2026-01-18T15:23:52+00:00\",\"breadcrumb\":{\"@id\":\"https:\/\/sites.rutgers.edu\/elena-lahr-vivaz\/research\/#breadcrumb\"},\"inLanguage\":\"en-US\",\"potentialAction\":[{\"@type\":\"ReadAction\",\"target\":[\"https:\/\/sites.rutgers.edu\/elena-lahr-vivaz\/research\/\"]}]},{\"@type\":\"ImageObject\",\"inLanguage\":\"en-US\",\"@id\":\"https:\/\/sites.rutgers.edu\/elena-lahr-vivaz\/research\/#primaryimage\",\"url\":\"https:\/\/sites.rutgers.edu\/elena-lahr-vivaz\/wp-content\/uploads\/sites\/892\/2024\/08\/constellation.jpeg\",\"contentUrl\":\"https:\/\/sites.rutgers.edu\/elena-lahr-vivaz\/wp-content\/uploads\/sites\/892\/2024\/08\/constellation.jpeg\",\"width\":350,\"height\":490},{\"@type\":\"BreadcrumbList\",\"@id\":\"https:\/\/sites.rutgers.edu\/elena-lahr-vivaz\/research\/#breadcrumb\",\"itemListElement\":[{\"@type\":\"ListItem\",\"position\":1,\"name\":\"Home\",\"item\":\"https:\/\/sites.rutgers.edu\/elena-lahr-vivaz\/\"},{\"@type\":\"ListItem\",\"position\":2,\"name\":\"Research\"}]},{\"@type\":\"WebSite\",\"@id\":\"https:\/\/sites.rutgers.edu\/elena-lahr-vivaz\/#website\",\"url\":\"https:\/\/sites.rutgers.edu\/elena-lahr-vivaz\/\",\"name\":\"Elena Lahr-Vivaz\",\"description\":\"\",\"potentialAction\":[{\"@type\":\"SearchAction\",\"target\":{\"@type\":\"EntryPoint\",\"urlTemplate\":\"https:\/\/sites.rutgers.edu\/elena-lahr-vivaz\/?s={search_term_string}\"},\"query-input\":{\"@type\":\"PropertyValueSpecification\",\"valueRequired\":true,\"valueName\":\"search_term_string\"}}],\"inLanguage\":\"en-US\"}]}<\/script>\n<!-- \/ Yoast SEO plugin. -->","yoast_head_json":{"title":"Research - Elena Lahr-Vivaz","robots":{"index":"index","follow":"follow","max-snippet":"max-snippet:-1","max-image-preview":"max-image-preview:large","max-video-preview":"max-video-preview:-1"},"canonical":"https:\/\/sites.rutgers.edu\/elena-lahr-vivaz\/research\/","og_locale":"en_US","og_type":"article","og_title":"Research - Elena Lahr-Vivaz","og_description":"Articles and Book Chapters \u201c\u2018Para llenar el vac\u00edo que vendr\u00e1\u2019: Ram\u00f3n Hondal\u2019s Poetic Collaborations with\/in Pr\u00f3tesis.\u201d Revista de Estudios Hisp\u00e1nicos, vol. 59, no. 1, 2025, pp. 197-218. \u201c\u2018Andar vestida de &hellip; Read More","og_url":"https:\/\/sites.rutgers.edu\/elena-lahr-vivaz\/research\/","og_site_name":"Elena Lahr-Vivaz","article_modified_time":"2026-01-18T15:23:52+00:00","og_image":[{"url":"http:\/\/sites.rutgers.edu\/elena-lahr-vivaz\/wp-content\/uploads\/sites\/892\/2024\/08\/constellation-214x300.jpeg"}],"twitter_card":"summary_large_image","twitter_misc":{"Est. reading time":"2 minutes"},"schema":{"@context":"https:\/\/schema.org","@graph":[{"@type":"WebPage","@id":"https:\/\/sites.rutgers.edu\/elena-lahr-vivaz\/research\/","url":"https:\/\/sites.rutgers.edu\/elena-lahr-vivaz\/research\/","name":"Research - Elena Lahr-Vivaz","isPartOf":{"@id":"https:\/\/sites.rutgers.edu\/elena-lahr-vivaz\/#website"},"primaryImageOfPage":{"@id":"https:\/\/sites.rutgers.edu\/elena-lahr-vivaz\/research\/#primaryimage"},"image":{"@id":"https:\/\/sites.rutgers.edu\/elena-lahr-vivaz\/research\/#primaryimage"},"thumbnailUrl":"http:\/\/sites.rutgers.edu\/elena-lahr-vivaz\/wp-content\/uploads\/sites\/892\/2024\/08\/constellation-214x300.jpeg","datePublished":"2020-07-09T16:56:57+00:00","dateModified":"2026-01-18T15:23:52+00:00","breadcrumb":{"@id":"https:\/\/sites.rutgers.edu\/elena-lahr-vivaz\/research\/#breadcrumb"},"inLanguage":"en-US","potentialAction":[{"@type":"ReadAction","target":["https:\/\/sites.rutgers.edu\/elena-lahr-vivaz\/research\/"]}]},{"@type":"ImageObject","inLanguage":"en-US","@id":"https:\/\/sites.rutgers.edu\/elena-lahr-vivaz\/research\/#primaryimage","url":"https:\/\/sites.rutgers.edu\/elena-lahr-vivaz\/wp-content\/uploads\/sites\/892\/2024\/08\/constellation.jpeg","contentUrl":"https:\/\/sites.rutgers.edu\/elena-lahr-vivaz\/wp-content\/uploads\/sites\/892\/2024\/08\/constellation.jpeg","width":350,"height":490},{"@type":"BreadcrumbList","@id":"https:\/\/sites.rutgers.edu\/elena-lahr-vivaz\/research\/#breadcrumb","itemListElement":[{"@type":"ListItem","position":1,"name":"Home","item":"https:\/\/sites.rutgers.edu\/elena-lahr-vivaz\/"},{"@type":"ListItem","position":2,"name":"Research"}]},{"@type":"WebSite","@id":"https:\/\/sites.rutgers.edu\/elena-lahr-vivaz\/#website","url":"https:\/\/sites.rutgers.edu\/elena-lahr-vivaz\/","name":"Elena Lahr-Vivaz","description":"","potentialAction":[{"@type":"SearchAction","target":{"@type":"EntryPoint","urlTemplate":"https:\/\/sites.rutgers.edu\/elena-lahr-vivaz\/?s={search_term_string}"},"query-input":{"@type":"PropertyValueSpecification","valueRequired":true,"valueName":"search_term_string"}}],"inLanguage":"en-US"}]}},"_links":{"self":[{"href":"https:\/\/sites.rutgers.edu\/elena-lahr-vivaz\/wp-json\/wp\/v2\/pages\/365"}],"collection":[{"href":"https:\/\/sites.rutgers.edu\/elena-lahr-vivaz\/wp-json\/wp\/v2\/pages"}],"about":[{"href":"https:\/\/sites.rutgers.edu\/elena-lahr-vivaz\/wp-json\/wp\/v2\/types\/page"}],"author":[{"embeddable":true,"href":"https:\/\/sites.rutgers.edu\/elena-lahr-vivaz\/wp-json\/wp\/v2\/users\/21"}],"replies":[{"embeddable":true,"href":"https:\/\/sites.rutgers.edu\/elena-lahr-vivaz\/wp-json\/wp\/v2\/comments?post=365"}],"version-history":[{"count":5,"href":"https:\/\/sites.rutgers.edu\/elena-lahr-vivaz\/wp-json\/wp\/v2\/pages\/365\/revisions"}],"predecessor-version":[{"id":572,"href":"https:\/\/sites.rutgers.edu\/elena-lahr-vivaz\/wp-json\/wp\/v2\/pages\/365\/revisions\/572"}],"wp:attachment":[{"href":"https:\/\/sites.rutgers.edu\/elena-lahr-vivaz\/wp-json\/wp\/v2\/media?parent=365"}],"curies":[{"name":"wp","href":"https:\/\/api.w.org\/{rel}","templated":true}]}}