{"id":481,"date":"2021-06-09T14:59:49","date_gmt":"2021-06-09T14:59:49","guid":{"rendered":"https:\/\/sites.rutgers.edu\/empower-women\/?page_id=481"},"modified":"2022-06-09T20:16:50","modified_gmt":"2022-06-09T20:16:50","slug":"leadpartners","status":"publish","type":"page","link":"https:\/\/sites.rutgers.edu\/empower-women\/leadpartners\/","title":{"rendered":"Lead Partner Agencies"},"content":{"rendered":"<p><img loading=\"lazy\" decoding=\"async\" class=\" wp-image-623 aligncenter\" src=\"http:\/\/sites.rutgers.edu\/empower-women\/wp-content\/uploads\/sites\/681\/2022\/06\/Lead-Partners-Map-300x270.png\" alt=\"\" width=\"528\" height=\"475\" srcset=\"https:\/\/sites.rutgers.edu\/empower-women\/wp-content\/uploads\/sites\/681\/2022\/06\/Lead-Partners-Map-300x270.png 300w, https:\/\/sites.rutgers.edu\/empower-women\/wp-content\/uploads\/sites\/681\/2022\/06\/Lead-Partners-Map-768x691.png 768w, https:\/\/sites.rutgers.edu\/empower-women\/wp-content\/uploads\/sites\/681\/2022\/06\/Lead-Partners-Map.png 962w\" sizes=\"(max-width: 528px) 100vw, 528px\" \/><\/p>\n<p style=\"text-align: center\"><strong>North Jersey<\/strong><\/p>\n<p style=\"text-align: left\"><strong>Butterfly Dreamz<br \/>\n<\/strong><a title=\"Original URL: https:\/\/www.butterflydreamz.org\/. Click or tap if you trust this link.\" href=\"https:\/\/nam02.safelinks.protection.outlook.com\/?url=https%3A%2F%2Fwww.butterflydreamz.org%2F&amp;data=04%7C01%7Cludine.daux%40rutgers.edu%7C4b89c99206d942146eb408d977a3d1b4%7Cb92d2b234d35447093ff69aca6632ffe%7C1%7C0%7C637672367737379365%7CUnknown%7CTWFpbGZsb3d8eyJWIjoiMC4wLjAwMDAiLCJQIjoiV2luMzIiLCJBTiI6Ik1haWwiLCJXVCI6Mn0%3D%7C1000&amp;sdata=rIuMBres%2FASFZ89Wi9YOf%2FV0jdr7ECFN55v3GFR2o1Q%3D&amp;reserved=0\" target=\"_blank\" rel=\"noopener noreferrer\" data-auth=\"Verified\" data-linkindex=\"2\">Butterfly Dreamz, Inc.<\/a>\u00a0is a 501(c)(3) nonprofit organization that helps girls develop into women who achieve their dreams and fill the roles of leadership in this nation and world. Through mentorship, scholarships, and youth-led community action, we equip girls to be confident leaders who disrupt the status quo.<\/p>\n<p>Website: <a title=\"Original URL: https:\/\/www.butterflydreamz.org\/. Click or tap if you trust this link.\" href=\"https:\/\/nam02.safelinks.protection.outlook.com\/?url=https%3A%2F%2Fwww.butterflydreamz.org%2F&amp;data=04%7C01%7Cludine.daux%40rutgers.edu%7C4b89c99206d942146eb408d977a3d1b4%7Cb92d2b234d35447093ff69aca6632ffe%7C1%7C0%7C637672367737379365%7CUnknown%7CTWFpbGZsb3d8eyJWIjoiMC4wLjAwMDAiLCJQIjoiV2luMzIiLCJBTiI6Ik1haWwiLCJXVCI6Mn0%3D%7C1000&amp;sdata=rIuMBres%2FASFZ89Wi9YOf%2FV0jdr7ECFN55v3GFR2o1Q%3D&amp;reserved=0\" target=\"_blank\" rel=\"noopener noreferrer\" data-auth=\"Verified\" data-linkindex=\"1\">https:\/\/www.butterflydreamz.org\/<\/a><br \/>\n<span class=\"markrzh7zvyde\" data-markjs=\"true\" data-ogac=\"\" data-ogab=\"\" data-ogsc=\"\" data-ogsb=\"\">Contact person: Joy<\/span>\u00a0Lindsay,\u00a0<a href=\"mailto:joy@butterflydreamz.org\" target=\"_blank\" rel=\"noopener noreferrer\" data-auth=\"NotApplicable\" data-linkindex=\"0\"><span class=\"markrzh7zvyde\" data-markjs=\"true\" data-ogac=\"\" data-ogab=\"\" data-ogsc=\"\" data-ogsb=\"\">joy<\/span>@butterflydreamz.org<\/a>, (212) 847-0061<\/p>\n<p><strong>J.E.S.S.I.C.A Cares<br \/>\n<\/strong>Their mission is to eradicate negative thoughts that precede negative behaviors by virtue of empowering young girls and women one positive thought at a time.<\/p>\n<p>Website: <a href=\"mailto:jessica@jessicacares.org\">jessica@jessicacares.org<\/a><\/p>\n<p style=\"text-align: center\"><strong style=\"font-size: 1rem\">Central Jersey<\/strong><\/p>\n<p style=\"text-align: left\"><strong>Sister<\/strong><strong style=\"font-size: 1rem\">work<br \/>\n<\/strong>Sisterwork is a family mentorship organization committed to closing gaps faced by Latinx mothers and students in New Jersey. To advance our mission, we provide community-based workshops and a network of resources that promote economic mobility, career exposure, and educational access. Our interdisciplinary programs are designed and implemented by mothers, licensed social workers, educators, artists and community partners.<\/p>\n<p>Sisterwork se compromete a cerrar las brechas que las madres y los estudiantes Latinx enfrentan en Nueva Jersey. Para avanzar nuestra misi\u00f3n, ofrecemos talleres basados en la comunidad y una red de recursos que promueven la movilidad econ\u00f3mica, exposici\u00f3n profesional, y el acceso educativo. Nuestros programas interdisciplinarios est\u00e1n dise\u00f1ados e implementados por madres, trabajadores sociales con licencia, educadores, artistas y organizaciones asociadas de la comunidad.<\/p>\n<p>Website\/Sitio web: <a href=\"https:\/\/www.sisterwork.org\/\">https:\/\/www.sisterwork.org\/<\/a><br \/>\nInstagram: <a href=\"https:\/\/www.instagram.com\/sisterwork_\/\">@sisterwork_<\/a><\/p>\n<p><strong>Timbuk2 Academy<br \/>\n<\/strong>Timbuk2 Academy empowers young children, girls\/young women of African descent to reach their highest potential through the arts, nature-based, afrocentered education. Our philosophy emphasizes academic excellence, spiritual development, community and cultural identity to cultivate the strongest sense of self, worth and pride in our students. The Timbuk2 experience produces well-rounded, liberated thinkers with the power to positively impact their families, communities and beyond.<\/p>\n<p>Website: <a href=\"https:\/\/timbuk2academy.org\/\">https:\/\/timbuk2academy.org\/<\/a><\/p>\n<p style=\"font-size: 16px;text-align: center\"><strong style=\"font-size: 1rem\">South Jersey<\/strong><\/p>\n<p><strong>Queens Academy<\/strong><br \/>\nQueens Academy is a girls empowerment organization that partners with schools and youth centers to educate, empower, and develop girls. The combination of mentorship, an empowering environment, and the usage of research based programming allows girls to navigate barriers and develop into leaders of tomorrow.<\/p>\n<p>Website: <a href=\"https:\/\/queensacademynj.com\/\">https:\/\/queensacademynj.com\/<\/a><\/p>\n<p><strong>Raw Wisdom LLC<br \/>\n<\/strong><span style=\"font-size: 1rem\">Mission: <\/span>To elevate the consciousness of challenged communities and people through the implementation of personal accountability exercises and workshops (End Goal: personally sustainable quality of life improvement)<br \/>\nVision: To see the most disenfranchised communities and people modeling personal accountability that results in growth that not only defies the odds, but changes the narrative of these demographics as they live out their deeper understanding of their innate inner resolve to be a success!<\/p>\n<p>Website: <a href=\"http:\/\/raw-wisdom.org\/\">http:\/\/raw-wisdom.org\/\u00a0<\/a><br \/>\nContact person: Tracey L. Wells-Huggins, <a href=\"mailto:rawwisdomLLC.rm@gmail.com\">rawwisdomLLC.rm@gmail.com<\/a><\/p>\n","protected":false},"excerpt":{"rendered":"<p>North Jersey Butterfly Dreamz Butterfly Dreamz, Inc.\u00a0is a 501(c)(3) nonprofit organization that helps girls develop into women who achieve their dreams and fill the roles of leadership in this nation &hellip; <a href=\"https:\/\/sites.rutgers.edu\/empower-women\/leadpartners\/\" class=\"\">Read More<\/a><\/p>\n","protected":false},"author":1738,"featured_media":0,"parent":0,"menu_order":0,"comment_status":"closed","ping_status":"closed","template":"","meta":{"_acf_changed":false,"footnotes":""},"class_list":["post-481","page","type-page","status-publish","hentry"],"acf":[],"yoast_head":"<!-- This site is optimized with the Yoast SEO plugin v23.5 - https:\/\/yoast.com\/wordpress\/plugins\/seo\/ -->\n<title>Lead Partner Agencies - Providing Opportunities to Empower Girls and Women<\/title>\n<meta name=\"robots\" content=\"index, follow, max-snippet:-1, max-image-preview:large, max-video-preview:-1\" \/>\n<link rel=\"canonical\" href=\"https:\/\/sites.rutgers.edu\/empower-women\/leadpartners\/\" \/>\n<meta property=\"og:locale\" content=\"en_US\" \/>\n<meta property=\"og:type\" content=\"article\" \/>\n<meta property=\"og:title\" content=\"Lead Partner Agencies - Providing Opportunities to Empower Girls and Women\" \/>\n<meta property=\"og:description\" content=\"North Jersey Butterfly Dreamz Butterfly Dreamz, Inc.\u00a0is a 501(c)(3) nonprofit organization that helps girls develop into women who achieve their dreams and fill the roles of leadership in this nation &hellip; Read More\" \/>\n<meta property=\"og:url\" content=\"https:\/\/sites.rutgers.edu\/empower-women\/leadpartners\/\" \/>\n<meta property=\"og:site_name\" content=\"Providing Opportunities to Empower Girls and Women\" \/>\n<meta property=\"article:modified_time\" content=\"2022-06-09T20:16:50+00:00\" \/>\n<meta property=\"og:image\" content=\"http:\/\/sites.rutgers.edu\/empower-women\/wp-content\/uploads\/sites\/681\/2022\/06\/Lead-Partners-Map-300x270.png\" \/>\n<meta name=\"twitter:card\" content=\"summary_large_image\" \/>\n<meta name=\"twitter:label1\" content=\"Est. reading time\" \/>\n\t<meta name=\"twitter:data1\" content=\"2 minutes\" \/>\n<script type=\"application\/ld+json\" class=\"yoast-schema-graph\">{\"@context\":\"https:\/\/schema.org\",\"@graph\":[{\"@type\":\"WebPage\",\"@id\":\"https:\/\/sites.rutgers.edu\/empower-women\/leadpartners\/\",\"url\":\"https:\/\/sites.rutgers.edu\/empower-women\/leadpartners\/\",\"name\":\"Lead Partner Agencies - Providing Opportunities to Empower Girls and Women\",\"isPartOf\":{\"@id\":\"https:\/\/sites.rutgers.edu\/empower-women\/#website\"},\"primaryImageOfPage\":{\"@id\":\"https:\/\/sites.rutgers.edu\/empower-women\/leadpartners\/#primaryimage\"},\"image\":{\"@id\":\"https:\/\/sites.rutgers.edu\/empower-women\/leadpartners\/#primaryimage\"},\"thumbnailUrl\":\"http:\/\/sites.rutgers.edu\/empower-women\/wp-content\/uploads\/sites\/681\/2022\/06\/Lead-Partners-Map-300x270.png\",\"datePublished\":\"2021-06-09T14:59:49+00:00\",\"dateModified\":\"2022-06-09T20:16:50+00:00\",\"breadcrumb\":{\"@id\":\"https:\/\/sites.rutgers.edu\/empower-women\/leadpartners\/#breadcrumb\"},\"inLanguage\":\"en-US\",\"potentialAction\":[{\"@type\":\"ReadAction\",\"target\":[\"https:\/\/sites.rutgers.edu\/empower-women\/leadpartners\/\"]}]},{\"@type\":\"ImageObject\",\"inLanguage\":\"en-US\",\"@id\":\"https:\/\/sites.rutgers.edu\/empower-women\/leadpartners\/#primaryimage\",\"url\":\"https:\/\/sites.rutgers.edu\/empower-women\/wp-content\/uploads\/sites\/681\/2022\/06\/Lead-Partners-Map.png\",\"contentUrl\":\"https:\/\/sites.rutgers.edu\/empower-women\/wp-content\/uploads\/sites\/681\/2022\/06\/Lead-Partners-Map.png\",\"width\":962,\"height\":865},{\"@type\":\"BreadcrumbList\",\"@id\":\"https:\/\/sites.rutgers.edu\/empower-women\/leadpartners\/#breadcrumb\",\"itemListElement\":[{\"@type\":\"ListItem\",\"position\":1,\"name\":\"Home\",\"item\":\"https:\/\/sites.rutgers.edu\/empower-women\/\"},{\"@type\":\"ListItem\",\"position\":2,\"name\":\"Lead Partner Agencies\"}]},{\"@type\":\"WebSite\",\"@id\":\"https:\/\/sites.rutgers.edu\/empower-women\/#website\",\"url\":\"https:\/\/sites.rutgers.edu\/empower-women\/\",\"name\":\"Providing Opportunities to Empower Girls and Women\",\"description\":\"\",\"potentialAction\":[{\"@type\":\"SearchAction\",\"target\":{\"@type\":\"EntryPoint\",\"urlTemplate\":\"https:\/\/sites.rutgers.edu\/empower-women\/?s={search_term_string}\"},\"query-input\":{\"@type\":\"PropertyValueSpecification\",\"valueRequired\":true,\"valueName\":\"search_term_string\"}}],\"inLanguage\":\"en-US\"}]}<\/script>\n<!-- \/ Yoast SEO plugin. -->","yoast_head_json":{"title":"Lead Partner Agencies - Providing Opportunities to Empower Girls and Women","robots":{"index":"index","follow":"follow","max-snippet":"max-snippet:-1","max-image-preview":"max-image-preview:large","max-video-preview":"max-video-preview:-1"},"canonical":"https:\/\/sites.rutgers.edu\/empower-women\/leadpartners\/","og_locale":"en_US","og_type":"article","og_title":"Lead Partner Agencies - Providing Opportunities to Empower Girls and Women","og_description":"North Jersey Butterfly Dreamz Butterfly Dreamz, Inc.\u00a0is a 501(c)(3) nonprofit organization that helps girls develop into women who achieve their dreams and fill the roles of leadership in this nation &hellip; Read More","og_url":"https:\/\/sites.rutgers.edu\/empower-women\/leadpartners\/","og_site_name":"Providing Opportunities to Empower Girls and Women","article_modified_time":"2022-06-09T20:16:50+00:00","og_image":[{"url":"http:\/\/sites.rutgers.edu\/empower-women\/wp-content\/uploads\/sites\/681\/2022\/06\/Lead-Partners-Map-300x270.png"}],"twitter_card":"summary_large_image","twitter_misc":{"Est. reading time":"2 minutes"},"schema":{"@context":"https:\/\/schema.org","@graph":[{"@type":"WebPage","@id":"https:\/\/sites.rutgers.edu\/empower-women\/leadpartners\/","url":"https:\/\/sites.rutgers.edu\/empower-women\/leadpartners\/","name":"Lead Partner Agencies - Providing Opportunities to Empower Girls and Women","isPartOf":{"@id":"https:\/\/sites.rutgers.edu\/empower-women\/#website"},"primaryImageOfPage":{"@id":"https:\/\/sites.rutgers.edu\/empower-women\/leadpartners\/#primaryimage"},"image":{"@id":"https:\/\/sites.rutgers.edu\/empower-women\/leadpartners\/#primaryimage"},"thumbnailUrl":"http:\/\/sites.rutgers.edu\/empower-women\/wp-content\/uploads\/sites\/681\/2022\/06\/Lead-Partners-Map-300x270.png","datePublished":"2021-06-09T14:59:49+00:00","dateModified":"2022-06-09T20:16:50+00:00","breadcrumb":{"@id":"https:\/\/sites.rutgers.edu\/empower-women\/leadpartners\/#breadcrumb"},"inLanguage":"en-US","potentialAction":[{"@type":"ReadAction","target":["https:\/\/sites.rutgers.edu\/empower-women\/leadpartners\/"]}]},{"@type":"ImageObject","inLanguage":"en-US","@id":"https:\/\/sites.rutgers.edu\/empower-women\/leadpartners\/#primaryimage","url":"https:\/\/sites.rutgers.edu\/empower-women\/wp-content\/uploads\/sites\/681\/2022\/06\/Lead-Partners-Map.png","contentUrl":"https:\/\/sites.rutgers.edu\/empower-women\/wp-content\/uploads\/sites\/681\/2022\/06\/Lead-Partners-Map.png","width":962,"height":865},{"@type":"BreadcrumbList","@id":"https:\/\/sites.rutgers.edu\/empower-women\/leadpartners\/#breadcrumb","itemListElement":[{"@type":"ListItem","position":1,"name":"Home","item":"https:\/\/sites.rutgers.edu\/empower-women\/"},{"@type":"ListItem","position":2,"name":"Lead Partner Agencies"}]},{"@type":"WebSite","@id":"https:\/\/sites.rutgers.edu\/empower-women\/#website","url":"https:\/\/sites.rutgers.edu\/empower-women\/","name":"Providing Opportunities to Empower Girls and Women","description":"","potentialAction":[{"@type":"SearchAction","target":{"@type":"EntryPoint","urlTemplate":"https:\/\/sites.rutgers.edu\/empower-women\/?s={search_term_string}"},"query-input":{"@type":"PropertyValueSpecification","valueRequired":true,"valueName":"search_term_string"}}],"inLanguage":"en-US"}]}},"_links":{"self":[{"href":"https:\/\/sites.rutgers.edu\/empower-women\/wp-json\/wp\/v2\/pages\/481"}],"collection":[{"href":"https:\/\/sites.rutgers.edu\/empower-women\/wp-json\/wp\/v2\/pages"}],"about":[{"href":"https:\/\/sites.rutgers.edu\/empower-women\/wp-json\/wp\/v2\/types\/page"}],"author":[{"embeddable":true,"href":"https:\/\/sites.rutgers.edu\/empower-women\/wp-json\/wp\/v2\/users\/1738"}],"replies":[{"embeddable":true,"href":"https:\/\/sites.rutgers.edu\/empower-women\/wp-json\/wp\/v2\/comments?post=481"}],"version-history":[{"count":23,"href":"https:\/\/sites.rutgers.edu\/empower-women\/wp-json\/wp\/v2\/pages\/481\/revisions"}],"predecessor-version":[{"id":642,"href":"https:\/\/sites.rutgers.edu\/empower-women\/wp-json\/wp\/v2\/pages\/481\/revisions\/642"}],"wp:attachment":[{"href":"https:\/\/sites.rutgers.edu\/empower-women\/wp-json\/wp\/v2\/media?parent=481"}],"curies":[{"name":"wp","href":"https:\/\/api.w.org\/{rel}","templated":true}]}}