{"id":2176,"date":"2022-04-04T18:50:06","date_gmt":"2022-04-04T18:50:06","guid":{"rendered":"https:\/\/sites.rutgers.edu\/french-magazine\/?page_id=2176"},"modified":"2022-11-15T21:34:01","modified_gmt":"2022-11-15T21:34:01","slug":"arts-litteratures","status":"publish","type":"page","link":"https:\/\/sites.rutgers.edu\/french-magazine\/arts-litteratures\/","title":{"rendered":"Arts"},"content":{"rendered":"<h3><strong><a href=\"https:\/\/sites.rutgers.edu\/french-magazine\/category\/litteratures\/\">Litt\u00e9rature(s)<\/a><\/strong><\/h3>\n<p><img loading=\"lazy\" decoding=\"async\" class=\"aligncenter size-full wp-image-2804\" src=\"http:\/\/sites.rutgers.edu\/french-magazine\/wp-content\/uploads\/sites\/592\/2022\/11\/Litt02.jpg\" alt=\"\" width=\"1351\" height=\"193\" srcset=\"https:\/\/sites.rutgers.edu\/french-magazine\/wp-content\/uploads\/sites\/592\/2022\/11\/Litt02.jpg 1351w, https:\/\/sites.rutgers.edu\/french-magazine\/wp-content\/uploads\/sites\/592\/2022\/11\/Litt02-300x43.jpg 300w, https:\/\/sites.rutgers.edu\/french-magazine\/wp-content\/uploads\/sites\/592\/2022\/11\/Litt02-1024x146.jpg 1024w, https:\/\/sites.rutgers.edu\/french-magazine\/wp-content\/uploads\/sites\/592\/2022\/11\/Litt02-768x110.jpg 768w\" sizes=\"(max-width: 1351px) 100vw, 1351px\" \/><\/p>\n<p style=\"text-align: center\">____________________________________________________________________________________________<\/p>\n<h3><a href=\"https:\/\/sites.rutgers.edu\/french-magazine\/category\/theatre\/\"><strong>Th\u00e9\u00e2tre<\/strong><\/a><\/h3>\n<p><img loading=\"lazy\" decoding=\"async\" class=\"aligncenter size-full wp-image-2807\" src=\"http:\/\/sites.rutgers.edu\/french-magazine\/wp-content\/uploads\/sites\/592\/2022\/11\/Theatre02.jpg\" alt=\"\" width=\"1351\" height=\"193\" srcset=\"https:\/\/sites.rutgers.edu\/french-magazine\/wp-content\/uploads\/sites\/592\/2022\/11\/Theatre02.jpg 1351w, https:\/\/sites.rutgers.edu\/french-magazine\/wp-content\/uploads\/sites\/592\/2022\/11\/Theatre02-300x43.jpg 300w, https:\/\/sites.rutgers.edu\/french-magazine\/wp-content\/uploads\/sites\/592\/2022\/11\/Theatre02-1024x146.jpg 1024w, https:\/\/sites.rutgers.edu\/french-magazine\/wp-content\/uploads\/sites\/592\/2022\/11\/Theatre02-768x110.jpg 768w\" sizes=\"(max-width: 1351px) 100vw, 1351px\" \/><\/p>\n<p style=\"text-align: center\">____________________________________________________________________________________________<\/p>\n<h3><strong><a href=\"https:\/\/sites.rutgers.edu\/french-magazine\/category\/musique\/\">Musique<\/a><\/strong><\/h3>\n<p><img loading=\"lazy\" decoding=\"async\" class=\"aligncenter size-full wp-image-2805\" src=\"http:\/\/sites.rutgers.edu\/french-magazine\/wp-content\/uploads\/sites\/592\/2022\/11\/Musique02.jpg\" alt=\"\" width=\"1351\" height=\"193\" srcset=\"https:\/\/sites.rutgers.edu\/french-magazine\/wp-content\/uploads\/sites\/592\/2022\/11\/Musique02.jpg 1351w, https:\/\/sites.rutgers.edu\/french-magazine\/wp-content\/uploads\/sites\/592\/2022\/11\/Musique02-300x43.jpg 300w, https:\/\/sites.rutgers.edu\/french-magazine\/wp-content\/uploads\/sites\/592\/2022\/11\/Musique02-1024x146.jpg 1024w, https:\/\/sites.rutgers.edu\/french-magazine\/wp-content\/uploads\/sites\/592\/2022\/11\/Musique02-768x110.jpg 768w\" sizes=\"(max-width: 1351px) 100vw, 1351px\" \/><\/p>\n<p style=\"text-align: center\">____________________________________________________________________________________________<\/p>\n<h3><strong><a href=\"https:\/\/sites.rutgers.edu\/french-magazine\/category\/visio-arts-peinture-photographie-street-art\/\">Arts visuels<\/a><\/strong><\/h3>\n<p><img loading=\"lazy\" decoding=\"async\" class=\"aligncenter size-full wp-image-2803\" src=\"http:\/\/sites.rutgers.edu\/french-magazine\/wp-content\/uploads\/sites\/592\/2022\/11\/Arts-visuels02.jpg\" alt=\"\" width=\"1351\" height=\"193\" srcset=\"https:\/\/sites.rutgers.edu\/french-magazine\/wp-content\/uploads\/sites\/592\/2022\/11\/Arts-visuels02.jpg 1351w, https:\/\/sites.rutgers.edu\/french-magazine\/wp-content\/uploads\/sites\/592\/2022\/11\/Arts-visuels02-300x43.jpg 300w, https:\/\/sites.rutgers.edu\/french-magazine\/wp-content\/uploads\/sites\/592\/2022\/11\/Arts-visuels02-1024x146.jpg 1024w, https:\/\/sites.rutgers.edu\/french-magazine\/wp-content\/uploads\/sites\/592\/2022\/11\/Arts-visuels02-768x110.jpg 768w\" sizes=\"(max-width: 1351px) 100vw, 1351px\" \/><\/p>\n<p style=\"text-align: center\">____________________________________________________________________________________________<\/p>\n<h3><a href=\"https:\/\/sites.rutgers.edu\/french-magazine\/category\/quizzes-arts-et-litterature\/\"><b>Quizzes<\/b><\/a><\/h3>\n<p><img loading=\"lazy\" decoding=\"async\" class=\"aligncenter size-full wp-image-2806\" src=\"http:\/\/sites.rutgers.edu\/french-magazine\/wp-content\/uploads\/sites\/592\/2022\/11\/Quiz02.jpg\" alt=\"\" width=\"1351\" height=\"193\" srcset=\"https:\/\/sites.rutgers.edu\/french-magazine\/wp-content\/uploads\/sites\/592\/2022\/11\/Quiz02.jpg 1351w, https:\/\/sites.rutgers.edu\/french-magazine\/wp-content\/uploads\/sites\/592\/2022\/11\/Quiz02-300x43.jpg 300w, https:\/\/sites.rutgers.edu\/french-magazine\/wp-content\/uploads\/sites\/592\/2022\/11\/Quiz02-1024x146.jpg 1024w, https:\/\/sites.rutgers.edu\/french-magazine\/wp-content\/uploads\/sites\/592\/2022\/11\/Quiz02-768x110.jpg 768w\" sizes=\"(max-width: 1351px) 100vw, 1351px\" \/><\/p>\n","protected":false},"excerpt":{"rendered":"<p>Litt\u00e9rature(s) ____________________________________________________________________________________________ Th\u00e9\u00e2tre ____________________________________________________________________________________________ Musique ____________________________________________________________________________________________ Arts visuels ____________________________________________________________________________________________ Quizzes<\/p>\n","protected":false},"author":1417,"featured_media":0,"parent":0,"menu_order":0,"comment_status":"closed","ping_status":"closed","template":"","meta":{"_acf_changed":false,"footnotes":""},"class_list":["post-2176","page","type-page","status-publish","hentry"],"acf":[],"yoast_head":"<!-- This site is optimized with the Yoast SEO plugin v23.5 - https:\/\/yoast.com\/wordpress\/plugins\/seo\/ -->\n<title>Arts - La P&#039;tite Gazette<\/title>\n<meta name=\"robots\" content=\"index, follow, max-snippet:-1, max-image-preview:large, max-video-preview:-1\" \/>\n<link rel=\"canonical\" href=\"https:\/\/sites.rutgers.edu\/french-magazine\/arts-litteratures\/\" \/>\n<meta property=\"og:locale\" content=\"en_US\" \/>\n<meta property=\"og:type\" content=\"article\" \/>\n<meta property=\"og:title\" content=\"Arts - La P&#039;tite Gazette\" \/>\n<meta property=\"og:description\" content=\"Litt\u00e9rature(s) ____________________________________________________________________________________________ Th\u00e9\u00e2tre ____________________________________________________________________________________________ Musique ____________________________________________________________________________________________ Arts visuels ____________________________________________________________________________________________ Quizzes\" \/>\n<meta property=\"og:url\" content=\"https:\/\/sites.rutgers.edu\/french-magazine\/arts-litteratures\/\" \/>\n<meta property=\"og:site_name\" content=\"La P&#039;tite Gazette\" \/>\n<meta property=\"article:modified_time\" content=\"2022-11-15T21:34:01+00:00\" \/>\n<meta property=\"og:image\" content=\"http:\/\/sites.rutgers.edu\/french-magazine\/wp-content\/uploads\/sites\/592\/2022\/11\/Litt02.jpg\" \/>\n<meta name=\"twitter:card\" content=\"summary_large_image\" \/>\n<script type=\"application\/ld+json\" class=\"yoast-schema-graph\">{\"@context\":\"https:\/\/schema.org\",\"@graph\":[{\"@type\":\"WebPage\",\"@id\":\"https:\/\/sites.rutgers.edu\/french-magazine\/arts-litteratures\/\",\"url\":\"https:\/\/sites.rutgers.edu\/french-magazine\/arts-litteratures\/\",\"name\":\"Arts - La P&#039;tite Gazette\",\"isPartOf\":{\"@id\":\"https:\/\/sites.rutgers.edu\/french-magazine\/#website\"},\"primaryImageOfPage\":{\"@id\":\"https:\/\/sites.rutgers.edu\/french-magazine\/arts-litteratures\/#primaryimage\"},\"image\":{\"@id\":\"https:\/\/sites.rutgers.edu\/french-magazine\/arts-litteratures\/#primaryimage\"},\"thumbnailUrl\":\"http:\/\/sites.rutgers.edu\/french-magazine\/wp-content\/uploads\/sites\/592\/2022\/11\/Litt02.jpg\",\"datePublished\":\"2022-04-04T18:50:06+00:00\",\"dateModified\":\"2022-11-15T21:34:01+00:00\",\"breadcrumb\":{\"@id\":\"https:\/\/sites.rutgers.edu\/french-magazine\/arts-litteratures\/#breadcrumb\"},\"inLanguage\":\"en-US\",\"potentialAction\":[{\"@type\":\"ReadAction\",\"target\":[\"https:\/\/sites.rutgers.edu\/french-magazine\/arts-litteratures\/\"]}]},{\"@type\":\"ImageObject\",\"inLanguage\":\"en-US\",\"@id\":\"https:\/\/sites.rutgers.edu\/french-magazine\/arts-litteratures\/#primaryimage\",\"url\":\"https:\/\/sites.rutgers.edu\/french-magazine\/wp-content\/uploads\/sites\/592\/2022\/11\/Litt02.jpg\",\"contentUrl\":\"https:\/\/sites.rutgers.edu\/french-magazine\/wp-content\/uploads\/sites\/592\/2022\/11\/Litt02.jpg\",\"width\":1351,\"height\":193},{\"@type\":\"BreadcrumbList\",\"@id\":\"https:\/\/sites.rutgers.edu\/french-magazine\/arts-litteratures\/#breadcrumb\",\"itemListElement\":[{\"@type\":\"ListItem\",\"position\":1,\"name\":\"Home\",\"item\":\"https:\/\/sites.rutgers.edu\/french-magazine\/\"},{\"@type\":\"ListItem\",\"position\":2,\"name\":\"Arts\"}]},{\"@type\":\"WebSite\",\"@id\":\"https:\/\/sites.rutgers.edu\/french-magazine\/#website\",\"url\":\"https:\/\/sites.rutgers.edu\/french-magazine\/\",\"name\":\"La P&#039;tite Gazette\",\"description\":\"\",\"potentialAction\":[{\"@type\":\"SearchAction\",\"target\":{\"@type\":\"EntryPoint\",\"urlTemplate\":\"https:\/\/sites.rutgers.edu\/french-magazine\/?s={search_term_string}\"},\"query-input\":{\"@type\":\"PropertyValueSpecification\",\"valueRequired\":true,\"valueName\":\"search_term_string\"}}],\"inLanguage\":\"en-US\"}]}<\/script>\n<!-- \/ Yoast SEO plugin. -->","yoast_head_json":{"title":"Arts - La P&#039;tite Gazette","robots":{"index":"index","follow":"follow","max-snippet":"max-snippet:-1","max-image-preview":"max-image-preview:large","max-video-preview":"max-video-preview:-1"},"canonical":"https:\/\/sites.rutgers.edu\/french-magazine\/arts-litteratures\/","og_locale":"en_US","og_type":"article","og_title":"Arts - La P&#039;tite Gazette","og_description":"Litt\u00e9rature(s) ____________________________________________________________________________________________ Th\u00e9\u00e2tre ____________________________________________________________________________________________ Musique ____________________________________________________________________________________________ Arts visuels ____________________________________________________________________________________________ Quizzes","og_url":"https:\/\/sites.rutgers.edu\/french-magazine\/arts-litteratures\/","og_site_name":"La P&#039;tite Gazette","article_modified_time":"2022-11-15T21:34:01+00:00","og_image":[{"url":"http:\/\/sites.rutgers.edu\/french-magazine\/wp-content\/uploads\/sites\/592\/2022\/11\/Litt02.jpg"}],"twitter_card":"summary_large_image","schema":{"@context":"https:\/\/schema.org","@graph":[{"@type":"WebPage","@id":"https:\/\/sites.rutgers.edu\/french-magazine\/arts-litteratures\/","url":"https:\/\/sites.rutgers.edu\/french-magazine\/arts-litteratures\/","name":"Arts - La P&#039;tite Gazette","isPartOf":{"@id":"https:\/\/sites.rutgers.edu\/french-magazine\/#website"},"primaryImageOfPage":{"@id":"https:\/\/sites.rutgers.edu\/french-magazine\/arts-litteratures\/#primaryimage"},"image":{"@id":"https:\/\/sites.rutgers.edu\/french-magazine\/arts-litteratures\/#primaryimage"},"thumbnailUrl":"http:\/\/sites.rutgers.edu\/french-magazine\/wp-content\/uploads\/sites\/592\/2022\/11\/Litt02.jpg","datePublished":"2022-04-04T18:50:06+00:00","dateModified":"2022-11-15T21:34:01+00:00","breadcrumb":{"@id":"https:\/\/sites.rutgers.edu\/french-magazine\/arts-litteratures\/#breadcrumb"},"inLanguage":"en-US","potentialAction":[{"@type":"ReadAction","target":["https:\/\/sites.rutgers.edu\/french-magazine\/arts-litteratures\/"]}]},{"@type":"ImageObject","inLanguage":"en-US","@id":"https:\/\/sites.rutgers.edu\/french-magazine\/arts-litteratures\/#primaryimage","url":"https:\/\/sites.rutgers.edu\/french-magazine\/wp-content\/uploads\/sites\/592\/2022\/11\/Litt02.jpg","contentUrl":"https:\/\/sites.rutgers.edu\/french-magazine\/wp-content\/uploads\/sites\/592\/2022\/11\/Litt02.jpg","width":1351,"height":193},{"@type":"BreadcrumbList","@id":"https:\/\/sites.rutgers.edu\/french-magazine\/arts-litteratures\/#breadcrumb","itemListElement":[{"@type":"ListItem","position":1,"name":"Home","item":"https:\/\/sites.rutgers.edu\/french-magazine\/"},{"@type":"ListItem","position":2,"name":"Arts"}]},{"@type":"WebSite","@id":"https:\/\/sites.rutgers.edu\/french-magazine\/#website","url":"https:\/\/sites.rutgers.edu\/french-magazine\/","name":"La P&#039;tite Gazette","description":"","potentialAction":[{"@type":"SearchAction","target":{"@type":"EntryPoint","urlTemplate":"https:\/\/sites.rutgers.edu\/french-magazine\/?s={search_term_string}"},"query-input":{"@type":"PropertyValueSpecification","valueRequired":true,"valueName":"search_term_string"}}],"inLanguage":"en-US"}]}},"_links":{"self":[{"href":"https:\/\/sites.rutgers.edu\/french-magazine\/wp-json\/wp\/v2\/pages\/2176"}],"collection":[{"href":"https:\/\/sites.rutgers.edu\/french-magazine\/wp-json\/wp\/v2\/pages"}],"about":[{"href":"https:\/\/sites.rutgers.edu\/french-magazine\/wp-json\/wp\/v2\/types\/page"}],"author":[{"embeddable":true,"href":"https:\/\/sites.rutgers.edu\/french-magazine\/wp-json\/wp\/v2\/users\/1417"}],"replies":[{"embeddable":true,"href":"https:\/\/sites.rutgers.edu\/french-magazine\/wp-json\/wp\/v2\/comments?post=2176"}],"version-history":[{"count":13,"href":"https:\/\/sites.rutgers.edu\/french-magazine\/wp-json\/wp\/v2\/pages\/2176\/revisions"}],"predecessor-version":[{"id":2809,"href":"https:\/\/sites.rutgers.edu\/french-magazine\/wp-json\/wp\/v2\/pages\/2176\/revisions\/2809"}],"wp:attachment":[{"href":"https:\/\/sites.rutgers.edu\/french-magazine\/wp-json\/wp\/v2\/media?parent=2176"}],"curies":[{"name":"wp","href":"https:\/\/api.w.org\/{rel}","templated":true}]}}