{"id":454,"date":"2020-07-13T13:57:40","date_gmt":"2020-07-13T13:57:40","guid":{"rendered":"http:\/\/sites.rutgers.edu\/french-magazine\/?page_id=454"},"modified":"2022-04-10T21:49:38","modified_gmt":"2022-04-10T21:49:38","slug":"about-us","status":"publish","type":"page","link":"https:\/\/sites.rutgers.edu\/french-magazine\/about-us\/","title":{"rendered":"De nous \u00e0 vous"},"content":{"rendered":"<p>D&#8217;\u00e9tudiant.e.s \u00e0 \u00e9l\u00e8ves, de Rutgers aux \u00e9coles du New Jersey: notre tout nouveau magazine, <em>la P&#8217;tite Gazette<\/em>, cherche \u00e0 cr\u00e9er un contact entre vous (les \u00e9coles K-12) et nous (les \u00e9tudiants du D\u00e9partement de fran\u00e7ais) autour de ce que nous avons en commun et que nous aimons tous: le fran\u00e7ais, la langue et ses cultures!<\/p>\n<p>From students to students, from Rutgers to schools in New Jersey: our new magazine la P&#8217;tite Gazette looks to create a contact between you (students from grades K-12) and us (Rutgers students and the Department of French) about what we have in common and what we all like: French, the language and its cultures!<\/p>\n<p>If you, your classmates or your professors would like to make a suggestion or submit a post, use:<\/p>\n<p>laptitegazette@french.rutgers.edu<\/p>\n<p>&nbsp;<\/p>\n<p>&nbsp;<\/p>\n","protected":false},"excerpt":{"rendered":"<p>D&#8217;\u00e9tudiant.e.s \u00e0 \u00e9l\u00e8ves, de Rutgers aux \u00e9coles du New Jersey: notre tout nouveau magazine, la P&#8217;tite Gazette, cherche \u00e0 cr\u00e9er un contact entre vous (les \u00e9coles K-12) et nous (les &hellip; <a href=\"https:\/\/sites.rutgers.edu\/french-magazine\/about-us\/\" class=\"\">Read More<\/a><\/p>\n","protected":false},"author":33,"featured_media":0,"parent":0,"menu_order":0,"comment_status":"closed","ping_status":"closed","template":"","meta":{"_acf_changed":false,"footnotes":""},"class_list":["post-454","page","type-page","status-publish","hentry"],"acf":[],"yoast_head":"<!-- This site is optimized with the Yoast SEO plugin v23.5 - https:\/\/yoast.com\/wordpress\/plugins\/seo\/ -->\n<title>De nous \u00e0 vous - La P&#039;tite Gazette<\/title>\n<meta name=\"robots\" content=\"index, follow, max-snippet:-1, max-image-preview:large, max-video-preview:-1\" \/>\n<link rel=\"canonical\" href=\"https:\/\/sites.rutgers.edu\/french-magazine\/about-us\/\" \/>\n<meta property=\"og:locale\" content=\"en_US\" \/>\n<meta property=\"og:type\" content=\"article\" \/>\n<meta property=\"og:title\" content=\"De nous \u00e0 vous - La P&#039;tite Gazette\" \/>\n<meta property=\"og:description\" content=\"D&#8217;\u00e9tudiant.e.s \u00e0 \u00e9l\u00e8ves, de Rutgers aux \u00e9coles du New Jersey: notre tout nouveau magazine, la P&#8217;tite Gazette, cherche \u00e0 cr\u00e9er un contact entre vous (les \u00e9coles K-12) et nous (les &hellip; Read More\" \/>\n<meta property=\"og:url\" content=\"https:\/\/sites.rutgers.edu\/french-magazine\/about-us\/\" \/>\n<meta property=\"og:site_name\" content=\"La P&#039;tite Gazette\" \/>\n<meta property=\"article:modified_time\" content=\"2022-04-10T21:49:38+00:00\" \/>\n<meta name=\"twitter:card\" content=\"summary_large_image\" \/>\n<meta name=\"twitter:label1\" content=\"Est. reading time\" \/>\n\t<meta name=\"twitter:data1\" content=\"1 minute\" \/>\n<script type=\"application\/ld+json\" class=\"yoast-schema-graph\">{\"@context\":\"https:\/\/schema.org\",\"@graph\":[{\"@type\":\"WebPage\",\"@id\":\"https:\/\/sites.rutgers.edu\/french-magazine\/about-us\/\",\"url\":\"https:\/\/sites.rutgers.edu\/french-magazine\/about-us\/\",\"name\":\"De nous \u00e0 vous - La P&#039;tite Gazette\",\"isPartOf\":{\"@id\":\"https:\/\/sites.rutgers.edu\/french-magazine\/#website\"},\"datePublished\":\"2020-07-13T13:57:40+00:00\",\"dateModified\":\"2022-04-10T21:49:38+00:00\",\"breadcrumb\":{\"@id\":\"https:\/\/sites.rutgers.edu\/french-magazine\/about-us\/#breadcrumb\"},\"inLanguage\":\"en-US\",\"potentialAction\":[{\"@type\":\"ReadAction\",\"target\":[\"https:\/\/sites.rutgers.edu\/french-magazine\/about-us\/\"]}]},{\"@type\":\"BreadcrumbList\",\"@id\":\"https:\/\/sites.rutgers.edu\/french-magazine\/about-us\/#breadcrumb\",\"itemListElement\":[{\"@type\":\"ListItem\",\"position\":1,\"name\":\"Home\",\"item\":\"https:\/\/sites.rutgers.edu\/french-magazine\/\"},{\"@type\":\"ListItem\",\"position\":2,\"name\":\"De nous \u00e0 vous\"}]},{\"@type\":\"WebSite\",\"@id\":\"https:\/\/sites.rutgers.edu\/french-magazine\/#website\",\"url\":\"https:\/\/sites.rutgers.edu\/french-magazine\/\",\"name\":\"La P&#039;tite Gazette\",\"description\":\"\",\"potentialAction\":[{\"@type\":\"SearchAction\",\"target\":{\"@type\":\"EntryPoint\",\"urlTemplate\":\"https:\/\/sites.rutgers.edu\/french-magazine\/?s={search_term_string}\"},\"query-input\":{\"@type\":\"PropertyValueSpecification\",\"valueRequired\":true,\"valueName\":\"search_term_string\"}}],\"inLanguage\":\"en-US\"}]}<\/script>\n<!-- \/ Yoast SEO plugin. -->","yoast_head_json":{"title":"De nous \u00e0 vous - La P&#039;tite Gazette","robots":{"index":"index","follow":"follow","max-snippet":"max-snippet:-1","max-image-preview":"max-image-preview:large","max-video-preview":"max-video-preview:-1"},"canonical":"https:\/\/sites.rutgers.edu\/french-magazine\/about-us\/","og_locale":"en_US","og_type":"article","og_title":"De nous \u00e0 vous - La P&#039;tite Gazette","og_description":"D&#8217;\u00e9tudiant.e.s \u00e0 \u00e9l\u00e8ves, de Rutgers aux \u00e9coles du New Jersey: notre tout nouveau magazine, la P&#8217;tite Gazette, cherche \u00e0 cr\u00e9er un contact entre vous (les \u00e9coles K-12) et nous (les &hellip; Read More","og_url":"https:\/\/sites.rutgers.edu\/french-magazine\/about-us\/","og_site_name":"La P&#039;tite Gazette","article_modified_time":"2022-04-10T21:49:38+00:00","twitter_card":"summary_large_image","twitter_misc":{"Est. reading time":"1 minute"},"schema":{"@context":"https:\/\/schema.org","@graph":[{"@type":"WebPage","@id":"https:\/\/sites.rutgers.edu\/french-magazine\/about-us\/","url":"https:\/\/sites.rutgers.edu\/french-magazine\/about-us\/","name":"De nous \u00e0 vous - La P&#039;tite Gazette","isPartOf":{"@id":"https:\/\/sites.rutgers.edu\/french-magazine\/#website"},"datePublished":"2020-07-13T13:57:40+00:00","dateModified":"2022-04-10T21:49:38+00:00","breadcrumb":{"@id":"https:\/\/sites.rutgers.edu\/french-magazine\/about-us\/#breadcrumb"},"inLanguage":"en-US","potentialAction":[{"@type":"ReadAction","target":["https:\/\/sites.rutgers.edu\/french-magazine\/about-us\/"]}]},{"@type":"BreadcrumbList","@id":"https:\/\/sites.rutgers.edu\/french-magazine\/about-us\/#breadcrumb","itemListElement":[{"@type":"ListItem","position":1,"name":"Home","item":"https:\/\/sites.rutgers.edu\/french-magazine\/"},{"@type":"ListItem","position":2,"name":"De nous \u00e0 vous"}]},{"@type":"WebSite","@id":"https:\/\/sites.rutgers.edu\/french-magazine\/#website","url":"https:\/\/sites.rutgers.edu\/french-magazine\/","name":"La P&#039;tite Gazette","description":"","potentialAction":[{"@type":"SearchAction","target":{"@type":"EntryPoint","urlTemplate":"https:\/\/sites.rutgers.edu\/french-magazine\/?s={search_term_string}"},"query-input":{"@type":"PropertyValueSpecification","valueRequired":true,"valueName":"search_term_string"}}],"inLanguage":"en-US"}]}},"_links":{"self":[{"href":"https:\/\/sites.rutgers.edu\/french-magazine\/wp-json\/wp\/v2\/pages\/454"}],"collection":[{"href":"https:\/\/sites.rutgers.edu\/french-magazine\/wp-json\/wp\/v2\/pages"}],"about":[{"href":"https:\/\/sites.rutgers.edu\/french-magazine\/wp-json\/wp\/v2\/types\/page"}],"author":[{"embeddable":true,"href":"https:\/\/sites.rutgers.edu\/french-magazine\/wp-json\/wp\/v2\/users\/33"}],"replies":[{"embeddable":true,"href":"https:\/\/sites.rutgers.edu\/french-magazine\/wp-json\/wp\/v2\/comments?post=454"}],"version-history":[{"count":13,"href":"https:\/\/sites.rutgers.edu\/french-magazine\/wp-json\/wp\/v2\/pages\/454\/revisions"}],"predecessor-version":[{"id":2264,"href":"https:\/\/sites.rutgers.edu\/french-magazine\/wp-json\/wp\/v2\/pages\/454\/revisions\/2264"}],"wp:attachment":[{"href":"https:\/\/sites.rutgers.edu\/french-magazine\/wp-json\/wp\/v2\/media?parent=454"}],"curies":[{"name":"wp","href":"https:\/\/api.w.org\/{rel}","templated":true}]}}