{"id":363,"date":"2020-07-09T16:51:59","date_gmt":"2020-07-09T16:51:59","guid":{"rendered":"http:\/\/sites.rutgers.edu\/judit-hajnal-ward\/?page_id=363"},"modified":"2025-05-21T14:14:25","modified_gmt":"2025-05-21T14:14:25","slug":"publications","status":"publish","type":"page","link":"https:\/\/sites.rutgers.edu\/judit-hajnal-ward\/publications\/","title":{"rendered":"Publications"},"content":{"rendered":"<p><a href=\"http:\/\/sites.rutgers.edu\/judit-hajnal-ward\/wp-content\/uploads\/sites\/738\/2023\/05\/9780838936627-scaled.jpeg\"><img loading=\"lazy\" decoding=\"async\" class=\"alignright size-medium wp-image-683\" src=\"http:\/\/sites.rutgers.edu\/judit-hajnal-ward\/wp-content\/uploads\/sites\/738\/2023\/05\/9780838936627-200x300.jpeg\" alt=\"\" width=\"200\" height=\"300\" srcset=\"https:\/\/sites.rutgers.edu\/judit-hajnal-ward\/wp-content\/uploads\/sites\/738\/2023\/05\/9780838936627-200x300.jpeg 200w, https:\/\/sites.rutgers.edu\/judit-hajnal-ward\/wp-content\/uploads\/sites\/738\/2023\/05\/9780838936627-683x1024.jpeg 683w, https:\/\/sites.rutgers.edu\/judit-hajnal-ward\/wp-content\/uploads\/sites\/738\/2023\/05\/9780838936627-768x1152.jpeg 768w, https:\/\/sites.rutgers.edu\/judit-hajnal-ward\/wp-content\/uploads\/sites\/738\/2023\/05\/9780838936627-1024x1536.jpeg 1024w, https:\/\/sites.rutgers.edu\/judit-hajnal-ward\/wp-content\/uploads\/sites\/738\/2023\/05\/9780838936627-1365x2048.jpeg 1365w, https:\/\/sites.rutgers.edu\/judit-hajnal-ward\/wp-content\/uploads\/sites\/738\/2023\/05\/9780838936627-scaled.jpeg 1707w\" sizes=\"(max-width: 200px) 100vw, 200px\" \/><\/a><\/p>\n<p><strong>BOOKS<\/strong><\/p>\n<p>Hajnal Ward, J. (2025). <a href=\"https:\/\/www.ekonyv.hu\/ekonyvek\/szepirodalom\/riportkonyv-tenyirodalom\/hajnal_ward_judit-ujranyitott_konyvtar\"><em>\u00dajranyitott <\/em><\/a><a href=\"https:\/\/kalligram.libricsoport.hu\/fooldal\/konyvek\/nyitott-konyvtar\/\"><em>k<\/em><em>\u00f6nyvt\u00e1r<\/em><\/a><em> [Reopening libraries].<\/em>\u00a0[In Hungarian]. Kalligram, Budapest.<\/p>\n<p>Ward, J. H., &amp; Allred, N. (2023).<em> <a href=\"https:\/\/www.alastore.ala.org\/bibliotherapy\">The Librarian&#8217;s Guide to Bibliotherapy.<\/a><\/em> ALA Editions.<\/p>\n<p>Hajnal Ward, J. (2023). <a href=\"https:\/\/harmattan.hu\/keresztuton-2958\"><i>Kereszt\u00faton<\/i><\/a>\u00a0<em>[Crossroads]\u00a0<\/em>[In Hungarian]. L&#8217;Harmattan, Budapest.<\/p>\n<p>Hajnal Ward, J. (2019).\u00a0<em><a href=\"https:\/\/bookline.ro\/product\/home.action?_v=Hajnal_Ward_Judit_Tintasuveg&amp;type=22&amp;id=310821\">Tint\u00e1s\u00fcveg\u00a0<\/a>[Ink well]\u00a0<\/em>[In Hungarian]. L&#8217;Harmattan, Budapest.<\/p>\n<p>Hajnal Ward,\u00a0J. (2015).\u00a0<a href=\"https:\/\/www.libri.hu\/konyv\/hajnal_ward_judit.nyitott-konyvtar.html\"><em>Nyitott\u00a0<\/em><em>k<\/em><em>\u00f6nyvt\u00e1r<\/em><\/a><em>\u00a0[Open libraries]<\/em>\u00a0[In Hungarian]. Kalligram, Budapest.<\/p>\n<p>Hajnal Ward, J. (2002).\u00a0<a href=\"https:\/\/www.amazon.com\/Hungarian-English-English-Hungarian-Dictionary-Phrasebook-Phrasebooks\/dp\/0781809193\"><em>Hungarian-English Phrasebook and Dictionary<\/em><\/a>. Hippocrene Books, New York, NY. [republished in 2004, 2006, including Kindle e-book]<\/p>\n<p><b>ARTICLES IN PEER-REVIEWED JOURNALS (selected)<\/b><\/p>\n<p><strong>Ward, J. H.<\/strong>, Allred, N., &amp; Bejarano, W. (2025). <a href=\"https:\/\/doi.org\/10.15288\/jsad.24-00402\">Mark Keller, Alcohol Studies &#8216;Documentalist.<\/a>&#8216; <i>Journal of Studies on Alcohol and Drugs<\/i>, (Prepub)<i><\/i><\/p>\n<p><strong>Ward, J. H.<\/strong>, Babor, T. F., Allred, N., &amp; Bejarano, W. (2024). <a href=\"https:\/\/www.jsad.com\/doi\/10.15288\/jsad.23-00353\">The Modern History of Alcohol Research: Introducing the Rutgers Digital Alcohol Studies Archives.<\/a> <i>Journal of Studies on Alcohol and Drugs<\/i>, <i>85<\/i>(3), 289\u2013295.<\/p>\n<p>Allred, N., Bejarano, W., &amp; <strong>Ward, J. H.<\/strong> (2023). <a href=\"https:\/\/doi.org\/10.15288\/jsad.22-00263\">A Sociologist and the Problems of Alcohol Studies: The Life and Legacy of Selden D. Bacon.<\/a> <i>Journal of Studies on Alcohol and Drugs<\/i>, <i>84<\/i>(5), 791\u2013796.<\/p>\n<p>Hajnal Ward, J. (2021). <a href=\"http:\/\/ojs.elte.hu\/3k\/article\/view\/3391\/3109\">Tiltunk, t\u0171runk, t\u00e1mogatunk.<\/a> [Prohibiting, permitting, or promoting. In Hungarian]. <i>K\u00f6nyv, k\u00f6nyvt\u00e1r, k\u00f6nyvt\u00e1ros, 30(<\/i>9), 3-17.<\/p>\n<p>Hajnal Ward, J. (2021). <a href=\"https:\/\/moksz.org\/2021\/08\/27\/orvosi-konyvtarak-2021-3\/\">A sz\u00f6veg \u00e9s olvas\u00f3ja.<\/a> [The text and the reader. In Hungarian]. <em>Orvosi K\u00f6nyvt\u00e1rak (Medical Libraries)<\/em>, 3, 20-32.<\/p>\n<p>Hajnal Ward, J. (2020).\u00a0<a href=\"https:\/\/epa.oszk.hu\/01300\/01367\/00329\/pdf\/EPA01367_3K_2020_06_003-015.pdf\">Ha ny\u00e1r, akkor hangosk\u00f6nyv!\u00a0<\/a>[Summer: Time for Audiobooks. In Hungarian]. <i>K\u00f6nyv, k\u00f6nyvt\u00e1r, k\u00f6nyvt\u00e1ros,\u00a029<\/i>(6), 3-15.<\/p>\n<p>Kranich, N., Lotts, M., Nielsen, J., &amp; <b>Ward, J. H.<\/b> (2020). <a href=\"https:\/\/muse.jhu.edu\/article\/753299\">Moving from collecting to connecting: Articulating, assessing, and communicating the work of liaison librarians.<\/a> <i>portal: Libraries and the Academy<\/i>, <i>20<\/i>(2), 285-304.<\/p>\n<p><strong>Hajnal Ward, J.<\/strong>, &amp; Allred, N. (2019).\u00a0<a href=\"https:\/\/epa.oszk.hu\/01300\/01367\/00323\/pdf\/EPA01367_3K_2019_12_024-037.pdf\">Harry Potter \u00e9s a k\u00f6nyvt\u00e1r titka: k\u00f6z\u00f6ss\u00e9gteremt\u00e9s egy amerikai egyetemen<\/a>. [Harry Potter and the secret of the library: community building at an American university. In Hungarian].<i>K\u00f6nyv, k\u00f6nyvt\u00e1r, k\u00f6nyvt\u00e1ros,<\/i> 28(12), 24-37.<\/p>\n<p>Ward, J. H. (2019).\u00a0<a href=\"https:\/\/salis.org\/wp-content\/uploads\/2020\/08\/SALISJournal-vol5_2018.pdf#page=10\">Pebbles, rocks, and milestones: The librarian as an intellectual.<\/a><em>Substance Abuse Library and Information Studies<\/em><em>, 5,<\/em>\u00a01-4.<\/p>\n<p>Hajnal Ward, J. (2019).\u00a0<a href=\"http:\/\/ki2.oszk.hu\/3k\/2019\/03\/konyvtartervezes-kozosen-esettanulmany-a-tengerentulrol\/\">K\u00f6nyvt\u00e1rtervez\u00e9s k\u00f6z\u00f6sen: esettanulm\u00e1ny a tengerent\u00falr\u00f3l<\/a>. [Participatory library design: A case study. In Hungarian].\u00a0<em>K\u00f6nyv, k\u00f6nyvt\u00e1r, k\u00f6nyvt\u00e1ros<\/em>, 28(1), 3-19.<\/p>\n<p>Babor, T. F., &amp;\u00a0<strong>Ward, J. H.<\/strong>\u00a0(2018).\u00a0<a href=\"https:\/\/www.ncbi.nlm.nih.gov\/pubmed\/30079864\">Caveat Emptor: Predatory publishers, rogue journals, and the corruption of addiction science<\/a>. \u00a0<em>Journal of Studies on Alcohol and Drugs<\/em>,\u00a0<em>79,<\/em>\u00a0509-513.<\/p>\n<p>Ward, J. H. (2018).\u00a0<a href=\"http:\/\/salis.org\/resources\/salis-journal\/copy-salis-journal-vol-4-2017\/\">Climate change: History in the making<\/a>.\u00a0<em>Substance Abuse Library and Information Studies<\/em><em>, 4,<\/em>\u00a01-5.<\/p>\n<p>Hajnal Ward, J.\u00a0(2018). <a href=\"https:\/\/drive.google.com\/file\/d\/1VCYmR15KFYs66HRT4OxQiAxmUNWeOyi0\/view?usp=drivesdk\">V\u00e9tkesek k\u00f6zt\u2026<\/a> \u00a0[Liars\u2019 club: predatory journals, publishers, and conferences. In Hungarian].\u00a0<em>Orvosi K\u00f6nyvt\u00e1rak (Medical Libraries)<\/em>, 1, 14-21.<\/p>\n<p>Allred, N., Bejarano, &amp;\u00a0<strong>Ward, J. H.<\/strong>\u00a0(2017).<a href=\"http:\/\/www.jsad.com\/doi\/10.15288\/jsad.2017.78.325\">\u00a0Howard Wilcox Haggard and the Institutionalization of Modern Alcohol Studies<\/a>.\u00a0<em>Journal of Studies on Alcohol and Drugs,\u00a0<\/em><em>78<\/em>(2), 325\u2013329.<\/p>\n<p><strong>Ward, J. H.<\/strong>, &amp; Bejarano, W. (2017) (interviewers).\u00a0<a href=\"http:\/\/www.jsad.com\/doi\/abs\/10.15288\/jsad.2017.78.158\">Broad thinking: An interview with Harold Kalant<\/a>.\u00a0<em>Journal of Studies on Alcohol and Drugs,\u00a0<\/em><em>78<\/em>(1), 158\u2013165.<\/p>\n<p>Bejarano, W., &amp;\u00a0<strong>Ward, J. H.<\/strong>\u00a0(2016).\u00a0<a href=\"https:\/\/salis.org\/wp-content\/uploads\/2020\/08\/SALISJournal-vol3_2016.pdf#page=36\">CICAS: Toward a critical framework of information literacy in addiction science.\u00a0<\/a><em>Substance Abuse Library and Information Studies, 3,\u00a0<\/em>33-41.<\/p>\n<p><strong>Ward, J. H.<\/strong>, Bejarano, W., &amp; Allred, N. (2016).\u00a0<a href=\"https:\/\/salis.org\/wp-content\/uploads\/2020\/08\/SALISJournal-vol3_2016.pdf#page=36\">Reading for recovery: Bibliotherapy for addictions.<\/a>\u00a0\u00a0<em>Substance Abuse Library and Information Studies, 3,\u00a0<\/em>50-59.<\/p>\n<p><strong>Hajnal Ward, J.<\/strong>, &amp; Bejarano, W. (2016).\u00a0<a href=\"http:\/\/epa.oszk.hu\/01300\/01367\/00282\/pdf\/EPA01367_3K_2016_09_017-025.pdf\">Parazita lapok &#8211; a tudom\u00e1ny \u00e9l\u0151sk\u00f6d\u0151i<\/a>\u00a0 [Predatory journals: Predators of Science. In Hungarian.]\u00a0\u00a0<em>K\u00f6nyv, k\u00f6nyvt\u00e1r, k\u00f6nyvt\u00e1ros, 25<\/em>(9), 17-25.<\/p>\n<p><strong>Hajnal Ward, J.<\/strong>, &amp; Bejarano, W. (2016).\u00a0<a title=\"Permanent Link: A tudom\u00e1ny \u00e9l\u0151sk\u00f6d\u0151i. Denveri besz\u00e9lget\u00e9s Jeffrey Beall-lel\" href=\"http:\/\/ki.oszk.hu\/3k\/2016\/09\/a-tudomany-eloskodoi-denveri-beszelgetes-jeffrey-beall-lel\/#more-8348\">A tudom\u00e1ny \u00e9l\u0151sk\u00f6d\u0151i. Denveri besz\u00e9lget\u00e9s Jeffrey Beall-lel<\/a>\u00a0[Predators of Science. A discussion in Denver with Jeffrey Beall. In Hungarian.]\u00a0<em>\u00a0K\u00f6nyv, k\u00f6nyvt\u00e1r, k\u00f6nyvt\u00e1ros, 25<\/em>(9), 9-16.<\/p>\n<p>Babor, T. F., &amp;\u00a0<strong>Ward, J. H.\u00a0<\/strong>\u00a0(2016).\u00a0<a href=\"http:\/\/www.jsad.com\/doi\/abs\/10.15288\/jsad.2016.77.369\">E.M. Jellinek at 125: The past as prologue<\/a>.\u00a0<em>Journal of Studies on Alcohol and Drugs, 77,\u00a0<\/em>369\u2013370.<\/p>\n<p><strong>Ward, J.<\/strong>\u00a0&amp; Bejarano, W. (2016).<a href=\"http:\/\/www.jsad.com\/doi\/10.15288\/jsad.2016.77.371\">\u00a0A tribute to Bunky at 125: A comprehensive bibliography of E. M. Jellinek\u2019s publications<\/a>.\u00a0<em>Journal of Studies on Alcohol and Drugs, 77,\u00a0<\/em>371\u2013374.<\/p>\n<p><strong>Ward, J. H.\u00a0<\/strong>Bejarano, W., \u00a0Allred, N., &amp; Babor, T. F. (2016).\u00a0<a href=\"http:\/\/www.jsad.com\/doi\/abs\/10.15288\/jsad.2016.77.375\">Reintroducing Bunky at 125: E.M. Jellinek\u2019s life and contributions to Alcohol Studies<\/a>,\u00a0<em>Journal of Studies on Alcohol and Drugs, 77,\u00a0<\/em>375-383.<\/p>\n<p><strong>Ward, J. H.<\/strong>, Bejarano, W., &amp; Haggis, W. (2015).\u00a0<a href=\"https:\/\/salis.org\/wp-content\/uploads\/2020\/08\/SALISJournal-vol2_2015.pdf#page=82\">\u201cOpen during renovation\u201d: Open Science and libraries<\/a>.\u00a0<em>Substance Abuse Library and Information Studies<\/em><em>, 2<\/em>, 82-89.<\/p>\n<p><strong>Ward, J. H.<\/strong>\u00a0(2015).\u00a0<a href=\"https:\/\/salis.org\/wp-content\/uploads\/2020\/08\/SALISJournal-vol2_2015.pdf#page=82\">Language matters: The power of words<\/a>.\u00a0<em>Substance Abuse Library and Information Studies<\/em><em>, 2,\u00a0<\/em>34-38.<\/p>\n<p>Hajnal Ward, J. (2015). K\u00f6nyvt\u00e1r, tudom\u00e1ny, k\u00f6nyvt\u00e1rtudom\u00e1ny [Library, science, library science. In Hungarian].\u00a0<em>K\u00f6nyv, k\u00f6nyvt\u00e1r, k\u00f6nyvt\u00e1ros [Books, libraries, librarians], 24<\/em>(10), 18-28.<\/p>\n<p>Hajnal Ward, J.<strong>,<\/strong>\u00a0Geary, D. &amp; Bejarano, W. (2015). Gy\u00f3gy\u00edt\u00f3 olvas\u00e1s. Kis ingyen k\u00f6nyvt\u00e1r nem csak szenved\u00e9lybetegeknek [Books that heal: Little Free Library, not only for addictions. In Hungarian].\u00a0<em>K\u00f6nyv, k\u00f6nyvt\u00e1r, k\u00f6nyvt\u00e1ros [Books, libraries, librarians]<\/em><em>, 24<\/em>(5), 28-35.<\/p>\n<p>Hajnal Ward, J<strong>.\u00a0<\/strong>(2015).\u00a0<a href=\"http:\/\/lib.semmelweis.hu\/moksz\/hirlevel\/ORVOSI_KONYVTARAK_2015_2szam.pdf\">Nyitott tudom\u00e1ny, nyitott k\u00f6nyvt\u00e1r<\/a>\u00a0[Open science, open library. In Hungarian].\u00a0<em>Orvosi k\u00f6nyvt\u00e1rak [Medical Libraries].<\/em>\u00a02, 18-29.<\/p>\n<p><strong>Ward, J<\/strong>., Bejarano, W., &amp; Dud\u00e1s, A. (2015).<a href=\"https:\/\/www.liberquarterly.eu\/articles\/10.18352\/lq.9958\/\">\u00a0Scholarly social media profiles and libraries: A review.<\/a>\u00a0<em>LIBER Quarterly,<\/em>\u00a024<em>(4),\u00a0<\/em>174-204.<\/p>\n<p>Ward, J. (2014).\u00a0<a href=\"http:\/\/salis.org\/resources\/salis-journal\/salis-journal-vol-1-2014\/\">E. M. Jellinek: The Hungarian Connection<\/a>.\u00a0<em>Substance Abuse Library and Information Studies<\/em>, 1, 42-54.<\/p>\n<p><strong>Hajnal Ward, J.,\u00a0<\/strong>Clark, S, Stewart, M. (2014). Marslak\u00f3k \u00e9s detekt\u00edvek a k\u00f6nyvt\u00e1rban: 56-os tud\u00f3sok Amerik\u00e1ban. [Martians and detectives: Hungarian 56er scholars in America. In Hungarian].\u00a0<em>K\u00f6nyv, k\u00f6nyvt\u00e1r, k\u00f6nyvt\u00e1ros [Books, libraries, librarians]<\/em>,\u00a0<em>10<\/em>, 36-46.<\/p>\n<p><strong>Hajnal Ward, J<\/strong>.<strong>,\u00a0<\/strong>Bejarano, W., Dud\u00e1s, A. (2014).\u00a0<a href=\"https:\/\/www.researchgate.net\/publication\/266852079_Tudomnyos_szelfie_tudsprofilok_az_Interneten._Scholarly_selfies_Researcher_profiles_on_the_Internet._In_Hungarian.\">Tudom\u00e1nyos szelfie: tud\u00f3sprofilok az Interneten<\/a>. [Scholarly selfies: Researcher profiles on the Internet. In Hungarian.]\u00a0<em>K\u00f6nyvt\u00e1ri Figyel\u0151 [Library Review], 60(3),\u00a0<\/em>294-308.<\/p>\n<p>Candon, P.,<strong>\u00a0<\/strong><strong>Ward, J.,\u00a0<\/strong>Pandina, R. (2014).\u00a0<a href=\"http:\/\/www.ncbi.nlm.nih.gov\/pubmed\/24565307\">The Journal of Studies on Alcohol and Drugs and the Rutgers Center of Alcohol Studies: A History of the Evolution of Alcohol Research.<\/a><em>\u00a0Journal of Studies on Alcohol and Drugs Supplement 17<\/em>, 8-17.<\/p>\n<p>Hajnal Ward, J. (2012).\u00a0<a href=\"https:\/\/www.academia.edu\/28201943\/Egy_magyar_digit\u00e1lis_vil\u00e1gk\u00f6nyvt\u00e1r_v\u00edzi\u00f3ja_Envisioning_a_Digital_Hungarian_World_Library_\">Egy magyar digit\u00e1lis vil\u00e1gk\u00f6nyvt\u00e1r v\u00edzi\u00f3ja<\/a>. [Envisioning a Hungarian Digital Library. In Hungarian].\u00a0<em>K\u00f6nyv, k\u00f6nyvt\u00e1r, k\u00f6nyvt\u00e1ros\u00a0<\/em>[Books, libraries, librarians], 12, 47-56.<\/p>\n<p>Hajnal Ward, J. (2012).\u00a0<a href=\"https:\/\/adoc.pub\/ki-szavatol-a-helyzetjelentes-a-tudomanyos-lektoralas-allasa.html\">Ki szavatol a&#8230;? Helyzetjelent\u00e9s a tudom\u00e1nyos lektor\u00e1l\u00e1s \u00e1ll\u00e1s\u00e1r\u00f3l.<\/a>\u00a0[In Hungarian]. Who grants the\u2026? Status report on peer review.\u00a0<em>K\u00f6nyvt\u00e1ri Figyel\u0151<\/em>\u00a0[Library Review],(56), 713-726.<\/p>\n<p><strong>Hajnal Ward, J.<\/strong>, Molly Stewart (2012).\u00a0<a href=\"http:\/\/www.google.com\/url?sa=t&amp;rct=j&amp;q=&amp;esrc=s&amp;source=web&amp;cd=3&amp;cad=rja&amp;uact=8&amp;ved=0CCwQFjAC&amp;url=http%3A%2F%2Fepa.oszk.hu%2F02200%2F02287%2F00013%2Fpdf%2FHungarologiai_Evkonyv_13_223-240.pdf&amp;ei=o3VwVYb_GcObyATD4oKYBA&amp;usg=AFQjCNGYNfGTkTyUjcN_qjFAdBevBxztjw&amp;sig2=8gb4VlsphyVQ869DuEruOg&amp;bvm=bv.94911696,d.aWw\">A tudom\u00e1nyos tev\u00e9kenys\u00e9g \u00e9rt\u00e9kel\u00e9se: hungarol\u00f3giai t\u00e9m\u00e1k amerikai disszert\u00e1ci\u00f3kban<\/a>.[In Hungarian] Performance indicators in Hungarian Studies: Dissertations in North American universities. <i>Hungarol\u00f3giai \u00c9vk\u00f6nyv &#8211; Hungarian Studies Yearbook 10.<\/i> Ed. Sz\u0171cs Tibor, University of P\u00e9cs, Hungary, pp. 223-240.<\/p>\n<p><strong>Hajnal Ward, J.<\/strong>\u00a0, Candon, P., Cox, J., Frisone, N., Stewart, M. (2011).\u00a0<a href=\"http:\/\/www.google.com\/url?sa=t&amp;rct=j&amp;q=&amp;esrc=s&amp;source=web&amp;cd=2&amp;cad=rja&amp;uact=8&amp;ved=0CCsQFjAB&amp;url=http%3A%2F%2Fepa.oszk.hu%2F00100%2F00143%2F00078%2Fpdf%2FEPA00143_Konyvtari_Figyelo_2011_1_107-132.pdf&amp;ei=x3VwVZS6Ooq1yQT194PIAw&amp;usg=AFQjCNHBmocRY3UVzGMqNmyvl7SV8XMzSw&amp;sig2=EbNmhPEy8y9E9Mty4sWc_A&amp;bvm=bv.94911696,d.aWw\">Gyakorlati bibliometria: a tudom\u00e1nyos tev\u00e9kenys\u00e9g \u00e9rt\u00e9kel\u00e9se k\u00f6nyvt\u00e1ri eszk\u00f6z\u00f6kkel.<\/a>\u00a0Practical bibliometrics: Evaluating scholarly activities with library resources. [In Hungarian]. K\u00f6nyvt\u00e1ri Figyel\u0151 [Library Review], (56), 107-132.<\/p>\n<p><strong>Hajnal Ward, J.<\/strong>, Cs\u0171r\u00f6s Clark, Sz. (2009).\u00a0<a href=\"https:\/\/journals.ku.edu\/index.php\/folklorica\/article\/view\/3821\">Folklore research resources in East European Studies: The Library and Archives of the American Hungarian Foundation<\/a>,\u00a0<em>Folklorica<\/em>, 14, 155-168.<\/p>\n<p>Hajnal Ward, J. (ed.) (2009).\u00a0<a href=\"http:\/\/ki.oszk.hu\/3k\/category\/18-evfolyam\/\">Welcome to the library! Special issue on American libraries<\/a>. [In Hungarian.]<em>\u00a0K\u00f6nyv, k\u00f6nyvt\u00e1r, k\u00f6nyvt\u00e1ros<\/em>\u00a0[Books, libraries, librarians]. Issue 12.<\/p>\n<p>Ward, J.H. (2009).\u00a0<a href=\"https:\/\/journals.ala.org\/lrts\/article\/view\/5360\/6565\">Acquisitions Globalized: The foreign language acquisitions experience in a research library<\/a>.\u00a0<em>Library Resources &amp; Technical Services, 53<\/em>(2), 22-29.<\/p>\n<p>Hajnal Ward, J. (2008).\u00a0<a href=\"https:\/\/www.researchgate.net\/publication\/258331105_Anythinghu_Understanding_evaluation_standards_for_online_resources_in_Hungarian_Studies\">Anything.hu: Understanding evaluation standards for online resources in Hungarian Studies<\/a>, In: <i>Une nation vivant dans sa langue<\/i>. Ed. M. Farkas (pp. 168-183), Universit\u00e9 Marc Bloch, Strasbourg.<\/p>\n<p><strong>Hajnal Ward, J<\/strong>., Ag\u00f3cs, L., Moln\u00e1r, T. (2005). Az orvosi informatikai oktat\u00e1s korszer\u0171 modellj\u00e9nek kialak\u00edt\u00e1sa (An up-to-date model of medical informatics. In Hungarian). In Csirik, J., Herdon, M. (Eds.) <i>Informatika a fels\u0151oktat\u00e1sban \u201905 <\/i>(Information technology in Higher Education). Debrecen, Hungary: University of Debrecen Press, on CD-ROM.<\/p>\n<p><strong>Hajnal Ward, J<\/strong>., Ag\u00f3cs, L. (2004). <a href=\"https:\/\/bit.ly\/3ntFycv\">Language maintenance on the Internet.<\/a>\u00a0<em>Educational Media International, 41<\/em>(1), 27-30.<\/p>\n<p>Hajnal, J. (1986). Semantic relationship in conversion. In: Roth S\u00e1ndor (Ed.), <i>English in Function<\/i> (pp. 51-61). Budapest, Hungary: E\u00f6tv\u00f6s Lor\u00e1nd University.<\/p>\n","protected":false},"excerpt":{"rendered":"<p>BOOKS Hajnal Ward, J. (2025). \u00dajranyitott k\u00f6nyvt\u00e1r [Reopening libraries].\u00a0[In Hungarian]. Kalligram, Budapest. Ward, J. H., &amp; Allred, N. (2023). The Librarian&#8217;s Guide to Bibliotherapy. ALA Editions. Hajnal Ward, J. (2023). &hellip; <a href=\"https:\/\/sites.rutgers.edu\/judit-hajnal-ward\/publications\/\" class=\"\">Read More<\/a><\/p>\n","protected":false},"author":21,"featured_media":0,"parent":0,"menu_order":0,"comment_status":"closed","ping_status":"closed","template":"template-custom.php","meta":{"_acf_changed":false,"footnotes":""},"class_list":["post-363","page","type-page","status-publish","hentry"],"acf":[],"yoast_head":"<!-- This site is optimized with the Yoast SEO plugin v23.5 - https:\/\/yoast.com\/wordpress\/plugins\/seo\/ -->\n<title>Publications - Judit Hajnal Ward<\/title>\n<meta name=\"robots\" content=\"index, follow, max-snippet:-1, max-image-preview:large, max-video-preview:-1\" \/>\n<link rel=\"canonical\" href=\"https:\/\/sites.rutgers.edu\/judit-hajnal-ward\/publications\/\" \/>\n<meta property=\"og:locale\" content=\"en_US\" \/>\n<meta property=\"og:type\" content=\"article\" \/>\n<meta property=\"og:title\" content=\"Publications - Judit Hajnal Ward\" \/>\n<meta property=\"og:description\" content=\"BOOKS Hajnal Ward, J. (2025). \u00dajranyitott k\u00f6nyvt\u00e1r [Reopening libraries].\u00a0[In Hungarian]. Kalligram, Budapest. Ward, J. H., &amp; Allred, N. (2023). The Librarian&#8217;s Guide to Bibliotherapy. ALA Editions. Hajnal Ward, J. (2023). &hellip; Read More\" \/>\n<meta property=\"og:url\" content=\"https:\/\/sites.rutgers.edu\/judit-hajnal-ward\/publications\/\" \/>\n<meta property=\"og:site_name\" content=\"Judit Hajnal Ward\" \/>\n<meta property=\"article:modified_time\" content=\"2025-05-21T14:14:25+00:00\" \/>\n<meta property=\"og:image\" content=\"http:\/\/sites.rutgers.edu\/judit-hajnal-ward\/wp-content\/uploads\/sites\/738\/2023\/05\/9780838936627-200x300.jpeg\" \/>\n<meta name=\"twitter:card\" content=\"summary_large_image\" \/>\n<meta name=\"twitter:label1\" content=\"Est. reading time\" \/>\n\t<meta name=\"twitter:data1\" content=\"7 minutes\" \/>\n<script type=\"application\/ld+json\" class=\"yoast-schema-graph\">{\"@context\":\"https:\/\/schema.org\",\"@graph\":[{\"@type\":\"WebPage\",\"@id\":\"https:\/\/sites.rutgers.edu\/judit-hajnal-ward\/publications\/\",\"url\":\"https:\/\/sites.rutgers.edu\/judit-hajnal-ward\/publications\/\",\"name\":\"Publications - Judit Hajnal Ward\",\"isPartOf\":{\"@id\":\"https:\/\/sites.rutgers.edu\/judit-hajnal-ward\/#website\"},\"primaryImageOfPage\":{\"@id\":\"https:\/\/sites.rutgers.edu\/judit-hajnal-ward\/publications\/#primaryimage\"},\"image\":{\"@id\":\"https:\/\/sites.rutgers.edu\/judit-hajnal-ward\/publications\/#primaryimage\"},\"thumbnailUrl\":\"http:\/\/sites.rutgers.edu\/judit-hajnal-ward\/wp-content\/uploads\/sites\/738\/2023\/05\/9780838936627-200x300.jpeg\",\"datePublished\":\"2020-07-09T16:51:59+00:00\",\"dateModified\":\"2025-05-21T14:14:25+00:00\",\"breadcrumb\":{\"@id\":\"https:\/\/sites.rutgers.edu\/judit-hajnal-ward\/publications\/#breadcrumb\"},\"inLanguage\":\"en-US\",\"potentialAction\":[{\"@type\":\"ReadAction\",\"target\":[\"https:\/\/sites.rutgers.edu\/judit-hajnal-ward\/publications\/\"]}]},{\"@type\":\"ImageObject\",\"inLanguage\":\"en-US\",\"@id\":\"https:\/\/sites.rutgers.edu\/judit-hajnal-ward\/publications\/#primaryimage\",\"url\":\"https:\/\/sites.rutgers.edu\/judit-hajnal-ward\/wp-content\/uploads\/sites\/738\/2023\/05\/9780838936627-scaled.jpeg\",\"contentUrl\":\"https:\/\/sites.rutgers.edu\/judit-hajnal-ward\/wp-content\/uploads\/sites\/738\/2023\/05\/9780838936627-scaled.jpeg\",\"width\":1707,\"height\":2560},{\"@type\":\"BreadcrumbList\",\"@id\":\"https:\/\/sites.rutgers.edu\/judit-hajnal-ward\/publications\/#breadcrumb\",\"itemListElement\":[{\"@type\":\"ListItem\",\"position\":1,\"name\":\"Home\",\"item\":\"https:\/\/sites.rutgers.edu\/judit-hajnal-ward\/\"},{\"@type\":\"ListItem\",\"position\":2,\"name\":\"Publications\"}]},{\"@type\":\"WebSite\",\"@id\":\"https:\/\/sites.rutgers.edu\/judit-hajnal-ward\/#website\",\"url\":\"https:\/\/sites.rutgers.edu\/judit-hajnal-ward\/\",\"name\":\"Judit Hajnal Ward\",\"description\":\"\",\"potentialAction\":[{\"@type\":\"SearchAction\",\"target\":{\"@type\":\"EntryPoint\",\"urlTemplate\":\"https:\/\/sites.rutgers.edu\/judit-hajnal-ward\/?s={search_term_string}\"},\"query-input\":{\"@type\":\"PropertyValueSpecification\",\"valueRequired\":true,\"valueName\":\"search_term_string\"}}],\"inLanguage\":\"en-US\"}]}<\/script>\n<!-- \/ Yoast SEO plugin. -->","yoast_head_json":{"title":"Publications - Judit Hajnal Ward","robots":{"index":"index","follow":"follow","max-snippet":"max-snippet:-1","max-image-preview":"max-image-preview:large","max-video-preview":"max-video-preview:-1"},"canonical":"https:\/\/sites.rutgers.edu\/judit-hajnal-ward\/publications\/","og_locale":"en_US","og_type":"article","og_title":"Publications - Judit Hajnal Ward","og_description":"BOOKS Hajnal Ward, J. (2025). \u00dajranyitott k\u00f6nyvt\u00e1r [Reopening libraries].\u00a0[In Hungarian]. Kalligram, Budapest. Ward, J. H., &amp; Allred, N. (2023). The Librarian&#8217;s Guide to Bibliotherapy. ALA Editions. Hajnal Ward, J. (2023). &hellip; Read More","og_url":"https:\/\/sites.rutgers.edu\/judit-hajnal-ward\/publications\/","og_site_name":"Judit Hajnal Ward","article_modified_time":"2025-05-21T14:14:25+00:00","og_image":[{"url":"http:\/\/sites.rutgers.edu\/judit-hajnal-ward\/wp-content\/uploads\/sites\/738\/2023\/05\/9780838936627-200x300.jpeg"}],"twitter_card":"summary_large_image","twitter_misc":{"Est. reading time":"7 minutes"},"schema":{"@context":"https:\/\/schema.org","@graph":[{"@type":"WebPage","@id":"https:\/\/sites.rutgers.edu\/judit-hajnal-ward\/publications\/","url":"https:\/\/sites.rutgers.edu\/judit-hajnal-ward\/publications\/","name":"Publications - Judit Hajnal Ward","isPartOf":{"@id":"https:\/\/sites.rutgers.edu\/judit-hajnal-ward\/#website"},"primaryImageOfPage":{"@id":"https:\/\/sites.rutgers.edu\/judit-hajnal-ward\/publications\/#primaryimage"},"image":{"@id":"https:\/\/sites.rutgers.edu\/judit-hajnal-ward\/publications\/#primaryimage"},"thumbnailUrl":"http:\/\/sites.rutgers.edu\/judit-hajnal-ward\/wp-content\/uploads\/sites\/738\/2023\/05\/9780838936627-200x300.jpeg","datePublished":"2020-07-09T16:51:59+00:00","dateModified":"2025-05-21T14:14:25+00:00","breadcrumb":{"@id":"https:\/\/sites.rutgers.edu\/judit-hajnal-ward\/publications\/#breadcrumb"},"inLanguage":"en-US","potentialAction":[{"@type":"ReadAction","target":["https:\/\/sites.rutgers.edu\/judit-hajnal-ward\/publications\/"]}]},{"@type":"ImageObject","inLanguage":"en-US","@id":"https:\/\/sites.rutgers.edu\/judit-hajnal-ward\/publications\/#primaryimage","url":"https:\/\/sites.rutgers.edu\/judit-hajnal-ward\/wp-content\/uploads\/sites\/738\/2023\/05\/9780838936627-scaled.jpeg","contentUrl":"https:\/\/sites.rutgers.edu\/judit-hajnal-ward\/wp-content\/uploads\/sites\/738\/2023\/05\/9780838936627-scaled.jpeg","width":1707,"height":2560},{"@type":"BreadcrumbList","@id":"https:\/\/sites.rutgers.edu\/judit-hajnal-ward\/publications\/#breadcrumb","itemListElement":[{"@type":"ListItem","position":1,"name":"Home","item":"https:\/\/sites.rutgers.edu\/judit-hajnal-ward\/"},{"@type":"ListItem","position":2,"name":"Publications"}]},{"@type":"WebSite","@id":"https:\/\/sites.rutgers.edu\/judit-hajnal-ward\/#website","url":"https:\/\/sites.rutgers.edu\/judit-hajnal-ward\/","name":"Judit Hajnal Ward","description":"","potentialAction":[{"@type":"SearchAction","target":{"@type":"EntryPoint","urlTemplate":"https:\/\/sites.rutgers.edu\/judit-hajnal-ward\/?s={search_term_string}"},"query-input":{"@type":"PropertyValueSpecification","valueRequired":true,"valueName":"search_term_string"}}],"inLanguage":"en-US"}]}},"_links":{"self":[{"href":"https:\/\/sites.rutgers.edu\/judit-hajnal-ward\/wp-json\/wp\/v2\/pages\/363"}],"collection":[{"href":"https:\/\/sites.rutgers.edu\/judit-hajnal-ward\/wp-json\/wp\/v2\/pages"}],"about":[{"href":"https:\/\/sites.rutgers.edu\/judit-hajnal-ward\/wp-json\/wp\/v2\/types\/page"}],"author":[{"embeddable":true,"href":"https:\/\/sites.rutgers.edu\/judit-hajnal-ward\/wp-json\/wp\/v2\/users\/21"}],"replies":[{"embeddable":true,"href":"https:\/\/sites.rutgers.edu\/judit-hajnal-ward\/wp-json\/wp\/v2\/comments?post=363"}],"version-history":[{"count":35,"href":"https:\/\/sites.rutgers.edu\/judit-hajnal-ward\/wp-json\/wp\/v2\/pages\/363\/revisions"}],"predecessor-version":[{"id":777,"href":"https:\/\/sites.rutgers.edu\/judit-hajnal-ward\/wp-json\/wp\/v2\/pages\/363\/revisions\/777"}],"wp:attachment":[{"href":"https:\/\/sites.rutgers.edu\/judit-hajnal-ward\/wp-json\/wp\/v2\/media?parent=363"}],"curies":[{"name":"wp","href":"https:\/\/api.w.org\/{rel}","templated":true}]}}