{"id":365,"date":"2020-07-09T16:56:57","date_gmt":"2020-07-09T16:56:57","guid":{"rendered":"http:\/\/sites.rutgers.edu\/judit-hajnal-ward\/?page_id=365"},"modified":"2025-05-21T14:22:29","modified_gmt":"2025-05-21T14:22:29","slug":"research","status":"publish","type":"page","link":"https:\/\/sites.rutgers.edu\/judit-hajnal-ward\/research\/","title":{"rendered":"Research"},"content":{"rendered":"<h3><img loading=\"lazy\" decoding=\"async\" class=\"alignright size-medium wp-image-463\" src=\"http:\/\/sites.rutgers.edu\/judit-hajnal-ward\/wp-content\/uploads\/sites\/738\/2021\/11\/C7FB36E4-67A2-4220-AAF5-2BE08D24D96A-300x300.png\" alt=\"\" width=\"300\" height=\"300\" srcset=\"https:\/\/sites.rutgers.edu\/judit-hajnal-ward\/wp-content\/uploads\/sites\/738\/2021\/11\/C7FB36E4-67A2-4220-AAF5-2BE08D24D96A-300x300.png 300w, https:\/\/sites.rutgers.edu\/judit-hajnal-ward\/wp-content\/uploads\/sites\/738\/2021\/11\/C7FB36E4-67A2-4220-AAF5-2BE08D24D96A-1024x1024.png 1024w, https:\/\/sites.rutgers.edu\/judit-hajnal-ward\/wp-content\/uploads\/sites\/738\/2021\/11\/C7FB36E4-67A2-4220-AAF5-2BE08D24D96A-150x150.png 150w, https:\/\/sites.rutgers.edu\/judit-hajnal-ward\/wp-content\/uploads\/sites\/738\/2021\/11\/C7FB36E4-67A2-4220-AAF5-2BE08D24D96A-768x768.png 768w, https:\/\/sites.rutgers.edu\/judit-hajnal-ward\/wp-content\/uploads\/sites\/738\/2021\/11\/C7FB36E4-67A2-4220-AAF5-2BE08D24D96A.png 1080w\" sizes=\"(max-width: 300px) 100vw, 300px\" \/>Interests<\/h3>\n<ul>\n<li>Alcohol Studies History (Yale and Rutgers Centers of Alcohol Studies; E. M. Jellinek; Mark Keller; alcohol bibliographies)<\/li>\n<li>Predatory Publishing<\/li>\n<li>Teaching Research Methods in Addiction Science<\/li>\n<li>Bibliotherapy in Libraries<\/li>\n<li>Promoting Reading for Wellness<\/li>\n<li>Artificial Intelligence and Libraries<\/li>\n<li><span style=\"font-size: 1rem\">Communication across Cultures and Disciplines<\/span><\/li>\n<li><span style=\"font-size: 1rem\">American Hungarians<\/span><\/li>\n<li><span style=\"font-size: 1rem\">Hungarian Studies in the US<\/span><\/li>\n<\/ul>\n<h3>Metrics<\/h3>\n<ul>\n<li>H-index: 9 (<a href=\"https:\/\/scholar.google.com\/citations?user=pPnKuWIAAAAJ&amp;hl=en\" target=\"_blank\" rel=\"noopener\">Google Scholar<\/a>)<\/li>\n<li>Books: 6 (+2 textbooks)<\/li>\n<li>Book chapters: 12<\/li>\n<li>Peer-reviewed articles: 70+<\/li>\n<li>Articles in other publications: 125+<\/li>\n<li>Related blog posts: <a href=\"https:\/\/sites.rutgers.edu\/alcoholstudies-archives\/author\/jhajnal\/\">Alcohol Studies<\/a>: 115+ ; <a href=\"https:\/\/sites.rutgers.edu\/books-we-read\/author\/jhajnal\/\">Books We Read<\/a>: 180+<\/li>\n<\/ul>\n<p>See also\u00a0<a href=\"https:\/\/sites.rutgers.edu\/judit-hajnal-ward\/projects\/\">current and past projects.<\/a><\/p>\n<hr \/>\n<h3>Selected Publications (English)<\/h3>\n<p><strong>Ward, J. H.,<\/strong> Babor, T. F., Allred, N., &amp; Bejarano, W. (2024). <a href=\"https:\/\/www.jsad.com\/doi\/10.15288\/jsad.23-00353\">The Modern History of Alcohol Research: Introducing the Rutgers Digital Alcohol Studies Archives.<\/a> <i>Journal of Studies on Alcohol and Drugs<\/i>, <i>85<\/i>(3), 289\u2013295.<\/p>\n<p>Allred, N., Bejarano, W., &amp; <strong>Ward, J. H.<\/strong> (2023). <a href=\"https:\/\/doi.org\/10.15288\/jsad.22-00263\">A Sociologist and the Problems of Alcohol Studies: The Life and Legacy of Selden D. Bacon.<\/a> <i>Journal of Studies on Alcohol and Drugs<\/i>, <i>84<\/i>(5), 791\u2013796.<\/p>\n<p>Ward, J. H. (2022). <a href=\"https:\/\/www.europenowjournal.org\/2022\/03\/03\/the-unbearable-lightness-of-translating-szilard-borbelys-works-in-english\/\">The Unbearable Lightness of Translating: Szil\u00e1rd Borb\u00e9ly\u2019s Works in English<\/a>. <em>Europe Now<\/em>. March 2.<\/p>\n<p>Ward, J. H. (2019).\u00a0<a href=\"http:\/\/salis.org\/salisjournal\/vol5\/1_Wahttp:\/\/salis.org\/resources\/salis-journal\/salis-journal-vol-5-2018\/rd_2018.pdf\">Pebbles, rocks, and milestones: The librarian as an intellectual.<\/a><em style=\"font-size: 1rem\">\u00a0Substance Abuse Library and Information Studies<\/em><em style=\"font-size: 1rem\">, 5,<\/em><span style=\"font-size: 1rem\">\u00a01-4.<\/span><\/p>\n<p>Babor, T. F., &amp;\u00a0<strong>Ward, J. H.<\/strong>\u00a0(2018).\u00a0<a href=\"https:\/\/www.ncbi.nlm.nih.gov\/pubmed\/30079864\">Caveat Emptor: Predatory publishers, rogue journals, and the corruption of addiction science<\/a>. \u00a0<em>Journal of Studies on Alcohol and Drugs<\/em>,\u00a0<em>79(<\/em>4)<em>,<\/em>\u00a0509-513.<\/p>\n<p>Bejarano, W., &amp;\u00a0<strong>Ward, J. H.<\/strong>\u00a0(2016).\u00a0<a href=\"http:\/\/www.salis.org\/salisjournal\/vol3\/33_Bejarano_2016.pdf\">CICAS: Toward a critical framework of information literacy in addiction science.\u00a0<\/a><em>Substance Abuse Library and Information Studies, 3,\u00a0<\/em>33-41.<\/p>\n<p><strong>Ward, J. H.<\/strong>, Bejarano, W., &amp; Allred, N. (2016).\u00a0<a href=\"http:\/\/www.salis.org\/salisjournal\/vol3\/50_Ward_2016.pdf\">Reading for recovery: Bibliotherapy for addictions<\/a>\u00a0\u00a0<em>Substance Abuse Library and Information Studies, 3,\u00a0<\/em>50-59.<\/p>\n<p><strong>Ward, J. H.\u00a0<\/strong>Bejarano, W., \u00a0Allred, N., &amp; Babor, T. F. (2016).\u00a0<a href=\"http:\/\/www.jsad.com\/doi\/abs\/10.15288\/jsad.2016.77.375\">Reintroducing Bunky at 125: E.M. Jellinek\u2019s life and contributions to Alcohol Studies<\/a>,\u00a0<em>Journal of Studies on Alcohol and Drugs, 77(<\/em>3)<em>,\u00a0<\/em>375-383.<\/p>\n<p><strong>Ward, J. H.<\/strong>, Bejarano, W., &amp; Haggis, W. (2015).\u00a0<a href=\"http:\/\/library.alcoholstudies.rutgers.edu\/sites\/library.alcoholstudies.rutgers.edu\/files\/documents\/SALISJOURNAL\/SALIS2015\/82_Ward_Open.pdf\">\u201cOpen during renovation\u201d: Open Science and libraries<\/a>.\u00a0<em>Substance Abuse Library and Information Studies<\/em><em>, 2<\/em>, 82-89.<\/p>\n<p><strong>Ward, J<\/strong>., Bejarano, W., &amp; Dud\u00e1s, A. (2015).<a href=\"https:\/\/www.liberquarterly.eu\/articles\/10.18352\/lq.9958\/\">\u00a0Scholarly social media profiles and libraries: A review.<\/a>\u00a0<em>LIBER Quarterly,<\/em>\u00a0<i>24<\/i>(4),<em>\u00a0<\/em>174-204.<\/p>\n<p>Ward, J. (2014).\u00a0<a href=\"http:\/\/salis.org\/resources\/salis-journal\/salis-journal-vol-1-2014\/\">E. M. Jellinek: The Hungarian Connection<\/a>.\u00a0<em>Substance Abuse Library and Information Studies<\/em>, 1, 42-54.<\/p>\n<p>Ward, J.H. (2009).\u00a0<a href=\"https:\/\/journals.ala.org\/lrts\/article\/view\/5360\/6565\">Acquisitions Globalized: The foreign language acquisitions experience in a research library<\/a>.\u00a0<em>Library Resources &amp; Technical Services, 53<\/em>(2), 22-29.<\/p>\n<hr \/>\n<p><span style=\"font-size: 1.728em\">Selected Publications (Hungarian)<\/span><\/p>\n<p>Hajnal Ward, J. (2021). <a href=\"http:\/\/ojs.elte.hu\/3k\/article\/view\/3391\/3109\">Tiltunk, t\u0171runk, t\u00e1mogatunk.<\/a> [Prohibiting, permitting, or promoting. In Hungarian]. <i>K\u00f6nyv, k\u00f6nyvt\u00e1r, k\u00f6nyvt\u00e1ros, 30(<\/i>9), 3-17.<\/p>\n<p>Hajnal Ward, J. (2021). <a href=\"https:\/\/moksz.org\/2021\/08\/27\/orvosi-konyvtarak-2021-3\/\">A sz\u00f6veg \u00e9s olvas\u00f3ja.<\/a> [The text and the reader. In Hungarian]. <em>Orvosi K\u00f6nyvt\u00e1rak (Medical Libraries)<\/em>, 3, 20-32.<\/p>\n<p>Hajnal Ward, J. (2020).\u00a0<a href=\"https:\/\/epa.oszk.hu\/01300\/01367\/00329\/pdf\/EPA01367_3K_2020_06_003-015.pdf\">Ha ny\u00e1r, akkor hangosk\u00f6nyv!\u00a0<\/a>[Summer: Time for Audiobooks. In Hungarian]. <i>K\u00f6nyv, k\u00f6nyvt\u00e1r, k\u00f6nyvt\u00e1ros,\u00a029<\/i>(6), 3-15.<\/p>\n<p>Hajnal Ward, J. (2019).\u00a0<a href=\"http:\/\/ki2.oszk.hu\/3k\/2019\/03\/konyvtartervezes-kozosen-esettanulmany-a-tengerentulrol\/\">K\u00f6nyvt\u00e1rtervez\u00e9s k\u00f6z\u00f6sen: esettanulm\u00e1ny a tengerent\u00falr\u00f3l<\/a>. [Participatory library design: A case study. In Hungarian].\u00a0<em>K\u00f6nyv, k\u00f6nyvt\u00e1r, k\u00f6nyvt\u00e1ros<\/em>, 28(1), 3-19.<\/p>\n<p>Hajnal Ward, J.\u00a0(2018). <a href=\"https:\/\/drive.google.com\/file\/d\/1VCYmR15KFYs66HRT4OxQiAxmUNWeOyi0\/view?usp=drivesdk\">V\u00e9tkesek k\u00f6zt\u2026<\/a> \u00a0[Liars\u2019 club: predatory journals, publishers, and conferences. In Hungarian].\u00a0<em>Orvosi K\u00f6nyvt\u00e1rak (Medical Libraries)<\/em>, 1, 14-21.<\/p>\n<p><strong>Hajnal Ward, J.<\/strong>, &amp; Bejarano, W. (2016).\u00a0<a href=\"http:\/\/epa.oszk.hu\/01300\/01367\/00282\/pdf\/EPA01367_3K_2016_09_017-025.pdf\">Parazita lapok \u2013 a tudom\u00e1ny \u00e9l\u0151sk\u00f6d\u0151i<\/a>\u00a0 [Predatory journals: Predators of Science. In Hungarian.]\u00a0\u00a0<em>K\u00f6nyv, k\u00f6nyvt\u00e1r, k\u00f6nyvt\u00e1ros, 25<\/em>(9), 17-25.<\/p>\n<p><strong>Hajnal Ward, J<\/strong>.<strong>,\u00a0<\/strong>Bejarano, W., Dud\u00e1s, A. (2014).\u00a0<a href=\"https:\/\/www.researchgate.net\/publication\/266852079_Tudomnyos_szelfie_tudsprofilok_az_Interneten._Scholarly_selfies_Researcher_profiles_on_the_Internet._In_Hungarian.\">Tudom\u00e1nyos szelfie: tud\u00f3sprofilok az Interneten<\/a>. [Scholarly selfies: Researcher profiles on the Internet. In Hungarian.]\u00a0<em>K\u00f6nyvt\u00e1ri Figyel\u0151 [Library Review], 60(3),\u00a0<\/em>294-308.<\/p>\n<p>Hajnal Ward, J. (2012).\u00a0<a href=\"http:\/\/works.bepress.com\/judithward\/25\">Ki szavatol a\u2026? Helyzetjelent\u00e9s a tudom\u00e1nyos lektor\u00e1l\u00e1s \u00e1ll\u00e1s\u00e1r\u00f3l.<\/a>\u00a0[In Hungarian]. Who grants the\u2026? Status report on peer review.\u00a0<em>K\u00f6nyvt\u00e1ri Figyel\u0151<\/em>\u00a0[Library Review],(56), 713-726.<\/p>\n<p><strong>Hajnal Ward, J.<\/strong>, Molly Stewart (2012).\u00a0<a href=\"http:\/\/www.google.com\/url?sa=t&amp;rct=j&amp;q=&amp;esrc=s&amp;source=web&amp;cd=3&amp;cad=rja&amp;uact=8&amp;ved=0CCwQFjAC&amp;url=http%3A%2F%2Fepa.oszk.hu%2F02200%2F02287%2F00013%2Fpdf%2FHungarologiai_Evkonyv_13_223-240.pdf&amp;ei=o3VwVYb_GcObyATD4oKYBA&amp;usg=AFQjCNGYNfGTkTyUjcN_qjFAdBevBxztjw&amp;sig2=8gb4VlsphyVQ869DuEruOg&amp;bvm=bv.94911696,d.aWw\">A tudom\u00e1nyos tev\u00e9kenys\u00e9g \u00e9rt\u00e9kel\u00e9se: hungarol\u00f3giai t\u00e9m\u00e1k amerikai disszert\u00e1ci\u00f3kban<\/a>.[In Hungarian] Performance indicators in Hungarian Studies: Dissertations in North American universities. <i>Hungarol\u00f3giai \u00c9vk\u00f6nyv \u2013 Hungarian Studies Yearbook 10.<\/i>Ed. Sz\u0171cs Tibor, University of P\u00e9cs, Hungary, pp. 223-240.<\/p>\n<p><strong>Hajnal Ward, J.<\/strong>\u00a0, Candon, P., Cox, J., Frisone, N., Stewart, M. (2011).\u00a0<a href=\"http:\/\/www.google.com\/url?sa=t&amp;rct=j&amp;q=&amp;esrc=s&amp;source=web&amp;cd=2&amp;cad=rja&amp;uact=8&amp;ved=0CCsQFjAB&amp;url=http%3A%2F%2Fepa.oszk.hu%2F00100%2F00143%2F00078%2Fpdf%2FEPA00143_Konyvtari_Figyelo_2011_1_107-132.pdf&amp;ei=x3VwVZS6Ooq1yQT194PIAw&amp;usg=AFQjCNHBmocRY3UVzGMqNmyvl7SV8XMzSw&amp;sig2=EbNmhPEy8y9E9Mty4sWc_A&amp;bvm=bv.94911696,d.aWw\">Gyakorlati bibliometria: a tudom\u00e1nyos tev\u00e9kenys\u00e9g \u00e9rt\u00e9kel\u00e9se k\u00f6nyvt\u00e1ri eszk\u00f6z\u00f6kkel.<\/a>\u00a0Practical bibliometrics: Evaluating scholarly activities with library resources. [In Hungarian]. K\u00f6nyvt\u00e1ri Figyel\u0151 [Library Review], (56), 107-132.<\/p>\n<p>&nbsp;<\/p>\n","protected":false},"excerpt":{"rendered":"<p>Interests Alcohol Studies History (Yale and Rutgers Centers of Alcohol Studies; E. M. Jellinek; Mark Keller; alcohol bibliographies) Predatory Publishing Teaching Research Methods in Addiction Science Bibliotherapy in Libraries Promoting &hellip; <a href=\"https:\/\/sites.rutgers.edu\/judit-hajnal-ward\/research\/\" class=\"\">Read More<\/a><\/p>\n","protected":false},"author":21,"featured_media":0,"parent":0,"menu_order":0,"comment_status":"closed","ping_status":"closed","template":"template-custom.php","meta":{"_acf_changed":false,"footnotes":""},"class_list":["post-365","page","type-page","status-publish","hentry"],"acf":[],"yoast_head":"<!-- This site is optimized with the Yoast SEO plugin v23.5 - https:\/\/yoast.com\/wordpress\/plugins\/seo\/ -->\n<title>Research - Judit Hajnal Ward<\/title>\n<meta name=\"robots\" content=\"index, follow, max-snippet:-1, max-image-preview:large, max-video-preview:-1\" \/>\n<link rel=\"canonical\" href=\"https:\/\/sites.rutgers.edu\/judit-hajnal-ward\/research\/\" \/>\n<meta property=\"og:locale\" content=\"en_US\" \/>\n<meta property=\"og:type\" content=\"article\" \/>\n<meta property=\"og:title\" content=\"Research - Judit Hajnal Ward\" \/>\n<meta property=\"og:description\" content=\"Interests Alcohol Studies History (Yale and Rutgers Centers of Alcohol Studies; E. M. Jellinek; Mark Keller; alcohol bibliographies) Predatory Publishing Teaching Research Methods in Addiction Science Bibliotherapy in Libraries Promoting &hellip; Read More\" \/>\n<meta property=\"og:url\" content=\"https:\/\/sites.rutgers.edu\/judit-hajnal-ward\/research\/\" \/>\n<meta property=\"og:site_name\" content=\"Judit Hajnal Ward\" \/>\n<meta property=\"article:modified_time\" content=\"2025-05-21T14:22:29+00:00\" \/>\n<meta property=\"og:image\" content=\"http:\/\/sites.rutgers.edu\/judit-hajnal-ward\/wp-content\/uploads\/sites\/738\/2021\/11\/C7FB36E4-67A2-4220-AAF5-2BE08D24D96A-300x300.png\" \/>\n<meta name=\"twitter:card\" content=\"summary_large_image\" \/>\n<meta name=\"twitter:label1\" content=\"Est. reading time\" \/>\n\t<meta name=\"twitter:data1\" content=\"3 minutes\" \/>\n<script type=\"application\/ld+json\" class=\"yoast-schema-graph\">{\"@context\":\"https:\/\/schema.org\",\"@graph\":[{\"@type\":\"WebPage\",\"@id\":\"https:\/\/sites.rutgers.edu\/judit-hajnal-ward\/research\/\",\"url\":\"https:\/\/sites.rutgers.edu\/judit-hajnal-ward\/research\/\",\"name\":\"Research - Judit Hajnal Ward\",\"isPartOf\":{\"@id\":\"https:\/\/sites.rutgers.edu\/judit-hajnal-ward\/#website\"},\"primaryImageOfPage\":{\"@id\":\"https:\/\/sites.rutgers.edu\/judit-hajnal-ward\/research\/#primaryimage\"},\"image\":{\"@id\":\"https:\/\/sites.rutgers.edu\/judit-hajnal-ward\/research\/#primaryimage\"},\"thumbnailUrl\":\"http:\/\/sites.rutgers.edu\/judit-hajnal-ward\/wp-content\/uploads\/sites\/738\/2021\/11\/C7FB36E4-67A2-4220-AAF5-2BE08D24D96A-300x300.png\",\"datePublished\":\"2020-07-09T16:56:57+00:00\",\"dateModified\":\"2025-05-21T14:22:29+00:00\",\"breadcrumb\":{\"@id\":\"https:\/\/sites.rutgers.edu\/judit-hajnal-ward\/research\/#breadcrumb\"},\"inLanguage\":\"en-US\",\"potentialAction\":[{\"@type\":\"ReadAction\",\"target\":[\"https:\/\/sites.rutgers.edu\/judit-hajnal-ward\/research\/\"]}]},{\"@type\":\"ImageObject\",\"inLanguage\":\"en-US\",\"@id\":\"https:\/\/sites.rutgers.edu\/judit-hajnal-ward\/research\/#primaryimage\",\"url\":\"https:\/\/sites.rutgers.edu\/judit-hajnal-ward\/wp-content\/uploads\/sites\/738\/2021\/11\/C7FB36E4-67A2-4220-AAF5-2BE08D24D96A.png\",\"contentUrl\":\"https:\/\/sites.rutgers.edu\/judit-hajnal-ward\/wp-content\/uploads\/sites\/738\/2021\/11\/C7FB36E4-67A2-4220-AAF5-2BE08D24D96A.png\",\"width\":1080,\"height\":1080},{\"@type\":\"BreadcrumbList\",\"@id\":\"https:\/\/sites.rutgers.edu\/judit-hajnal-ward\/research\/#breadcrumb\",\"itemListElement\":[{\"@type\":\"ListItem\",\"position\":1,\"name\":\"Home\",\"item\":\"https:\/\/sites.rutgers.edu\/judit-hajnal-ward\/\"},{\"@type\":\"ListItem\",\"position\":2,\"name\":\"Research\"}]},{\"@type\":\"WebSite\",\"@id\":\"https:\/\/sites.rutgers.edu\/judit-hajnal-ward\/#website\",\"url\":\"https:\/\/sites.rutgers.edu\/judit-hajnal-ward\/\",\"name\":\"Judit Hajnal Ward\",\"description\":\"\",\"potentialAction\":[{\"@type\":\"SearchAction\",\"target\":{\"@type\":\"EntryPoint\",\"urlTemplate\":\"https:\/\/sites.rutgers.edu\/judit-hajnal-ward\/?s={search_term_string}\"},\"query-input\":{\"@type\":\"PropertyValueSpecification\",\"valueRequired\":true,\"valueName\":\"search_term_string\"}}],\"inLanguage\":\"en-US\"}]}<\/script>\n<!-- \/ Yoast SEO plugin. -->","yoast_head_json":{"title":"Research - Judit Hajnal Ward","robots":{"index":"index","follow":"follow","max-snippet":"max-snippet:-1","max-image-preview":"max-image-preview:large","max-video-preview":"max-video-preview:-1"},"canonical":"https:\/\/sites.rutgers.edu\/judit-hajnal-ward\/research\/","og_locale":"en_US","og_type":"article","og_title":"Research - Judit Hajnal Ward","og_description":"Interests Alcohol Studies History (Yale and Rutgers Centers of Alcohol Studies; E. M. Jellinek; Mark Keller; alcohol bibliographies) Predatory Publishing Teaching Research Methods in Addiction Science Bibliotherapy in Libraries Promoting &hellip; Read More","og_url":"https:\/\/sites.rutgers.edu\/judit-hajnal-ward\/research\/","og_site_name":"Judit Hajnal Ward","article_modified_time":"2025-05-21T14:22:29+00:00","og_image":[{"url":"http:\/\/sites.rutgers.edu\/judit-hajnal-ward\/wp-content\/uploads\/sites\/738\/2021\/11\/C7FB36E4-67A2-4220-AAF5-2BE08D24D96A-300x300.png"}],"twitter_card":"summary_large_image","twitter_misc":{"Est. reading time":"3 minutes"},"schema":{"@context":"https:\/\/schema.org","@graph":[{"@type":"WebPage","@id":"https:\/\/sites.rutgers.edu\/judit-hajnal-ward\/research\/","url":"https:\/\/sites.rutgers.edu\/judit-hajnal-ward\/research\/","name":"Research - Judit Hajnal Ward","isPartOf":{"@id":"https:\/\/sites.rutgers.edu\/judit-hajnal-ward\/#website"},"primaryImageOfPage":{"@id":"https:\/\/sites.rutgers.edu\/judit-hajnal-ward\/research\/#primaryimage"},"image":{"@id":"https:\/\/sites.rutgers.edu\/judit-hajnal-ward\/research\/#primaryimage"},"thumbnailUrl":"http:\/\/sites.rutgers.edu\/judit-hajnal-ward\/wp-content\/uploads\/sites\/738\/2021\/11\/C7FB36E4-67A2-4220-AAF5-2BE08D24D96A-300x300.png","datePublished":"2020-07-09T16:56:57+00:00","dateModified":"2025-05-21T14:22:29+00:00","breadcrumb":{"@id":"https:\/\/sites.rutgers.edu\/judit-hajnal-ward\/research\/#breadcrumb"},"inLanguage":"en-US","potentialAction":[{"@type":"ReadAction","target":["https:\/\/sites.rutgers.edu\/judit-hajnal-ward\/research\/"]}]},{"@type":"ImageObject","inLanguage":"en-US","@id":"https:\/\/sites.rutgers.edu\/judit-hajnal-ward\/research\/#primaryimage","url":"https:\/\/sites.rutgers.edu\/judit-hajnal-ward\/wp-content\/uploads\/sites\/738\/2021\/11\/C7FB36E4-67A2-4220-AAF5-2BE08D24D96A.png","contentUrl":"https:\/\/sites.rutgers.edu\/judit-hajnal-ward\/wp-content\/uploads\/sites\/738\/2021\/11\/C7FB36E4-67A2-4220-AAF5-2BE08D24D96A.png","width":1080,"height":1080},{"@type":"BreadcrumbList","@id":"https:\/\/sites.rutgers.edu\/judit-hajnal-ward\/research\/#breadcrumb","itemListElement":[{"@type":"ListItem","position":1,"name":"Home","item":"https:\/\/sites.rutgers.edu\/judit-hajnal-ward\/"},{"@type":"ListItem","position":2,"name":"Research"}]},{"@type":"WebSite","@id":"https:\/\/sites.rutgers.edu\/judit-hajnal-ward\/#website","url":"https:\/\/sites.rutgers.edu\/judit-hajnal-ward\/","name":"Judit Hajnal Ward","description":"","potentialAction":[{"@type":"SearchAction","target":{"@type":"EntryPoint","urlTemplate":"https:\/\/sites.rutgers.edu\/judit-hajnal-ward\/?s={search_term_string}"},"query-input":{"@type":"PropertyValueSpecification","valueRequired":true,"valueName":"search_term_string"}}],"inLanguage":"en-US"}]}},"_links":{"self":[{"href":"https:\/\/sites.rutgers.edu\/judit-hajnal-ward\/wp-json\/wp\/v2\/pages\/365"}],"collection":[{"href":"https:\/\/sites.rutgers.edu\/judit-hajnal-ward\/wp-json\/wp\/v2\/pages"}],"about":[{"href":"https:\/\/sites.rutgers.edu\/judit-hajnal-ward\/wp-json\/wp\/v2\/types\/page"}],"author":[{"embeddable":true,"href":"https:\/\/sites.rutgers.edu\/judit-hajnal-ward\/wp-json\/wp\/v2\/users\/21"}],"replies":[{"embeddable":true,"href":"https:\/\/sites.rutgers.edu\/judit-hajnal-ward\/wp-json\/wp\/v2\/comments?post=365"}],"version-history":[{"count":30,"href":"https:\/\/sites.rutgers.edu\/judit-hajnal-ward\/wp-json\/wp\/v2\/pages\/365\/revisions"}],"predecessor-version":[{"id":784,"href":"https:\/\/sites.rutgers.edu\/judit-hajnal-ward\/wp-json\/wp\/v2\/pages\/365\/revisions\/784"}],"wp:attachment":[{"href":"https:\/\/sites.rutgers.edu\/judit-hajnal-ward\/wp-json\/wp\/v2\/media?parent=365"}],"curies":[{"name":"wp","href":"https:\/\/api.w.org\/{rel}","templated":true}]}}