{"id":367,"date":"2020-07-09T17:50:36","date_gmt":"2020-07-09T17:50:36","guid":{"rendered":"http:\/\/sites.rutgers.edu\/judit-hajnal-ward\/?page_id=367"},"modified":"2026-02-06T20:56:20","modified_gmt":"2026-02-06T20:56:20","slug":"projects","status":"publish","type":"page","link":"https:\/\/sites.rutgers.edu\/judit-hajnal-ward\/projects\/","title":{"rendered":"Projects"},"content":{"rendered":"<h4><img loading=\"lazy\" decoding=\"async\" class=\"alignright size-medium wp-image-468\" src=\"http:\/\/sites.rutgers.edu\/judit-hajnal-ward\/wp-content\/uploads\/sites\/738\/2021\/11\/0E423490-627C-4CFF-B168-488C7D13786F-300x300.png\" alt=\"\" width=\"300\" height=\"300\" srcset=\"https:\/\/sites.rutgers.edu\/judit-hajnal-ward\/wp-content\/uploads\/sites\/738\/2021\/11\/0E423490-627C-4CFF-B168-488C7D13786F-300x300.png 300w, https:\/\/sites.rutgers.edu\/judit-hajnal-ward\/wp-content\/uploads\/sites\/738\/2021\/11\/0E423490-627C-4CFF-B168-488C7D13786F-1024x1024.png 1024w, https:\/\/sites.rutgers.edu\/judit-hajnal-ward\/wp-content\/uploads\/sites\/738\/2021\/11\/0E423490-627C-4CFF-B168-488C7D13786F-150x150.png 150w, https:\/\/sites.rutgers.edu\/judit-hajnal-ward\/wp-content\/uploads\/sites\/738\/2021\/11\/0E423490-627C-4CFF-B168-488C7D13786F-768x768.png 768w, https:\/\/sites.rutgers.edu\/judit-hajnal-ward\/wp-content\/uploads\/sites\/738\/2021\/11\/0E423490-627C-4CFF-B168-488C7D13786F.png 1080w\" sizes=\"(max-width: 300px) 100vw, 300px\" \/><\/h4>\n<h4>Current Projects: Alcohol Studies<\/h4>\n<p style=\"padding-left: 40px\"><a href=\"https:\/\/sites.rutgers.edu\/alcoholstudies-archives\/\" target=\"_blank\" rel=\"noopener\">Digital Alcohol Studies Archives<\/a><br \/>\nDeveloping the online version of the Special Collections and Archives that used to be housed at the Alcohol Library maintained by the Information Services Division at the <a href=\"https:\/\/alcoholstudies.rutgers.edu\/\" target=\"_blank\" rel=\"noopener noreferrer\">Center of Alcohol and Substance Use Studies,<\/a> closed in December 2016. I dedicated my sabbatical leave to this project in Spring 2023, resulting in a new <a href=\"https:\/\/alcoholstudies.libraries.rutgers.edu\/\">Alcohol Studies page<\/a>. Forthcoming later in 2025, the new <a href=\"https:\/\/sites.rutgers.edu\/alcoholstudies-archives\/digital-exhibit\/\">Digital Exhibit<\/a> will highlight the treasures of the collection.<\/p>\n<p style=\"padding-left: 40px\"><a href=\"https:\/\/alcoholstudies.libraries.rutgers.edu\/notable-people\/Keller\" target=\"_blank\" rel=\"noopener\">Mark Keller, Documentalist in Alcohol Studies<\/a><br \/>\nMark Keller is best known for his editorship and mentorship. As the long-term editor of the <em>Quarterly Journal of Studies on Alcohol\/Journal of Studies on Alcohol<\/em>, Keller defined the field of publishing and the language of alcohol studies and is also considered the <a href=\"https:\/\/sites.rutgers.edu\/alcoholstudies-archives\/keller-information-specialist\/\">first Information Specialist in our field<\/a>. Re-processing his papers, last year I updated his bibliography, now <a href=\"https:\/\/doi.org\/10.15288\/jsad.24-00402\">available as preprint with an introductory article,<\/a> co-authored by the team of fellow researchers from the Alcohol Library.<\/p>\n<p style=\"padding-left: 40px\"><a href=\"https:\/\/sites.rutgers.edu\/alcoholstudies-archives\/notable-people\/jellinek\/\" target=\"_blank\" rel=\"noopener\">The Mysteries of Elvin Morton Jellinek<\/a><br \/>\nA key figure in the emergence of alcohol studies as an academic discipline, Jellinek, or as he preferred to be called, Bunky, played a significant role in shaping the <a href=\"https:\/\/alcoholstudies.rutgers.edu\/\" target=\"_blank\" rel=\"noopener noreferrer\">Center of Alcohol and Substance Use Studies<\/a>. My research intends to keep his ideas and legacy alive while trying to understand the genius behind it. See my contributions listed in <a href=\"https:\/\/en.wikipedia.org\/wiki\/E._Morton_Jellinek\">Jellinek\u2019s Wikipedia entry<\/a>.<\/p>\n<p style=\"padding-left: 40px\"><a href=\"https:\/\/www.ubiquitypress.com\/site\/books\/e\/10.5334\/bbd\/\"><img loading=\"lazy\" decoding=\"async\" class=\"size-medium wp-image-715 alignleft\" src=\"http:\/\/sites.rutgers.edu\/judit-hajnal-ward\/wp-content\/uploads\/sites\/738\/2023\/12\/IMG_4355-200x300.jpeg\" alt=\"\" width=\"200\" height=\"300\" srcset=\"https:\/\/sites.rutgers.edu\/judit-hajnal-ward\/wp-content\/uploads\/sites\/738\/2023\/12\/IMG_4355-200x300.jpeg 200w, https:\/\/sites.rutgers.edu\/judit-hajnal-ward\/wp-content\/uploads\/sites\/738\/2023\/12\/IMG_4355.jpeg 667w\" sizes=\"(max-width: 200px) 100vw, 200px\" \/><\/a><a href=\"https:\/\/www.ubiquitypress.com\/site\/books\/e\/10.5334\/bbd\/\">Publishing Addiction Science<\/a>: The Librarian\u2019s Perspective<br \/>\nAs the Director of Information Services at the <a href=\"https:\/\/alcoholstudies.rutgers.edu\/\">Center of Alcohol Studies at Rutgers<\/a>, Field Editor for the <a href=\"https:\/\/www.jsad.com\/\"><em>Journal of Studies on Alcohol and Drugs<\/em><\/a> for history and infrastructure, and chair of <a href=\"https:\/\/salis.org\/\">SALIS<\/a>, I had the privilege to work on this classic, open-access handbook, downloaded over 50,000 times from various platforms. I contributed to three chapters on researching addiction topics with library resources, writing articles, and choosing journals to publish them. I am also regularly invited to teach courses and run workshops related to the topic.<\/p>\n<p style=\"padding-left: 40px\"><a href=\"https:\/\/libguides.rutgers.edu\/predatory\" target=\"_blank\" rel=\"noopener\">Predatory Publishing<\/a><br \/>\nRelated to publishing is my research and practicum to assist scholars to avoid publishing in less-than-reputable journals. Other than its significance in my publishing addiction science workshops and <a href=\"https:\/\/libguides.rutgers.edu\/predatory\">updating the research guide<\/a>, this project is considered semi-retired. I am still keeping an eye on old and new predators of science and guide entry-level researchers in their decision-making process of where to publish. I\u2019ll continue to alert select addiction researchers of any misuse.<\/p>\n<p style=\"padding-left: 40px\"><a href=\"https:\/\/liberquarterly.eu\/article\/view\/10757\/11831\" target=\"_blank\" rel=\"noopener\">Scholarly Selfies<\/a>: Researcher Profiles in Academia<br \/>\nResearch and teaching on managing online reputation and discoverability of individual faculty members as well as their affiliated institutions.<\/p>\n<h4>Current Projects: Bibliotherapy<\/h4>\n<p style=\"padding-left: 40px\"><a href=\"https:\/\/sites.rutgers.edu\/books-we-read\/\" target=\"_blank\" rel=\"noopener\">Books We Read<\/a><br \/>\nAn umbrella project based in the <a href=\"https:\/\/libguides.rutgers.edu\/chang\" target=\"_blank\" rel=\"noopener\">Chang Science Library<\/a> at Rutgers aims to promote reading and library research through library resources, services, and book suggestions from students to other students. Includes a weekly blog, helping new bloggers find their voice, book selection and recommendation, incorporating reading for fun into library research instruction, preserving valuable ephemeral exhibits and events, and several other initiatives, such as<\/p>\n<ul>\n<li style=\"list-style-type: none\">\n<ul>\n<li><a href=\"https:\/\/libguides.rutgers.edu\/RecRead\" target=\"_blank\" rel=\"noopener\">Recreational Reading Collection<\/a><\/li>\n<li><a href=\"http:\/\/sites.rutgers.edu\/books-we-read\/sebs-little-free-library\/\">SEBS Little Free Library<\/a><\/li>\n<li><a href=\"https:\/\/sites.rutgers.edu\/books-we-read\/category\/banned-books\/\">Banned Books Week posts<\/a><\/li>\n<li><a href=\"https:\/\/sites.rutgers.edu\/books-we-read\/summer-tales-2022\/\">Summer Tales 2022<\/a><\/li>\n<\/ul>\n<\/li>\n<\/ul>\n<p style=\"padding-left: 40px\"><a href=\"https:\/\/www.alastore.ala.org\/bibliotherapy\"><img loading=\"lazy\" decoding=\"async\" class=\"size-medium wp-image-683 alignright\" src=\"http:\/\/sites.rutgers.edu\/judit-hajnal-ward\/wp-content\/uploads\/sites\/738\/2023\/05\/9780838936627-200x300.jpeg\" alt=\"\" width=\"200\" height=\"300\" srcset=\"https:\/\/sites.rutgers.edu\/judit-hajnal-ward\/wp-content\/uploads\/sites\/738\/2023\/05\/9780838936627-200x300.jpeg 200w, https:\/\/sites.rutgers.edu\/judit-hajnal-ward\/wp-content\/uploads\/sites\/738\/2023\/05\/9780838936627-683x1024.jpeg 683w, https:\/\/sites.rutgers.edu\/judit-hajnal-ward\/wp-content\/uploads\/sites\/738\/2023\/05\/9780838936627-768x1152.jpeg 768w, https:\/\/sites.rutgers.edu\/judit-hajnal-ward\/wp-content\/uploads\/sites\/738\/2023\/05\/9780838936627-1024x1536.jpeg 1024w, https:\/\/sites.rutgers.edu\/judit-hajnal-ward\/wp-content\/uploads\/sites\/738\/2023\/05\/9780838936627-1365x2048.jpeg 1365w, https:\/\/sites.rutgers.edu\/judit-hajnal-ward\/wp-content\/uploads\/sites\/738\/2023\/05\/9780838936627-scaled.jpeg 1707w\" sizes=\"(max-width: 200px) 100vw, 200px\" \/><\/a><a href=\"https:\/\/sites.rutgers.edu\/books-we-read\/bibliotherapy-in-libraries\/\">Shelf Help for the Accidental Bibliotherapist<\/a> (a.k.a, the Librarian &#8211; working title)<br \/>\nA project that assists librarians with their initiatives related to guided reading for mental health and therapeutic purposes, a.k.a. <a href=\"https:\/\/sites.rutgers.edu\/books-we-read\/bibliotherapy\/\" target=\"_blank\" rel=\"noopener\">bibliotherapy<\/a>., a great way to create communities and promote reading for wellness and fun. Based on the <a href=\"https:\/\/libguides.rutgers.edu\/R4R\">Reading for Recovery project<\/a>, funded by an ALA Carnegie-Whitney grant in 2015-2016.<\/p>\n<ul>\n<li><strong>Available now<\/strong>: Ward, J. H. &amp; Allred, N. (2023). <a href=\"https:\/\/www.alastore.ala.org\/bibliotherapy\"><em> The Librarian\u2019s Guide to Bibliotherapy<\/em><\/a>, ALA Editions.<br \/>\nThe bibliotherapy-informed practices, programs, and events outlined in this guide will help librarians support the mental health and personal growth of their patrons.<\/li>\n<\/ul>\n<p style=\"padding-left: 40px\"><em><a href=\"https:\/\/harmattan.hu\/keresztuton-2958?keyword=Hajnal%20ward\">Crossroads<\/a><\/em>: A Bibliotherapy Reader<br \/>\nA volume of my new short stories with introductory articles and discussion help in Hungarian published by L\u2019Harmattan in 2023. Two were published in journals in 2021: <a href=\"http:\/\/ojs.elte.hu\/3k\/article\/view\/2969\" target=\"_blank\" rel=\"noopener\">Kereszt\u00faton<\/a> (Crossroads) and <a href=\"https:\/\/moksz.org\/2021\/08\/27\/orvosi-konyvtarak-2021-3\/\" target=\"_blank\" rel=\"noopener\">K\u00f3rh\u00e1z a v\u00e1ros sz\u00e9l\u00e9n<\/a> (Hospital on the outskirts).<\/p>\n<p style=\"padding-left: 40px\"><a href=\"https:\/\/harmattan.hu\/hajnal-ward-judit-tintasuveg-623\" target=\"_blank\" rel=\"noopener\"><em>Ink<\/em> <i>well<\/i><\/a>: A Bibliotherapy Reader<br \/>\nA volume of my short stories with introductory articles on bibliotherapy in general and in addiction and discussion prompts in Hungarian, published by L&#8217;Harmattan in 2019.<\/p>\n<p style=\"padding-left: 40px\"><a href=\"https:\/\/sites.rutgers.edu\/judit-hajnal-ward\/projects\/translation\/\">Translation<\/a><br \/>\nA technical translator and editor for hundreds of scholarly articles and a few books, I love assisting literary translators as they connect the readers in English and Hungarian (occasionally, other languages too).<\/p>\n<h4>Writing in Hungarian about libraries<\/h4>\n<p style=\"padding-left: 40px\">A good portion of my writing about libraries and librarians has been published in Hungarian in various scholarly journals (see <a href=\"https:\/\/sites.rutgers.edu\/judit-hajnal-ward\/publications\/\">publications<\/a>) and books. I also contribute regularly to the <a href=\"http:\/\/www.kithirlevel.hu\/index.php?oldal=kereses&amp;funkcio=kereses&amp;cimke=0&amp;kulcsszo=Hajnal+ward&amp;button=OK\">KIT H\u00edrlev\u00e9l (Library &#8211; Information &#8211; Society Newsletter<\/a>), a free, weekly electronic publication geared towards information and library professionals.<\/p>\n<p style=\"padding-left: 40px\"><a href=\"https:\/\/www.ekonyv.hu\/ekonyvek\/szepirodalom\/riportkonyv-tenyirodalom\/hajnal_ward_judit-ujranyitott_konyvtar\"><em>Reopened libraries <\/em><\/a>(Kalligram, 2025): New essays on library programs and services from the perspective of an academic librarian. It continues to demonstrate the diverse activities of librarians to Hungarian readers using North American libraries as examples. The new volume follows her previous book, <em>Open Libraries<\/em>, published by Kalligram in 2015, both serving as ageless conversation starters with evolving topics, such as paradigm shifts in libraries, audio- and e-books, digital initiatives, and remote services. Once again, the entertaining stories report on the world of North American libraries, full of irony and reflection, bridging the gap between continents and cultures. Previously published in major Hungarian library journals, these informative and thought-provoking texts also inspire established librarians, archivists, and students in library school to create their own learning environment for the benefit of their patrons.<\/p>\n<p style=\"padding-left: 40px\"><a href=\"https:\/\/kalligram.libricsoport.hu\/fooldal\/konyvek\/nyitott-konyvtar\/\" target=\"_blank\" rel=\"noopener\"><i>Open Libraries<\/i><\/a> (Kalligram, 2015): A Collection of Essays<br \/>\nA collection of my works geared toward Hungarian librarians (2007-2015) in Hungarian, all previously published in scholarly and professional journals, cited and used for LIS college courses. By Kalligram Press.<\/p>\n<p>&nbsp;<\/p>\n","protected":false},"excerpt":{"rendered":"<p>Current Projects: Alcohol Studies Digital Alcohol Studies Archives Developing the online version of the Special Collections and Archives that used to be housed at the Alcohol Library maintained by the &hellip; <a href=\"https:\/\/sites.rutgers.edu\/judit-hajnal-ward\/projects\/\" class=\"\">Read More<\/a><\/p>\n","protected":false},"author":21,"featured_media":0,"parent":0,"menu_order":0,"comment_status":"closed","ping_status":"closed","template":"template-custom.php","meta":{"_acf_changed":false,"footnotes":""},"class_list":["post-367","page","type-page","status-publish","hentry"],"acf":[],"yoast_head":"<!-- This site is optimized with the Yoast SEO plugin v23.5 - https:\/\/yoast.com\/wordpress\/plugins\/seo\/ -->\n<title>Projects - Judit Hajnal Ward<\/title>\n<meta name=\"robots\" content=\"index, follow, max-snippet:-1, max-image-preview:large, max-video-preview:-1\" \/>\n<link rel=\"canonical\" href=\"https:\/\/sites.rutgers.edu\/judit-hajnal-ward\/projects\/\" \/>\n<meta property=\"og:locale\" content=\"en_US\" \/>\n<meta property=\"og:type\" content=\"article\" \/>\n<meta property=\"og:title\" content=\"Projects - Judit Hajnal Ward\" \/>\n<meta property=\"og:description\" content=\"Current Projects: Alcohol Studies Digital Alcohol Studies Archives Developing the online version of the Special Collections and Archives that used to be housed at the Alcohol Library maintained by the &hellip; Read More\" \/>\n<meta property=\"og:url\" content=\"https:\/\/sites.rutgers.edu\/judit-hajnal-ward\/projects\/\" \/>\n<meta property=\"og:site_name\" content=\"Judit Hajnal Ward\" \/>\n<meta property=\"article:modified_time\" content=\"2026-02-06T20:56:20+00:00\" \/>\n<meta property=\"og:image\" content=\"http:\/\/sites.rutgers.edu\/judit-hajnal-ward\/wp-content\/uploads\/sites\/738\/2021\/11\/0E423490-627C-4CFF-B168-488C7D13786F-300x300.png\" \/>\n<meta name=\"twitter:card\" content=\"summary_large_image\" \/>\n<meta name=\"twitter:label1\" content=\"Est. reading time\" \/>\n\t<meta name=\"twitter:data1\" content=\"5 minutes\" \/>\n<script type=\"application\/ld+json\" class=\"yoast-schema-graph\">{\"@context\":\"https:\/\/schema.org\",\"@graph\":[{\"@type\":\"WebPage\",\"@id\":\"https:\/\/sites.rutgers.edu\/judit-hajnal-ward\/projects\/\",\"url\":\"https:\/\/sites.rutgers.edu\/judit-hajnal-ward\/projects\/\",\"name\":\"Projects - Judit Hajnal Ward\",\"isPartOf\":{\"@id\":\"https:\/\/sites.rutgers.edu\/judit-hajnal-ward\/#website\"},\"primaryImageOfPage\":{\"@id\":\"https:\/\/sites.rutgers.edu\/judit-hajnal-ward\/projects\/#primaryimage\"},\"image\":{\"@id\":\"https:\/\/sites.rutgers.edu\/judit-hajnal-ward\/projects\/#primaryimage\"},\"thumbnailUrl\":\"http:\/\/sites.rutgers.edu\/judit-hajnal-ward\/wp-content\/uploads\/sites\/738\/2021\/11\/0E423490-627C-4CFF-B168-488C7D13786F-300x300.png\",\"datePublished\":\"2020-07-09T17:50:36+00:00\",\"dateModified\":\"2026-02-06T20:56:20+00:00\",\"breadcrumb\":{\"@id\":\"https:\/\/sites.rutgers.edu\/judit-hajnal-ward\/projects\/#breadcrumb\"},\"inLanguage\":\"en-US\",\"potentialAction\":[{\"@type\":\"ReadAction\",\"target\":[\"https:\/\/sites.rutgers.edu\/judit-hajnal-ward\/projects\/\"]}]},{\"@type\":\"ImageObject\",\"inLanguage\":\"en-US\",\"@id\":\"https:\/\/sites.rutgers.edu\/judit-hajnal-ward\/projects\/#primaryimage\",\"url\":\"https:\/\/sites.rutgers.edu\/judit-hajnal-ward\/wp-content\/uploads\/sites\/738\/2021\/11\/0E423490-627C-4CFF-B168-488C7D13786F.png\",\"contentUrl\":\"https:\/\/sites.rutgers.edu\/judit-hajnal-ward\/wp-content\/uploads\/sites\/738\/2021\/11\/0E423490-627C-4CFF-B168-488C7D13786F.png\",\"width\":1080,\"height\":1080},{\"@type\":\"BreadcrumbList\",\"@id\":\"https:\/\/sites.rutgers.edu\/judit-hajnal-ward\/projects\/#breadcrumb\",\"itemListElement\":[{\"@type\":\"ListItem\",\"position\":1,\"name\":\"Home\",\"item\":\"https:\/\/sites.rutgers.edu\/judit-hajnal-ward\/\"},{\"@type\":\"ListItem\",\"position\":2,\"name\":\"Projects\"}]},{\"@type\":\"WebSite\",\"@id\":\"https:\/\/sites.rutgers.edu\/judit-hajnal-ward\/#website\",\"url\":\"https:\/\/sites.rutgers.edu\/judit-hajnal-ward\/\",\"name\":\"Judit Hajnal Ward\",\"description\":\"\",\"potentialAction\":[{\"@type\":\"SearchAction\",\"target\":{\"@type\":\"EntryPoint\",\"urlTemplate\":\"https:\/\/sites.rutgers.edu\/judit-hajnal-ward\/?s={search_term_string}\"},\"query-input\":{\"@type\":\"PropertyValueSpecification\",\"valueRequired\":true,\"valueName\":\"search_term_string\"}}],\"inLanguage\":\"en-US\"}]}<\/script>\n<!-- \/ Yoast SEO plugin. -->","yoast_head_json":{"title":"Projects - Judit Hajnal Ward","robots":{"index":"index","follow":"follow","max-snippet":"max-snippet:-1","max-image-preview":"max-image-preview:large","max-video-preview":"max-video-preview:-1"},"canonical":"https:\/\/sites.rutgers.edu\/judit-hajnal-ward\/projects\/","og_locale":"en_US","og_type":"article","og_title":"Projects - Judit Hajnal Ward","og_description":"Current Projects: Alcohol Studies Digital Alcohol Studies Archives Developing the online version of the Special Collections and Archives that used to be housed at the Alcohol Library maintained by the &hellip; Read More","og_url":"https:\/\/sites.rutgers.edu\/judit-hajnal-ward\/projects\/","og_site_name":"Judit Hajnal Ward","article_modified_time":"2026-02-06T20:56:20+00:00","og_image":[{"url":"http:\/\/sites.rutgers.edu\/judit-hajnal-ward\/wp-content\/uploads\/sites\/738\/2021\/11\/0E423490-627C-4CFF-B168-488C7D13786F-300x300.png"}],"twitter_card":"summary_large_image","twitter_misc":{"Est. reading time":"5 minutes"},"schema":{"@context":"https:\/\/schema.org","@graph":[{"@type":"WebPage","@id":"https:\/\/sites.rutgers.edu\/judit-hajnal-ward\/projects\/","url":"https:\/\/sites.rutgers.edu\/judit-hajnal-ward\/projects\/","name":"Projects - Judit Hajnal Ward","isPartOf":{"@id":"https:\/\/sites.rutgers.edu\/judit-hajnal-ward\/#website"},"primaryImageOfPage":{"@id":"https:\/\/sites.rutgers.edu\/judit-hajnal-ward\/projects\/#primaryimage"},"image":{"@id":"https:\/\/sites.rutgers.edu\/judit-hajnal-ward\/projects\/#primaryimage"},"thumbnailUrl":"http:\/\/sites.rutgers.edu\/judit-hajnal-ward\/wp-content\/uploads\/sites\/738\/2021\/11\/0E423490-627C-4CFF-B168-488C7D13786F-300x300.png","datePublished":"2020-07-09T17:50:36+00:00","dateModified":"2026-02-06T20:56:20+00:00","breadcrumb":{"@id":"https:\/\/sites.rutgers.edu\/judit-hajnal-ward\/projects\/#breadcrumb"},"inLanguage":"en-US","potentialAction":[{"@type":"ReadAction","target":["https:\/\/sites.rutgers.edu\/judit-hajnal-ward\/projects\/"]}]},{"@type":"ImageObject","inLanguage":"en-US","@id":"https:\/\/sites.rutgers.edu\/judit-hajnal-ward\/projects\/#primaryimage","url":"https:\/\/sites.rutgers.edu\/judit-hajnal-ward\/wp-content\/uploads\/sites\/738\/2021\/11\/0E423490-627C-4CFF-B168-488C7D13786F.png","contentUrl":"https:\/\/sites.rutgers.edu\/judit-hajnal-ward\/wp-content\/uploads\/sites\/738\/2021\/11\/0E423490-627C-4CFF-B168-488C7D13786F.png","width":1080,"height":1080},{"@type":"BreadcrumbList","@id":"https:\/\/sites.rutgers.edu\/judit-hajnal-ward\/projects\/#breadcrumb","itemListElement":[{"@type":"ListItem","position":1,"name":"Home","item":"https:\/\/sites.rutgers.edu\/judit-hajnal-ward\/"},{"@type":"ListItem","position":2,"name":"Projects"}]},{"@type":"WebSite","@id":"https:\/\/sites.rutgers.edu\/judit-hajnal-ward\/#website","url":"https:\/\/sites.rutgers.edu\/judit-hajnal-ward\/","name":"Judit Hajnal Ward","description":"","potentialAction":[{"@type":"SearchAction","target":{"@type":"EntryPoint","urlTemplate":"https:\/\/sites.rutgers.edu\/judit-hajnal-ward\/?s={search_term_string}"},"query-input":{"@type":"PropertyValueSpecification","valueRequired":true,"valueName":"search_term_string"}}],"inLanguage":"en-US"}]}},"_links":{"self":[{"href":"https:\/\/sites.rutgers.edu\/judit-hajnal-ward\/wp-json\/wp\/v2\/pages\/367"}],"collection":[{"href":"https:\/\/sites.rutgers.edu\/judit-hajnal-ward\/wp-json\/wp\/v2\/pages"}],"about":[{"href":"https:\/\/sites.rutgers.edu\/judit-hajnal-ward\/wp-json\/wp\/v2\/types\/page"}],"author":[{"embeddable":true,"href":"https:\/\/sites.rutgers.edu\/judit-hajnal-ward\/wp-json\/wp\/v2\/users\/21"}],"replies":[{"embeddable":true,"href":"https:\/\/sites.rutgers.edu\/judit-hajnal-ward\/wp-json\/wp\/v2\/comments?post=367"}],"version-history":[{"count":62,"href":"https:\/\/sites.rutgers.edu\/judit-hajnal-ward\/wp-json\/wp\/v2\/pages\/367\/revisions"}],"predecessor-version":[{"id":787,"href":"https:\/\/sites.rutgers.edu\/judit-hajnal-ward\/wp-json\/wp\/v2\/pages\/367\/revisions\/787"}],"wp:attachment":[{"href":"https:\/\/sites.rutgers.edu\/judit-hajnal-ward\/wp-json\/wp\/v2\/media?parent=367"}],"curies":[{"name":"wp","href":"https:\/\/api.w.org\/{rel}","templated":true}]}}