{"id":515,"date":"2021-02-22T22:22:26","date_gmt":"2021-02-22T22:22:26","guid":{"rendered":"http:\/\/sites.rutgers.edu\/laborclassics21\/?page_id=515"},"modified":"2021-05-13T18:10:26","modified_gmt":"2021-05-13T18:10:26","slug":"schedule","status":"publish","type":"page","link":"https:\/\/sites.rutgers.edu\/laborclassics21\/schedule\/","title":{"rendered":"Schedule"},"content":{"rendered":"<p>Preliminary Schedule (as of Feb. 22)<\/p>\n<p>&nbsp;<\/p>\n<table style=\"height: 1947px\" width=\"1065\">\n<tbody>\n<tr>\n<td width=\"126\"><strong><u>Friday, May 14<\/u><\/strong><\/td>\n<td width=\"404\"><\/td>\n<td width=\"321\"><\/td>\n<td width=\"112\"><\/td>\n<\/tr>\n<tr>\n<td width=\"126\"><u>Time (EDT)<\/u><\/td>\n<td width=\"404\"><\/td>\n<td width=\"321\"><\/td>\n<td width=\"112\"><u>Time (GMT)<\/u><\/td>\n<\/tr>\n<tr>\n<td width=\"126\"><strong>9:00 &#8211; 9:50<\/strong><\/td>\n<td width=\"404\"><strong>Welcome<\/strong><\/td>\n<td width=\"321\"><\/td>\n<td width=\"112\"><strong>13:00 &#8211; 13:50<\/strong><\/td>\n<\/tr>\n<tr>\n<td width=\"126\"><\/td>\n<td width=\"404\"><em>Remarks by Organizers Begin at 9:30 EDT<\/em><\/td>\n<td width=\"321\"><\/td>\n<td width=\"112\"><\/td>\n<\/tr>\n<tr>\n<td width=\"126\"><strong>10:00 &#8211; 12:00<\/strong><\/td>\n<td width=\"404\"><strong>Session 1: Expertise and Hierarchy<\/strong><\/td>\n<td width=\"321\"><\/td>\n<td width=\"112\"><strong>14:00 &#8211; 16:00<\/strong><\/td>\n<\/tr>\n<tr>\n<td width=\"126\"><\/td>\n<td width=\"404\">Social Hierarchy and Work Hierarchy: Indistinct Status within the Manual Production Workshop. Slaves&#8217; Example.<\/td>\n<td width=\"321\"><em>El\u00e9onore Favier (Universit\u00e9 Lumi\u00e8re Lyon II)<\/em><\/td>\n<td width=\"112\"><\/td>\n<\/tr>\n<tr>\n<td width=\"126\"><\/td>\n<td width=\"404\">Athenian Bank: A Glowing Example of Labour Specialization<\/td>\n<td width=\"321\"><em>Giacinto Falco (Scuola Normale Superiore of Pisa)<\/em><\/td>\n<td width=\"112\"><\/td>\n<\/tr>\n<tr>\n<td width=\"126\"><\/td>\n<td width=\"404\">A New Understanding of the Division of Specialized Labor in the Roman Building Industry<\/td>\n<td width=\"321\"><em>Christopher Motz (University of Cincinnati)<\/em><\/td>\n<td width=\"112\"><\/td>\n<\/tr>\n<tr>\n<td width=\"126\"><\/td>\n<td width=\"404\">The Selection and Recruitment of Freed Agricultural <em>Procuratores<\/em> in Roman Italy<\/td>\n<td width=\"321\"><em>Alex Cushing (Independent Scholar)<\/em><\/td>\n<td width=\"112\"><\/td>\n<\/tr>\n<tr>\n<td width=\"126\"><strong>12:00 &#8211; 1:30<\/strong><\/td>\n<td width=\"404\"><strong>Lunch\/Coffee Break<\/strong><\/td>\n<td width=\"321\"><\/td>\n<td width=\"112\"><strong>16:00 &#8211; 17:30<\/strong><\/td>\n<\/tr>\n<tr>\n<td width=\"126\"><strong>1:30 &#8211; 3:30<\/strong><\/td>\n<td width=\"404\"><strong>Session 2: Ideology and Definitions of Labor<\/strong><\/td>\n<td width=\"321\"><\/td>\n<td width=\"112\"><strong>17:30 &#8211; 19:30<\/strong><\/td>\n<\/tr>\n<tr>\n<td width=\"126\"><\/td>\n<td width=\"404\">One Man, Two Jobs: The Justice of Moneymaking in Plato&#8217;s <em>Republic<\/em><\/td>\n<td width=\"321\"><em>Daniel Silvermintz (University of Houston &#8211; Clear Lake)<\/em><\/td>\n<td width=\"112\"><\/td>\n<\/tr>\n<tr>\n<td width=\"126\"><\/td>\n<td width=\"404\"><em>Quin tu aliquid saltem potius, quorum indiget usus: <\/em>Poetry at Work in Vergil&#8217;s Eclogues<\/td>\n<td width=\"321\"><em>Katherine Dennis (Princeton University)<\/em><\/td>\n<td width=\"112\"><\/td>\n<\/tr>\n<tr>\n<td width=\"126\"><\/td>\n<td width=\"404\">The Invisible Thread: The Evidence for Social Context and Gender in Textile Production in Roman Britain<\/td>\n<td width=\"321\"><em>Sara Rumberg (Independent Scholar)<\/em><\/td>\n<td width=\"112\"><\/td>\n<\/tr>\n<tr>\n<td width=\"126\"><\/td>\n<td width=\"404\">Favour or Debt: The Ciceronian Prejudice against Contract Labour in Paul&#8217;s Letter to the Romans<\/td>\n<td width=\"321\"><em>J. LaRae Cherukara (University of Oxford)<\/em><\/td>\n<td width=\"112\"><\/td>\n<\/tr>\n<tr>\n<td width=\"126\"><strong>4:00 &#8211; 5:30<\/strong><\/td>\n<td width=\"404\"><strong>Keynote: Dr. David Hollander (Iowa State University)<\/strong><\/td>\n<td width=\"321\"><strong>\u00a0<\/strong><\/td>\n<td width=\"112\"><strong>20:00 &#8211; 21:30<\/strong><\/td>\n<\/tr>\n<tr>\n<td width=\"126\"><strong>5:30 &#8211; 6:30<\/strong><\/td>\n<td width=\"404\"><strong>Happy Hour<\/strong><\/td>\n<td width=\"321\"><\/td>\n<td width=\"112\"><strong>21:30 &#8211; 22:30<\/strong><\/td>\n<\/tr>\n<tr>\n<td width=\"126\"><\/td>\n<td width=\"404\"><\/td>\n<td width=\"321\"><\/td>\n<td width=\"112\"><\/td>\n<\/tr>\n<tr>\n<td width=\"126\"><\/td>\n<td width=\"404\"><\/td>\n<td width=\"321\"><\/td>\n<td width=\"112\"><\/td>\n<\/tr>\n<tr>\n<td width=\"126\"><strong><u>Saturday, May 15<\/u><\/strong><\/td>\n<td width=\"404\"><\/td>\n<td width=\"321\"><\/td>\n<td width=\"112\"><\/td>\n<\/tr>\n<tr>\n<td width=\"126\"><u>Time (EDT)<\/u><\/td>\n<td width=\"404\"><\/td>\n<td width=\"321\"><\/td>\n<td width=\"112\"><u>Time (GMT)<\/u><\/td>\n<\/tr>\n<tr>\n<td width=\"126\"><strong>9:00 &#8211; 9:50<\/strong><\/td>\n<td width=\"404\"><strong>Welcome Back<\/strong><\/td>\n<td width=\"321\"><\/td>\n<td width=\"112\"><strong>13:00 &#8211; 13:50<\/strong><\/td>\n<\/tr>\n<tr>\n<td width=\"126\"><strong>10:00 &#8211; 12:00<\/strong><\/td>\n<td width=\"404\"><strong>Session 3: Individuality and Commemoration<\/strong><\/td>\n<td width=\"321\"><\/td>\n<td width=\"112\"><strong>14:00 &#8211; 16:00<\/strong><\/td>\n<\/tr>\n<tr>\n<td width=\"126\"><\/td>\n<td width=\"404\">The Housewife in the Funerary Monument: Why Domestic\u00a0 Work was Considered Specialized Labor in Classical Athens<\/td>\n<td width=\"321\"><em>Florencia de Graaff (Universidad de Buenos Aires)<\/em><\/td>\n<td width=\"112\"><\/td>\n<\/tr>\n<tr>\n<td width=\"126\"><\/td>\n<td width=\"404\">Pastorum Convenarumque: The Mythic Herdsman and Roman Identity<\/td>\n<td width=\"321\"><em>Selena Ross (Rutgers University)<\/em><\/td>\n<td width=\"112\"><\/td>\n<\/tr>\n<tr>\n<td width=\"126\"><\/td>\n<td width=\"404\">Forging Specialization: Tool Imagery and Identity on the Funerary Monuments of Roman Blacksmiths<\/td>\n<td width=\"321\"><em>Allan B. Daoust (Thorneloe University at Laurentian)<\/em><\/td>\n<td width=\"112\"><\/td>\n<\/tr>\n<tr>\n<td width=\"126\"><\/td>\n<td width=\"404\">Educating Slaves: Who Were the Educators of Rome&#8217;s Youth? A Survey of the Representation of (Former) Slave Educators in Funerary Epigraphy from the Latin West<\/td>\n<td width=\"321\"><em>Madison Rolls (University of Edinburgh)<\/em><\/td>\n<td width=\"112\"><\/td>\n<\/tr>\n<tr>\n<td width=\"126\"><strong>12:00 &#8211; 1:30<\/strong><\/td>\n<td width=\"404\"><strong>Lunch\/Coffee Break<\/strong><\/td>\n<td width=\"321\"><\/td>\n<td width=\"112\"><strong>16:00 &#8211; 17:30<\/strong><\/td>\n<\/tr>\n<tr>\n<td width=\"126\"><strong>1:30 &#8211; 3:30<\/strong><\/td>\n<td width=\"404\"><strong>Session 4: Location and Causation<\/strong><\/td>\n<td width=\"321\"><\/td>\n<td width=\"112\"><strong>17:30 &#8211; 19:30<\/strong><\/td>\n<\/tr>\n<tr>\n<td width=\"126\"><\/td>\n<td width=\"404\">What Kind of Specialization? The Archaeological Indicators of Pottery Production Specialization in Pre-Roman Central Tyrrhenian Italy (8th-6th c. BCE)<\/td>\n<td width=\"321\"><em>Mattia D&#8217;Acri (University of Missouri)<\/em><\/td>\n<td width=\"112\"><\/td>\n<\/tr>\n<tr>\n<td width=\"126\"><\/td>\n<td width=\"404\">Builders for the Gods. Trophonius and Agamedes. The Oracular Cult in Lebadea<\/td>\n<td width=\"321\"><em>Lavinia Maria Silvia Fallea (Scuola di Specializzazione in Beni Archeologici, Universit\u00e0 degli Studi di Catania)<\/em><\/td>\n<td width=\"112\"><\/td>\n<\/tr>\n<tr>\n<td width=\"126\"><\/td>\n<td width=\"404\">Theophrastus and the Door-Makers of Athens<\/td>\n<td width=\"321\"><em>David Lewis (University of Edinburgh)<\/em><\/td>\n<td width=\"112\"><\/td>\n<\/tr>\n<tr>\n<td width=\"126\"><\/td>\n<td width=\"404\">The<em> Fenomeno Associativo<\/em> and the Specialized Labour in Two Trade Hubs of the Roman West: Ostia and Lugdunum (II-III C. AD)<\/td>\n<td width=\"321\"><em>Simone Ciambelli (Universit\u00e0 di Bologna)<\/em><\/td>\n<td width=\"112\"><\/td>\n<\/tr>\n<tr>\n<td width=\"126\"><strong>4:00 &#8211; 5:30<\/strong><\/td>\n<td width=\"404\"><strong>Keynote: Dr. Lynne Kvapil (Butler University)<\/strong><\/td>\n<td width=\"321\"><strong>\u00a0<\/strong><\/td>\n<td width=\"112\"><strong>20:00 &#8211; 21:30<\/strong><\/td>\n<\/tr>\n<tr>\n<td width=\"126\"><strong>5:30 &#8211; 6:30<\/strong><\/td>\n<td width=\"404\"><strong>Farewell and Happy Hour<\/strong><\/td>\n<td width=\"321\"><\/td>\n<td width=\"112\"><strong>21:30 &#8211; 22:30<\/strong><\/td>\n<\/tr>\n<\/tbody>\n<\/table>\n<p>&nbsp;<\/p>\n","protected":false},"excerpt":{"rendered":"<p>Preliminary Schedule (as of Feb. 22) &nbsp; Friday, May 14 Time (EDT) Time (GMT) 9:00 &#8211; 9:50 Welcome 13:00 &#8211; 13:50 Remarks by Organizers Begin at 9:30 EDT 10:00 &#8211; &hellip; <a href=\"https:\/\/sites.rutgers.edu\/laborclassics21\/schedule\/\" class=\"\">Read More<\/a><\/p>\n","protected":false},"author":1346,"featured_media":0,"parent":0,"menu_order":0,"comment_status":"closed","ping_status":"closed","template":"template-custom.php","meta":{"_acf_changed":false,"footnotes":""},"class_list":["post-515","page","type-page","status-publish","hentry"],"acf":[],"yoast_head":"<!-- This site is optimized with the Yoast SEO plugin v23.5 - https:\/\/yoast.com\/wordpress\/plugins\/seo\/ -->\n<title>Schedule - Labor in Classical Antiquity 2021<\/title>\n<meta name=\"robots\" content=\"index, follow, max-snippet:-1, max-image-preview:large, max-video-preview:-1\" \/>\n<link rel=\"canonical\" href=\"https:\/\/sites.rutgers.edu\/laborclassics21\/schedule\/\" \/>\n<meta property=\"og:locale\" content=\"en_US\" \/>\n<meta property=\"og:type\" content=\"article\" \/>\n<meta property=\"og:title\" content=\"Schedule - Labor in Classical Antiquity 2021\" \/>\n<meta property=\"og:description\" content=\"Preliminary Schedule (as of Feb. 22) &nbsp; Friday, May 14 Time (EDT) Time (GMT) 9:00 &#8211; 9:50 Welcome 13:00 &#8211; 13:50 Remarks by Organizers Begin at 9:30 EDT 10:00 &#8211; &hellip; Read More\" \/>\n<meta property=\"og:url\" content=\"https:\/\/sites.rutgers.edu\/laborclassics21\/schedule\/\" \/>\n<meta property=\"og:site_name\" content=\"Labor in Classical Antiquity 2021\" \/>\n<meta property=\"article:modified_time\" content=\"2021-05-13T18:10:26+00:00\" \/>\n<meta name=\"twitter:card\" content=\"summary_large_image\" \/>\n<meta name=\"twitter:label1\" content=\"Est. reading time\" \/>\n\t<meta name=\"twitter:data1\" content=\"2 minutes\" \/>\n<script type=\"application\/ld+json\" class=\"yoast-schema-graph\">{\"@context\":\"https:\/\/schema.org\",\"@graph\":[{\"@type\":\"WebPage\",\"@id\":\"https:\/\/sites.rutgers.edu\/laborclassics21\/schedule\/\",\"url\":\"https:\/\/sites.rutgers.edu\/laborclassics21\/schedule\/\",\"name\":\"Schedule - Labor in Classical Antiquity 2021\",\"isPartOf\":{\"@id\":\"https:\/\/sites.rutgers.edu\/laborclassics21\/#website\"},\"datePublished\":\"2021-02-22T22:22:26+00:00\",\"dateModified\":\"2021-05-13T18:10:26+00:00\",\"breadcrumb\":{\"@id\":\"https:\/\/sites.rutgers.edu\/laborclassics21\/schedule\/#breadcrumb\"},\"inLanguage\":\"en-US\",\"potentialAction\":[{\"@type\":\"ReadAction\",\"target\":[\"https:\/\/sites.rutgers.edu\/laborclassics21\/schedule\/\"]}]},{\"@type\":\"BreadcrumbList\",\"@id\":\"https:\/\/sites.rutgers.edu\/laborclassics21\/schedule\/#breadcrumb\",\"itemListElement\":[{\"@type\":\"ListItem\",\"position\":1,\"name\":\"Home\",\"item\":\"https:\/\/sites.rutgers.edu\/laborclassics21\/\"},{\"@type\":\"ListItem\",\"position\":2,\"name\":\"Schedule\"}]},{\"@type\":\"WebSite\",\"@id\":\"https:\/\/sites.rutgers.edu\/laborclassics21\/#website\",\"url\":\"https:\/\/sites.rutgers.edu\/laborclassics21\/\",\"name\":\"Labor in Classical Antiquity 2021\",\"description\":\"\",\"potentialAction\":[{\"@type\":\"SearchAction\",\"target\":{\"@type\":\"EntryPoint\",\"urlTemplate\":\"https:\/\/sites.rutgers.edu\/laborclassics21\/?s={search_term_string}\"},\"query-input\":{\"@type\":\"PropertyValueSpecification\",\"valueRequired\":true,\"valueName\":\"search_term_string\"}}],\"inLanguage\":\"en-US\"}]}<\/script>\n<!-- \/ Yoast SEO plugin. -->","yoast_head_json":{"title":"Schedule - Labor in Classical Antiquity 2021","robots":{"index":"index","follow":"follow","max-snippet":"max-snippet:-1","max-image-preview":"max-image-preview:large","max-video-preview":"max-video-preview:-1"},"canonical":"https:\/\/sites.rutgers.edu\/laborclassics21\/schedule\/","og_locale":"en_US","og_type":"article","og_title":"Schedule - Labor in Classical Antiquity 2021","og_description":"Preliminary Schedule (as of Feb. 22) &nbsp; Friday, May 14 Time (EDT) Time (GMT) 9:00 &#8211; 9:50 Welcome 13:00 &#8211; 13:50 Remarks by Organizers Begin at 9:30 EDT 10:00 &#8211; &hellip; Read More","og_url":"https:\/\/sites.rutgers.edu\/laborclassics21\/schedule\/","og_site_name":"Labor in Classical Antiquity 2021","article_modified_time":"2021-05-13T18:10:26+00:00","twitter_card":"summary_large_image","twitter_misc":{"Est. reading time":"2 minutes"},"schema":{"@context":"https:\/\/schema.org","@graph":[{"@type":"WebPage","@id":"https:\/\/sites.rutgers.edu\/laborclassics21\/schedule\/","url":"https:\/\/sites.rutgers.edu\/laborclassics21\/schedule\/","name":"Schedule - Labor in Classical Antiquity 2021","isPartOf":{"@id":"https:\/\/sites.rutgers.edu\/laborclassics21\/#website"},"datePublished":"2021-02-22T22:22:26+00:00","dateModified":"2021-05-13T18:10:26+00:00","breadcrumb":{"@id":"https:\/\/sites.rutgers.edu\/laborclassics21\/schedule\/#breadcrumb"},"inLanguage":"en-US","potentialAction":[{"@type":"ReadAction","target":["https:\/\/sites.rutgers.edu\/laborclassics21\/schedule\/"]}]},{"@type":"BreadcrumbList","@id":"https:\/\/sites.rutgers.edu\/laborclassics21\/schedule\/#breadcrumb","itemListElement":[{"@type":"ListItem","position":1,"name":"Home","item":"https:\/\/sites.rutgers.edu\/laborclassics21\/"},{"@type":"ListItem","position":2,"name":"Schedule"}]},{"@type":"WebSite","@id":"https:\/\/sites.rutgers.edu\/laborclassics21\/#website","url":"https:\/\/sites.rutgers.edu\/laborclassics21\/","name":"Labor in Classical Antiquity 2021","description":"","potentialAction":[{"@type":"SearchAction","target":{"@type":"EntryPoint","urlTemplate":"https:\/\/sites.rutgers.edu\/laborclassics21\/?s={search_term_string}"},"query-input":{"@type":"PropertyValueSpecification","valueRequired":true,"valueName":"search_term_string"}}],"inLanguage":"en-US"}]}},"_links":{"self":[{"href":"https:\/\/sites.rutgers.edu\/laborclassics21\/wp-json\/wp\/v2\/pages\/515"}],"collection":[{"href":"https:\/\/sites.rutgers.edu\/laborclassics21\/wp-json\/wp\/v2\/pages"}],"about":[{"href":"https:\/\/sites.rutgers.edu\/laborclassics21\/wp-json\/wp\/v2\/types\/page"}],"author":[{"embeddable":true,"href":"https:\/\/sites.rutgers.edu\/laborclassics21\/wp-json\/wp\/v2\/users\/1346"}],"replies":[{"embeddable":true,"href":"https:\/\/sites.rutgers.edu\/laborclassics21\/wp-json\/wp\/v2\/comments?post=515"}],"version-history":[{"count":11,"href":"https:\/\/sites.rutgers.edu\/laborclassics21\/wp-json\/wp\/v2\/pages\/515\/revisions"}],"predecessor-version":[{"id":556,"href":"https:\/\/sites.rutgers.edu\/laborclassics21\/wp-json\/wp\/v2\/pages\/515\/revisions\/556"}],"wp:attachment":[{"href":"https:\/\/sites.rutgers.edu\/laborclassics21\/wp-json\/wp\/v2\/media?parent=515"}],"curies":[{"name":"wp","href":"https:\/\/api.w.org\/{rel}","templated":true}]}}