{"id":430,"date":"2020-07-10T14:48:32","date_gmt":"2020-07-10T14:48:32","guid":{"rendered":"http:\/\/sites.rutgers.edu\/manifolds-groups-varieties\/?page_id=430"},"modified":"2025-10-01T00:08:33","modified_gmt":"2025-10-01T00:08:33","slug":"register","status":"publish","type":"page","link":"https:\/\/sites.rutgers.edu\/manifolds-groups-varieties\/register\/","title":{"rendered":""},"content":{"rendered":"<p><a href=\"https:\/\/docs.google.com\/forms\/d\/e\/1FAIpQLSeCHdV67-hovOuUqyv2iLgW1DNc2BPifc5_fsnkGvxsXTjzpg\/viewform?vc=0&amp;c=0&amp;w=1&amp;flr=0&amp;usp=mail_form_link\"><em><strong>Please register here<\/strong><\/em><\/a>\u00a0<span style=\"font-family: -apple-system, BlinkMacSystemFont, 'Segoe UI', Roboto, 'Helvetica Neue', Arial, sans-serif;font-size: 1rem\">as early as possible to help us plan, and by September 20th. Anyone is welcome to submit an abstract and title for a potential talk with the registration.\u00a0<\/span><span style=\"font-family: -apple-system, BlinkMacSystemFont, 'Segoe UI', Roboto, 'Helvetica Neue', Arial, sans-serif;font-size: 1rem\">The deadline for abstract submission is<\/span><span style=\"font-family: -apple-system, BlinkMacSystemFont, 'Segoe UI', Roboto, 'Helvetica Neue', Arial, sans-serif;font-size: 1rem\">\u00a0<\/span><b style=\"font-size: 1rem\">Sunday, August 31<\/b><span style=\"font-family: -apple-system, BlinkMacSystemFont, 'Segoe UI', Roboto, 'Helvetica Neue', Arial, sans-serif;font-size: 1rem\">. (<\/span><span style=\"font-family: -apple-system, BlinkMacSystemFont, 'Segoe UI', Roboto, 'Helvetica Neue', Arial, sans-serif;font-size: 1rem\">We might not be able to accommodate all abstracts with long talks.)<\/span><\/p>\n<p><strong>Non-student participants <\/strong>(as of August 2025)<img loading=\"lazy\" decoding=\"async\" class=\" wp-image-478 alignright\" src=\"https:\/\/sites.rutgers.edu\/manifolds-groups-varieties\/wp-content\/uploads\/sites\/1309\/2024\/10\/rutgers-newark-fall-Google-Search-2-300x204.jpg\" alt=\"\" width=\"404\" height=\"274\" srcset=\"https:\/\/sites.rutgers.edu\/manifolds-groups-varieties\/wp-content\/uploads\/sites\/1309\/2024\/10\/rutgers-newark-fall-Google-Search-2-300x204.jpg 300w, https:\/\/sites.rutgers.edu\/manifolds-groups-varieties\/wp-content\/uploads\/sites\/1309\/2024\/10\/rutgers-newark-fall-Google-Search-2-1024x697.jpg 1024w, https:\/\/sites.rutgers.edu\/manifolds-groups-varieties\/wp-content\/uploads\/sites\/1309\/2024\/10\/rutgers-newark-fall-Google-Search-2-768x523.jpg 768w, https:\/\/sites.rutgers.edu\/manifolds-groups-varieties\/wp-content\/uploads\/sites\/1309\/2024\/10\/rutgers-newark-fall-Google-Search-2-1536x1046.jpg 1536w, https:\/\/sites.rutgers.edu\/manifolds-groups-varieties\/wp-content\/uploads\/sites\/1309\/2024\/10\/rutgers-newark-fall-Google-Search-2-2048x1395.jpg 2048w\" sizes=\"(max-width: 404px) 100vw, 404px\" \/><br \/>\nAra Basmajian, CUNY<br \/>\nHyungryul Baik, KAIST<br \/>\nSteven Boyer, Universit\u00e9 du Qu\u00e9bec \u00e0 Montr\u00e9al<br \/>\nBirch Bryant, University of North Alabama<br \/>\nAbhijit Champanerkar, CUNY<br \/>\nTam Cheetham-West, Yale University<br \/>\nChangjie Chen, CRM, Universit\u00e9 de Montr\u00e9al<br \/>\nSean Cleary, CUNY<br \/>\nMarc Culler, University of Illinois Chicago<br \/>\nCynthia Curtis, The College of New Jersey<br \/>\nEthan Dlugie, Brown<br \/>\nDavid Futer, Temple University<br \/>\nGrace Garden, IMJ-PRG<br \/>\nJane Gilman, Rutgers University Newark<br \/>\nMatthias Goerner, Pixar Animation Studios<br \/>\nKyle Hayden, Rutgers University Newark<br \/>\nAlexander He, Oklahoma State University<br \/>\nNeil Hoffman, University of Minnesota-Duluth<br \/>\nYing Hu, University of Nebraska Omaha<br \/>\nSyed Ibrahim, Riphah International University<br \/>\nEffie Kalfagianni, Michigan State University<br \/>\nRose Kaplan-Kelly, George Mason University<br \/>\nAutumn Kent, University of Wisconsin Madison<br \/>\nKyeongRo Kim, KIAS<br \/>\nIlya Kofman, CUNY<br \/>\nChris Leininger, Rice University<br \/>\nFeng Luo, Rutgers &#8211; New Brunswick<br \/>\nRobbie Lyman, Rutgers University Newark<br \/>\nNicholas Miller, University of Oklahoma<br \/>\nJiri Minarcik, Carnegie Mellon University<br \/>\nYair Minsky, Yale University<br \/>\nCasandra Monroe, University of Michigan<br \/>\nJorge Salazar Morales, Ju\u00e1rez University of the State of Durango<br \/>\nVeronica Pasquarella, SIMIS<br \/>\nKate Petersen, University of Minnesota Duluth<br \/>\nZhenghao Rao, Rutgers &#8211; New Brunswick<br \/>\nSushmita Sinha Roy, Florida Gulf Coast University<br \/>\nJacob Russell, Swarthmore College<br \/>\nSumeyra Sakalli, University of South Florida<br \/>\nHenry Segerman, Oklahoma State University<br \/>\nPeter B. Shalen, University of Illinois at Chicago<br \/>\nPatricia Sorya, University of Ottawa and Boston College<br \/>\nHongbin Sun, Rutgers &#8211; New Brunswick<br \/>\nDipali Swain, Florida Polytechnic University<br \/>\nSamuel Taylor, Temple University<br \/>\nAnh Tran, University of Texas at Dallas<br \/>\nAnastasiia Tsvietkova, Rutgers University Newark<br \/>\nYi Wang, University of Urbana Urbana-Champaign<br \/>\nBrandis Whitfield, University of Wisconsin&#8211;Madison<br \/>\nChenxi Wu, University of Wisconsin Madison<br \/>\nMichael Zshornack, Northwestern University<\/p>\n<p><strong>Student Participants<\/strong><br \/>\nBenjamin Armokyi Appiah, Louisiana State University<br \/>\nIan Benway, Oklahoma State University<br \/>\nIpsa Bezbarua, CUNY<br \/>\nIsaac Broudy, Cornell University<br \/>\nAnunoy Chakraborty, George Mason University<br \/>\nShaivi Chavan, CUNY Graduate Center<br \/>\nAndrew Clickard, Temple University<br \/>\nRylee Dennis, Oklahoma State University<br \/>\nCassie Ding, Cassie Ding<br \/>\nBrevan Ellefsen, UIUC<br \/>\nTouseef Haider, Rutgers &#8211; Newark<br \/>\nDennis Hou, Rutgers University\u2013New Brunswick<br \/>\nHan Lim Jang, Binghamton University<br \/>\nKavindya R Jayathilaka, University of Tennessee<br \/>\nYushan Jiang, CUNY<br \/>\nAustin Konkel, Stony Brook University<br \/>\nShiyu Liang, University of Texas, Austin<br \/>\nKuijun Liu, Rutgers &#8211; New Brunswick<br \/>\nZihao Liu, Rice University<br \/>\nAisha Mechery, Rice University<br \/>\nJonah Mendel, Rice University<br \/>\nSayantika Mondal, CUNY Graduate Center<br \/>\nCasandra Monroe, University of Michigan<br \/>\nMarwa Mosallam, Cairo University &amp; Binghamton University<br \/>\nZhihao Mu, CUNY<br \/>\nAndrew R. Tawfeek, University of Washington<br \/>\nYikai Teng, Rutgers &#8211; Newark<br \/>\nJia Biao Too, Rutgers &#8211; Newark<br \/>\nMohammad Vaezimonfared, University of California, Riverside<br \/>\nKyan Valencik, Rutgers &#8211; New Brunswick<br \/>\nJia Wan, University of Wisconsin<br \/>\nYouheng Yao, Yale University<br \/>\nStefanie Zbinden, Heriot-Watt University<\/p>\n<p><strong>Organizers: <\/strong><a href=\"https:\/\/www.math.temple.edu\/~dfuter\/\">David Futer<\/a> (Temple University), <a href=\"https:\/\/yinghu-math.github.io\/\">Ying Hu<\/a> (University of Nebraska &#8211; Omaha), <a href=\"https:\/\/sites.google.com\/d.umn.edu\/katepetersen\">Kate Petersen<\/a> (University of Minnesota &#8211; Duluth), <a href=\"https:\/\/sites.rutgers.edu\/anastasiia-tsvietkova\/contact\/\">Anastasiia Tsvietkova<\/a> (Rutgers-Newark)<\/p>\n<p><strong>Local co-organizers:<\/strong> Seth Eisenberger, Touseef Haider, Md (Nur) Nurujjaman (all are current Rutgers-Newark PhD students or recent PhD graduates).<\/p>\n<p>&nbsp;<\/p>\n","protected":false},"excerpt":{"rendered":"<p>Please register here\u00a0as early as possible to help us plan, and by September 20th. Anyone is welcome to submit an abstract and title for a potential talk with the registration.\u00a0The &hellip; <a href=\"https:\/\/sites.rutgers.edu\/manifolds-groups-varieties\/register\/\" class=\"\">Read More<\/a><\/p>\n","protected":false},"author":21,"featured_media":478,"parent":0,"menu_order":0,"comment_status":"closed","ping_status":"closed","template":"","meta":{"_acf_changed":false,"footnotes":""},"class_list":["post-430","page","type-page","status-publish","has-post-thumbnail","hentry"],"acf":[],"yoast_head":"<!-- This site is optimized with the Yoast SEO plugin v23.5 - https:\/\/yoast.com\/wordpress\/plugins\/seo\/ -->\n<title>- Manifolds.Groups.Varieties<\/title>\n<meta name=\"robots\" content=\"index, follow, max-snippet:-1, max-image-preview:large, max-video-preview:-1\" \/>\n<link rel=\"canonical\" href=\"https:\/\/sites.rutgers.edu\/manifolds-groups-varieties\/register\/\" \/>\n<meta property=\"og:locale\" content=\"en_US\" \/>\n<meta property=\"og:type\" content=\"article\" \/>\n<meta property=\"og:title\" content=\"- Manifolds.Groups.Varieties\" \/>\n<meta property=\"og:description\" content=\"Please register here\u00a0as early as possible to help us plan, and by September 20th. Anyone is welcome to submit an abstract and title for a potential talk with the registration.\u00a0The &hellip; Read More\" \/>\n<meta property=\"og:url\" content=\"https:\/\/sites.rutgers.edu\/manifolds-groups-varieties\/register\/\" \/>\n<meta property=\"og:site_name\" content=\"Manifolds.Groups.Varieties\" \/>\n<meta property=\"article:modified_time\" content=\"2025-10-01T00:08:33+00:00\" \/>\n<meta property=\"og:image\" content=\"https:\/\/sites.rutgers.edu\/manifolds-groups-varieties\/wp-content\/uploads\/sites\/1309\/2024\/10\/rutgers-newark-fall-Google-Search-2-1024x697.jpg\" \/>\n\t<meta property=\"og:image:width\" content=\"1024\" \/>\n\t<meta property=\"og:image:height\" content=\"697\" \/>\n\t<meta property=\"og:image:type\" content=\"image\/jpeg\" \/>\n<meta name=\"twitter:card\" content=\"summary_large_image\" \/>\n<meta name=\"twitter:label1\" content=\"Est. reading time\" \/>\n\t<meta name=\"twitter:data1\" content=\"3 minutes\" \/>\n<script type=\"application\/ld+json\" class=\"yoast-schema-graph\">{\"@context\":\"https:\/\/schema.org\",\"@graph\":[{\"@type\":\"WebPage\",\"@id\":\"https:\/\/sites.rutgers.edu\/manifolds-groups-varieties\/register\/\",\"url\":\"https:\/\/sites.rutgers.edu\/manifolds-groups-varieties\/register\/\",\"name\":\"- Manifolds.Groups.Varieties\",\"isPartOf\":{\"@id\":\"https:\/\/sites.rutgers.edu\/manifolds-groups-varieties\/#website\"},\"primaryImageOfPage\":{\"@id\":\"https:\/\/sites.rutgers.edu\/manifolds-groups-varieties\/register\/#primaryimage\"},\"image\":{\"@id\":\"https:\/\/sites.rutgers.edu\/manifolds-groups-varieties\/register\/#primaryimage\"},\"thumbnailUrl\":\"https:\/\/sites.rutgers.edu\/manifolds-groups-varieties\/wp-content\/uploads\/sites\/1309\/2024\/10\/rutgers-newark-fall-Google-Search-2.jpg\",\"datePublished\":\"2020-07-10T14:48:32+00:00\",\"dateModified\":\"2025-10-01T00:08:33+00:00\",\"inLanguage\":\"en-US\",\"potentialAction\":[{\"@type\":\"ReadAction\",\"target\":[\"https:\/\/sites.rutgers.edu\/manifolds-groups-varieties\/register\/\"]}]},{\"@type\":\"ImageObject\",\"inLanguage\":\"en-US\",\"@id\":\"https:\/\/sites.rutgers.edu\/manifolds-groups-varieties\/register\/#primaryimage\",\"url\":\"https:\/\/sites.rutgers.edu\/manifolds-groups-varieties\/wp-content\/uploads\/sites\/1309\/2024\/10\/rutgers-newark-fall-Google-Search-2.jpg\",\"contentUrl\":\"https:\/\/sites.rutgers.edu\/manifolds-groups-varieties\/wp-content\/uploads\/sites\/1309\/2024\/10\/rutgers-newark-fall-Google-Search-2.jpg\",\"width\":2119,\"height\":1443},{\"@type\":\"WebSite\",\"@id\":\"https:\/\/sites.rutgers.edu\/manifolds-groups-varieties\/#website\",\"url\":\"https:\/\/sites.rutgers.edu\/manifolds-groups-varieties\/\",\"name\":\"Manifolds.Groups.Varieties\",\"description\":\"\",\"potentialAction\":[{\"@type\":\"SearchAction\",\"target\":{\"@type\":\"EntryPoint\",\"urlTemplate\":\"https:\/\/sites.rutgers.edu\/manifolds-groups-varieties\/?s={search_term_string}\"},\"query-input\":{\"@type\":\"PropertyValueSpecification\",\"valueRequired\":true,\"valueName\":\"search_term_string\"}}],\"inLanguage\":\"en-US\"}]}<\/script>\n<!-- \/ Yoast SEO plugin. -->","yoast_head_json":{"title":"- Manifolds.Groups.Varieties","robots":{"index":"index","follow":"follow","max-snippet":"max-snippet:-1","max-image-preview":"max-image-preview:large","max-video-preview":"max-video-preview:-1"},"canonical":"https:\/\/sites.rutgers.edu\/manifolds-groups-varieties\/register\/","og_locale":"en_US","og_type":"article","og_title":"- Manifolds.Groups.Varieties","og_description":"Please register here\u00a0as early as possible to help us plan, and by September 20th. Anyone is welcome to submit an abstract and title for a potential talk with the registration.\u00a0The &hellip; Read More","og_url":"https:\/\/sites.rutgers.edu\/manifolds-groups-varieties\/register\/","og_site_name":"Manifolds.Groups.Varieties","article_modified_time":"2025-10-01T00:08:33+00:00","og_image":[{"width":1024,"height":697,"url":"https:\/\/sites.rutgers.edu\/manifolds-groups-varieties\/wp-content\/uploads\/sites\/1309\/2024\/10\/rutgers-newark-fall-Google-Search-2-1024x697.jpg","type":"image\/jpeg"}],"twitter_card":"summary_large_image","twitter_misc":{"Est. reading time":"3 minutes"},"schema":{"@context":"https:\/\/schema.org","@graph":[{"@type":"WebPage","@id":"https:\/\/sites.rutgers.edu\/manifolds-groups-varieties\/register\/","url":"https:\/\/sites.rutgers.edu\/manifolds-groups-varieties\/register\/","name":"- Manifolds.Groups.Varieties","isPartOf":{"@id":"https:\/\/sites.rutgers.edu\/manifolds-groups-varieties\/#website"},"primaryImageOfPage":{"@id":"https:\/\/sites.rutgers.edu\/manifolds-groups-varieties\/register\/#primaryimage"},"image":{"@id":"https:\/\/sites.rutgers.edu\/manifolds-groups-varieties\/register\/#primaryimage"},"thumbnailUrl":"https:\/\/sites.rutgers.edu\/manifolds-groups-varieties\/wp-content\/uploads\/sites\/1309\/2024\/10\/rutgers-newark-fall-Google-Search-2.jpg","datePublished":"2020-07-10T14:48:32+00:00","dateModified":"2025-10-01T00:08:33+00:00","inLanguage":"en-US","potentialAction":[{"@type":"ReadAction","target":["https:\/\/sites.rutgers.edu\/manifolds-groups-varieties\/register\/"]}]},{"@type":"ImageObject","inLanguage":"en-US","@id":"https:\/\/sites.rutgers.edu\/manifolds-groups-varieties\/register\/#primaryimage","url":"https:\/\/sites.rutgers.edu\/manifolds-groups-varieties\/wp-content\/uploads\/sites\/1309\/2024\/10\/rutgers-newark-fall-Google-Search-2.jpg","contentUrl":"https:\/\/sites.rutgers.edu\/manifolds-groups-varieties\/wp-content\/uploads\/sites\/1309\/2024\/10\/rutgers-newark-fall-Google-Search-2.jpg","width":2119,"height":1443},{"@type":"WebSite","@id":"https:\/\/sites.rutgers.edu\/manifolds-groups-varieties\/#website","url":"https:\/\/sites.rutgers.edu\/manifolds-groups-varieties\/","name":"Manifolds.Groups.Varieties","description":"","potentialAction":[{"@type":"SearchAction","target":{"@type":"EntryPoint","urlTemplate":"https:\/\/sites.rutgers.edu\/manifolds-groups-varieties\/?s={search_term_string}"},"query-input":{"@type":"PropertyValueSpecification","valueRequired":true,"valueName":"search_term_string"}}],"inLanguage":"en-US"}]}},"_links":{"self":[{"href":"https:\/\/sites.rutgers.edu\/manifolds-groups-varieties\/wp-json\/wp\/v2\/pages\/430"}],"collection":[{"href":"https:\/\/sites.rutgers.edu\/manifolds-groups-varieties\/wp-json\/wp\/v2\/pages"}],"about":[{"href":"https:\/\/sites.rutgers.edu\/manifolds-groups-varieties\/wp-json\/wp\/v2\/types\/page"}],"author":[{"embeddable":true,"href":"https:\/\/sites.rutgers.edu\/manifolds-groups-varieties\/wp-json\/wp\/v2\/users\/21"}],"replies":[{"embeddable":true,"href":"https:\/\/sites.rutgers.edu\/manifolds-groups-varieties\/wp-json\/wp\/v2\/comments?post=430"}],"version-history":[{"count":43,"href":"https:\/\/sites.rutgers.edu\/manifolds-groups-varieties\/wp-json\/wp\/v2\/pages\/430\/revisions"}],"predecessor-version":[{"id":569,"href":"https:\/\/sites.rutgers.edu\/manifolds-groups-varieties\/wp-json\/wp\/v2\/pages\/430\/revisions\/569"}],"wp:featuredmedia":[{"embeddable":true,"href":"https:\/\/sites.rutgers.edu\/manifolds-groups-varieties\/wp-json\/wp\/v2\/media\/478"}],"wp:attachment":[{"href":"https:\/\/sites.rutgers.edu\/manifolds-groups-varieties\/wp-json\/wp\/v2\/media?parent=430"}],"curies":[{"name":"wp","href":"https:\/\/api.w.org\/{rel}","templated":true}]}}