{"id":363,"date":"2020-07-09T16:51:59","date_gmt":"2020-07-09T16:51:59","guid":{"rendered":"http:\/\/sites.rutgers.edu\/maria-contreras-perez\/?page_id=363"},"modified":"2024-08-30T20:53:31","modified_gmt":"2024-08-30T20:53:31","slug":"publications","status":"publish","type":"page","link":"https:\/\/sites.rutgers.edu\/maria-contreras-perez\/publications\/","title":{"rendered":"Publications"},"content":{"rendered":"<p><img loading=\"lazy\" decoding=\"async\" class=\"alignnone wp-image-449\" src=\"http:\/\/sites.rutgers.edu\/xiangyu-tao\/wp-content\/uploads\/sites\/1272\/2024\/08\/ORCID.png\" alt=\"\" width=\"25\" height=\"25\" \/>\u00a0 <a href=\"https:\/\/orcid.org\/0000-0002-2249-3657\" target=\"_blank\" rel=\"noopener\">ORCID<\/a> \u00a0\u00a0\u00a0\u00a0\u00a0\u00a0\u00a0\u00a0\u00a0\u00a0\u00a0 <img loading=\"lazy\" decoding=\"async\" class=\"alignnone size-full wp-image-450\" src=\"http:\/\/sites.rutgers.edu\/xiangyu-tao\/wp-content\/uploads\/sites\/1272\/2024\/08\/download.png\" alt=\"\" width=\"28\" height=\"28\" \/>\u00a0 <a href=\"https:\/\/www.researchgate.net\/profile\/Maria-Contreras-Perez\" target=\"_blank\" rel=\"noopener\">ResearchGate<\/a><\/p>\n<h4><\/h4>\n<p>&nbsp;<\/p>\n<h4>Publications:<\/h4>\n<ol>\n<li><strong>Contreras-P\u00e9rez, M. E<\/strong>., Wagner, E., Hospital, M., Morris, S., Colby, S., &amp; Magill, M. (2023). Outcomes of a brief motivational intervention for heavy alcohol use in racial or ethnic minority compared to white emerging adults. Journal of Evidence-Based Social Work, 1\u201315. https:\/\/doi.org\/10.1080\/26408066.2023.2263454<\/li>\n<li>Langwerden, R. J., Morris, S. L., Fernandez, S. F., <strong>Contreras-P\u00e9rez, M. E<\/strong>., Hospital, M. M., &amp; Wagner, E. F. (2023). Preliminary effects of a guided self-change program on perceived risks and motivation to change among university students who misuse cannabis and alcohol.\u00a0Advanced online publication.<em>\u00a0https:\/\/doi.org\/10.26828\/cannabis\/2023\/000173\u00a0\u00a0 <\/em><\/li>\n<li>Hospital, M. M., <strong>Contreras-P\u00e9rez, M. E<\/strong>., Alessi, S. M., Langwerden, R. J., Morris, S. L., &amp; Wagner, E. F. (2023). Mindfulness as an early intervention for hazardous alcohol use among non-treatment seeking Latine emerging adults: A mini-review. <em>Addictive Behaviors<\/em>, <em>145<\/em>, 107759. https:\/\/doi.org\/10.1016\/J.ADDBEH.2023.107759<\/li>\n<li><strong>Contreras-P\u00e9rez, M. E<\/strong>.; Mart\u00ednez, M. K. I.; Wagner, E.; Jim\u00e9nez- P\u00e9rez, A. L.; Reyes Huerta, H. E. (2023). Preliminary results regarding the effectiveness of a group intervention for substance-using adolescents in Mexico. <em>Anuario de Investigaciones. 19.<\/em> http:\/\/www.psi.uba.ar\/investigaciones.php?var=investigaciones\/revistas\/anuario\/trabajo.php&amp;id=1226\\<\/li>\n<li>Langwerden, R. J., Iba\u00f1ez, G. E., <strong>Contreras-P\u00e9rez, M. E.<\/strong>, Contreras, H. A., Rivero, M. L., Charles, S. C., Morris, S. L., Campa, A. L., Wagner, E. F. &amp; Hospital, M. M. (2023). A qualitative exploration of COVID-19 vaccine hesitancy among Hispanic\/Latine and African American and Black middle-aged and older adults in South Florida. <em>Health Equity, 7<\/em>(1), 167\u2013177. https:\/\/doi.org\/10.1089\/heq.2022.0144<\/li>\n<li><strong>Contreras-Perez, M. E.<\/strong>, Morris, S., Hospital, M., &amp; Wagner, E. (2023). Culturally Sensitive Treatment for Underrepresented Adolescents with Substance Use: A Systematic Review. <em>Journal of Evidence-Based Social Work<\/em>, 1\u201321. https:\/\/doi.org\/10.1080\/26408066.2023.2168507<\/li>\n<li><strong>Contreras-P\u00e9rez, M. E.<\/strong>, Diaz-Martinez, J., Langwerden, R. J., Hospital, M. M., Morris, S. L., Wagner, E. F., &amp; Campa, A. L. (2022). Preliminary Analysis of COVID-19 Vaccination Factors among Native and Foreign-Born Hispanic\/Latine Adults Residing in South Florida, USA. <em>International Journal of Environmental Research and Public Health<\/em>, <em>19<\/em>(20), 13225. https:\/\/doi.org\/10.3390\/ijerph192013225<\/li>\n<li>Mart\u00ednez, K. I. M., <strong>Contreras-P\u00e9rez, M. E.<\/strong>, Ojeda, A. Y., Pedroza, C. F. J. (2022). Perspectiva de los profesionales de la salud mental sobre el consumo de metanfetaminas y opi\u00e1ceos en el estado de Aguascalientes. <em>Espacios Traslacionales. 9<\/em>(17). https:\/\/espaciostransnacionales.xoc.uam.mx\/wp-content\/uploads\/2022\/08\/ET_17_Kalina.pdf<\/li>\n<li>Langwerden, R.J.; Wagner, E.F.; Hospital, M.M.; Morris, S.L.; Cueto, V.; Carrasquillo, O.; Charles, S.C.; Perez, K.R.; <strong>Contreras-P\u00e9rez, M.E.<\/strong>; Campa, A.L. (2022). A Latent Profile Analysis of COVID-19 Trusted Sources of Information among Racial and Ethnic Minorities in South Florida. <em>Vaccines, 10<\/em>, 545. https:\/\/doi.org\/10.3390\/vaccines10040545<\/li>\n<li>Mart\u00ednez, Kalina &amp; <strong>Contreras-P\u00e9rez, Mar\u00eda <\/strong>&amp; Wagner, Eric. (2021). Barriers for implementing an intervention for substance using adolescents when adding a parent component. <em>Gaceta M\u00e9dica de Caracas. 129<\/em>. 110-114. 10.47307\/GMC.2021.129.s1.13.<\/li>\n<li>Mart\u00ednez, K. I. M., <strong>Contreras-P\u00e9rez, M. E.<\/strong>, Ch\u00e1vez, J. M. D. L., Cabrera, F. J. P., &amp; Chaine, S. M. (2018). Evaluaci\u00f3n de la eficacia del m\u00f3dulo de piba dentro de la especializaci\u00f3n \u201cpromoci\u00f3n de la salud y prevenci\u00f3n de conductas adictivas\u201d, como una estrategia de transferencia tecnol\u00f3gica en l\u00ednea. Revista Electr\u00f3nica de Psicolog\u00eda <em>Iztacala, 21<\/em>(2), 590-603.<\/li>\n<\/ol>\n<p>&nbsp;<\/p>\n<h4>Manuscripts under review:<\/h4>\n<ol>\n<li><strong>Contreras-P\u00e9rez, M. E<\/strong>., Wagner, E., Hospital, M., Morris, S. L., Colby, S., &amp; Magill, M. (under review). Exploring motivational interviewing\u2019s technical hypothesis with emerging adults from racial or ethnic minority groups with heavy alcohol use.<\/li>\n<li><strong>Contreras-P\u00e9rez, M. E<\/strong>., Hospital, M., Howard, M., Morris, S. L., Wagner, E. (under review) Empowering underserved and underrepresented communities: innovations in research capacity building and strategic planning.<\/li>\n<li><strong>Contreras-P\u00e9rez, M. E<\/strong>., Wagner, E., Hospital, M., Morris, S. L., Colby, S., &amp; Magill, M. (under review). Qualitative analysis of brief motivational interviewing among underrepresented young adults engaging in heavy drinking.<\/li>\n<\/ol>\n<p>&nbsp;<\/p>\n<h4>Book chapters:<\/h4>\n<ol>\n<li>Mart\u00ednez, K. I. M., <strong>Contreras-P\u00e9rez, M. E.<\/strong>, &amp; S\u00e1nchez, V. B. E. (2020). Estrategias De Autocontrol: La Base Para Manejar El Consumo De Alcohol. In Huerta, H. E. R., Torres, M. L. G., &amp; Mart\u00ednez, K. I. M. (Eds.), La ciencia del autocontrol: C\u00f3mo aplicarla a la soluci\u00f3n de problemas (175-192). Manual Moderno. ISBN Ebook: 9786074488470.<\/li>\n<\/ol>\n","protected":false},"excerpt":{"rendered":"<p>\u00a0 ORCID \u00a0\u00a0\u00a0\u00a0\u00a0\u00a0\u00a0\u00a0\u00a0\u00a0\u00a0 \u00a0 ResearchGate &nbsp; Publications: Contreras-P\u00e9rez, M. E., Wagner, E., Hospital, M., Morris, S., Colby, S., &amp; Magill, M. (2023). Outcomes of a brief motivational intervention for heavy &hellip; <a href=\"https:\/\/sites.rutgers.edu\/maria-contreras-perez\/publications\/\" class=\"\">Read More<\/a><\/p>\n","protected":false},"author":21,"featured_media":0,"parent":0,"menu_order":0,"comment_status":"closed","ping_status":"closed","template":"","meta":{"_acf_changed":false,"footnotes":""},"class_list":["post-363","page","type-page","status-publish","hentry"],"acf":[],"yoast_head":"<!-- This site is optimized with the Yoast SEO plugin v23.5 - https:\/\/yoast.com\/wordpress\/plugins\/seo\/ -->\n<title>Publications - Mar\u00eda Eugenia Contreras P\u00e9rez, Ph.D.<\/title>\n<meta name=\"robots\" content=\"index, follow, max-snippet:-1, max-image-preview:large, max-video-preview:-1\" \/>\n<link rel=\"canonical\" href=\"https:\/\/sites.rutgers.edu\/maria-contreras-perez\/publications\/\" \/>\n<meta property=\"og:locale\" content=\"en_US\" \/>\n<meta property=\"og:type\" content=\"article\" \/>\n<meta property=\"og:title\" content=\"Publications - Mar\u00eda Eugenia Contreras P\u00e9rez, Ph.D.\" \/>\n<meta property=\"og:description\" content=\"\u00a0 ORCID \u00a0\u00a0\u00a0\u00a0\u00a0\u00a0\u00a0\u00a0\u00a0\u00a0\u00a0 \u00a0 ResearchGate &nbsp; Publications: Contreras-P\u00e9rez, M. E., Wagner, E., Hospital, M., Morris, S., Colby, S., &amp; Magill, M. (2023). Outcomes of a brief motivational intervention for heavy &hellip; Read More\" \/>\n<meta property=\"og:url\" content=\"https:\/\/sites.rutgers.edu\/maria-contreras-perez\/publications\/\" \/>\n<meta property=\"og:site_name\" content=\"Mar\u00eda Eugenia Contreras P\u00e9rez, Ph.D.\" \/>\n<meta property=\"article:modified_time\" content=\"2024-08-30T20:53:31+00:00\" \/>\n<meta property=\"og:image\" content=\"http:\/\/sites.rutgers.edu\/xiangyu-tao\/wp-content\/uploads\/sites\/1272\/2024\/08\/ORCID.png\" \/>\n<meta name=\"twitter:card\" content=\"summary_large_image\" \/>\n<meta name=\"twitter:label1\" content=\"Est. reading time\" \/>\n\t<meta name=\"twitter:data1\" content=\"4 minutes\" \/>\n<script type=\"application\/ld+json\" class=\"yoast-schema-graph\">{\"@context\":\"https:\/\/schema.org\",\"@graph\":[{\"@type\":\"WebPage\",\"@id\":\"https:\/\/sites.rutgers.edu\/maria-contreras-perez\/publications\/\",\"url\":\"https:\/\/sites.rutgers.edu\/maria-contreras-perez\/publications\/\",\"name\":\"Publications - Mar\u00eda Eugenia Contreras P\u00e9rez, Ph.D.\",\"isPartOf\":{\"@id\":\"https:\/\/sites.rutgers.edu\/maria-contreras-perez\/#website\"},\"primaryImageOfPage\":{\"@id\":\"https:\/\/sites.rutgers.edu\/maria-contreras-perez\/publications\/#primaryimage\"},\"image\":{\"@id\":\"https:\/\/sites.rutgers.edu\/maria-contreras-perez\/publications\/#primaryimage\"},\"thumbnailUrl\":\"http:\/\/sites.rutgers.edu\/xiangyu-tao\/wp-content\/uploads\/sites\/1272\/2024\/08\/ORCID.png\",\"datePublished\":\"2020-07-09T16:51:59+00:00\",\"dateModified\":\"2024-08-30T20:53:31+00:00\",\"breadcrumb\":{\"@id\":\"https:\/\/sites.rutgers.edu\/maria-contreras-perez\/publications\/#breadcrumb\"},\"inLanguage\":\"en-US\",\"potentialAction\":[{\"@type\":\"ReadAction\",\"target\":[\"https:\/\/sites.rutgers.edu\/maria-contreras-perez\/publications\/\"]}]},{\"@type\":\"ImageObject\",\"inLanguage\":\"en-US\",\"@id\":\"https:\/\/sites.rutgers.edu\/maria-contreras-perez\/publications\/#primaryimage\",\"url\":\"http:\/\/sites.rutgers.edu\/xiangyu-tao\/wp-content\/uploads\/sites\/1272\/2024\/08\/ORCID.png\",\"contentUrl\":\"http:\/\/sites.rutgers.edu\/xiangyu-tao\/wp-content\/uploads\/sites\/1272\/2024\/08\/ORCID.png\"},{\"@type\":\"BreadcrumbList\",\"@id\":\"https:\/\/sites.rutgers.edu\/maria-contreras-perez\/publications\/#breadcrumb\",\"itemListElement\":[{\"@type\":\"ListItem\",\"position\":1,\"name\":\"Home\",\"item\":\"https:\/\/sites.rutgers.edu\/maria-contreras-perez\/\"},{\"@type\":\"ListItem\",\"position\":2,\"name\":\"Publications\"}]},{\"@type\":\"WebSite\",\"@id\":\"https:\/\/sites.rutgers.edu\/maria-contreras-perez\/#website\",\"url\":\"https:\/\/sites.rutgers.edu\/maria-contreras-perez\/\",\"name\":\"Mar\u00eda Eugenia Contreras P\u00e9rez, Ph.D.\",\"description\":\"\",\"potentialAction\":[{\"@type\":\"SearchAction\",\"target\":{\"@type\":\"EntryPoint\",\"urlTemplate\":\"https:\/\/sites.rutgers.edu\/maria-contreras-perez\/?s={search_term_string}\"},\"query-input\":{\"@type\":\"PropertyValueSpecification\",\"valueRequired\":true,\"valueName\":\"search_term_string\"}}],\"inLanguage\":\"en-US\"}]}<\/script>\n<!-- \/ Yoast SEO plugin. -->","yoast_head_json":{"title":"Publications - Mar\u00eda Eugenia Contreras P\u00e9rez, Ph.D.","robots":{"index":"index","follow":"follow","max-snippet":"max-snippet:-1","max-image-preview":"max-image-preview:large","max-video-preview":"max-video-preview:-1"},"canonical":"https:\/\/sites.rutgers.edu\/maria-contreras-perez\/publications\/","og_locale":"en_US","og_type":"article","og_title":"Publications - Mar\u00eda Eugenia Contreras P\u00e9rez, Ph.D.","og_description":"\u00a0 ORCID \u00a0\u00a0\u00a0\u00a0\u00a0\u00a0\u00a0\u00a0\u00a0\u00a0\u00a0 \u00a0 ResearchGate &nbsp; Publications: Contreras-P\u00e9rez, M. E., Wagner, E., Hospital, M., Morris, S., Colby, S., &amp; Magill, M. (2023). Outcomes of a brief motivational intervention for heavy &hellip; Read More","og_url":"https:\/\/sites.rutgers.edu\/maria-contreras-perez\/publications\/","og_site_name":"Mar\u00eda Eugenia Contreras P\u00e9rez, Ph.D.","article_modified_time":"2024-08-30T20:53:31+00:00","og_image":[{"url":"http:\/\/sites.rutgers.edu\/xiangyu-tao\/wp-content\/uploads\/sites\/1272\/2024\/08\/ORCID.png"}],"twitter_card":"summary_large_image","twitter_misc":{"Est. reading time":"4 minutes"},"schema":{"@context":"https:\/\/schema.org","@graph":[{"@type":"WebPage","@id":"https:\/\/sites.rutgers.edu\/maria-contreras-perez\/publications\/","url":"https:\/\/sites.rutgers.edu\/maria-contreras-perez\/publications\/","name":"Publications - Mar\u00eda Eugenia Contreras P\u00e9rez, Ph.D.","isPartOf":{"@id":"https:\/\/sites.rutgers.edu\/maria-contreras-perez\/#website"},"primaryImageOfPage":{"@id":"https:\/\/sites.rutgers.edu\/maria-contreras-perez\/publications\/#primaryimage"},"image":{"@id":"https:\/\/sites.rutgers.edu\/maria-contreras-perez\/publications\/#primaryimage"},"thumbnailUrl":"http:\/\/sites.rutgers.edu\/xiangyu-tao\/wp-content\/uploads\/sites\/1272\/2024\/08\/ORCID.png","datePublished":"2020-07-09T16:51:59+00:00","dateModified":"2024-08-30T20:53:31+00:00","breadcrumb":{"@id":"https:\/\/sites.rutgers.edu\/maria-contreras-perez\/publications\/#breadcrumb"},"inLanguage":"en-US","potentialAction":[{"@type":"ReadAction","target":["https:\/\/sites.rutgers.edu\/maria-contreras-perez\/publications\/"]}]},{"@type":"ImageObject","inLanguage":"en-US","@id":"https:\/\/sites.rutgers.edu\/maria-contreras-perez\/publications\/#primaryimage","url":"http:\/\/sites.rutgers.edu\/xiangyu-tao\/wp-content\/uploads\/sites\/1272\/2024\/08\/ORCID.png","contentUrl":"http:\/\/sites.rutgers.edu\/xiangyu-tao\/wp-content\/uploads\/sites\/1272\/2024\/08\/ORCID.png"},{"@type":"BreadcrumbList","@id":"https:\/\/sites.rutgers.edu\/maria-contreras-perez\/publications\/#breadcrumb","itemListElement":[{"@type":"ListItem","position":1,"name":"Home","item":"https:\/\/sites.rutgers.edu\/maria-contreras-perez\/"},{"@type":"ListItem","position":2,"name":"Publications"}]},{"@type":"WebSite","@id":"https:\/\/sites.rutgers.edu\/maria-contreras-perez\/#website","url":"https:\/\/sites.rutgers.edu\/maria-contreras-perez\/","name":"Mar\u00eda Eugenia Contreras P\u00e9rez, Ph.D.","description":"","potentialAction":[{"@type":"SearchAction","target":{"@type":"EntryPoint","urlTemplate":"https:\/\/sites.rutgers.edu\/maria-contreras-perez\/?s={search_term_string}"},"query-input":{"@type":"PropertyValueSpecification","valueRequired":true,"valueName":"search_term_string"}}],"inLanguage":"en-US"}]}},"_links":{"self":[{"href":"https:\/\/sites.rutgers.edu\/maria-contreras-perez\/wp-json\/wp\/v2\/pages\/363"}],"collection":[{"href":"https:\/\/sites.rutgers.edu\/maria-contreras-perez\/wp-json\/wp\/v2\/pages"}],"about":[{"href":"https:\/\/sites.rutgers.edu\/maria-contreras-perez\/wp-json\/wp\/v2\/types\/page"}],"author":[{"embeddable":true,"href":"https:\/\/sites.rutgers.edu\/maria-contreras-perez\/wp-json\/wp\/v2\/users\/21"}],"replies":[{"embeddable":true,"href":"https:\/\/sites.rutgers.edu\/maria-contreras-perez\/wp-json\/wp\/v2\/comments?post=363"}],"version-history":[{"count":8,"href":"https:\/\/sites.rutgers.edu\/maria-contreras-perez\/wp-json\/wp\/v2\/pages\/363\/revisions"}],"predecessor-version":[{"id":467,"href":"https:\/\/sites.rutgers.edu\/maria-contreras-perez\/wp-json\/wp\/v2\/pages\/363\/revisions\/467"}],"wp:attachment":[{"href":"https:\/\/sites.rutgers.edu\/maria-contreras-perez\/wp-json\/wp\/v2\/media?parent=363"}],"curies":[{"name":"wp","href":"https:\/\/api.w.org\/{rel}","templated":true}]}}