{"id":720,"date":"2024-02-13T19:07:36","date_gmt":"2024-02-13T19:07:36","guid":{"rendered":"https:\/\/sites.rutgers.edu\/mechanical-ecology-group\/?page_id=720"},"modified":"2024-02-13T23:14:21","modified_gmt":"2024-02-13T23:14:21","slug":"magnetotactic-bacteria","status":"publish","type":"page","link":"https:\/\/sites.rutgers.edu\/mechanical-ecology-group\/ires\/magnetotactic-bacteria\/","title":{"rendered":"Magnetotactic bacteria"},"content":{"rendered":"<p>&nbsp;<\/p>\n<p><strong>Background<\/strong><\/p>\n<p><img loading=\"lazy\" decoding=\"async\" class=\"alignright wp-image-721\" src=\"http:\/\/sites.rutgers.edu\/mechanical-ecology-group\/wp-content\/uploads\/sites\/937\/2024\/02\/magnotetoctic-bacteria-233x300.jpg\" alt=\"\" width=\"350\" height=\"451\" srcset=\"https:\/\/sites.rutgers.edu\/mechanical-ecology-group\/wp-content\/uploads\/sites\/937\/2024\/02\/magnotetoctic-bacteria-233x300.jpg 233w, https:\/\/sites.rutgers.edu\/mechanical-ecology-group\/wp-content\/uploads\/sites\/937\/2024\/02\/magnotetoctic-bacteria-795x1024.jpg 795w, https:\/\/sites.rutgers.edu\/mechanical-ecology-group\/wp-content\/uploads\/sites\/937\/2024\/02\/magnotetoctic-bacteria-768x989.jpg 768w, https:\/\/sites.rutgers.edu\/mechanical-ecology-group\/wp-content\/uploads\/sites\/937\/2024\/02\/magnotetoctic-bacteria.jpg 814w\" sizes=\"(max-width: 350px) 100vw, 350px\" \/><\/p>\n<p>Magnetotactic bacteria (MTB) possess an exquisite orientation mechanism allowing them to move along the geomagnetic field lines. This mechanism consists of a chain of bio-synthesized magnetic nano-crystals that endow MTB with a permanent magnetic moment. Although the physics behind the minimum size of this biological compass is well understood, it is yet unclear what sets its maximum size. Here, by using a macroscopic experiment inspired in these microorganisms, we explore the impact of MTB having larger magnetic moments.<\/p>\n<p>In this research we will try to miniaturize the actual platform and explore the structures that form when we control magnetic moments and activity.<\/p>\n<p>&nbsp;<\/p>\n<p><strong>IRES student involvement.<\/strong><\/p>\n<p>Students will be trained in the basics of a model for magnetic active mater. Students will participate in the design and construction of smaller robots that mimic MTB, and we will measure their motion using high-definition cameras, and the short time scale motion will be characterized with high-speed imaging. Students will also learn how to calibrate magnets and the basic notions of correlations.<\/p>\n<p>&nbsp;<\/p>\n<p><strong>References<\/strong><\/p>\n<p>[1] Goswami, P., He, K., Li, J., Pan, Y., Roberts, A. P., &amp; Lin, W. (2022). Magnetotactic bacteria and magnetofossils: Ecology, evolution and environmental implications. npj Biofilms and Microbiomes, 8(1), 43.<\/p>\n<p>[2] Faivre, D., &amp; Schuler, D. (2008). Magnetotactic bacteria and magnetosomes. Chemical reviews, 108(11), 4875-4898.<\/p>\n<p>[3] Sep\u00falveda, N., Guzm\u00e1n-Lastra, F., Carrasco, M., Gonz\u00e1lez, B., Hamm, E., &amp; Concha, A. (2021). Bioinspired magnetic active matter and the physical limits of magnetotaxis. arXiv preprint arXiv:2111.04889.<\/p>\n<p>&nbsp;<\/p>\n<p>&nbsp;<\/p>\n","protected":false},"excerpt":{"rendered":"<p>&nbsp; Background Magnetotactic bacteria (MTB) possess an exquisite orientation mechanism allowing them to move along the geomagnetic field lines. This mechanism consists of a chain of bio-synthesized magnetic nano-crystals that &hellip; <a href=\"https:\/\/sites.rutgers.edu\/mechanical-ecology-group\/ires\/magnetotactic-bacteria\/\" class=\"\">Read More<\/a><\/p>\n","protected":false},"author":3147,"featured_media":0,"parent":678,"menu_order":0,"comment_status":"closed","ping_status":"closed","template":"","meta":{"_acf_changed":false,"footnotes":""},"class_list":["post-720","page","type-page","status-publish","hentry"],"acf":[],"yoast_head":"<!-- This site is optimized with the Yoast SEO plugin v23.5 - https:\/\/yoast.com\/wordpress\/plugins\/seo\/ -->\n<title>Magnetotactic bacteria - Mechanical Ecology<\/title>\n<meta name=\"robots\" content=\"index, follow, max-snippet:-1, max-image-preview:large, max-video-preview:-1\" \/>\n<link rel=\"canonical\" href=\"https:\/\/sites.rutgers.edu\/mechanical-ecology-group\/ires\/magnetotactic-bacteria\/\" \/>\n<meta property=\"og:locale\" content=\"en_US\" \/>\n<meta property=\"og:type\" content=\"article\" \/>\n<meta property=\"og:title\" content=\"Magnetotactic bacteria - Mechanical Ecology\" \/>\n<meta property=\"og:description\" content=\"&nbsp; Background Magnetotactic bacteria (MTB) possess an exquisite orientation mechanism allowing them to move along the geomagnetic field lines. This mechanism consists of a chain of bio-synthesized magnetic nano-crystals that &hellip; Read More\" \/>\n<meta property=\"og:url\" content=\"https:\/\/sites.rutgers.edu\/mechanical-ecology-group\/ires\/magnetotactic-bacteria\/\" \/>\n<meta property=\"og:site_name\" content=\"Mechanical Ecology\" \/>\n<meta property=\"article:modified_time\" content=\"2024-02-13T23:14:21+00:00\" \/>\n<meta property=\"og:image\" content=\"http:\/\/sites.rutgers.edu\/mechanical-ecology-group\/wp-content\/uploads\/sites\/937\/2024\/02\/magnotetoctic-bacteria-233x300.jpg\" \/>\n<meta name=\"twitter:card\" content=\"summary_large_image\" \/>\n<meta name=\"twitter:label1\" content=\"Est. reading time\" \/>\n\t<meta name=\"twitter:data1\" content=\"1 minute\" \/>\n<script type=\"application\/ld+json\" class=\"yoast-schema-graph\">{\"@context\":\"https:\/\/schema.org\",\"@graph\":[{\"@type\":\"WebPage\",\"@id\":\"https:\/\/sites.rutgers.edu\/mechanical-ecology-group\/ires\/magnetotactic-bacteria\/\",\"url\":\"https:\/\/sites.rutgers.edu\/mechanical-ecology-group\/ires\/magnetotactic-bacteria\/\",\"name\":\"Magnetotactic bacteria - Mechanical Ecology\",\"isPartOf\":{\"@id\":\"https:\/\/sites.rutgers.edu\/mechanical-ecology-group\/#website\"},\"primaryImageOfPage\":{\"@id\":\"https:\/\/sites.rutgers.edu\/mechanical-ecology-group\/ires\/magnetotactic-bacteria\/#primaryimage\"},\"image\":{\"@id\":\"https:\/\/sites.rutgers.edu\/mechanical-ecology-group\/ires\/magnetotactic-bacteria\/#primaryimage\"},\"thumbnailUrl\":\"http:\/\/sites.rutgers.edu\/mechanical-ecology-group\/wp-content\/uploads\/sites\/937\/2024\/02\/magnotetoctic-bacteria-233x300.jpg\",\"datePublished\":\"2024-02-13T19:07:36+00:00\",\"dateModified\":\"2024-02-13T23:14:21+00:00\",\"breadcrumb\":{\"@id\":\"https:\/\/sites.rutgers.edu\/mechanical-ecology-group\/ires\/magnetotactic-bacteria\/#breadcrumb\"},\"inLanguage\":\"en-US\",\"potentialAction\":[{\"@type\":\"ReadAction\",\"target\":[\"https:\/\/sites.rutgers.edu\/mechanical-ecology-group\/ires\/magnetotactic-bacteria\/\"]}]},{\"@type\":\"ImageObject\",\"inLanguage\":\"en-US\",\"@id\":\"https:\/\/sites.rutgers.edu\/mechanical-ecology-group\/ires\/magnetotactic-bacteria\/#primaryimage\",\"url\":\"https:\/\/sites.rutgers.edu\/mechanical-ecology-group\/wp-content\/uploads\/sites\/937\/2024\/02\/magnotetoctic-bacteria.jpg\",\"contentUrl\":\"https:\/\/sites.rutgers.edu\/mechanical-ecology-group\/wp-content\/uploads\/sites\/937\/2024\/02\/magnotetoctic-bacteria.jpg\",\"width\":814,\"height\":1048},{\"@type\":\"BreadcrumbList\",\"@id\":\"https:\/\/sites.rutgers.edu\/mechanical-ecology-group\/ires\/magnetotactic-bacteria\/#breadcrumb\",\"itemListElement\":[{\"@type\":\"ListItem\",\"position\":1,\"name\":\"Home\",\"item\":\"https:\/\/sites.rutgers.edu\/mechanical-ecology-group\/\"},{\"@type\":\"ListItem\",\"position\":2,\"name\":\"IRES BioFLOW\",\"item\":\"https:\/\/sites.rutgers.edu\/mechanical-ecology-group\/ires\/\"},{\"@type\":\"ListItem\",\"position\":3,\"name\":\"Magnetotactic bacteria\"}]},{\"@type\":\"WebSite\",\"@id\":\"https:\/\/sites.rutgers.edu\/mechanical-ecology-group\/#website\",\"url\":\"https:\/\/sites.rutgers.edu\/mechanical-ecology-group\/\",\"name\":\"Mechanical Ecology\",\"description\":\"\",\"potentialAction\":[{\"@type\":\"SearchAction\",\"target\":{\"@type\":\"EntryPoint\",\"urlTemplate\":\"https:\/\/sites.rutgers.edu\/mechanical-ecology-group\/?s={search_term_string}\"},\"query-input\":{\"@type\":\"PropertyValueSpecification\",\"valueRequired\":true,\"valueName\":\"search_term_string\"}}],\"inLanguage\":\"en-US\"}]}<\/script>\n<!-- \/ Yoast SEO plugin. -->","yoast_head_json":{"title":"Magnetotactic bacteria - Mechanical Ecology","robots":{"index":"index","follow":"follow","max-snippet":"max-snippet:-1","max-image-preview":"max-image-preview:large","max-video-preview":"max-video-preview:-1"},"canonical":"https:\/\/sites.rutgers.edu\/mechanical-ecology-group\/ires\/magnetotactic-bacteria\/","og_locale":"en_US","og_type":"article","og_title":"Magnetotactic bacteria - Mechanical Ecology","og_description":"&nbsp; Background Magnetotactic bacteria (MTB) possess an exquisite orientation mechanism allowing them to move along the geomagnetic field lines. This mechanism consists of a chain of bio-synthesized magnetic nano-crystals that &hellip; Read More","og_url":"https:\/\/sites.rutgers.edu\/mechanical-ecology-group\/ires\/magnetotactic-bacteria\/","og_site_name":"Mechanical Ecology","article_modified_time":"2024-02-13T23:14:21+00:00","og_image":[{"url":"http:\/\/sites.rutgers.edu\/mechanical-ecology-group\/wp-content\/uploads\/sites\/937\/2024\/02\/magnotetoctic-bacteria-233x300.jpg"}],"twitter_card":"summary_large_image","twitter_misc":{"Est. reading time":"1 minute"},"schema":{"@context":"https:\/\/schema.org","@graph":[{"@type":"WebPage","@id":"https:\/\/sites.rutgers.edu\/mechanical-ecology-group\/ires\/magnetotactic-bacteria\/","url":"https:\/\/sites.rutgers.edu\/mechanical-ecology-group\/ires\/magnetotactic-bacteria\/","name":"Magnetotactic bacteria - Mechanical Ecology","isPartOf":{"@id":"https:\/\/sites.rutgers.edu\/mechanical-ecology-group\/#website"},"primaryImageOfPage":{"@id":"https:\/\/sites.rutgers.edu\/mechanical-ecology-group\/ires\/magnetotactic-bacteria\/#primaryimage"},"image":{"@id":"https:\/\/sites.rutgers.edu\/mechanical-ecology-group\/ires\/magnetotactic-bacteria\/#primaryimage"},"thumbnailUrl":"http:\/\/sites.rutgers.edu\/mechanical-ecology-group\/wp-content\/uploads\/sites\/937\/2024\/02\/magnotetoctic-bacteria-233x300.jpg","datePublished":"2024-02-13T19:07:36+00:00","dateModified":"2024-02-13T23:14:21+00:00","breadcrumb":{"@id":"https:\/\/sites.rutgers.edu\/mechanical-ecology-group\/ires\/magnetotactic-bacteria\/#breadcrumb"},"inLanguage":"en-US","potentialAction":[{"@type":"ReadAction","target":["https:\/\/sites.rutgers.edu\/mechanical-ecology-group\/ires\/magnetotactic-bacteria\/"]}]},{"@type":"ImageObject","inLanguage":"en-US","@id":"https:\/\/sites.rutgers.edu\/mechanical-ecology-group\/ires\/magnetotactic-bacteria\/#primaryimage","url":"https:\/\/sites.rutgers.edu\/mechanical-ecology-group\/wp-content\/uploads\/sites\/937\/2024\/02\/magnotetoctic-bacteria.jpg","contentUrl":"https:\/\/sites.rutgers.edu\/mechanical-ecology-group\/wp-content\/uploads\/sites\/937\/2024\/02\/magnotetoctic-bacteria.jpg","width":814,"height":1048},{"@type":"BreadcrumbList","@id":"https:\/\/sites.rutgers.edu\/mechanical-ecology-group\/ires\/magnetotactic-bacteria\/#breadcrumb","itemListElement":[{"@type":"ListItem","position":1,"name":"Home","item":"https:\/\/sites.rutgers.edu\/mechanical-ecology-group\/"},{"@type":"ListItem","position":2,"name":"IRES BioFLOW","item":"https:\/\/sites.rutgers.edu\/mechanical-ecology-group\/ires\/"},{"@type":"ListItem","position":3,"name":"Magnetotactic bacteria"}]},{"@type":"WebSite","@id":"https:\/\/sites.rutgers.edu\/mechanical-ecology-group\/#website","url":"https:\/\/sites.rutgers.edu\/mechanical-ecology-group\/","name":"Mechanical Ecology","description":"","potentialAction":[{"@type":"SearchAction","target":{"@type":"EntryPoint","urlTemplate":"https:\/\/sites.rutgers.edu\/mechanical-ecology-group\/?s={search_term_string}"},"query-input":{"@type":"PropertyValueSpecification","valueRequired":true,"valueName":"search_term_string"}}],"inLanguage":"en-US"}]}},"_links":{"self":[{"href":"https:\/\/sites.rutgers.edu\/mechanical-ecology-group\/wp-json\/wp\/v2\/pages\/720"}],"collection":[{"href":"https:\/\/sites.rutgers.edu\/mechanical-ecology-group\/wp-json\/wp\/v2\/pages"}],"about":[{"href":"https:\/\/sites.rutgers.edu\/mechanical-ecology-group\/wp-json\/wp\/v2\/types\/page"}],"author":[{"embeddable":true,"href":"https:\/\/sites.rutgers.edu\/mechanical-ecology-group\/wp-json\/wp\/v2\/users\/3147"}],"replies":[{"embeddable":true,"href":"https:\/\/sites.rutgers.edu\/mechanical-ecology-group\/wp-json\/wp\/v2\/comments?post=720"}],"version-history":[{"count":11,"href":"https:\/\/sites.rutgers.edu\/mechanical-ecology-group\/wp-json\/wp\/v2\/pages\/720\/revisions"}],"predecessor-version":[{"id":874,"href":"https:\/\/sites.rutgers.edu\/mechanical-ecology-group\/wp-json\/wp\/v2\/pages\/720\/revisions\/874"}],"up":[{"embeddable":true,"href":"https:\/\/sites.rutgers.edu\/mechanical-ecology-group\/wp-json\/wp\/v2\/pages\/678"}],"wp:attachment":[{"href":"https:\/\/sites.rutgers.edu\/mechanical-ecology-group\/wp-json\/wp\/v2\/media?parent=720"}],"curies":[{"name":"wp","href":"https:\/\/api.w.org\/{rel}","templated":true}]}}