{"id":533,"date":"2020-09-27T15:00:43","date_gmt":"2020-09-27T15:00:43","guid":{"rendered":"http:\/\/sites.rutgers.edu\/risci-lab\/?page_id=533"},"modified":"2026-01-24T21:23:20","modified_gmt":"2026-01-24T21:23:20","slug":"recent-publications-2","status":"publish","type":"page","link":"https:\/\/sites.rutgers.edu\/risci-lab\/recent-publications-2\/","title":{"rendered":"Recent Publications"},"content":{"rendered":"<ol>\n<li>Roberts, Kelsey E., Tyler Rohr, Morgan R. Raven, Michael S. Diamond, Daniele Visioni, Ben Kravitz, Ryan Heneghan, Colleen M. Petrik, Daniele Bianchi, Kelly Ortega-Cisneros, Monica A. Morrison, Vanessa van Heerden, Nicola A. Wiseman, Gouri Anil, Zachary J. Cannizzo, Marta Coll, Joshua Coupe, Ryan Freedman, Kristen Krumhardt, Lester Kwiatkowski, Nicole S. Lovenduski, Jessica Y. Luo, Holly C. Olivarez, Alan Robock, Jeroen Steenbeek, and Cheryl S. Harrison, 2026: Potential impacts of climate interventions on marine ecosystems,\u00a0<em>Reviews of Geophysics,<\/em>\u00a0<strong>64<\/strong>, e2024RG000876, doi:10.1029\/2024RG000876.\u00a0\u00a0\u00a0\u00a0<a href=\"https:\/\/agupubs.onlinelibrary.wiley.com\/doi\/10.1029\/2024RG000876\">PDF file<\/a><\/li>\n<li>Yang, Linshan, Chaochao Gao, Fei Liu, Alan Robock, Weiyi Sun, and Deliang Chen, 2026: Persistent stratospheric cold-season aerosols from the 1783 Laki eruption produced winter warming over Northern Eurasia.\u00a0<em>Communications Earth &amp; Environment.<\/em>\u00a0\u00a0\u00a0\u00a0<a href=\"https:\/\/doi.org\/10.1038\/s43247-026-03197-5\">PDF file<\/a><\/li>\n<li>Bonou, Fr\u00e9d\u00e9ric, Aubains Hounsou-Gbo, Alina Nathana\u00ebl Dossa, Maiella Toupe, Marcel Kouakou, Arnaud Kouekam, Toussaint Mitchodigni, Zacharie Sohou, Alan Robock, and Ben Kravitz, Daniele Visioni, and Mari Tye, 2025: Global and regional thermosteric and dynamic sea level change under stratospheric aerosol injection,\u00a0<em>Environ. Res.: Climate<\/em>,\u00a0<strong>4<\/strong>, 045013, doi:10.1088\/2752-5295\/ae15b6.\u00a0\u00a0\u00a0\u00a0<a href=\"https:\/\/iopscience.iop.org\/article\/10.1088\/2752-5295\/ae15b6\/pdf\">PDF file<\/a><\/li>\n<li>Clark, Brendan, Alan Robock, Lili Xia, Sam S. Rabin, Jose R. Guarin, Gerrit Hoogenboom, and Jonas J\u00e4germeyr, 2025: Maize yield changes under sulfate aerosol climate intervention using three global gridded crop models,\u00a0<em>Earth\u2019s Future<\/em>,\u00a0<strong>13<\/strong>, e2024EF005269, doi:10.1029\/2024EF005269.\u00a0\u00a0\u00a0\u00a0<a href=\"https:\/\/agupubs.onlinelibrary.wiley.com\/doi\/10.1029\/2024EF005269\">PDF file<\/a><\/li>\n<li>Grant, Nina, Alan Robock, Lili Xia, Jyoti Singh, and Brendan Clark, 2025: Impacts on Indian agriculture due to stratospheric aerosol intervention using agroclimatic indices,\u00a0<em>Earth\u2019s Future<\/em>,\u00a0<strong>13<\/strong>, e2024EF005262, doi:10.1029\/2024EF005262.\u00a0\u00a0\u00a0<a href=\"https:\/\/agupubs.onlinelibrary.wiley.com\/doi\/10.1029\/2024EF005262\">PDF file<\/a><\/li>\n<li>Singh, Jyoti, Sandeep Sahany, K. K. Singh, Alan Robock, and Lili Xia, 2024: Future climate change impacts on rice in Uttar Pradesh, India\u2019s most populous agrarian state.\u00a0<em>Earth\u2019s Future<\/em>,\u00a0<strong>12<\/strong>, e2023EF004009, doi:10.1029\/2023EF004009.\u00a0\u00a0\u00a0<a href=\"https:\/\/agupubs.onlinelibrary.wiley.com\/doi\/10.1029\/2023EF004009\">PDF file<\/a><\/li>\n<li>Visioni, Daniele, Alan Robock, Jim Haywood, Matthew Henry, Simone Tilmes, Douglas G. MacMartin, Ben Kravitz, Sarah J. Doherty, John Moore, Chris Lennard, Shingo Watanabe, Helene Muri, Ulrike Niemeier, Olivier Boucher, Abu Syed, Temitope S. Egbebiyi, Roland S\u00e9f\u00e9rian, and Ilaria Quaglia, 2024: G6-1.5K-SAI: a new Geoengineering Model Intercomparison Project (GeoMIP) experiment integrating recent advances in solar radiation modification studies.\u00a0<em>Geosci. Model Dev.<\/em>,\u00a0<strong>17<\/strong>, 2583-2596, doi:10.5194\/gmd-17-2583-2024. \u00a0\u00a0\u00a0<a href=\"https:\/\/gmd.copernicus.org\/articles\/17\/2583\/2024\/\">PDF file<\/a><\/li>\n<li>Rabin, Sam S., William J. Sacks, Danica L. Lombardozzi, Lili Xia, and Alan Robock, 2023: Observation-based sowing dates and cultivars significantly affect yield and irrigation for some crops in the Community Land Model (CLM5).\u00a0<em>Geosci. Model Dev.<\/em>,\u00a0<strong>16<\/strong>, 7253\u20137273, doi:10.5194\/gmd-16-7253-2023.\u00a0\u00a0\u00a0<a href=\"https:\/\/gmd.copernicus.org\/articles\/16\/7253\/2023\/\">PDF file<\/a><\/li>\n<li>Clark, Brendan, Lili Xia, Alan Robock, Simone Tilmes, Jadwiga H. Richter, and Daniele Visioni, 2023: The optimal climate intervention scenario for crop production varies by nation. <em>Nature Food<\/em>, <strong>4<\/strong>, doi:10.1038\/s43016-023-00853-3. \u00a0 <a href=\"https:\/\/rdcu.be\/dnO0U\">PDF file<\/a><\/li>\n<li>Robock, Alan, Lili Xia, Cheryl S. Harrison, Joshua Coupe, Owen B. Toon, and Charles G. Bardeen, 2023: Opinion: How nuclear winter has saved the world, so far.\u00a0<em>Atm. Chem. Phys.<\/em>,\u00a0<strong>23<\/strong>, 6691-6701, doi:10.5194\/acp-23-6691-2023.\u00a0\u00a0\u00a0<a href=\"https:\/\/acp.copernicus.org\/articles\/23\/6691\/2023\/\">PDF file<\/a><\/li>\n<li>Visioni, Daniele, Ben Kravitz, Alan Robock, Simone Tilmes, Jim M. Haywood, Olivier Boucher, Mark Lawrence, Peter Irvine, Ulrike Niemeier, Lili Xia, Gabriel Chiodo, Chris Lennard, Shingo Watanabe, John C. Moore, and Helene Muri, 2023: Opinion: The scientific and community-building roles of the Geoengineering Model Intercomparison Project (GeoMIP) &#8211; Past, present, and future.\u00a0<em>Atm. Chem. Phys.<\/em>,\u00a0<strong>23<\/strong>, 5149-5176, doi:10.5194\/acp-23-5149-2023.\u00a0\u00a0<a href=\"https:\/\/acp.copernicus.org\/articles\/23\/5149\/2023\/\">PDF file<\/a><\/li>\n<li>Visioni, Daniele, Alan Robock, Alistair Duffey, and Ilaria Quaglia, 2023: Process-level experiments and policy-relevant scenarios in future GeoMIP iterations. <em>Bull. Amer. Meteor. Soc.<\/em>, <strong>104<\/strong>, E501-E503, doi:10.1175\/BAMS-D-22-0281.1.\u00a0\u00a0 <a href=\"\/Users\/robock\/Documents\/Winword\/pdf\/VisioniGeoMIP12BAMS.pdf\">PDF file<\/a><\/li>\n<li>Coupe, Joshua, Cheryl Harrison, Alan Robock, Alice DuVivier, Elizabeth Maroon, Nicole S. Lovenduski, Scott Bachman, Laura Landrum, and Charles Bardeen, 2023: Sudden reduction of Antarctic sea ice despite cooling after nuclear war.\u00a0<em>J. Geophys. Res. Oceans<\/em>,\u00a0<strong>128<\/strong>, e2022JC018774, doi:10.1029\/2022JC018774. \u00a0<a href=\"https:\/\/agupubs.onlinelibrary.wiley.com\/doi\/10.1029\/2022JC018774\">PDF file<\/a><\/li>\n<li>Xia, Lili, Alan Robock, Kim Scherrer, Cheryl S. Harrison, Jonas J\u00e4germeyr, Charles G. Bardeen, Owen B. Toon, and Ryan Heneghan, 2022: Global food insecurity and famine from reduced crop, marine fishery and livestock production due to climate disruption from nuclear war soot injection.\u00a0<em>Nature Food<\/em>,\u00a0<strong>3<\/strong>, 586-996, doi:10.1038\/s43016-022-00573-0. \u00a0<a href=\"https:\/\/www.nature.com\/articles\/s43016-022-00573-0\">PDF file<\/a><\/li>\n<li>Harrison, Cheryl S., Tyler Rohr, Alice DuVivier, Elizabeth A. Maroon, Scott Bachman, Charles G. Bardeen, Joshua Coupe, Victoria Garza, Ryan Heneghan, Nicole S. Lovenduski, Philipp Neubauer, Victor Rangel, Alan Robock, Kim Scherrer, Samantha Stevenson, and Owen B. Toon, 2022: A new ocean state after nuclear war.\u00a0<em>AGU Advances<\/em>,\u00a0<strong>3<\/strong>, e2021AV000610, doi:10.1029\/2021AV000610.\u00a0\u00a0\u00a0\u00a0<a href=\"https:\/\/agupubs.onlinelibrary.wiley.com\/doi\/10.1029\/2021AV000610\">PDF file<\/a><\/li>\n<li>Liu, Fei, Chaochao Gao, Jing Chai, Alan Robock, Bin Wang, Jinbao Li, Xu Zhang, Gang Huang, and Wenjie Dong, 2022: Tropical volcanism enhanced the East Asian summer monsoon during the last millennium.\u00a0<em>Nature Communications<\/em>,\u00a0<strong>13<\/strong>, 3429, doi:10.1038\/s41467-022-31108-7.\u00a0\u00a0\u00a0\u00a0<a href=\"https:\/\/www.nature.com\/articles\/s41467-022-31108-7.pdf\">PDF file<\/a><\/li>\n<li>Carlson, Colin J., Rita Colwell, Mohammad Sharif Hossain, Mohammed Mofizur Rahman, Alan Robock, Sadie J. Ryan, Mohammad Shafiul Alam, and Christopher H. Trisos, 2022: Solar geoengineering could redistribute malaria risk in developing countries.\u00a0<em>Nature Communications<\/em>,\u00a0<strong>13<\/strong>, 2150, doi:10.1038\/s41467-022-29613-w.\u00a0\u00a0\u00a0<a href=\"https:\/\/www.nature.com\/articles\/s41467-022-29613-w\">PDF file<\/a><\/li>\n<li>Visioni, Daniele, and Alan Robock, 2022: Future geoengineering scenarios: Balancing policy relevance and scientific significance,\u00a0<em>Bull. Amer. Meteor. Soc.<\/em>,\u00a0<strong>103<\/strong>, E817-E820, doi:10.1175\/BAMS-D-21-0201.1.\u00a0\u00a0<a href=\"http:\/\/climate.envsci.rutgers.edu\/pdf\/VisioniRobock11thGeoMIP.pdf\">PDF file<\/a><\/li>\n<li>Robock, Alan, and Stewart C. Prager, 2021: Geoscientists can help reduce the threat of nuclear weapons,\u00a0<em>Eos<\/em>,\u00a0<strong>102<\/strong>, doi:10.1029\/2021EO210633. Published on 2 December 2021.\u00a0\u00a0<a href=\"https:\/\/eos.org\/opinions\/geoscientists-can-help-reduce-the-threat-of-nuclear-weapons\">Link<\/a><\/li>\n<li>Gao, Chaochao, Francis Ludlow, Al Matthews, Alexander R. Stine, Alan Robock, Yuqing Pan, Richard Breen, Brian\u00e1n Nolan, and Michael Sigl, 2021: Volcanic climate impacts can act as ultimate and proximate causes of Chinese dynastic collapse.\u00a0<em>Communications Earth &amp; Environment<\/em>,\u00a0<strong>2<\/strong>, 234, doi:10.1038\/s43247-021-00284-7.\u00a0\u00a0<a href=\"https:\/\/www.nature.com\/articles\/s43247-021-00284-7.pdf\">PDF file<\/a><\/li>\n<li>Bardeen, Charles G., Douglas E. Kinnison, Owen B. Toon, Michael J. Mills, Francis Vitt, Lili Xia, Jonas J\u00e4germeyr, Nicole S. Lovenduski, Kim J. N. Scherrer, Margot Clyne, and Alan Robock, 2021: Extreme ozone loss following nuclear war resulting in enhanced surface ultraviolet radiation.\u00a0<em>J. Geophys. Res. Atmos.<\/em>,\u00a0<strong>126<\/strong>, e2021JD035079, doi:10.1029\/2021JD035079.\u00a0\u00a0\u00a0<a href=\"http:\/\/climate.envsci.rutgers.edu\/pdf\/BardeenOzoneUV2021JD035079.pdf\">PDF file<\/a><\/li>\n<li>Coupe, Joshua, and Alan Robock, 2021: The influence of stratospheric soot and sulfate aerosols on the Northern Hemisphere wintertime atmospheric circulation.\u00a0<em>J. Geophys. Res. Atmos.<\/em>,\u00a0<strong>126<\/strong>, e2020JD034513, doi:10.1029\/2020JD034513.\u00a0\u00a0\u00a0<a href=\"http:\/\/climate.envsci.rutgers.edu\/pdf\/CoupeRobockWinterWarmingJGR.pdf\">PDF file<\/a><\/li>\n<li>Banerjee, Antara, Amy H. Butler, Lorenzo M. Polvani, Alan Robock, Isla R. Simpson, and Lantao Sun, 2021: Robust winter warming over Eurasia under stratospheric sulfate geoengineering \u2013 the role of stratospheric dynamics. <em>Atm. Chem. Phys.<\/em>,\u00a0<strong>21<\/strong>, 6985-6997, doi:10.5194\/acp-21-6985-2021.\u00a0 \u00a0\u00a0<a href=\"https:\/\/acp.copernicus.org\/articles\/21\/6985\/2021\/\">PDF file<\/a><\/li>\n<li>Zarnetske, Phoebe L., Jessica Gurevitch, Janet Franklin, Peter Groffman, Cheryl Harrison, Jessica Hellmann, Forrest M. Hoffman, Shan Kothari, Alan Robock, Simone Tilmes, Daniele Visioni, Jin Wu, Lili Xia, and Cheng-En Yang, 2021: Potential ecological impacts of climate intervention by reflecting sunlight to cool the Earth.\u00a0<em>Proc. Nat. Acad. Sci.<\/em>,\u00a0<strong>118<\/strong>\u00a0(15), e1921854118, doi:10.1073\/pnas.1921854118.\u00a0\u00a0\u00a0\u00a0\u00a0<a href=\"https:\/\/www.pnas.org\/content\/pnas\/118\/15\/e1921854118.full.pdf\">PDF file<\/a><\/li>\n<li>Clyne, Margot, Jean-Francois Lamarque, Michael J. Mills, Myriam Khodri, William Ball, Slimane Bekki, Sandip S. Dhomse, Nicholas Lebas, Graham Mann, Lauren Marshall, Ulrike Niemeier, Virginie Poulain, Alan Robock, Eugene Rozanov, Anja Schmidt, Andrea Stenke, Timofei Sukhodolov, Claudia Timmreck, Matthew Toohey, Fiona Tummon, Davide Zanchettin, Yunqian Zhu, and Owen B. Toon, 2021: Model physics and chemistry causing intermodel disagreement within the VolMIP-Tambora Interactive Stratospheric Aerosol ensemble.\u00a0<em>Atmos. Chem. Phys.<\/em>,\u00a0<strong>21<\/strong>, 3317-3343, doi:10.5194\/acp-21-3317-2021.\u00a0\u00a0\u00a0\u00a0\u00a0<a href=\"https:\/\/acp.copernicus.org\/articles\/21\/3317\/2021\/\">PDF file<\/a><\/li>\n<li>Eastham, Sebastian, Sarah Doherty, David Keith, Jadwiga H. Richter, and Lili Xia, 2021:\u00a0 Improving models for solar climate intervention research, <em style=\"font-size: 1rem\">Eos<\/em><span style=\"font-family: -apple-system, BlinkMacSystemFont, 'Segoe UI', Roboto, 'Helvetica Neue', Arial, sans-serif;font-size: 1rem\">, <\/span><strong style=\"font-size: 1rem\">102<\/strong><em style=\"font-size: 1rem\">,<\/em> <a style=\"background-color: #ffffff;font-size: 1rem\" href=\"https:\/\/doi.org\/10.1029\/2021EO156087\">https:\/\/doi.org\/10.1029\/2021EO156087<\/a><span style=\"font-family: -apple-system, BlinkMacSystemFont, 'Segoe UI', Roboto, 'Helvetica Neue', Arial, sans-serif;font-size: 1rem\">.<\/span><\/li>\n<li>Kravitz, Ben, Douglas G. MacMartin, Daniele Visioni, Olivier Boucher, Jason N. S. Cole, Jim Haywood, Andy Jones, Thibaut Lurton, Pierre Nabat, Ulrike Niemeier, Alan Robock, Roland S\u00e9f\u00e9rian, and Simone Tilmes, 2021: Comparing different generations of idealized solar geoengineering simulations in the Geoengineering Model Intercomparison Project (GeoMIP).\u00a0<em>Atmos. Chem. Phys.<\/em>,\u00a0<strong>21<\/strong>, 4231-4247, doi:10.5194\/acp-21-4231-2021.\u00a0\u00a0<a href=\"https:\/\/acp.copernicus.org\/articles\/21\/4231\/2021\/\">PDF file<\/a><\/li>\n<li>Jones, Andy, Jim M. Haywood, Anthony C. Jones, Simone Tilmes, Ben Kravitz, and Alan Robock, 2021: North Atlantic Oscillation response in GeoMIP experiments G6solar and G6sulfur: Why detailed modelling is needed for understanding regional implications of solar radiation management.\u00a0<em>Atmos. Chem. Phys.<\/em>,\u00a0<strong>21<\/strong>, 1287-1304, doi:\/10.5194\/acp-21-1287-2021.\u00a0 \u00a0 <a href=\"https:\/\/acp.copernicus.org\/articles\/21\/1287\/2021\/\">PDF file<\/a><\/li>\n<li>Coupe, Joshua, Samantha Stevenson, Nicole S. Lovenduski, Tyler Rohr, Cheryl S. Harrison, Alan Robock, Holly Olivarez, Charles G. Bardeen, and Owen B. Toon, 2021: Nuclear Ni\u00f1o response observed in simulations of nuclear war scenarios.\u00a0<em>Communications Earth &amp; Environment<\/em>,\u00a0<strong>2<\/strong>, 18, doi:10.1038\/s43247-020-00088-1.\u00a0 \u00a0<a href=\"https:\/\/www.nature.com\/articles\/s43247-020-00088-1\">PDF file<\/a><\/li>\n<li>Robock, Alan, 2020: Benefits and risks of stratospheric solar radiation management for climate intervention (geoengineering).\u00a0<em>The Bridge<\/em>,\u00a0<strong>50<\/strong>, 59-67. (invited paper)\u00a0\u00a0\u00a0\u00a0<a href=\"http:\/\/climate.envsci.rutgers.edu\/pdf\/RobockBridge.pdf\">PDF file<\/a>\u00a0\u00a0\u00a0\u00a0<span class=\"style4\"><strong>[See Table 2 for the latest list of benefits and risks or concerns (28 of them) of stratospheric geoengineering.]<\/strong><\/span><\/li>\n<li>Robock, Alan, 2020: Making your own luck: A meaningful career from being open to opportunities.\u00a0<em>Perspectives of Earth and Space Scientists<\/em>,\u00a0<strong>1<\/strong>, e2020CN000133, doi:10.1029\/2020CN000133.\u00a0\u00a0\u00a0\u00a0\u00a0<a href=\"https:\/\/agupubs.onlinelibrary.wiley.com\/doi\/full\/10.1029\/2020CN000133\">PDF file<\/a><\/li>\n<li>Robock, Alan, 2020: Comment on \u201cNo consistent ENSO response to volcanic forcing over the last millennium.\u201d <em>Science<\/em>, <strong>369<\/strong> (6509), eabc0502, doi:10.1126\/science.abc0502.\u00a0\u00a0\u00a0 <a href=\"\/Users\/robock\/Documents\/Winword\/pdf\/DeeCommentScience.pdf\">PDF file<\/a><\/li>\n<li>Scherrer, Kim J. N., Cheryl S. Harrison, Ryan Heneghan, Eric Galbraith, Charles G. Bardeen, Jonas J\u00e4germeyr, Nicole S. Lovenduski, August Luna, Alan Robock, Jessica Stevens, Samantha Stevenson, Owen B. Toon, and Lili Xia, 2020: Marine wild-capture fisheries after nuclear war. <em>Proc. Nat. Acad. Sci.<\/em>,\u00a0<strong>117<\/strong>(47), 29,748-29,758, doi:10.1073\/pnas.2008256117.\u00a0\u00a0\u00a0\u00a0<a href=\"http:\/\/climate.envsci.rutgers.edu\/pdf\/NuclearFishPNAS.pdf\">PDF file<\/a><\/li>\n<li>Tilmes, Simone, Douglas G. MacMartin, Jan T. M. Lenaerts, Leo van Kampenhout, Laura Muntjewerf, Lili Xia, Cheryl S. Harrison, Kristen Krumhardt, Michael J. Mills, Ben Kravitz, and Alan Robock, 2020: Reaching 1.5 and 2.0\u00b0C global surface temperature targets using stratospheric aerosol geoengineering in CMIP6.\u00a0<em>Earth System Dynamics<\/em>,\u00a0<strong>11<\/strong>, 579-601, doi:10.5194\/esd-11-579-2020.\u00a0\u00a0\u00a0\u00a0<a href=\"https:\/\/esd.copernicus.org\/articles\/11\/579\/2020\/esd-11-579-2020.pdf\">PDF file<\/a><\/li>\n<li>Xu, Y., Lin, L., Tilmes, S., Dagon, K., Xia, L., Diao, C., Cheng, W., Wang, Z., Simpson, I., and Burnell, L., 2020: Climate engineering to mitigate the projected 21st-century terrestrial drying of the Americas: a direct comparison of carbon capture and sulfur injection,\u00a0<em>Earth System Dynamics<\/em>,\u00a0<strong>11<\/strong>, 673-695,\u00a0<a href=\"https:\/\/doi.org\/10.5194\/esd-11-673-2020\">https:\/\/doi.org\/10.5194\/esd-11-673-2020<\/a>.<\/li>\n<li>Singh, Jyoti, Sandeep Sahany, and Alan Robock, 2020: Can stratospheric geoengineering alleviate global-warming-induced changes in deciduous fruit cultivation? The case of Himachal Pradesh (India).\u00a0<em>Climatic Change<\/em>, doi:10.1007\/s10584-020-02786-3.\u00a0\u00a0\u00a0\u00a0\u00a0\u00a0<a href=\"https:\/\/rdcu.be\/b5DrM\">PDF file<\/a><\/li>\n<li>Visioni, D., Slessarev, E., MacMartin, D. G., Mahowald, N. M., Goodale, C. L., and Xia, L., (2020), What goes up must come down: Impacts of deposition in a sulfate geoengineering scenario,\u00a0<em>Environmental Research Letters<\/em>,\u00a0<strong>15<\/strong>\u00a0(9),\u00a0<a href=\"https:\/\/doi.org\/10.1088\/1748-9326\/ab94eb\">https:\/\/doi.org\/10.1088\/1748-9326\/ab94eb<\/a>.<\/li>\n<li>Kravitz, Ben, Alan Robock, and John C. Moore, 2020: New frontiers in geoengineering research.\u00a0<em>Bull. Amer. Meteor. Soc.<\/em>,\u00a0<strong>101<\/strong>, E87-E89, doi:10.1175\/BAMS-D-19-0327.1.\u00a0\u00a0\u00a0\u00a0<a href=\"http:\/\/climate.envsci.rutgers.edu\/pdf\/KravitzGeoMIP9BAMS.pdf\">PDF file<\/a><\/li>\n<li>Yang, C.-E., Hoffman, F., Ricciuto, D. M., Tilmes, S., Xia, L., MacMartin, D. G., Kravitz, B., Richter, J. H., Mills, M., and Fu, J. S., 2020: Assessing terrestrial biogeochemical feedbacks in a strategically geoengineered climate, <em>Environmental Research Letters<\/em>, <a href=\"https:\/\/doi.org\/10.1088\/1748-9326\/abacf7\">https:\/\/doi.org\/10.1088\/1748-9326\/abacf7<\/a>, in press.<\/li>\n<li>J\u00e4germeyr, Jonas, Alan Robock, Joshua Elliott, Christoph M\u00fcller, Lili Xia, Nikolay Khabarov, Christian Folberth, Erwin Schmid, Wenfeng Liu, Florian Zabel, Sam S. Rabin, Michael J. Puma, Alison C. Heslin, James Franke, Ian Foster, Senthold Asseng, Charles G. Bardeen, Owen B. Toon, and Cynthia Rosenzweig, 2020: A regional nuclear conflict would compromise global food security. <em>Proc. Nat. Acad. Sci.<\/em>, <strong>117<\/strong>, 7071-7081, doi:10.1073\/pnas.1919049117.\u00a0\u00a0\u00a0 <a href=\"\/Users\/robock\/Documents\/Winword\/pdf\/JagermeyrPNAS.pdf\">PDF file<\/a><\/li>\n<li>Lovenduski, Nicole S., Cheryl S. Harrison, Holly Olivarez, Charles G. Bardeen, Owen B. Toon, Joshua Coupe, Alan Robock, Tyler Rohr, and Samantha Stevenson, 2020: The potential impact of nuclear conflict on ocean acidification. <em>Geophys. Res. Lett.<\/em>, <strong>47<\/strong>, e2019GL086246, doi:10.1029\/2019GL086246.\u00a0\u00a0\u00a0 <a href=\"https:\/\/agupubs.onlinelibrary.wiley.com\/doi\/10.1029\/2019GL086246\">PDF file<\/a><\/li>\n<\/ol>\n","protected":false},"excerpt":{"rendered":"<p>Roberts, Kelsey E., Tyler Rohr, Morgan R. Raven, Michael S. Diamond, Daniele Visioni, Ben Kravitz, Ryan Heneghan, Colleen M. Petrik, Daniele Bianchi, Kelly Ortega-Cisneros, Monica A. Morrison, Vanessa van Heerden, &hellip; <a href=\"https:\/\/sites.rutgers.edu\/risci-lab\/recent-publications-2\/\" class=\"\">Read More<\/a><\/p>\n","protected":false},"author":1232,"featured_media":0,"parent":0,"menu_order":0,"comment_status":"closed","ping_status":"closed","template":"","meta":{"_acf_changed":false,"footnotes":""},"class_list":["post-533","page","type-page","status-publish","hentry"],"acf":[],"yoast_head":"<!-- This site is optimized with the Yoast SEO plugin v23.5 - https:\/\/yoast.com\/wordpress\/plugins\/seo\/ -->\n<title>Recent Publications - Rutgers Impact Studies of Climate Intervention (RISCI)<\/title>\n<meta name=\"robots\" content=\"index, follow, max-snippet:-1, max-image-preview:large, max-video-preview:-1\" \/>\n<link rel=\"canonical\" href=\"https:\/\/sites.rutgers.edu\/risci-lab\/recent-publications-2\/\" \/>\n<meta property=\"og:locale\" content=\"en_US\" \/>\n<meta property=\"og:type\" content=\"article\" \/>\n<meta property=\"og:title\" content=\"Recent Publications - Rutgers Impact Studies of Climate Intervention (RISCI)\" \/>\n<meta property=\"og:description\" content=\"Roberts, Kelsey E., Tyler Rohr, Morgan R. Raven, Michael S. Diamond, Daniele Visioni, Ben Kravitz, Ryan Heneghan, Colleen M. Petrik, Daniele Bianchi, Kelly Ortega-Cisneros, Monica A. Morrison, Vanessa van Heerden, &hellip; Read More\" \/>\n<meta property=\"og:url\" content=\"https:\/\/sites.rutgers.edu\/risci-lab\/recent-publications-2\/\" \/>\n<meta property=\"og:site_name\" content=\"Rutgers Impact Studies of Climate Intervention (RISCI)\" \/>\n<meta property=\"article:modified_time\" content=\"2026-01-24T21:23:20+00:00\" \/>\n<meta name=\"twitter:card\" content=\"summary_large_image\" \/>\n<meta name=\"twitter:label1\" content=\"Est. reading time\" \/>\n\t<meta name=\"twitter:data1\" content=\"8 minutes\" \/>\n<script type=\"application\/ld+json\" class=\"yoast-schema-graph\">{\"@context\":\"https:\/\/schema.org\",\"@graph\":[{\"@type\":\"WebPage\",\"@id\":\"https:\/\/sites.rutgers.edu\/risci-lab\/recent-publications-2\/\",\"url\":\"https:\/\/sites.rutgers.edu\/risci-lab\/recent-publications-2\/\",\"name\":\"Recent Publications - Rutgers Impact Studies of Climate Intervention (RISCI)\",\"isPartOf\":{\"@id\":\"https:\/\/sites.rutgers.edu\/risci-lab\/#website\"},\"datePublished\":\"2020-09-27T15:00:43+00:00\",\"dateModified\":\"2026-01-24T21:23:20+00:00\",\"breadcrumb\":{\"@id\":\"https:\/\/sites.rutgers.edu\/risci-lab\/recent-publications-2\/#breadcrumb\"},\"inLanguage\":\"en-US\",\"potentialAction\":[{\"@type\":\"ReadAction\",\"target\":[\"https:\/\/sites.rutgers.edu\/risci-lab\/recent-publications-2\/\"]}]},{\"@type\":\"BreadcrumbList\",\"@id\":\"https:\/\/sites.rutgers.edu\/risci-lab\/recent-publications-2\/#breadcrumb\",\"itemListElement\":[{\"@type\":\"ListItem\",\"position\":1,\"name\":\"Home\",\"item\":\"https:\/\/sites.rutgers.edu\/risci-lab\/\"},{\"@type\":\"ListItem\",\"position\":2,\"name\":\"Recent Publications\"}]},{\"@type\":\"WebSite\",\"@id\":\"https:\/\/sites.rutgers.edu\/risci-lab\/#website\",\"url\":\"https:\/\/sites.rutgers.edu\/risci-lab\/\",\"name\":\"Rutgers Impact Studies of Climate Intervention (RISCI)\",\"description\":\"\",\"potentialAction\":[{\"@type\":\"SearchAction\",\"target\":{\"@type\":\"EntryPoint\",\"urlTemplate\":\"https:\/\/sites.rutgers.edu\/risci-lab\/?s={search_term_string}\"},\"query-input\":{\"@type\":\"PropertyValueSpecification\",\"valueRequired\":true,\"valueName\":\"search_term_string\"}}],\"inLanguage\":\"en-US\"}]}<\/script>\n<!-- \/ Yoast SEO plugin. -->","yoast_head_json":{"title":"Recent Publications - Rutgers Impact Studies of Climate Intervention (RISCI)","robots":{"index":"index","follow":"follow","max-snippet":"max-snippet:-1","max-image-preview":"max-image-preview:large","max-video-preview":"max-video-preview:-1"},"canonical":"https:\/\/sites.rutgers.edu\/risci-lab\/recent-publications-2\/","og_locale":"en_US","og_type":"article","og_title":"Recent Publications - Rutgers Impact Studies of Climate Intervention (RISCI)","og_description":"Roberts, Kelsey E., Tyler Rohr, Morgan R. Raven, Michael S. Diamond, Daniele Visioni, Ben Kravitz, Ryan Heneghan, Colleen M. Petrik, Daniele Bianchi, Kelly Ortega-Cisneros, Monica A. Morrison, Vanessa van Heerden, &hellip; Read More","og_url":"https:\/\/sites.rutgers.edu\/risci-lab\/recent-publications-2\/","og_site_name":"Rutgers Impact Studies of Climate Intervention (RISCI)","article_modified_time":"2026-01-24T21:23:20+00:00","twitter_card":"summary_large_image","twitter_misc":{"Est. reading time":"8 minutes"},"schema":{"@context":"https:\/\/schema.org","@graph":[{"@type":"WebPage","@id":"https:\/\/sites.rutgers.edu\/risci-lab\/recent-publications-2\/","url":"https:\/\/sites.rutgers.edu\/risci-lab\/recent-publications-2\/","name":"Recent Publications - Rutgers Impact Studies of Climate Intervention (RISCI)","isPartOf":{"@id":"https:\/\/sites.rutgers.edu\/risci-lab\/#website"},"datePublished":"2020-09-27T15:00:43+00:00","dateModified":"2026-01-24T21:23:20+00:00","breadcrumb":{"@id":"https:\/\/sites.rutgers.edu\/risci-lab\/recent-publications-2\/#breadcrumb"},"inLanguage":"en-US","potentialAction":[{"@type":"ReadAction","target":["https:\/\/sites.rutgers.edu\/risci-lab\/recent-publications-2\/"]}]},{"@type":"BreadcrumbList","@id":"https:\/\/sites.rutgers.edu\/risci-lab\/recent-publications-2\/#breadcrumb","itemListElement":[{"@type":"ListItem","position":1,"name":"Home","item":"https:\/\/sites.rutgers.edu\/risci-lab\/"},{"@type":"ListItem","position":2,"name":"Recent Publications"}]},{"@type":"WebSite","@id":"https:\/\/sites.rutgers.edu\/risci-lab\/#website","url":"https:\/\/sites.rutgers.edu\/risci-lab\/","name":"Rutgers Impact Studies of Climate Intervention (RISCI)","description":"","potentialAction":[{"@type":"SearchAction","target":{"@type":"EntryPoint","urlTemplate":"https:\/\/sites.rutgers.edu\/risci-lab\/?s={search_term_string}"},"query-input":{"@type":"PropertyValueSpecification","valueRequired":true,"valueName":"search_term_string"}}],"inLanguage":"en-US"}]}},"_links":{"self":[{"href":"https:\/\/sites.rutgers.edu\/risci-lab\/wp-json\/wp\/v2\/pages\/533"}],"collection":[{"href":"https:\/\/sites.rutgers.edu\/risci-lab\/wp-json\/wp\/v2\/pages"}],"about":[{"href":"https:\/\/sites.rutgers.edu\/risci-lab\/wp-json\/wp\/v2\/types\/page"}],"author":[{"embeddable":true,"href":"https:\/\/sites.rutgers.edu\/risci-lab\/wp-json\/wp\/v2\/users\/1232"}],"replies":[{"embeddable":true,"href":"https:\/\/sites.rutgers.edu\/risci-lab\/wp-json\/wp\/v2\/comments?post=533"}],"version-history":[{"count":24,"href":"https:\/\/sites.rutgers.edu\/risci-lab\/wp-json\/wp\/v2\/pages\/533\/revisions"}],"predecessor-version":[{"id":652,"href":"https:\/\/sites.rutgers.edu\/risci-lab\/wp-json\/wp\/v2\/pages\/533\/revisions\/652"}],"wp:attachment":[{"href":"https:\/\/sites.rutgers.edu\/risci-lab\/wp-json\/wp\/v2\/media?parent=533"}],"curies":[{"name":"wp","href":"https:\/\/api.w.org\/{rel}","templated":true}]}}