{"id":363,"date":"2020-07-09T16:51:59","date_gmt":"2020-07-09T16:51:59","guid":{"rendered":"http:\/\/sites.rutgers.edu\/sol-cristina-escobar\/?page_id=363"},"modified":"2023-12-04T19:36:18","modified_gmt":"2023-12-04T19:36:18","slug":"publications","status":"publish","type":"page","link":"https:\/\/sites.rutgers.edu\/sol-cristina-escobar\/publications\/","title":{"rendered":"Publications"},"content":{"rendered":"<h1><strong>Refereed Journals<\/strong><\/h1>\n<ul>\n<li>McCann, James, Cristina Escobar and Renelinda Arana. 2019. \u201cMexicans and Colombians at Home and Abroad: A Comparative Study of Political Engagement\u201d.<br \/>\n<em>Latin American Research Review, <\/em>54(1), pp. 16\u201334. DOI: <a href=\"https:\/\/doi.org\/10.25222\/larr.191\">https:\/\/doi.org\/10.25222\/larr.191<\/a><\/li>\n<li>Escobar, Cristina. 2015. \u201cImmigrant enfranchisement in Latin America: From Strong Men to Universal Citizenship.\u201d<br \/>\n<em>Democratization, <\/em>Special volume Electoral Rights in the Age of Globalization. 22(5): 227-250.<\/li>\n<li>Escobar, Cristina, Renelinda Arana and James McCann. 2015. \u201cExpatriate Voting and Migrants\u2019 Place of Residence: Explaining Transnational Participation in Colombian Elections\u201d.<br \/>\n<em style=\"font-family: 'Open Sans', sans-serif;font-size: 1rem\">Migration Studies<\/em><span style=\"font-size: 1rem\"><span style=\"font-size: 1rem\"> 3(1):1-31. First published online (January 8, 2014), DOI: <a href=\"https:\/\/doi.org\/10.1093\/migration\/mnt030\">https:\/\/doi.org\/10.1093\/migration\/mnt030<\/a><\/span><\/span><\/li>\n<li>Escobar, Cristina, James McCann and Renelinda Arana. 2014.<strong>\u00a0<\/strong>\u201cTransnational Participation in Colombian Elections: Assessing the Impact of Reception Site.\u201d<br \/>\n<em>Latin American Politics and Society<\/em>, 56(2) (Summer):115-140.<\/li>\n<li>Escobar, Cristina. 2010. \u201cExploring Transnational Civil Society: A comparative study of Colombian, Dominican and Mexican immigrant organizations in the United States.\u201d<br \/>\n<em>Journal of Civil Society, <\/em>6(3) (December): 205-235.<\/li>\n<li>Escobar, Cristina. 2010. \u201cLa contribution des organizations de migrants latino-am\u00e9ricains des \u00c9tats-Unis au d\u00e9veloppement de leurs pays d\u2019origine\u201d<br \/>\n<em>Critique International, <\/em>46 (janvier-mars) 103-124.<\/li>\n<li>Mark Melnik, Alvaro Lima, Amy Moran and Cristina Escobar. 2009. \u201cMediating Integration: Latino Immigrant Organizations in Greater Boston.\u201d<br \/>\n<em>Revista Interdisciplinar da Mobilidade Humana<\/em>, 17(33): July-December 2009.<\/li>\n<li>Portes, Alejandro, Cristina Escobar and Renelinda Arana. 2009. \u201cDivided or Convergent Loyalties? The Political Incorporation Process of Latin American Immigrants in the United States.\u201d<br \/>\n<em>International Journal of Comparative Sociology<\/em>, 50(2): 103-136.<\/li>\n<li>Portes, Alejandro, Cristina Escobar and Renelinda Arana. 2008. \u201cBridging the Gap: Transnational and Ethnic Organizations in the Political Incorporation of Immigrants in the United States.\u201d<br \/>\n<em>Racial and Ethnic Studies <\/em>31 (6):1056-1090.<\/li>\n<li>Escobar, Cristina. 2007. \u201cDual Citizenship and Extraterritorial Political Rights in Latin America.\u201d<br \/>\n<em>Latin American Research Review. <\/em>\u00a042 (3) (October): 41-73. Reprinted (updated version) in Spanish in Pablo Mateos (ed.) <em>Ciudadan\u00eda M\u00faltiple y Migraci\u00f3n: Perspectivas Latinoamericanas<\/em>, pp. 230-271. CIDE \/ CIESAS: M\u00e9xico D.F. (2015).<\/li>\n<li>Portes, Alejandro, Cristina Escobar and Alexandra Radford. 2007. \u201cImmigrant Transnational Organizations and Development: A Comparative Study.\u201d<br \/>\n<em>International Migration Review<\/em>. 41 (1) (Spring):242-281.<\/li>\n<li>Escobar, Cristina. 2006. \u201cMigration and Citizen Rights: The Mexican Case.\u201d<br \/>\n<em>Citizenship Studies.<\/em> 10 (5) (November): 503- 523. Reprinted in Spanish in <em>El Pa\u00eds Transnacional: Migraci\u00f3n Mexicana y Cambio Social a traves de la Frontera<\/em>, eds. Marina Ariza and Alejandro Portes, Mexico D.F.: UNAM-Miguel \u00c1ngel Porrua.<\/li>\n<li>Escobar, Cristina. 2004. \u201cDual Citizenship and Political Participation: Migrants in the interplay of American and Colombian politics.\u201d<br \/>\n<em>Latino Studies<\/em>. 2(1):45-69.<\/li>\n<li>Escobar, Cristina. 2002. \u201cClientelism and Citizenship: The Limits of Political Reform in Sucre, Colombia.\u201d<br \/>\n<em>Latin American Perspectives<\/em> 29(5) (September): 20-47. Reprinted in Spanish <em>An\u00e1lisis Pol\u00edtico<\/em> 18(53): 3-21 (2005).<\/li>\n<li>Rojas, Santigo, Cristina Escobar and Juan Guillermo Ferro. 1992. \u201cLa Visi\u00f3n de las Organizaciones Agrarias sobre la Coyuntura Nacional.\u201d<br \/>\nCuadernos de Agroindustria 28. Pontificia Universidad Javeriana: Bogot\u00e1.<\/li>\n<li>Escobar, Cristina. 1983. \u201cLa ANUC y el Movimiento Campesino Durante los A\u00f1os Setenta en Colombia\u201d (ANUC and the Peasant Movement During the 1970s in Colombia).<br \/>\nIn <em>Estudios Rurales Latinoamericanos<\/em>. Vol.6, No 3, Bogota.<\/li>\n<\/ul>\n<p>&nbsp;<\/p>\n<h1><strong>Book Chapters<\/strong><\/h1>\n<ul>\n<li>Escobar, Cristina. 2015. \u201cTransnational philanthropy of urban migrants: Colombian and \u00a0 Dominican Immigrant Transnational Organizations and Development\u201d. In Patricia Fernandez Kelly and Alejandro Portes eds. <em>The State and the Grassroots: Immigrant Transnational Organizations in Four Continents<\/em>. New York: Berghahn Books.<\/li>\n<li>Escobar, Cristina. 2000. \u201cBullfighting Fiestas, Clientelism and Political Identity in Northern Colombia.\u201d. In Tamar Herzog and Luis Roniger,<em> The Collective and the Public in Latin America<\/em>, pp. 174-191. Sussex Academic Press.<\/li>\n<li>Escobar, Cristina. 1994. \u201cClientelism and Social Protest: Peasant Politics in Northern Colombia.\u201d In Luis Roniger &amp; Ayse Gunes-Ayata, eds., <em>Democracy, Clientelism and Civil Society<\/em>, pp. 65-85. Boulder, CO: Lynn Rienner Publishers. Reprinted in Spanish in Javier Auyero ed., <em>Favores por Votos<\/em>? <em>Estudios sobre Clientelismo Pol\u00edtico Contemporaneo<\/em>, pp. 121-165. Buenos Aires: Losada (1997).<\/li>\n<li>Escobar, Cristina. 1991. \u00a0\u201cOrganizaci\u00f3n y Participaci\u00f3n Campesina\u201d (Peasant&#8217;s Organization and Participation). In Edelmira P\u00e9rez ed., <em>El Campesinado en Colombia Hoy: Diagn\u00f3stico y Perspectivas<\/em>, pp. 81-102. Bogot\u00e1: Ecoe Ediciones \u00a0 &amp; Pontificia Universidad Javeriana, Facultad de Ciencias Econ\u00f3micas y Administrativas.<\/li>\n<li>Escobar, Cristina and Francisco De Roux. 1989. \u201cMovimientos Populares en Colombia.\u201d (Social Movements in Colombia). In Daniel Camacho and Rafael Menj\u00edvar eds., <em>Los Movimientos Populares en Am\u00e9rica Latina.<\/em> M\u00e9xico, pp.147-214. Siglo XXI Editores and Universidad de las Naciones Unidas UNU.<\/li>\n<li>Medrano, Diana and Cristina Escobar. 1985. \u201cPasado y Presente de las Organizaciones Femeninas en Colombia.\u201d (Past and Present of the Women&#8217;s Organization in Colombia). In Elsy Bonilla ed., <em>Mujer y Familia en Colombia<\/em>, pp.223-284. Bogot\u00e1: Plaza y Janes.<\/li>\n<li>Escobar, Cristina. 1983. \u201cTrayectoria de la ANUC.\u201d <em>Colombia Agraria<\/em> No 6, Bogot\u00e1: Cinep.<\/li>\n<\/ul>\n<p>&nbsp;<\/p>\n<h1><strong>Books<\/strong><\/h1>\n<ul>\n<li>Cristina Escobar and Milena G\u00f3mez (eds). 2015. <em>\u00a0El Voto en el Exterior: An\u00e1lisis Comparativo de las Elecciones En Colombia. <\/em>Bogot\u00e1: Universidad Externado de Colombia.<\/li>\n<li>Cristina Escobar. 1987. <em>\u00a0Experiencias de Organizaci\u00f3n Campesina en el Valle del Cauca <\/em>(Experiences of Peasant Organization in the Cauca Valle Region). Bogot\u00e1: Prodesal-IMCA-Estudios Rurales Latinoamericanos.<\/li>\n<\/ul>\n<p>&nbsp;<\/p>\n<h1><strong>Other Publications<\/strong><\/h1>\n<ul>\n<li>Escobar, Cristina. 2019. \u201cDual Citizenship.\u201d In Oxford Bibliographies in Political Science. Ed. Sandy Maisel. New York: Oxford University Press.<\/li>\n<li>Escobar, Cristina. 2017. \u201cMigration and Franchise Expansion in Latin America.\u201d Global Citizenship Observatory. European University Institute-Robert Shuman Centre for Advance Study. <a href=\"http:\/\/cadmus.eui.eu\/bitstream\/handle\/1814\/45709\/GLOBALCIT_Comp_2017_01.pdf?sequence=1&amp;isAllowed=y\">http:\/\/cadmus.eui.eu\/bitstream\/handle\/1814\/45709\/GLOBALCIT_Comp_2017_01.pdf?sequence=1&amp;isAllowed=y<\/a><\/li>\n<li>Escobar, Cristina. 2015. \u201cAccess to Electoral Rights-Colombia.\u201d Global Citizenship Observatory. European University Institute-Robert Shuman Centre for Advance Study.\u00a0 <a href=\"http:\/\/cadmus.eui.eu\/bitstream\/handle\/1814\/35026\/EUDO_CIT_CR_2015_02_Colombia_franchise.pdf?sequence=1\">http:\/\/cadmus.eui.eu\/bitstream\/handle\/1814\/35026\/EUDO_CIT_CR_2015_02_Colombia_franchise.pdf?sequence=1<\/a><\/li>\n<li>Escobar, Cristina. 2015. \u201cNational Report on Citizenship-Colombia.\u201d Global Citizenship Observatory. European University Institute-Robert Shuman Centre for Advance Study.\u00a0 <a href=\"http:\/\/cadmus.eui.eu\/bitstream\/handle\/1814\/35997\/EUDO-CIT_2015_10-Colombia.pdf?sequence=3\">http:\/\/cadmus.eui.eu\/bitstream\/handle\/1814\/35997\/EUDO-CIT_2015_10-Colombia.pdf?sequence=3<\/a><\/li>\n<li>Escobar, Cristina. 2015. \u201cDual Citizenship\u201d. Suzanne Oboler and Denna J. Gonz\u00e1lez (eds.) <em>The Oxford Encyclopedia of Latinos &amp; Latinas in Contemporary Politics, Law and Social Movements.<\/em> New York: Oxford University Press.<\/li>\n<\/ul>\n<p>&nbsp;<\/p>\n<h1><strong>Doctoral Dissertation<\/strong><\/h1>\n<ul>\n<li>1998<em>. Clientelism, Mobilization and Citizenship: Peasant Politics in Sucre, Colombia<\/em>. UMI publication number: 9901446 CAL-SD.<\/li>\n<\/ul>\n<p>&nbsp;<\/p>\n<h1><strong>Book Reviews<\/strong><\/h1>\n<ul>\n<li>Escobar Cristina. 2018. \u201cStudies of Migration Violence and transnational Relations in the Latin America-U.S. Circuit\u201d. Review of <em>Mobile Selves: Race, Migration and Belonging<\/em> by Berg, Ulla; <em>Guatemala-U.S. Migration: Transforming Regions<\/em> by Susanne Jonas and Nestor Rodr\u00edguez; and <em>American Value: Migrants, Money, and Meaning in El Salvador<\/em> by David Pedersen. <em>Migration Studies<\/em> 6(1): 253-157.<\/li>\n<li>Escobar, Cristina. 2009. <em>Citizenship across Borders: The Political Transnationalism of El Migrante<\/em> by Michael Peter Smith and Matt Bakker. <em><em>Contemporary Sociology<\/em><\/em><\/li>\n<li><span style=\"font-family: -apple-system, BlinkMacSystemFont, 'Segoe UI', Roboto, 'Helvetica Neue', Arial, sans-serif;font-size: 1rem\">Escobar, Cristina. 1994.\u00a0 <\/span><em style=\"font-family: -apple-system, BlinkMacSystemFont, 'Segoe UI', Roboto, 'Helvetica Neue', Arial, sans-serif;font-size: 1rem\">Citizenship and Nationhood in France and Germany <\/em><span style=\"font-family: -apple-system, BlinkMacSystemFont, 'Segoe UI', Roboto, 'Helvetica Neue', Arial, sans-serif;font-size: 1rem\">by Roger Brubaker.\u00a0 <\/span><em style=\"font-family: -apple-system, BlinkMacSystemFont, 'Segoe UI', Roboto, 'Helvetica Neue', Arial, sans-serif;font-size: 1rem\">Social Forces<\/em><span style=\"font-family: -apple-system, BlinkMacSystemFont, 'Segoe UI', Roboto, 'Helvetica Neue', Arial, sans-serif;font-size: 1rem\">, 72:4, June.<\/span><\/li>\n<\/ul>\n<p>&nbsp;<\/p>\n<h1><strong>Film Review<\/strong><\/h1>\n<ul>\n<li>Escobar, Cristina. 2007. \u201cLa Sierra\u201d. Film directed by Scott Dalton and Margarita Martinez. <em>The Americas <\/em>63:3 (January).<\/li>\n<\/ul>\n<p>&nbsp;<\/p>\n","protected":false},"excerpt":{"rendered":"<p>Refereed Journals McCann, James, Cristina Escobar and Renelinda Arana. 2019. \u201cMexicans and Colombians at Home and Abroad: A Comparative Study of Political Engagement\u201d. Latin American Research Review, 54(1), pp. 16\u201334. &hellip; <a href=\"https:\/\/sites.rutgers.edu\/sol-cristina-escobar\/publications\/\" class=\"\">Read More<\/a><\/p>\n","protected":false},"author":21,"featured_media":0,"parent":0,"menu_order":0,"comment_status":"closed","ping_status":"closed","template":"template-custom.php","meta":{"_acf_changed":false,"footnotes":""},"class_list":["post-363","page","type-page","status-publish","hentry"],"acf":[],"yoast_head":"<!-- This site is optimized with the Yoast SEO plugin v23.5 - https:\/\/yoast.com\/wordpress\/plugins\/seo\/ -->\n<title>Publications - Sol Cristina Escobar<\/title>\n<meta name=\"robots\" content=\"index, follow, max-snippet:-1, max-image-preview:large, max-video-preview:-1\" \/>\n<link rel=\"canonical\" href=\"https:\/\/sites.rutgers.edu\/sol-cristina-escobar\/publications\/\" \/>\n<meta property=\"og:locale\" content=\"en_US\" \/>\n<meta property=\"og:type\" content=\"article\" \/>\n<meta property=\"og:title\" content=\"Publications - Sol Cristina Escobar\" \/>\n<meta property=\"og:description\" content=\"Refereed Journals McCann, James, Cristina Escobar and Renelinda Arana. 2019. \u201cMexicans and Colombians at Home and Abroad: A Comparative Study of Political Engagement\u201d. Latin American Research Review, 54(1), pp. 16\u201334. &hellip; Read More\" \/>\n<meta property=\"og:url\" content=\"https:\/\/sites.rutgers.edu\/sol-cristina-escobar\/publications\/\" \/>\n<meta property=\"og:site_name\" content=\"Sol Cristina Escobar\" \/>\n<meta property=\"article:modified_time\" content=\"2023-12-04T19:36:18+00:00\" \/>\n<meta name=\"twitter:card\" content=\"summary_large_image\" \/>\n<meta name=\"twitter:label1\" content=\"Est. reading time\" \/>\n\t<meta name=\"twitter:data1\" content=\"5 minutes\" \/>\n<script type=\"application\/ld+json\" class=\"yoast-schema-graph\">{\"@context\":\"https:\/\/schema.org\",\"@graph\":[{\"@type\":\"WebPage\",\"@id\":\"https:\/\/sites.rutgers.edu\/sol-cristina-escobar\/publications\/\",\"url\":\"https:\/\/sites.rutgers.edu\/sol-cristina-escobar\/publications\/\",\"name\":\"Publications - Sol Cristina Escobar\",\"isPartOf\":{\"@id\":\"https:\/\/sites.rutgers.edu\/sol-cristina-escobar\/#website\"},\"datePublished\":\"2020-07-09T16:51:59+00:00\",\"dateModified\":\"2023-12-04T19:36:18+00:00\",\"breadcrumb\":{\"@id\":\"https:\/\/sites.rutgers.edu\/sol-cristina-escobar\/publications\/#breadcrumb\"},\"inLanguage\":\"en-US\",\"potentialAction\":[{\"@type\":\"ReadAction\",\"target\":[\"https:\/\/sites.rutgers.edu\/sol-cristina-escobar\/publications\/\"]}]},{\"@type\":\"BreadcrumbList\",\"@id\":\"https:\/\/sites.rutgers.edu\/sol-cristina-escobar\/publications\/#breadcrumb\",\"itemListElement\":[{\"@type\":\"ListItem\",\"position\":1,\"name\":\"Home\",\"item\":\"https:\/\/sites.rutgers.edu\/sol-cristina-escobar\/\"},{\"@type\":\"ListItem\",\"position\":2,\"name\":\"Publications\"}]},{\"@type\":\"WebSite\",\"@id\":\"https:\/\/sites.rutgers.edu\/sol-cristina-escobar\/#website\",\"url\":\"https:\/\/sites.rutgers.edu\/sol-cristina-escobar\/\",\"name\":\"Sol Cristina Escobar\",\"description\":\"\",\"potentialAction\":[{\"@type\":\"SearchAction\",\"target\":{\"@type\":\"EntryPoint\",\"urlTemplate\":\"https:\/\/sites.rutgers.edu\/sol-cristina-escobar\/?s={search_term_string}\"},\"query-input\":{\"@type\":\"PropertyValueSpecification\",\"valueRequired\":true,\"valueName\":\"search_term_string\"}}],\"inLanguage\":\"en-US\"}]}<\/script>\n<!-- \/ Yoast SEO plugin. -->","yoast_head_json":{"title":"Publications - Sol Cristina Escobar","robots":{"index":"index","follow":"follow","max-snippet":"max-snippet:-1","max-image-preview":"max-image-preview:large","max-video-preview":"max-video-preview:-1"},"canonical":"https:\/\/sites.rutgers.edu\/sol-cristina-escobar\/publications\/","og_locale":"en_US","og_type":"article","og_title":"Publications - Sol Cristina Escobar","og_description":"Refereed Journals McCann, James, Cristina Escobar and Renelinda Arana. 2019. \u201cMexicans and Colombians at Home and Abroad: A Comparative Study of Political Engagement\u201d. Latin American Research Review, 54(1), pp. 16\u201334. &hellip; Read More","og_url":"https:\/\/sites.rutgers.edu\/sol-cristina-escobar\/publications\/","og_site_name":"Sol Cristina Escobar","article_modified_time":"2023-12-04T19:36:18+00:00","twitter_card":"summary_large_image","twitter_misc":{"Est. reading time":"5 minutes"},"schema":{"@context":"https:\/\/schema.org","@graph":[{"@type":"WebPage","@id":"https:\/\/sites.rutgers.edu\/sol-cristina-escobar\/publications\/","url":"https:\/\/sites.rutgers.edu\/sol-cristina-escobar\/publications\/","name":"Publications - Sol Cristina Escobar","isPartOf":{"@id":"https:\/\/sites.rutgers.edu\/sol-cristina-escobar\/#website"},"datePublished":"2020-07-09T16:51:59+00:00","dateModified":"2023-12-04T19:36:18+00:00","breadcrumb":{"@id":"https:\/\/sites.rutgers.edu\/sol-cristina-escobar\/publications\/#breadcrumb"},"inLanguage":"en-US","potentialAction":[{"@type":"ReadAction","target":["https:\/\/sites.rutgers.edu\/sol-cristina-escobar\/publications\/"]}]},{"@type":"BreadcrumbList","@id":"https:\/\/sites.rutgers.edu\/sol-cristina-escobar\/publications\/#breadcrumb","itemListElement":[{"@type":"ListItem","position":1,"name":"Home","item":"https:\/\/sites.rutgers.edu\/sol-cristina-escobar\/"},{"@type":"ListItem","position":2,"name":"Publications"}]},{"@type":"WebSite","@id":"https:\/\/sites.rutgers.edu\/sol-cristina-escobar\/#website","url":"https:\/\/sites.rutgers.edu\/sol-cristina-escobar\/","name":"Sol Cristina Escobar","description":"","potentialAction":[{"@type":"SearchAction","target":{"@type":"EntryPoint","urlTemplate":"https:\/\/sites.rutgers.edu\/sol-cristina-escobar\/?s={search_term_string}"},"query-input":{"@type":"PropertyValueSpecification","valueRequired":true,"valueName":"search_term_string"}}],"inLanguage":"en-US"}]}},"_links":{"self":[{"href":"https:\/\/sites.rutgers.edu\/sol-cristina-escobar\/wp-json\/wp\/v2\/pages\/363"}],"collection":[{"href":"https:\/\/sites.rutgers.edu\/sol-cristina-escobar\/wp-json\/wp\/v2\/pages"}],"about":[{"href":"https:\/\/sites.rutgers.edu\/sol-cristina-escobar\/wp-json\/wp\/v2\/types\/page"}],"author":[{"embeddable":true,"href":"https:\/\/sites.rutgers.edu\/sol-cristina-escobar\/wp-json\/wp\/v2\/users\/21"}],"replies":[{"embeddable":true,"href":"https:\/\/sites.rutgers.edu\/sol-cristina-escobar\/wp-json\/wp\/v2\/comments?post=363"}],"version-history":[{"count":7,"href":"https:\/\/sites.rutgers.edu\/sol-cristina-escobar\/wp-json\/wp\/v2\/pages\/363\/revisions"}],"predecessor-version":[{"id":485,"href":"https:\/\/sites.rutgers.edu\/sol-cristina-escobar\/wp-json\/wp\/v2\/pages\/363\/revisions\/485"}],"wp:attachment":[{"href":"https:\/\/sites.rutgers.edu\/sol-cristina-escobar\/wp-json\/wp\/v2\/media?parent=363"}],"curies":[{"name":"wp","href":"https:\/\/api.w.org\/{rel}","templated":true}]}}