{"id":505,"date":"2023-02-09T17:15:56","date_gmt":"2023-02-09T17:15:56","guid":{"rendered":"https:\/\/sites.rutgers.edu\/talk-science-to-me\/?page_id=505"},"modified":"2023-03-07T19:48:29","modified_gmt":"2023-03-07T19:48:29","slug":"itinerary","status":"publish","type":"page","link":"https:\/\/sites.rutgers.edu\/talk-science-to-me\/itinerary\/","title":{"rendered":"Itinerary"},"content":{"rendered":"<p style=\"text-align: center\"><a href=\"https:\/\/earth.google.com\/earth\/d\/1v2jHO8fhp3V0NfGA1dTK-2J1QBkCVPN7?usp=sharing\"><img loading=\"lazy\" decoding=\"async\" class=\"alignnone wp-image-700 size-full\" src=\"http:\/\/sites.rutgers.edu\/talk-science-to-me\/wp-content\/uploads\/sites\/955\/2023\/03\/Screen-Shot-2023-03-02-at-12.15.55-PM.png\" alt=\"\" width=\"1200\" height=\"711\" srcset=\"https:\/\/sites.rutgers.edu\/talk-science-to-me\/wp-content\/uploads\/sites\/955\/2023\/03\/Screen-Shot-2023-03-02-at-12.15.55-PM.png 1200w, https:\/\/sites.rutgers.edu\/talk-science-to-me\/wp-content\/uploads\/sites\/955\/2023\/03\/Screen-Shot-2023-03-02-at-12.15.55-PM-300x178.png 300w, https:\/\/sites.rutgers.edu\/talk-science-to-me\/wp-content\/uploads\/sites\/955\/2023\/03\/Screen-Shot-2023-03-02-at-12.15.55-PM-1024x607.png 1024w, https:\/\/sites.rutgers.edu\/talk-science-to-me\/wp-content\/uploads\/sites\/955\/2023\/03\/Screen-Shot-2023-03-02-at-12.15.55-PM-768x455.png 768w\" sizes=\"(max-width: 1200px) 100vw, 1200px\" \/><\/a><\/p>\n<p style=\"text-align: center\"><a class=\"btn btn-primary\" href=\"https:\/\/earth.google.com\/earth\/d\/1v2jHO8fhp3V0NfGA1dTK-2J1QBkCVPN7?usp=sharing\" rel=\"noopener\">Tour with Google Earth!<\/a><\/p>\n<p style=\"text-align: center\"><a class=\"btn btn-primary\" href=\"https:\/\/goo.gl\/maps\/W9aXqwmWQ8uMZFiA8\" target=\"_self\" rel=\"noopener\">Follow Along on Google Maps!<\/a><\/p>\n<hr \/>\n<h2><span style=\"font-weight: 400\">Day 1: Arrival<\/span><\/h2>\n<p><strong>Hotel #1 &#8211; Hotel Aeropuerto<\/strong><\/p>\n<p>4 km west of SJO International Airport, Alajuela Province, Alajuela, Costa Rica<\/p>\n<p>Phone Number: +(506) 2433-7333<\/p>\n<p>Email: info@hotelaeropuerto.co.cr<\/p>\n<p>Website: <a href=\"https:\/\/www.airporthotelcostarica.com\/index.html\">https:\/\/www.airporthotelcostarica.com\/index.html<\/a><\/p>\n<p>&nbsp;<\/p>\n<h2><span style=\"font-weight: 400\">Day 2: Barva Hike<\/span><\/h2>\n<p><strong>Barva Volcano<\/strong><\/p>\n<p>Barva Volcano, Heredia Province, Paso Llano, Costa Rica<\/p>\n<p>Website: <a href=\"https:\/\/www.visitcostarica.com\/en\/costa-rica\/blog\/heading-barva-volcano\">https:\/\/www.visitcostarica.com\/en\/costa-rica\/blog\/heading-barva-volcano<\/a><\/p>\n<p>&nbsp;<\/p>\n<h2><span style=\"font-weight: 400\">Day 3: Poas<\/span><\/h2>\n<p><b>Po\u00e1s Volcano National Park Office<\/b><\/p>\n<p><span style=\"font-weight: 400\">Phone Number: +(506) 2482-2165 between 7 a.m. at 2 p.m.<\/span><\/p>\n<p><span style=\"font-weight: 400\">Email: info.acc@sinac.go.cr<\/span><\/p>\n<p>Website: <a href=\"https:\/\/www.sinac.go.cr\/EN-US\/ac\/accvc\/pnvp\/Pages\/default.aspx\">https:\/\/www.sinac.go.cr\/EN-US\/ac\/accvc\/pnvp\/Pages\/default.aspx<\/a><\/p>\n<pre><\/pre>\n<p><b>\u00c1rea de Conservaci\u00f3n Cordillera Volc\u00e1nica Central (ACCVC)<\/b><\/p>\n<p><span style=\"font-weight: 400\">Heredia, Del segundo cruce de San Miguel de Santo Domingo de Heredia 450 metros al noreste, sobre la carretera Braulio Carrillo<\/span><\/p>\n<p><span style=\"font-weight: 400\">Phone Number: +(506) 2268-8091\/ 2268-8087<\/span><\/p>\n<p><span style=\"font-weight: 400\">Fax: 2268-8096<\/span><\/p>\n<p>Website:\u00a0<a href=\"https:\/\/costa-rica-guide.com\/nature\/national-parks\/poas-volcano\/\"><span style=\"font-weight: 400\">https:\/\/costa-rica-guide.com\/nature\/national-parks\/poas-volcano\/<\/span><\/a><span style=\"font-weight: 400\">\u00a0<\/span><\/p>\n<pre><\/pre>\n<p><b>Starbucks Coffee Farm Tour<\/b><\/p>\n<p><span style=\"font-weight: 400\">4R24+24 Sabanilla, Alajuela Province, Costa Rica<\/span><\/p>\n<p><span style=\"font-weight: 400\">Phone Number: +(506) 2103-4282<\/span><\/p>\n<p>Website: <a href=\"https:\/\/www.starbuckscoffeefarm.com\/en\/\">https:\/\/www.starbuckscoffeefarm.com\/en\/<\/a><\/p>\n<p>&nbsp;<\/p>\n<h2><span style=\"font-weight: 400\">Day 4: Drive to Fortuna<\/span><\/h2>\n<p><strong>Catarata del Toro<\/strong><\/p>\n<p>6 km norte de la iglesia Alajuela, Bajos del Toro, Costa Rica<\/p>\n<p>Phone Number: +(506) 8399-7476<\/p>\n<p>Website: <a href=\"https:\/\/www.catarata-del-toro.com\/prices\/\">https:\/\/www.catarata-del-toro.com\/prices\/<\/a><\/p>\n<pre><\/pre>\n<p><strong>Hotel #2<\/strong><\/p>\n<p><strong>Student Hotel &#8211; La Choza Inn<\/strong><\/p>\n<p>300 Metros Oeste Oficina de Correos, Fortuna, San Carlos, Alajuela, 60601, Costa Rica<\/p>\n<p>Phone Number: +(506) 2479-9361<\/p>\n<p>Website: <a href=\"https:\/\/www.lachozainnhostel.com\/\">https:\/\/www.lachozainnhostel.com\/<\/a><\/p>\n<pre><\/pre>\n<p><strong>Driver Hotel &#8211; Fortuna Downtown Boutique<\/strong><\/p>\n<p><span style=\"font-weight: 400\">La Fortuna Centro, San Carlos, Costado Sur de La Iglesia Catolica, La Fortuna, Alajuela, 22356<\/span><\/p>\n<p>Phone Number: +(506) 4000-2027<\/p>\n<p>Website: <a href=\"http:\/\/www.lafortunadowntown.com\/\">http:\/\/www.lafortunadowntown.com\/<\/a><\/p>\n<p>&nbsp;<\/p>\n<h2><span style=\"font-weight: 400\">Day 5: Arenal and Fortuna<\/span><\/h2>\n<p><strong>Arenal Hike<\/strong><\/p>\n<p>F76C+FPQ, La Fortuna, Alajuela Province, El Castillo, Costa Rica<\/p>\n<p>Phone Number: +(506) 2200-4192<\/p>\n<p>Website: <a href=\"http:\/\/www.sinac.go.cr\/ES\/ac\/ACAHN\/pnva\/Paginas\/default.aspx\">http:\/\/www.sinac.go.cr\/ES\/ac\/ACAHN\/pnva\/Paginas\/default.aspx<\/a><\/p>\n<pre><\/pre>\n<p><strong>Fortuna Downtown Boutique<\/strong><\/p>\n<p><span style=\"font-weight: 400\">La Fortuna Centro, San Carlos, Costado Sur de La Iglesia Catolica, La Fortuna, Alajuela, 22356<\/span><\/p>\n<p>Phone Number: +(506) 4000-2027<\/p>\n<p>Website: <a href=\"http:\/\/www.lafortunadowntown.com\/\">http:\/\/www.lafortunadowntown.com\/<\/a><\/p>\n<p>&nbsp;<\/p>\n<h2><span style=\"font-weight: 400\">Day 6: Drive to Rincon area<\/span><\/h2>\n<p><strong>M\u00edstico Park Tour<\/strong><\/p>\n<p>2km este de la represa del Lago Arenal, La Fortuna de, Provincia de Alajuela, La Fortuna, 21007, Costa Rica<\/p>\n<p>Phone Number: +(506) 2479-8282<\/p>\n<p><span style=\"font-weight: 400\">Website: <a href=\"https:\/\/www.misticopark.com\/\">https:\/\/www.misticopark.com\/<\/a><\/span><\/p>\n<pre><\/pre>\n<p><strong>Seismic Station<\/strong><\/p>\n<p>C3VR+4WR, Guanacaste Province, R\u00edo Chiquito, Costa Rica<\/p>\n<p>Phone Number: +(506) 2695-6522<\/p>\n<pre><\/pre>\n<p><strong>Hotel #3 &#8211; Best Western<\/strong><\/p>\n<p>175 Mts &#8211; West Of Main Entrance, Guanacaste Province, Liberia, 13450, Costa Rica<\/p>\n<p>Phone Number: +(506) 2666-1211<\/p>\n<p>Website: <a href=\"https:\/\/www.bestwestern.com\/es_ES\/book\/hotel-rooms.70606.html?aff=BMX&amp;iata=00171880&amp;ssob=BLBWI0004G&amp;cid=BLBWI0004G:google:gmb:70606\">https:\/\/www.bestwestern.com\/<\/a><\/p>\n<p>&nbsp;<\/p>\n<h2><span style=\"font-weight: 400\">Day 7: Rincon<\/span><\/h2>\n<p><span style=\"font-weight: 400\"><strong>Rinc\u00f3n National Park<\/strong><\/span><\/p>\n<p><span style=\"font-weight: 400\">Phone Number: +(506) 2666-5051<\/span><\/p>\n<p><span style=\"font-weight: 400\">Website: <\/span><a href=\"https:\/\/www.sinac.go.cr\/ES\/ac\/acg\/pnrv\/Paginas\/default.aspx\"><span style=\"font-weight: 400\">https:\/\/www.sinac.go.cr\/ES\/ac\/acg\/pnrv\/Paginas\/default.aspx<\/span><\/a><span style=\"font-weight: 400\">\u00a0<\/span><\/p>\n<pre><\/pre>\n<p><span style=\"font-weight: 400\"><strong>Mud Bath<\/strong><\/span><\/p>\n<p>PMR3+WCQ, Guanacaste Province, Bagaces, Costa Rica<\/p>\n<p><span style=\"font-weight: 400\">Website: <\/span><a href=\"https:\/\/www.guachipelin.com\/relaxation\/rio-negro-hot-springs-mud-baths\/\"><span style=\"font-weight: 400\">https:\/\/www.guachipelin.com\/relaxation\/rio-negro-hot-springs-mud-baths\/<\/span><\/a><\/p>\n<p>&nbsp;<\/p>\n<h2><span style=\"font-weight: 400\">Day 8: Travel Home<\/span><\/h2>\n<p><strong>Fly Out of Liberia Airport<\/strong><\/p>\n<p>Blvd. Aeropuerto, Provincia de Guanacaste, Costa Rica<\/p>\n<p>Phone Number: +(506) 2666-9600<\/p>\n<p>Website: <a href=\"https:\/\/www.guanacastecrairport.com\/\">https:\/\/www.guanacastecrairport.com\/<\/a><\/p>\n<p>&nbsp;<\/p>\n","protected":false},"excerpt":{"rendered":"<p>Tour with Google Earth! Follow Along on Google Maps! Day 1: Arrival Hotel #1 &#8211; Hotel Aeropuerto 4 km west of SJO International Airport, Alajuela Province, Alajuela, Costa Rica Phone &hellip; <a href=\"https:\/\/sites.rutgers.edu\/talk-science-to-me\/itinerary\/\" class=\"\">Read More<\/a><\/p>\n","protected":false},"author":2208,"featured_media":0,"parent":0,"menu_order":0,"comment_status":"closed","ping_status":"closed","template":"","meta":{"_acf_changed":false,"footnotes":""},"class_list":["post-505","page","type-page","status-publish","hentry"],"acf":[],"yoast_head":"<!-- This site is optimized with the Yoast SEO plugin v23.5 - https:\/\/yoast.com\/wordpress\/plugins\/seo\/ -->\n<title>Itinerary - Talk Science to Me<\/title>\n<meta name=\"robots\" content=\"index, follow, max-snippet:-1, max-image-preview:large, max-video-preview:-1\" \/>\n<link rel=\"canonical\" href=\"https:\/\/sites.rutgers.edu\/talk-science-to-me\/itinerary\/\" \/>\n<meta property=\"og:locale\" content=\"en_US\" \/>\n<meta property=\"og:type\" content=\"article\" \/>\n<meta property=\"og:title\" content=\"Itinerary - Talk Science to Me\" \/>\n<meta property=\"og:description\" content=\"Tour with Google Earth! Follow Along on Google Maps! Day 1: Arrival Hotel #1 &#8211; Hotel Aeropuerto 4 km west of SJO International Airport, Alajuela Province, Alajuela, Costa Rica Phone &hellip; Read More\" \/>\n<meta property=\"og:url\" content=\"https:\/\/sites.rutgers.edu\/talk-science-to-me\/itinerary\/\" \/>\n<meta property=\"og:site_name\" content=\"Talk Science to Me\" \/>\n<meta property=\"article:modified_time\" content=\"2023-03-07T19:48:29+00:00\" \/>\n<meta property=\"og:image\" content=\"http:\/\/sites.rutgers.edu\/talk-science-to-me\/wp-content\/uploads\/sites\/955\/2023\/03\/Screen-Shot-2023-03-02-at-12.15.55-PM.png\" \/>\n<meta name=\"twitter:card\" content=\"summary_large_image\" \/>\n<meta name=\"twitter:label1\" content=\"Est. reading time\" \/>\n\t<meta name=\"twitter:data1\" content=\"2 minutes\" \/>\n<script type=\"application\/ld+json\" class=\"yoast-schema-graph\">{\"@context\":\"https:\/\/schema.org\",\"@graph\":[{\"@type\":\"WebPage\",\"@id\":\"https:\/\/sites.rutgers.edu\/talk-science-to-me\/itinerary\/\",\"url\":\"https:\/\/sites.rutgers.edu\/talk-science-to-me\/itinerary\/\",\"name\":\"Itinerary - Talk Science to Me\",\"isPartOf\":{\"@id\":\"https:\/\/sites.rutgers.edu\/talk-science-to-me\/#website\"},\"primaryImageOfPage\":{\"@id\":\"https:\/\/sites.rutgers.edu\/talk-science-to-me\/itinerary\/#primaryimage\"},\"image\":{\"@id\":\"https:\/\/sites.rutgers.edu\/talk-science-to-me\/itinerary\/#primaryimage\"},\"thumbnailUrl\":\"http:\/\/sites.rutgers.edu\/talk-science-to-me\/wp-content\/uploads\/sites\/955\/2023\/03\/Screen-Shot-2023-03-02-at-12.15.55-PM.png\",\"datePublished\":\"2023-02-09T17:15:56+00:00\",\"dateModified\":\"2023-03-07T19:48:29+00:00\",\"breadcrumb\":{\"@id\":\"https:\/\/sites.rutgers.edu\/talk-science-to-me\/itinerary\/#breadcrumb\"},\"inLanguage\":\"en-US\",\"potentialAction\":[{\"@type\":\"ReadAction\",\"target\":[\"https:\/\/sites.rutgers.edu\/talk-science-to-me\/itinerary\/\"]}]},{\"@type\":\"ImageObject\",\"inLanguage\":\"en-US\",\"@id\":\"https:\/\/sites.rutgers.edu\/talk-science-to-me\/itinerary\/#primaryimage\",\"url\":\"https:\/\/sites.rutgers.edu\/talk-science-to-me\/wp-content\/uploads\/sites\/955\/2023\/03\/Screen-Shot-2023-03-02-at-12.15.55-PM.png\",\"contentUrl\":\"https:\/\/sites.rutgers.edu\/talk-science-to-me\/wp-content\/uploads\/sites\/955\/2023\/03\/Screen-Shot-2023-03-02-at-12.15.55-PM.png\",\"width\":1200,\"height\":711},{\"@type\":\"BreadcrumbList\",\"@id\":\"https:\/\/sites.rutgers.edu\/talk-science-to-me\/itinerary\/#breadcrumb\",\"itemListElement\":[{\"@type\":\"ListItem\",\"position\":1,\"name\":\"Home\",\"item\":\"https:\/\/sites.rutgers.edu\/talk-science-to-me\/\"},{\"@type\":\"ListItem\",\"position\":2,\"name\":\"Itinerary\"}]},{\"@type\":\"WebSite\",\"@id\":\"https:\/\/sites.rutgers.edu\/talk-science-to-me\/#website\",\"url\":\"https:\/\/sites.rutgers.edu\/talk-science-to-me\/\",\"name\":\"Talk Science to Me\",\"description\":\"\",\"potentialAction\":[{\"@type\":\"SearchAction\",\"target\":{\"@type\":\"EntryPoint\",\"urlTemplate\":\"https:\/\/sites.rutgers.edu\/talk-science-to-me\/?s={search_term_string}\"},\"query-input\":{\"@type\":\"PropertyValueSpecification\",\"valueRequired\":true,\"valueName\":\"search_term_string\"}}],\"inLanguage\":\"en-US\"}]}<\/script>\n<!-- \/ Yoast SEO plugin. -->","yoast_head_json":{"title":"Itinerary - Talk Science to Me","robots":{"index":"index","follow":"follow","max-snippet":"max-snippet:-1","max-image-preview":"max-image-preview:large","max-video-preview":"max-video-preview:-1"},"canonical":"https:\/\/sites.rutgers.edu\/talk-science-to-me\/itinerary\/","og_locale":"en_US","og_type":"article","og_title":"Itinerary - Talk Science to Me","og_description":"Tour with Google Earth! Follow Along on Google Maps! Day 1: Arrival Hotel #1 &#8211; Hotel Aeropuerto 4 km west of SJO International Airport, Alajuela Province, Alajuela, Costa Rica Phone &hellip; Read More","og_url":"https:\/\/sites.rutgers.edu\/talk-science-to-me\/itinerary\/","og_site_name":"Talk Science to Me","article_modified_time":"2023-03-07T19:48:29+00:00","og_image":[{"url":"http:\/\/sites.rutgers.edu\/talk-science-to-me\/wp-content\/uploads\/sites\/955\/2023\/03\/Screen-Shot-2023-03-02-at-12.15.55-PM.png"}],"twitter_card":"summary_large_image","twitter_misc":{"Est. reading time":"2 minutes"},"schema":{"@context":"https:\/\/schema.org","@graph":[{"@type":"WebPage","@id":"https:\/\/sites.rutgers.edu\/talk-science-to-me\/itinerary\/","url":"https:\/\/sites.rutgers.edu\/talk-science-to-me\/itinerary\/","name":"Itinerary - Talk Science to Me","isPartOf":{"@id":"https:\/\/sites.rutgers.edu\/talk-science-to-me\/#website"},"primaryImageOfPage":{"@id":"https:\/\/sites.rutgers.edu\/talk-science-to-me\/itinerary\/#primaryimage"},"image":{"@id":"https:\/\/sites.rutgers.edu\/talk-science-to-me\/itinerary\/#primaryimage"},"thumbnailUrl":"http:\/\/sites.rutgers.edu\/talk-science-to-me\/wp-content\/uploads\/sites\/955\/2023\/03\/Screen-Shot-2023-03-02-at-12.15.55-PM.png","datePublished":"2023-02-09T17:15:56+00:00","dateModified":"2023-03-07T19:48:29+00:00","breadcrumb":{"@id":"https:\/\/sites.rutgers.edu\/talk-science-to-me\/itinerary\/#breadcrumb"},"inLanguage":"en-US","potentialAction":[{"@type":"ReadAction","target":["https:\/\/sites.rutgers.edu\/talk-science-to-me\/itinerary\/"]}]},{"@type":"ImageObject","inLanguage":"en-US","@id":"https:\/\/sites.rutgers.edu\/talk-science-to-me\/itinerary\/#primaryimage","url":"https:\/\/sites.rutgers.edu\/talk-science-to-me\/wp-content\/uploads\/sites\/955\/2023\/03\/Screen-Shot-2023-03-02-at-12.15.55-PM.png","contentUrl":"https:\/\/sites.rutgers.edu\/talk-science-to-me\/wp-content\/uploads\/sites\/955\/2023\/03\/Screen-Shot-2023-03-02-at-12.15.55-PM.png","width":1200,"height":711},{"@type":"BreadcrumbList","@id":"https:\/\/sites.rutgers.edu\/talk-science-to-me\/itinerary\/#breadcrumb","itemListElement":[{"@type":"ListItem","position":1,"name":"Home","item":"https:\/\/sites.rutgers.edu\/talk-science-to-me\/"},{"@type":"ListItem","position":2,"name":"Itinerary"}]},{"@type":"WebSite","@id":"https:\/\/sites.rutgers.edu\/talk-science-to-me\/#website","url":"https:\/\/sites.rutgers.edu\/talk-science-to-me\/","name":"Talk Science to Me","description":"","potentialAction":[{"@type":"SearchAction","target":{"@type":"EntryPoint","urlTemplate":"https:\/\/sites.rutgers.edu\/talk-science-to-me\/?s={search_term_string}"},"query-input":{"@type":"PropertyValueSpecification","valueRequired":true,"valueName":"search_term_string"}}],"inLanguage":"en-US"}]}},"_links":{"self":[{"href":"https:\/\/sites.rutgers.edu\/talk-science-to-me\/wp-json\/wp\/v2\/pages\/505"}],"collection":[{"href":"https:\/\/sites.rutgers.edu\/talk-science-to-me\/wp-json\/wp\/v2\/pages"}],"about":[{"href":"https:\/\/sites.rutgers.edu\/talk-science-to-me\/wp-json\/wp\/v2\/types\/page"}],"author":[{"embeddable":true,"href":"https:\/\/sites.rutgers.edu\/talk-science-to-me\/wp-json\/wp\/v2\/users\/2208"}],"replies":[{"embeddable":true,"href":"https:\/\/sites.rutgers.edu\/talk-science-to-me\/wp-json\/wp\/v2\/comments?post=505"}],"version-history":[{"count":9,"href":"https:\/\/sites.rutgers.edu\/talk-science-to-me\/wp-json\/wp\/v2\/pages\/505\/revisions"}],"predecessor-version":[{"id":741,"href":"https:\/\/sites.rutgers.edu\/talk-science-to-me\/wp-json\/wp\/v2\/pages\/505\/revisions\/741"}],"wp:attachment":[{"href":"https:\/\/sites.rutgers.edu\/talk-science-to-me\/wp-json\/wp\/v2\/media?parent=505"}],"curies":[{"name":"wp","href":"https:\/\/api.w.org\/{rel}","templated":true}]}}