{"id":363,"date":"2020-07-09T16:51:59","date_gmt":"2020-07-09T16:51:59","guid":{"rendered":"http:\/\/sites.rutgers.edu\/troy-messick\/?page_id=363"},"modified":"2025-01-18T03:56:59","modified_gmt":"2025-01-18T03:56:59","slug":"publications","status":"publish","type":"page","link":"https:\/\/sites.rutgers.edu\/troy-messick\/publications\/","title":{"rendered":"Publications"},"content":{"rendered":"<h2>Papers<\/h2>\n<p>Messick, Troy and Sreekar Raghotham. 2025. <a href=\"http:\/\/sites.rutgers.edu\/troy-messick\/wp-content\/uploads\/sites\/515\/2025\/01\/s11049-024-09632-6.pdf\">On Case Copying Reflexives<\/a>.<em>Natural Language &amp; Linguistic Theory<\/em>. <a href=\"https:\/\/doi.org\/10.1007\/s11049-024-09632-6\">https:\/\/doi.org\/10.1007\/s11049-024-09632-6<\/a><\/p>\n<p>Messick, Troy and Sreekar Raghotham. 2024. <a href=\"http:\/\/sites.rutgers.edu\/troy-messick\/wp-content\/uploads\/sites\/515\/2023\/07\/cls59messick.pdf\">The locality of cross-clausal A-operations: A view from Telugu.<\/a> In Kutay Serova and M.k. Snigaroff (eds.)<em>The proceedings of CLS 59<\/em>. 275-296. The Chicago Linguistics Society: Chicago, IL.<\/p>\n<p>D\u00e9prez, Viviane, Meg Gotowski and Troy Messick. 2023. <a href=\"http:\/\/sites.rutgers.edu\/troy-messick\/wp-content\/uploads\/sites\/515\/2023\/09\/French-Sluicing-Slides.pdf\">P-stranding, evasion, and what they (might) mean for ellipsis identity<\/a>. Talk given Current Issues in Comparative Syntax 2: Boundaries of Ellipsis Mismatch. Manuscript in prep.<\/p>\n<p>Messick, Troy and Sreekar Raghotham. 2023. <a href=\"https:\/\/osf.io\/bwzy7\">Pseudo-ABA in Dravidian and the containment hypothesis<\/a>. Short talk at (f)ASAL 13. Manuscript in prep.<\/p>\n<p>Messick, Troy. 2023. <a href=\"http:\/\/sites.rutgers.edu\/troy-messick\/wp-content\/uploads\/sites\/515\/2023\/07\/three-quaters-MA-6-7-23.pdf\">3\/4 of\u00a0 a monster: On mixed shifty agreement in Telugu<\/a>. <em>Linguistic Inquiry<\/em> Early Access 1-15. <a href=\"https:\/\/doi.org\/10.1162\/ling_a_00512\">https:\/\/doi.org\/10.1162\/ling_a_00512<\/a><\/p>\n<p>Messick, Troy and G\u00edsli R\u00fanar Har\u00f0arson. 2023. <a href=\"http:\/\/sites.rutgers.edu\/troy-messick\/wp-content\/uploads\/sites\/515\/2023\/07\/E_raising_reconsidered__Case__coordination__constituency__and_the_Icelandic_reciprocal_July_2023.pdf\">E-raising reconsidered: Constituency, coordination and case-matching reciprocals.<\/a> <em>Linguistic Inquiry <\/em>Early Access 1-22. <a href=\"https:\/\/doi.org\/10.1162\/ling_a_00515\">https:\/\/doi.org\/10.1162\/ling_a_00515<\/a><\/p>\n<p>Messick, Troy. 2023. <a href=\"http:\/\/sites.rutgers.edu\/troy-messick\/wp-content\/uploads\/sites\/515\/2023\/10\/34-paper-October-2023.pdf\">Hybrid agreement with English quantifier partitives<\/a>. <em>Glossa <\/em>8(1). 1-37. <a href=\"https:\/\/doi.org\/10.16995\/glossa.10273\">https:\/\/doi.org\/10.16995\/glossa.10273<\/a><\/p>\n<p>Messick, Troy. 2023. <a href=\"https:\/\/sites.rutgers.edu\/troy-messick\/wp-content\/uploads\/sites\/515\/2022\/03\/telugu.agreement.syntax.final_.pdf\">On apparent pronominal feature contradictions: Shifty agreement in Telugu<\/a>.\u00a0<em>Syntax. <\/em>26(2) 137-182.\u00a0<a href=\"http:\/\/doi.org\/10.1111\/synt.12248\">http:\/\/doi.org\/10.1111\/synt.12248<\/a><\/p>\n<p>Sprouse, Jon, Troy Messick and Jonathan David Bobaljik. 2022. <a href=\"https:\/\/sites.rutgers.edu\/troy-messick\/wp-content\/uploads\/sites\/515\/2021\/03\/Sprouse-et-al-2021.pdf\">Gender asymmetries in ellipsis: An experimental comparison of markedness and frequency accounts in English<\/a>. <span style=\"font-size: 1rem\"><em>Journal of Linguistics <\/em>58(2) 345-379. <a href=\"https:\/\/doi.org\/10.1017\/S0022226721000323\">https:\/\/doi.org\/10.1017\/S0022226721000323<\/a><\/span><\/p>\n<p>Messick, Troy and Sreekar Raghotham 2022. <a href=\"https:\/\/sites.rutgers.edu\/troy-messick\/wp-content\/uploads\/sites\/515\/2021\/08\/messick-raghotham-fasal.pdf\">Morphosyntax values itself.<\/a> In Samir Alam, Yash Sinha and Sadhwi Srinivas (eds.) <em>Proceedings of (F)ASAL 11.<\/em><\/p>\n<p>Messick, Troy and Deepak Alok. 2021. <a href=\"https:\/\/sites.rutgers.edu\/troy-messick\/wp-content\/uploads\/sites\/515\/2021\/08\/Hindi_Stripping-2.pdf\">Stripping in Hindi: Does clause size matter?<\/a> Sabine Laszakovits and Zheng Shen (eds.) <em>The Size of things I: Structure Building.\u00a0<\/em>247-263. Berlin: Language Science Press.<\/p>\n<p>Vicente, Luis, Matthew Barros, Troy Messick and Andr\u00e9s Saab. 2021. <a href=\"https:\/\/sites.rutgers.edu\/troy-messick\/wp-content\/uploads\/sites\/515\/2020\/08\/vicenteEtAl_20_On-a-non-a.2.pdf\">On a non-argument for cleft sources in sluicing<\/a>.\u00a0<em>Linguistic Inquiry <\/em>52(4) 867-880. <a href=\"https:\/\/doi.org\/10.1162\/ling_a_00390\">https:\/\/doi.org\/10.1162\/ling_a_00390<\/a><\/p>\n<p>Messick, Troy. 2020 <a href=\"https:\/\/sites.rutgers.edu\/troy-messick\/wp-content\/uploads\/sites\/515\/2020\/08\/messick_glossa_revised_bib.pdf\">The derivation of highest subject questions and the nature of the EPP<\/a>. <em>Glossa<\/em> 5(1). 1-12. <a href=\"https:\/\/doi.org\/10.5334\/gjgl.1029\">https:\/\/doi.org\/10.5334\/gjgl.1029<\/a><\/p>\n<p>Bo\u0161kovi\u0107, \u017deljko and Troy Messick. 2017. <span style=\"font-size: 1rem\"><a href=\"https:\/\/sites.rutgers.edu\/troy-messick\/wp-content\/uploads\/sites\/515\/2020\/08\/Boskovic-Messick-2017-OUP-Chapter.pdf\">Derivational economy in syntax and semantics<\/a>. In Mark Arnoff (ed.), <em>Oxford Research Encyclopedia of Linguistics<\/em>. New York: Oxford University Press. <a href=\"https:\/\/doi.org\/10.1093\/acrefore\/9780199384655.013.130\">https:\/\/doi.org\/10.1093\/acrefore\/9780199384655.013.130<\/a><\/span><\/p>\n<p>Messick, Troy. 2017. <a href=\"https:\/\/opencommons.uconn.edu\/cgi\/viewcontent.cgi?referer=https:\/\/www.google.com\/&amp;httpsredir=1&amp;article=7873&amp;context=dissertations\">The morphosyntax of self-ascription a cross-linguistics study<\/a>. Doctoral Dissertation, University of Connecticut.<\/p>\n<p>Messick, Troy and Gary Thoms. 2016. <a href=\"https:\/\/sites.rutgers.edu\/troy-messick\/wp-content\/uploads\/sites\/515\/2020\/08\/messickEtAl_15_Ellipsis-e.pdf\">Ellipsis, economy and the (non)uniformity of traces<\/a>. <i>Linguistic Inquiry\u00a0<\/i>47(2):306-332. <a href=\"https:\/\/doi.org\/10.1162\/LING_a_00212\">https:\/\/doi.org\/10.1162\/LING_a_00212<\/a><\/p>\n<p>Messick, Troy and Irina Monich. 2016. <a href=\"https:\/\/sites.rutgers.edu\/troy-messick\/wp-content\/uploads\/sites\/515\/2022\/02\/ACAL-Handout.pdf\">Agreement in Nuer speech reports<\/a>. Handout from ACAL 47 talk.<\/p>\n<p>Sprouse, Jon and Troy Messick. 2015. <a href=\"https:\/\/sites.rutgers.edu\/troy-messick\/wp-content\/uploads\/sites\/515\/2022\/02\/NELS-2015-poster-Sprouse-Messick.pdf\">How gradient are island effects?<\/a> Poster presented at NELS 46.<\/p>\n<p>&nbsp;<\/p>\n","protected":false},"excerpt":{"rendered":"<p>Papers Messick, Troy and Sreekar Raghotham. 2025. On Case Copying Reflexives.Natural Language &amp; Linguistic Theory. https:\/\/doi.org\/10.1007\/s11049-024-09632-6 Messick, Troy and Sreekar Raghotham. 2024. The locality of cross-clausal A-operations: A view from &hellip; <a href=\"https:\/\/sites.rutgers.edu\/troy-messick\/publications\/\" class=\"\">Read More<\/a><\/p>\n","protected":false},"author":21,"featured_media":0,"parent":0,"menu_order":0,"comment_status":"closed","ping_status":"closed","template":"template-custom.php","meta":{"_acf_changed":false,"footnotes":""},"class_list":["post-363","page","type-page","status-publish","hentry"],"acf":[],"yoast_head":"<!-- This site is optimized with the Yoast SEO plugin v23.5 - https:\/\/yoast.com\/wordpress\/plugins\/seo\/ -->\n<title>Publications - Troy Messick<\/title>\n<meta name=\"robots\" content=\"index, follow, max-snippet:-1, max-image-preview:large, max-video-preview:-1\" \/>\n<link rel=\"canonical\" href=\"https:\/\/sites.rutgers.edu\/troy-messick\/publications\/\" \/>\n<meta property=\"og:locale\" content=\"en_US\" \/>\n<meta property=\"og:type\" content=\"article\" \/>\n<meta property=\"og:title\" content=\"Publications - Troy Messick\" \/>\n<meta property=\"og:description\" content=\"Papers Messick, Troy and Sreekar Raghotham. 2025. On Case Copying Reflexives.Natural Language &amp; Linguistic Theory. https:\/\/doi.org\/10.1007\/s11049-024-09632-6 Messick, Troy and Sreekar Raghotham. 2024. The locality of cross-clausal A-operations: A view from &hellip; Read More\" \/>\n<meta property=\"og:url\" content=\"https:\/\/sites.rutgers.edu\/troy-messick\/publications\/\" \/>\n<meta property=\"og:site_name\" content=\"Troy Messick\" \/>\n<meta property=\"article:modified_time\" content=\"2025-01-18T03:56:59+00:00\" \/>\n<meta name=\"twitter:card\" content=\"summary_large_image\" \/>\n<meta name=\"twitter:label1\" content=\"Est. reading time\" \/>\n\t<meta name=\"twitter:data1\" content=\"2 minutes\" \/>\n<script type=\"application\/ld+json\" class=\"yoast-schema-graph\">{\"@context\":\"https:\/\/schema.org\",\"@graph\":[{\"@type\":\"WebPage\",\"@id\":\"https:\/\/sites.rutgers.edu\/troy-messick\/publications\/\",\"url\":\"https:\/\/sites.rutgers.edu\/troy-messick\/publications\/\",\"name\":\"Publications - Troy Messick\",\"isPartOf\":{\"@id\":\"https:\/\/sites.rutgers.edu\/troy-messick\/#website\"},\"datePublished\":\"2020-07-09T16:51:59+00:00\",\"dateModified\":\"2025-01-18T03:56:59+00:00\",\"breadcrumb\":{\"@id\":\"https:\/\/sites.rutgers.edu\/troy-messick\/publications\/#breadcrumb\"},\"inLanguage\":\"en-US\",\"potentialAction\":[{\"@type\":\"ReadAction\",\"target\":[\"https:\/\/sites.rutgers.edu\/troy-messick\/publications\/\"]}]},{\"@type\":\"BreadcrumbList\",\"@id\":\"https:\/\/sites.rutgers.edu\/troy-messick\/publications\/#breadcrumb\",\"itemListElement\":[{\"@type\":\"ListItem\",\"position\":1,\"name\":\"Home\",\"item\":\"https:\/\/sites.rutgers.edu\/troy-messick\/\"},{\"@type\":\"ListItem\",\"position\":2,\"name\":\"Publications\"}]},{\"@type\":\"WebSite\",\"@id\":\"https:\/\/sites.rutgers.edu\/troy-messick\/#website\",\"url\":\"https:\/\/sites.rutgers.edu\/troy-messick\/\",\"name\":\"Troy Messick\",\"description\":\"\",\"potentialAction\":[{\"@type\":\"SearchAction\",\"target\":{\"@type\":\"EntryPoint\",\"urlTemplate\":\"https:\/\/sites.rutgers.edu\/troy-messick\/?s={search_term_string}\"},\"query-input\":{\"@type\":\"PropertyValueSpecification\",\"valueRequired\":true,\"valueName\":\"search_term_string\"}}],\"inLanguage\":\"en-US\"}]}<\/script>\n<!-- \/ Yoast SEO plugin. -->","yoast_head_json":{"title":"Publications - Troy Messick","robots":{"index":"index","follow":"follow","max-snippet":"max-snippet:-1","max-image-preview":"max-image-preview:large","max-video-preview":"max-video-preview:-1"},"canonical":"https:\/\/sites.rutgers.edu\/troy-messick\/publications\/","og_locale":"en_US","og_type":"article","og_title":"Publications - Troy Messick","og_description":"Papers Messick, Troy and Sreekar Raghotham. 2025. On Case Copying Reflexives.Natural Language &amp; Linguistic Theory. https:\/\/doi.org\/10.1007\/s11049-024-09632-6 Messick, Troy and Sreekar Raghotham. 2024. The locality of cross-clausal A-operations: A view from &hellip; Read More","og_url":"https:\/\/sites.rutgers.edu\/troy-messick\/publications\/","og_site_name":"Troy Messick","article_modified_time":"2025-01-18T03:56:59+00:00","twitter_card":"summary_large_image","twitter_misc":{"Est. reading time":"2 minutes"},"schema":{"@context":"https:\/\/schema.org","@graph":[{"@type":"WebPage","@id":"https:\/\/sites.rutgers.edu\/troy-messick\/publications\/","url":"https:\/\/sites.rutgers.edu\/troy-messick\/publications\/","name":"Publications - Troy Messick","isPartOf":{"@id":"https:\/\/sites.rutgers.edu\/troy-messick\/#website"},"datePublished":"2020-07-09T16:51:59+00:00","dateModified":"2025-01-18T03:56:59+00:00","breadcrumb":{"@id":"https:\/\/sites.rutgers.edu\/troy-messick\/publications\/#breadcrumb"},"inLanguage":"en-US","potentialAction":[{"@type":"ReadAction","target":["https:\/\/sites.rutgers.edu\/troy-messick\/publications\/"]}]},{"@type":"BreadcrumbList","@id":"https:\/\/sites.rutgers.edu\/troy-messick\/publications\/#breadcrumb","itemListElement":[{"@type":"ListItem","position":1,"name":"Home","item":"https:\/\/sites.rutgers.edu\/troy-messick\/"},{"@type":"ListItem","position":2,"name":"Publications"}]},{"@type":"WebSite","@id":"https:\/\/sites.rutgers.edu\/troy-messick\/#website","url":"https:\/\/sites.rutgers.edu\/troy-messick\/","name":"Troy Messick","description":"","potentialAction":[{"@type":"SearchAction","target":{"@type":"EntryPoint","urlTemplate":"https:\/\/sites.rutgers.edu\/troy-messick\/?s={search_term_string}"},"query-input":{"@type":"PropertyValueSpecification","valueRequired":true,"valueName":"search_term_string"}}],"inLanguage":"en-US"}]}},"_links":{"self":[{"href":"https:\/\/sites.rutgers.edu\/troy-messick\/wp-json\/wp\/v2\/pages\/363"}],"collection":[{"href":"https:\/\/sites.rutgers.edu\/troy-messick\/wp-json\/wp\/v2\/pages"}],"about":[{"href":"https:\/\/sites.rutgers.edu\/troy-messick\/wp-json\/wp\/v2\/types\/page"}],"author":[{"embeddable":true,"href":"https:\/\/sites.rutgers.edu\/troy-messick\/wp-json\/wp\/v2\/users\/21"}],"replies":[{"embeddable":true,"href":"https:\/\/sites.rutgers.edu\/troy-messick\/wp-json\/wp\/v2\/comments?post=363"}],"version-history":[{"count":92,"href":"https:\/\/sites.rutgers.edu\/troy-messick\/wp-json\/wp\/v2\/pages\/363\/revisions"}],"predecessor-version":[{"id":703,"href":"https:\/\/sites.rutgers.edu\/troy-messick\/wp-json\/wp\/v2\/pages\/363\/revisions\/703"}],"wp:attachment":[{"href":"https:\/\/sites.rutgers.edu\/troy-messick\/wp-json\/wp\/v2\/media?parent=363"}],"curies":[{"name":"wp","href":"https:\/\/api.w.org\/{rel}","templated":true}]}}