{"id":430,"date":"2020-07-10T14:48:32","date_gmt":"2020-07-10T14:48:32","guid":{"rendered":"http:\/\/sites.rutgers.edu\/yourhealthkiosks\/?page_id=430"},"modified":"2023-06-14T02:46:52","modified_gmt":"2023-06-14T02:46:52","slug":"forms","status":"publish","type":"page","link":"https:\/\/sites.rutgers.edu\/yourhealthkiosk\/forms\/","title":{"rendered":"Forms"},"content":{"rendered":"<div class=\"page-header\">\n<p><span style=\"font-size: 1rem\">Fill out this survey to enroll, and our team with reach out to you shortly. Only you and our team will be able to access any information you share with us.\u00a0<\/span><\/p>\n<p><span style=\"font-size: 1rem\">Complete esta encuesta para inscribirse y nuestro equipo se pondr\u00e1 en contacto con usted en breve. Solo t\u00fa y nuestro equipo podr\u00e1n acceder a cualquier informaci\u00f3n que compartas con nosotros.<\/span><\/p>\n<p><a class=\"btn btn-primary\" href=\"https:\/\/rwjmyhealthkiosk.gomohealth.care\/enroll\/\" target=\"_self\" rel=\"noopener\">Enroll<\/a><\/p>\n<\/div>\n<div class=\"row\">\n<div class=\"col-sm-12\">\n<p>&nbsp;<\/p>\n<\/div>\n<\/div>\n","protected":false},"excerpt":{"rendered":"<p>Fill out this survey to enroll, and our team with reach out to you shortly. Only you and our team will be able to access any information you share with &hellip; <a href=\"https:\/\/sites.rutgers.edu\/yourhealthkiosk\/forms\/\" class=\"\">Read More<\/a><\/p>\n","protected":false},"author":21,"featured_media":0,"parent":0,"menu_order":0,"comment_status":"closed","ping_status":"closed","template":"","meta":{"_acf_changed":false,"footnotes":""},"class_list":["post-430","page","type-page","status-publish","hentry"],"acf":[],"yoast_head":"<!-- This site is optimized with the Yoast SEO plugin v23.5 - https:\/\/yoast.com\/wordpress\/plugins\/seo\/ -->\n<title>Forms - Your Health Kiosk<\/title>\n<meta name=\"robots\" content=\"index, follow, max-snippet:-1, max-image-preview:large, max-video-preview:-1\" \/>\n<link rel=\"canonical\" href=\"https:\/\/sites.rutgers.edu\/yourhealthkiosk\/forms\/\" \/>\n<meta property=\"og:locale\" content=\"en_US\" \/>\n<meta property=\"og:type\" content=\"article\" \/>\n<meta property=\"og:title\" content=\"Forms - Your Health Kiosk\" \/>\n<meta property=\"og:description\" content=\"Fill out this survey to enroll, and our team with reach out to you shortly. Only you and our team will be able to access any information you share with &hellip; Read More\" \/>\n<meta property=\"og:url\" content=\"https:\/\/sites.rutgers.edu\/yourhealthkiosk\/forms\/\" \/>\n<meta property=\"og:site_name\" content=\"Your Health Kiosk\" \/>\n<meta property=\"article:modified_time\" content=\"2023-06-14T02:46:52+00:00\" \/>\n<meta name=\"twitter:card\" content=\"summary_large_image\" \/>\n<script type=\"application\/ld+json\" class=\"yoast-schema-graph\">{\"@context\":\"https:\/\/schema.org\",\"@graph\":[{\"@type\":\"WebPage\",\"@id\":\"https:\/\/sites.rutgers.edu\/yourhealthkiosk\/forms\/\",\"url\":\"https:\/\/sites.rutgers.edu\/yourhealthkiosk\/forms\/\",\"name\":\"Forms - Your Health Kiosk\",\"isPartOf\":{\"@id\":\"https:\/\/sites.rutgers.edu\/yourhealthkiosk\/#website\"},\"datePublished\":\"2020-07-10T14:48:32+00:00\",\"dateModified\":\"2023-06-14T02:46:52+00:00\",\"breadcrumb\":{\"@id\":\"https:\/\/sites.rutgers.edu\/yourhealthkiosk\/forms\/#breadcrumb\"},\"inLanguage\":\"en-US\",\"potentialAction\":[{\"@type\":\"ReadAction\",\"target\":[\"https:\/\/sites.rutgers.edu\/yourhealthkiosk\/forms\/\"]}]},{\"@type\":\"BreadcrumbList\",\"@id\":\"https:\/\/sites.rutgers.edu\/yourhealthkiosk\/forms\/#breadcrumb\",\"itemListElement\":[{\"@type\":\"ListItem\",\"position\":1,\"name\":\"Home\",\"item\":\"https:\/\/sites.rutgers.edu\/yourhealthkiosk\/\"},{\"@type\":\"ListItem\",\"position\":2,\"name\":\"Forms\"}]},{\"@type\":\"WebSite\",\"@id\":\"https:\/\/sites.rutgers.edu\/yourhealthkiosk\/#website\",\"url\":\"https:\/\/sites.rutgers.edu\/yourhealthkiosk\/\",\"name\":\"Your Health Kiosk\",\"description\":\"\",\"potentialAction\":[{\"@type\":\"SearchAction\",\"target\":{\"@type\":\"EntryPoint\",\"urlTemplate\":\"https:\/\/sites.rutgers.edu\/yourhealthkiosk\/?s={search_term_string}\"},\"query-input\":{\"@type\":\"PropertyValueSpecification\",\"valueRequired\":true,\"valueName\":\"search_term_string\"}}],\"inLanguage\":\"en-US\"}]}<\/script>\n<!-- \/ Yoast SEO plugin. -->","yoast_head_json":{"title":"Forms - Your Health Kiosk","robots":{"index":"index","follow":"follow","max-snippet":"max-snippet:-1","max-image-preview":"max-image-preview:large","max-video-preview":"max-video-preview:-1"},"canonical":"https:\/\/sites.rutgers.edu\/yourhealthkiosk\/forms\/","og_locale":"en_US","og_type":"article","og_title":"Forms - Your Health Kiosk","og_description":"Fill out this survey to enroll, and our team with reach out to you shortly. Only you and our team will be able to access any information you share with &hellip; Read More","og_url":"https:\/\/sites.rutgers.edu\/yourhealthkiosk\/forms\/","og_site_name":"Your Health Kiosk","article_modified_time":"2023-06-14T02:46:52+00:00","twitter_card":"summary_large_image","schema":{"@context":"https:\/\/schema.org","@graph":[{"@type":"WebPage","@id":"https:\/\/sites.rutgers.edu\/yourhealthkiosk\/forms\/","url":"https:\/\/sites.rutgers.edu\/yourhealthkiosk\/forms\/","name":"Forms - Your Health Kiosk","isPartOf":{"@id":"https:\/\/sites.rutgers.edu\/yourhealthkiosk\/#website"},"datePublished":"2020-07-10T14:48:32+00:00","dateModified":"2023-06-14T02:46:52+00:00","breadcrumb":{"@id":"https:\/\/sites.rutgers.edu\/yourhealthkiosk\/forms\/#breadcrumb"},"inLanguage":"en-US","potentialAction":[{"@type":"ReadAction","target":["https:\/\/sites.rutgers.edu\/yourhealthkiosk\/forms\/"]}]},{"@type":"BreadcrumbList","@id":"https:\/\/sites.rutgers.edu\/yourhealthkiosk\/forms\/#breadcrumb","itemListElement":[{"@type":"ListItem","position":1,"name":"Home","item":"https:\/\/sites.rutgers.edu\/yourhealthkiosk\/"},{"@type":"ListItem","position":2,"name":"Forms"}]},{"@type":"WebSite","@id":"https:\/\/sites.rutgers.edu\/yourhealthkiosk\/#website","url":"https:\/\/sites.rutgers.edu\/yourhealthkiosk\/","name":"Your Health Kiosk","description":"","potentialAction":[{"@type":"SearchAction","target":{"@type":"EntryPoint","urlTemplate":"https:\/\/sites.rutgers.edu\/yourhealthkiosk\/?s={search_term_string}"},"query-input":{"@type":"PropertyValueSpecification","valueRequired":true,"valueName":"search_term_string"}}],"inLanguage":"en-US"}]}},"_links":{"self":[{"href":"https:\/\/sites.rutgers.edu\/yourhealthkiosk\/wp-json\/wp\/v2\/pages\/430"}],"collection":[{"href":"https:\/\/sites.rutgers.edu\/yourhealthkiosk\/wp-json\/wp\/v2\/pages"}],"about":[{"href":"https:\/\/sites.rutgers.edu\/yourhealthkiosk\/wp-json\/wp\/v2\/types\/page"}],"author":[{"embeddable":true,"href":"https:\/\/sites.rutgers.edu\/yourhealthkiosk\/wp-json\/wp\/v2\/users\/21"}],"replies":[{"embeddable":true,"href":"https:\/\/sites.rutgers.edu\/yourhealthkiosk\/wp-json\/wp\/v2\/comments?post=430"}],"version-history":[{"count":10,"href":"https:\/\/sites.rutgers.edu\/yourhealthkiosk\/wp-json\/wp\/v2\/pages\/430\/revisions"}],"predecessor-version":[{"id":558,"href":"https:\/\/sites.rutgers.edu\/yourhealthkiosk\/wp-json\/wp\/v2\/pages\/430\/revisions\/558"}],"wp:attachment":[{"href":"https:\/\/sites.rutgers.edu\/yourhealthkiosk\/wp-json\/wp\/v2\/media?parent=430"}],"curies":[{"name":"wp","href":"https:\/\/api.w.org\/{rel}","templated":true}]}}